{"id":7948,"date":"2017-12-08T13:42:13","date_gmt":"2017-12-08T13:42:13","guid":{"rendered":"https:\/\/andra-pak.pl\/produkt\/folia-pcv-termokurczliwa\/"},"modified":"2018-05-02T11:19:15","modified_gmt":"2018-05-02T11:19:15","slug":"pvc-schrumpffolie","status":"publish","type":"product","link":"http:\/\/andra-pak.pl\/de\/produkt\/pvc-schrumpffolie\/","title":{"rendered":"PVC-SCHRUMPFFOLIE"},"content":{"rendered":"","protected":false},"excerpt":{"rendered":"<p>Die w\u00e4rmeschrumpfbare Folie ist haupts\u00e4chlich f\u00fcr Folienschwei\u00dfmaschinen und Tunneln konzipiert:<\/p>\n<ul>\n<li>zeichnet sich durch niedrige Schrumpftemperatur, hohe Transparenz und Kristallinit\u00e4t aus;<\/li>\n<li>ist in Form von Flachfolie und Halbschlauch erh\u00e4ltlich;<\/li>\n<li>einsetzbar bei der Verpackung von Lebensmitteln und Industrieprodukten.<\/li>\n<\/ul>\n","protected":false},"featured_media":7774,"template":"","meta":[],"product_cat":[113],"product_tag":[],"class_list":{"0":"post-7948","1":"product","2":"type-product","3":"status-publish","4":"has-post-thumbnail","6":"product_cat-folie-termoplastyczne-de","8":"first","9":"instock","10":"taxable","11":"shipping-taxable","12":"product-type-simple"},"etheme_brands":{"errors":{"invalid_taxonomy":["Die Taxonomie ist ung\u00fcltig."]},"error_data":[]},"yoast_head":"<!-- This site is optimized with the Yoast SEO plugin v22.9 - https:\/\/yoast.com\/wordpress\/plugins\/seo\/ -->\n<title>PVC-SCHRUMPFFOLIE - Andra Pak<\/title>\n<meta name=\"robots\" content=\"index, follow, max-snippet:-1, max-image-preview:large, max-video-preview:-1\" \/>\n<link rel=\"canonical\" href=\"http:\/\/andra-pak.pl\/de\/produkt\/pvc-schrumpffolie\/\" \/>\n<meta property=\"og:locale\" content=\"de_DE\" \/>\n<meta property=\"og:type\" content=\"article\" \/>\n<meta property=\"og:title\" content=\"PVC-SCHRUMPFFOLIE - Andra Pak\" \/>\n<meta property=\"og:description\" content=\"Die w\u00e4rmeschrumpfbare Folie ist haupts\u00e4chlich f\u00fcr Folienschwei\u00dfmaschinen und Tunneln konzipiert:   zeichnet sich durch niedrige Schrumpftemperatur, hohe Transparenz und Kristallinit\u00e4t aus;  ist in Form von Flachfolie und Halbschlauch erh\u00e4ltlich;  einsetzbar bei der Verpackung von Lebensmitteln und Industrieprodukten.\" \/>\n<meta property=\"og:url\" content=\"http:\/\/andra-pak.pl\/de\/produkt\/pvc-schrumpffolie\/\" \/>\n<meta property=\"og:site_name\" content=\"Andra Pak\" \/>\n<meta property=\"article:modified_time\" content=\"2018-05-02T11:19:15+00:00\" \/>\n<meta property=\"og:image\" content=\"http:\/\/andra-pak.pl\/wp-content\/uploads\/2017\/12\/Folia-PCV-termokurczliwa.jpg\" \/>\n\t<meta property=\"og:image:width\" content=\"900\" \/>\n\t<meta property=\"og:image:height\" content=\"675\" \/>\n\t<meta property=\"og:image:type\" content=\"image\/jpeg\" \/>\n<meta name=\"twitter:card\" content=\"summary_large_image\" \/>\n<script type=\"application\/ld+json\" class=\"yoast-schema-graph\">{\"@context\":\"https:\/\/schema.org\",\"@graph\":[{\"@type\":\"WebPage\",\"@id\":\"http:\/\/andra-pak.pl\/de\/produkt\/pvc-schrumpffolie\/\",\"url\":\"http:\/\/andra-pak.pl\/de\/produkt\/pvc-schrumpffolie\/\",\"name\":\"PVC-SCHRUMPFFOLIE - Andra Pak\",\"isPartOf\":{\"@id\":\"https:\/\/andra-pak.pl\/#website\"},\"primaryImageOfPage\":{\"@id\":\"http:\/\/andra-pak.pl\/de\/produkt\/pvc-schrumpffolie\/#primaryimage\"},\"image\":{\"@id\":\"http:\/\/andra-pak.pl\/de\/produkt\/pvc-schrumpffolie\/#primaryimage\"},\"thumbnailUrl\":\"http:\/\/andra-pak.pl\/wp-content\/uploads\/2017\/12\/Folia-PCV-termokurczliwa.jpg\",\"datePublished\":\"2017-12-08T13:42:13+00:00\",\"dateModified\":\"2018-05-02T11:19:15+00:00\",\"breadcrumb\":{\"@id\":\"http:\/\/andra-pak.pl\/de\/produkt\/pvc-schrumpffolie\/#breadcrumb\"},\"inLanguage\":\"de\",\"potentialAction\":[{\"@type\":\"ReadAction\",\"target\":[\"http:\/\/andra-pak.pl\/de\/produkt\/pvc-schrumpffolie\/\"]}]},{\"@type\":\"ImageObject\",\"inLanguage\":\"de\",\"@id\":\"http:\/\/andra-pak.pl\/de\/produkt\/pvc-schrumpffolie\/#primaryimage\",\"url\":\"http:\/\/andra-pak.pl\/wp-content\/uploads\/2017\/12\/Folia-PCV-termokurczliwa.jpg\",\"contentUrl\":\"http:\/\/andra-pak.pl\/wp-content\/uploads\/2017\/12\/Folia-PCV-termokurczliwa.jpg\",\"width\":900,\"height\":675},{\"@type\":\"BreadcrumbList\",\"@id\":\"http:\/\/andra-pak.pl\/de\/produkt\/pvc-schrumpffolie\/#breadcrumb\",\"itemListElement\":[{\"@type\":\"ListItem\",\"position\":1,\"name\":\"Strona g\u0142\u00f3wna\",\"item\":\"https:\/\/andra-pak.pl\/de\/\"},{\"@type\":\"ListItem\",\"position\":2,\"name\":\"Katalog: Skin Pack, Co-packing, Poligrafii, Folii i Urz\u0105dze\u0144\",\"item\":\"https:\/\/andra-pak.pl\/katalog-produktow-skin-pack-packing-poligrafii-folii-urzadzen\/\"},{\"@type\":\"ListItem\",\"position\":3,\"name\":\"PVC-SCHRUMPFFOLIE\"}]},{\"@type\":\"WebSite\",\"@id\":\"https:\/\/andra-pak.pl\/#website\",\"url\":\"https:\/\/andra-pak.pl\/\",\"name\":\"Andra Pak\",\"description\":\"Produkcja opakowa\u0144 i Co-packing\",\"potentialAction\":[{\"@type\":\"SearchAction\",\"target\":{\"@type\":\"EntryPoint\",\"urlTemplate\":\"https:\/\/andra-pak.pl\/?s={search_term_string}\"},\"query-input\":\"required name=search_term_string\"}],\"inLanguage\":\"de\"}]}<\/script>\n<!-- \/ Yoast SEO plugin. -->","yoast_head_json":{"title":"PVC-SCHRUMPFFOLIE - Andra Pak","robots":{"index":"index","follow":"follow","max-snippet":"max-snippet:-1","max-image-preview":"max-image-preview:large","max-video-preview":"max-video-preview:-1"},"canonical":"http:\/\/andra-pak.pl\/de\/produkt\/pvc-schrumpffolie\/","og_locale":"de_DE","og_type":"article","og_title":"PVC-SCHRUMPFFOLIE - Andra Pak","og_description":"Die w\u00e4rmeschrumpfbare Folie ist haupts\u00e4chlich f\u00fcr Folienschwei\u00dfmaschinen und Tunneln konzipiert:   zeichnet sich durch niedrige Schrumpftemperatur, hohe Transparenz und Kristallinit\u00e4t aus;  ist in Form von Flachfolie und Halbschlauch erh\u00e4ltlich;  einsetzbar bei der Verpackung von Lebensmitteln und Industrieprodukten.","og_url":"http:\/\/andra-pak.pl\/de\/produkt\/pvc-schrumpffolie\/","og_site_name":"Andra Pak","article_modified_time":"2018-05-02T11:19:15+00:00","og_image":[{"width":900,"height":675,"url":"http:\/\/andra-pak.pl\/wp-content\/uploads\/2017\/12\/Folia-PCV-termokurczliwa.jpg","type":"image\/jpeg"}],"twitter_card":"summary_large_image","schema":{"@context":"https:\/\/schema.org","@graph":[{"@type":"WebPage","@id":"http:\/\/andra-pak.pl\/de\/produkt\/pvc-schrumpffolie\/","url":"http:\/\/andra-pak.pl\/de\/produkt\/pvc-schrumpffolie\/","name":"PVC-SCHRUMPFFOLIE - Andra Pak","isPartOf":{"@id":"https:\/\/andra-pak.pl\/#website"},"primaryImageOfPage":{"@id":"http:\/\/andra-pak.pl\/de\/produkt\/pvc-schrumpffolie\/#primaryimage"},"image":{"@id":"http:\/\/andra-pak.pl\/de\/produkt\/pvc-schrumpffolie\/#primaryimage"},"thumbnailUrl":"http:\/\/andra-pak.pl\/wp-content\/uploads\/2017\/12\/Folia-PCV-termokurczliwa.jpg","datePublished":"2017-12-08T13:42:13+00:00","dateModified":"2018-05-02T11:19:15+00:00","breadcrumb":{"@id":"http:\/\/andra-pak.pl\/de\/produkt\/pvc-schrumpffolie\/#breadcrumb"},"inLanguage":"de","potentialAction":[{"@type":"ReadAction","target":["http:\/\/andra-pak.pl\/de\/produkt\/pvc-schrumpffolie\/"]}]},{"@type":"ImageObject","inLanguage":"de","@id":"http:\/\/andra-pak.pl\/de\/produkt\/pvc-schrumpffolie\/#primaryimage","url":"http:\/\/andra-pak.pl\/wp-content\/uploads\/2017\/12\/Folia-PCV-termokurczliwa.jpg","contentUrl":"http:\/\/andra-pak.pl\/wp-content\/uploads\/2017\/12\/Folia-PCV-termokurczliwa.jpg","width":900,"height":675},{"@type":"BreadcrumbList","@id":"http:\/\/andra-pak.pl\/de\/produkt\/pvc-schrumpffolie\/#breadcrumb","itemListElement":[{"@type":"ListItem","position":1,"name":"Strona g\u0142\u00f3wna","item":"https:\/\/andra-pak.pl\/de\/"},{"@type":"ListItem","position":2,"name":"Katalog: Skin Pack, Co-packing, Poligrafii, Folii i Urz\u0105dze\u0144","item":"https:\/\/andra-pak.pl\/katalog-produktow-skin-pack-packing-poligrafii-folii-urzadzen\/"},{"@type":"ListItem","position":3,"name":"PVC-SCHRUMPFFOLIE"}]},{"@type":"WebSite","@id":"https:\/\/andra-pak.pl\/#website","url":"https:\/\/andra-pak.pl\/","name":"Andra Pak","description":"Produkcja opakowa\u0144 i Co-packing","potentialAction":[{"@type":"SearchAction","target":{"@type":"EntryPoint","urlTemplate":"https:\/\/andra-pak.pl\/?s={search_term_string}"},"query-input":"required name=search_term_string"}],"inLanguage":"de"}]}},"_links":{"self":[{"href":"http:\/\/andra-pak.pl\/de\/wp-json\/wp\/v2\/product\/7948","targetHints":{"allow":["GET"]}}],"collection":[{"href":"http:\/\/andra-pak.pl\/de\/wp-json\/wp\/v2\/product"}],"about":[{"href":"http:\/\/andra-pak.pl\/de\/wp-json\/wp\/v2\/types\/product"}],"wp:featuredmedia":[{"embeddable":true,"href":"http:\/\/andra-pak.pl\/de\/wp-json\/wp\/v2\/media\/7774"}],"wp:attachment":[{"href":"http:\/\/andra-pak.pl\/de\/wp-json\/wp\/v2\/media?parent=7948"}],"wp:term":[{"taxonomy":"product_cat","embeddable":true,"href":"http:\/\/andra-pak.pl\/de\/wp-json\/wp\/v2\/product_cat?post=7948"},{"taxonomy":"product_tag","embeddable":true,"href":"http:\/\/andra-pak.pl\/de\/wp-json\/wp\/v2\/product_tag?post=7948"}],"curies":[{"name":"wp","href":"https:\/\/api.w.org\/{rel}","templated":true}]}}