{"id":7963,"date":"2017-12-08T12:45:31","date_gmt":"2017-12-08T12:45:31","guid":{"rendered":"https:\/\/andra-pak.pl\/produkt\/gilotyny-reczne\/"},"modified":"2018-05-02T13:25:35","modified_gmt":"2018-05-02T13:25:35","slug":"handschneidemaschine","status":"publish","type":"product","link":"http:\/\/andra-pak.pl\/de\/produkt\/handschneidemaschine\/","title":{"rendered":"HANDSCHNEIDEMASCHINE"},"content":{"rendered":"","protected":false},"excerpt":{"rendered":"<ul>\n<li>Wir bieten Handschneidemaschine an, die auf individuelle Anforderungen zugeschnitten sind.<\/li>\n<li>Die Ger\u00e4te werden zum Schneiden von B\u00f6gen mit nach dem Skin-Pack-Verfahren verpackten Produkten eingesetzt.<\/li>\n<li>Schneidemaschinen finden Anwendung, wenn keine Gro\u00dfserienfertigung erforderlich ist.<\/li>\n<\/ul>\n","protected":false},"featured_media":0,"template":"","meta":[],"product_cat":[116],"product_tag":[],"class_list":{"0":"post-7963","1":"product","2":"type-product","3":"status-publish","5":"product_cat-wycinarki-zgrzewarki-gilotyny-de","7":"first","8":"instock","9":"taxable","10":"shipping-taxable","11":"product-type-simple"},"etheme_brands":{"errors":{"invalid_taxonomy":["Die Taxonomie ist ung\u00fcltig."]},"error_data":[]},"yoast_head":"<!-- This site is optimized with the Yoast SEO plugin v22.9 - https:\/\/yoast.com\/wordpress\/plugins\/seo\/ -->\n<title>Gilotyny r\u0119czne \u2013 maszyny do pakowania - Andra Pak<\/title>\n<meta name=\"description\" content=\"Gilotyny r\u0119czne \u2013 maszyny do pakowania: urz\u0105dzenia do rozcinania arkuszy z produktami zafoliowanych metod\u0105 skin-pack, sprawd\u017a\" \/>\n<meta name=\"robots\" content=\"index, follow, max-snippet:-1, max-image-preview:large, max-video-preview:-1\" \/>\n<link rel=\"canonical\" href=\"http:\/\/andra-pak.pl\/de\/produkt\/handschneidemaschine\/\" \/>\n<meta property=\"og:locale\" content=\"de_DE\" \/>\n<meta property=\"og:type\" content=\"article\" \/>\n<meta property=\"og:title\" content=\"Gilotyny r\u0119czne \u2013 maszyny do pakowania - Andra Pak\" \/>\n<meta property=\"og:description\" content=\"Gilotyny r\u0119czne \u2013 maszyny do pakowania: urz\u0105dzenia do rozcinania arkuszy z produktami zafoliowanych metod\u0105 skin-pack, sprawd\u017a\" \/>\n<meta property=\"og:url\" content=\"http:\/\/andra-pak.pl\/de\/produkt\/handschneidemaschine\/\" \/>\n<meta property=\"og:site_name\" content=\"Andra Pak\" \/>\n<meta property=\"article:modified_time\" content=\"2018-05-02T13:25:35+00:00\" \/>\n<meta name=\"twitter:card\" content=\"summary_large_image\" \/>\n<script type=\"application\/ld+json\" class=\"yoast-schema-graph\">{\"@context\":\"https:\/\/schema.org\",\"@graph\":[{\"@type\":\"WebPage\",\"@id\":\"http:\/\/andra-pak.pl\/de\/produkt\/handschneidemaschine\/\",\"url\":\"http:\/\/andra-pak.pl\/de\/produkt\/handschneidemaschine\/\",\"name\":\"Gilotyny r\u0119czne \u2013 maszyny do pakowania - Andra Pak\",\"isPartOf\":{\"@id\":\"https:\/\/andra-pak.pl\/#website\"},\"datePublished\":\"2017-12-08T12:45:31+00:00\",\"dateModified\":\"2018-05-02T13:25:35+00:00\",\"description\":\"Gilotyny r\u0119czne \u2013 maszyny do pakowania: urz\u0105dzenia do rozcinania arkuszy z produktami zafoliowanych metod\u0105 skin-pack, sprawd\u017a\",\"breadcrumb\":{\"@id\":\"http:\/\/andra-pak.pl\/de\/produkt\/handschneidemaschine\/#breadcrumb\"},\"inLanguage\":\"de\",\"potentialAction\":[{\"@type\":\"ReadAction\",\"target\":[\"http:\/\/andra-pak.pl\/de\/produkt\/handschneidemaschine\/\"]}]},{\"@type\":\"BreadcrumbList\",\"@id\":\"http:\/\/andra-pak.pl\/de\/produkt\/handschneidemaschine\/#breadcrumb\",\"itemListElement\":[{\"@type\":\"ListItem\",\"position\":1,\"name\":\"Strona g\u0142\u00f3wna\",\"item\":\"https:\/\/andra-pak.pl\/de\/\"},{\"@type\":\"ListItem\",\"position\":2,\"name\":\"Katalog: Skin Pack, Co-packing, Poligrafii, Folii i Urz\u0105dze\u0144\",\"item\":\"https:\/\/andra-pak.pl\/katalog-produktow-skin-pack-packing-poligrafii-folii-urzadzen\/\"},{\"@type\":\"ListItem\",\"position\":3,\"name\":\"HANDSCHNEIDEMASCHINE\"}]},{\"@type\":\"WebSite\",\"@id\":\"https:\/\/andra-pak.pl\/#website\",\"url\":\"https:\/\/andra-pak.pl\/\",\"name\":\"Andra Pak\",\"description\":\"Produkcja opakowa\u0144 i Co-packing\",\"potentialAction\":[{\"@type\":\"SearchAction\",\"target\":{\"@type\":\"EntryPoint\",\"urlTemplate\":\"https:\/\/andra-pak.pl\/?s={search_term_string}\"},\"query-input\":\"required name=search_term_string\"}],\"inLanguage\":\"de\"}]}<\/script>\n<!-- \/ Yoast SEO plugin. -->","yoast_head_json":{"title":"Gilotyny r\u0119czne \u2013 maszyny do pakowania - Andra Pak","description":"Gilotyny r\u0119czne \u2013 maszyny do pakowania: urz\u0105dzenia do rozcinania arkuszy z produktami zafoliowanych metod\u0105 skin-pack, sprawd\u017a","robots":{"index":"index","follow":"follow","max-snippet":"max-snippet:-1","max-image-preview":"max-image-preview:large","max-video-preview":"max-video-preview:-1"},"canonical":"http:\/\/andra-pak.pl\/de\/produkt\/handschneidemaschine\/","og_locale":"de_DE","og_type":"article","og_title":"Gilotyny r\u0119czne \u2013 maszyny do pakowania - Andra Pak","og_description":"Gilotyny r\u0119czne \u2013 maszyny do pakowania: urz\u0105dzenia do rozcinania arkuszy z produktami zafoliowanych metod\u0105 skin-pack, sprawd\u017a","og_url":"http:\/\/andra-pak.pl\/de\/produkt\/handschneidemaschine\/","og_site_name":"Andra Pak","article_modified_time":"2018-05-02T13:25:35+00:00","twitter_card":"summary_large_image","schema":{"@context":"https:\/\/schema.org","@graph":[{"@type":"WebPage","@id":"http:\/\/andra-pak.pl\/de\/produkt\/handschneidemaschine\/","url":"http:\/\/andra-pak.pl\/de\/produkt\/handschneidemaschine\/","name":"Gilotyny r\u0119czne \u2013 maszyny do pakowania - Andra Pak","isPartOf":{"@id":"https:\/\/andra-pak.pl\/#website"},"datePublished":"2017-12-08T12:45:31+00:00","dateModified":"2018-05-02T13:25:35+00:00","description":"Gilotyny r\u0119czne \u2013 maszyny do pakowania: urz\u0105dzenia do rozcinania arkuszy z produktami zafoliowanych metod\u0105 skin-pack, sprawd\u017a","breadcrumb":{"@id":"http:\/\/andra-pak.pl\/de\/produkt\/handschneidemaschine\/#breadcrumb"},"inLanguage":"de","potentialAction":[{"@type":"ReadAction","target":["http:\/\/andra-pak.pl\/de\/produkt\/handschneidemaschine\/"]}]},{"@type":"BreadcrumbList","@id":"http:\/\/andra-pak.pl\/de\/produkt\/handschneidemaschine\/#breadcrumb","itemListElement":[{"@type":"ListItem","position":1,"name":"Strona g\u0142\u00f3wna","item":"https:\/\/andra-pak.pl\/de\/"},{"@type":"ListItem","position":2,"name":"Katalog: Skin Pack, Co-packing, Poligrafii, Folii i Urz\u0105dze\u0144","item":"https:\/\/andra-pak.pl\/katalog-produktow-skin-pack-packing-poligrafii-folii-urzadzen\/"},{"@type":"ListItem","position":3,"name":"HANDSCHNEIDEMASCHINE"}]},{"@type":"WebSite","@id":"https:\/\/andra-pak.pl\/#website","url":"https:\/\/andra-pak.pl\/","name":"Andra Pak","description":"Produkcja opakowa\u0144 i Co-packing","potentialAction":[{"@type":"SearchAction","target":{"@type":"EntryPoint","urlTemplate":"https:\/\/andra-pak.pl\/?s={search_term_string}"},"query-input":"required name=search_term_string"}],"inLanguage":"de"}]}},"_links":{"self":[{"href":"http:\/\/andra-pak.pl\/de\/wp-json\/wp\/v2\/product\/7963","targetHints":{"allow":["GET"]}}],"collection":[{"href":"http:\/\/andra-pak.pl\/de\/wp-json\/wp\/v2\/product"}],"about":[{"href":"http:\/\/andra-pak.pl\/de\/wp-json\/wp\/v2\/types\/product"}],"wp:attachment":[{"href":"http:\/\/andra-pak.pl\/de\/wp-json\/wp\/v2\/media?parent=7963"}],"wp:term":[{"taxonomy":"product_cat","embeddable":true,"href":"http:\/\/andra-pak.pl\/de\/wp-json\/wp\/v2\/product_cat?post=7963"},{"taxonomy":"product_tag","embeddable":true,"href":"http:\/\/andra-pak.pl\/de\/wp-json\/wp\/v2\/product_tag?post=7963"}],"curies":[{"name":"wp","href":"https:\/\/api.w.org\/{rel}","templated":true}]}}