{"id":7966,"date":"2017-12-08T11:42:00","date_gmt":"2017-12-08T11:42:00","guid":{"rendered":"https:\/\/andra-pak.pl\/produkt\/introligatornia-wycinanie-skladanie-klejenie-opakowan\/"},"modified":"2018-05-02T13:29:21","modified_gmt":"2018-05-02T13:29:21","slug":"binderei-ausschneiden-zusammenlegen-und-kleben","status":"publish","type":"product","link":"http:\/\/andra-pak.pl\/de\/produkt\/binderei-ausschneiden-zusammenlegen-und-kleben\/","title":{"rendered":"BINDEREI: AUSSCHNEIDEN, ZUSAMMENLEGEN UND KLEBEN"},"content":{"rendered":"","protected":false},"excerpt":{"rendered":"<ul>\n<li>Wir bieten professionelle und umfassende Bindereidienste, einschlie\u00dflich Schneiden, Zusammenlegen und Kleben von Verpackungen und Werbematerialien.<\/li>\n<li>Wir garantieren h\u00f6chste Qualit\u00e4t und maximale Liebe zum Detail.<\/li>\n<li>Dank modernen und leistungsf\u00e4higen Maschinen werden Wir jeden Auftrag wird mit garantierter Perfektion und unter Einhaltung der angegebenen Termine ausf\u00fchren.<\/li>\n<\/ul>\n<p><strong>\u00a0<\/strong><\/p>\n","protected":false},"featured_media":7687,"template":"","meta":[],"product_cat":[110],"product_tag":[],"class_list":{"0":"post-7966","1":"product","2":"type-product","3":"status-publish","4":"has-post-thumbnail","6":"product_cat-poligrafia-de","8":"first","9":"instock","10":"taxable","11":"shipping-taxable","12":"product-type-simple"},"etheme_brands":{"errors":{"invalid_taxonomy":["Die Taxonomie ist ung\u00fcltig."]},"error_data":[]},"yoast_head":"<!-- This site is optimized with the Yoast SEO plugin v22.9 - https:\/\/yoast.com\/wordpress\/plugins\/seo\/ -->\n<title>BINDEREI: AUSSCHNEIDEN, ZUSAMMENLEGEN UND KLEBEN - Andra Pak<\/title>\n<meta name=\"description\" content=\"Introligatornia: wycinanie, sk\u0142adanie oraz klejenie opakowa\u0144 \u2013 doskona\u0142a jako\u015b\u0107 us\u0142ug, dobre ceny, szybkie terminy realizacji, sprawd\u017a i zam\u00f3w\" \/>\n<meta name=\"robots\" content=\"index, follow, max-snippet:-1, max-image-preview:large, max-video-preview:-1\" \/>\n<link rel=\"canonical\" href=\"http:\/\/andra-pak.pl\/de\/produkt\/binderei-ausschneiden-zusammenlegen-und-kleben\/\" \/>\n<meta property=\"og:locale\" content=\"de_DE\" \/>\n<meta property=\"og:type\" content=\"article\" \/>\n<meta property=\"og:title\" content=\"BINDEREI: AUSSCHNEIDEN, ZUSAMMENLEGEN UND KLEBEN - Andra Pak\" \/>\n<meta property=\"og:description\" content=\"Introligatornia: wycinanie, sk\u0142adanie oraz klejenie opakowa\u0144 \u2013 doskona\u0142a jako\u015b\u0107 us\u0142ug, dobre ceny, szybkie terminy realizacji, sprawd\u017a i zam\u00f3w\" \/>\n<meta property=\"og:url\" content=\"http:\/\/andra-pak.pl\/de\/produkt\/binderei-ausschneiden-zusammenlegen-und-kleben\/\" \/>\n<meta property=\"og:site_name\" content=\"Andra Pak\" \/>\n<meta property=\"article:modified_time\" content=\"2018-05-02T13:29:21+00:00\" \/>\n<meta property=\"og:image\" content=\"http:\/\/andra-pak.pl\/wp-content\/uploads\/2017\/11\/konfekcjonowanie-opakowan-co-packing.jpg\" \/>\n\t<meta property=\"og:image:width\" content=\"1000\" \/>\n\t<meta property=\"og:image:height\" content=\"667\" \/>\n\t<meta property=\"og:image:type\" content=\"image\/jpeg\" \/>\n<meta name=\"twitter:card\" content=\"summary_large_image\" \/>\n<script type=\"application\/ld+json\" class=\"yoast-schema-graph\">{\"@context\":\"https:\/\/schema.org\",\"@graph\":[{\"@type\":\"WebPage\",\"@id\":\"http:\/\/andra-pak.pl\/de\/produkt\/binderei-ausschneiden-zusammenlegen-und-kleben\/\",\"url\":\"http:\/\/andra-pak.pl\/de\/produkt\/binderei-ausschneiden-zusammenlegen-und-kleben\/\",\"name\":\"BINDEREI: AUSSCHNEIDEN, ZUSAMMENLEGEN UND KLEBEN - Andra Pak\",\"isPartOf\":{\"@id\":\"http:\/\/andra-pak.pl\/#website\"},\"primaryImageOfPage\":{\"@id\":\"http:\/\/andra-pak.pl\/de\/produkt\/binderei-ausschneiden-zusammenlegen-und-kleben\/#primaryimage\"},\"image\":{\"@id\":\"http:\/\/andra-pak.pl\/de\/produkt\/binderei-ausschneiden-zusammenlegen-und-kleben\/#primaryimage\"},\"thumbnailUrl\":\"http:\/\/andra-pak.pl\/wp-content\/uploads\/2017\/11\/konfekcjonowanie-opakowan-co-packing.jpg\",\"datePublished\":\"2017-12-08T11:42:00+00:00\",\"dateModified\":\"2018-05-02T13:29:21+00:00\",\"description\":\"Introligatornia: wycinanie, sk\u0142adanie oraz klejenie opakowa\u0144 \u2013 doskona\u0142a jako\u015b\u0107 us\u0142ug, dobre ceny, szybkie terminy realizacji, sprawd\u017a i zam\u00f3w\",\"breadcrumb\":{\"@id\":\"http:\/\/andra-pak.pl\/de\/produkt\/binderei-ausschneiden-zusammenlegen-und-kleben\/#breadcrumb\"},\"inLanguage\":\"de\",\"potentialAction\":[{\"@type\":\"ReadAction\",\"target\":[\"http:\/\/andra-pak.pl\/de\/produkt\/binderei-ausschneiden-zusammenlegen-und-kleben\/\"]}]},{\"@type\":\"ImageObject\",\"inLanguage\":\"de\",\"@id\":\"http:\/\/andra-pak.pl\/de\/produkt\/binderei-ausschneiden-zusammenlegen-und-kleben\/#primaryimage\",\"url\":\"http:\/\/andra-pak.pl\/wp-content\/uploads\/2017\/11\/konfekcjonowanie-opakowan-co-packing.jpg\",\"contentUrl\":\"http:\/\/andra-pak.pl\/wp-content\/uploads\/2017\/11\/konfekcjonowanie-opakowan-co-packing.jpg\",\"width\":1000,\"height\":667},{\"@type\":\"BreadcrumbList\",\"@id\":\"http:\/\/andra-pak.pl\/de\/produkt\/binderei-ausschneiden-zusammenlegen-und-kleben\/#breadcrumb\",\"itemListElement\":[{\"@type\":\"ListItem\",\"position\":1,\"name\":\"Strona g\u0142\u00f3wna\",\"item\":\"http:\/\/andra-pak.pl\/de\/\"},{\"@type\":\"ListItem\",\"position\":2,\"name\":\"Katalog: Skin Pack, Co-packing, Poligrafii, Folii i Urz\u0105dze\u0144\",\"item\":\"https:\/\/andra-pak.pl\/katalog-produktow-skin-pack-packing-poligrafii-folii-urzadzen\/\"},{\"@type\":\"ListItem\",\"position\":3,\"name\":\"BINDEREI: AUSSCHNEIDEN, ZUSAMMENLEGEN UND KLEBEN\"}]},{\"@type\":\"WebSite\",\"@id\":\"http:\/\/andra-pak.pl\/#website\",\"url\":\"http:\/\/andra-pak.pl\/\",\"name\":\"Andra Pak\",\"description\":\"Produkcja opakowa\u0144 i Co-packing\",\"potentialAction\":[{\"@type\":\"SearchAction\",\"target\":{\"@type\":\"EntryPoint\",\"urlTemplate\":\"http:\/\/andra-pak.pl\/?s={search_term_string}\"},\"query-input\":\"required name=search_term_string\"}],\"inLanguage\":\"de\"}]}<\/script>\n<!-- \/ Yoast SEO plugin. -->","yoast_head_json":{"title":"BINDEREI: AUSSCHNEIDEN, ZUSAMMENLEGEN UND KLEBEN - Andra Pak","description":"Introligatornia: wycinanie, sk\u0142adanie oraz klejenie opakowa\u0144 \u2013 doskona\u0142a jako\u015b\u0107 us\u0142ug, dobre ceny, szybkie terminy realizacji, sprawd\u017a i zam\u00f3w","robots":{"index":"index","follow":"follow","max-snippet":"max-snippet:-1","max-image-preview":"max-image-preview:large","max-video-preview":"max-video-preview:-1"},"canonical":"http:\/\/andra-pak.pl\/de\/produkt\/binderei-ausschneiden-zusammenlegen-und-kleben\/","og_locale":"de_DE","og_type":"article","og_title":"BINDEREI: AUSSCHNEIDEN, ZUSAMMENLEGEN UND KLEBEN - Andra Pak","og_description":"Introligatornia: wycinanie, sk\u0142adanie oraz klejenie opakowa\u0144 \u2013 doskona\u0142a jako\u015b\u0107 us\u0142ug, dobre ceny, szybkie terminy realizacji, sprawd\u017a i zam\u00f3w","og_url":"http:\/\/andra-pak.pl\/de\/produkt\/binderei-ausschneiden-zusammenlegen-und-kleben\/","og_site_name":"Andra Pak","article_modified_time":"2018-05-02T13:29:21+00:00","og_image":[{"width":1000,"height":667,"url":"http:\/\/andra-pak.pl\/wp-content\/uploads\/2017\/11\/konfekcjonowanie-opakowan-co-packing.jpg","type":"image\/jpeg"}],"twitter_card":"summary_large_image","schema":{"@context":"https:\/\/schema.org","@graph":[{"@type":"WebPage","@id":"http:\/\/andra-pak.pl\/de\/produkt\/binderei-ausschneiden-zusammenlegen-und-kleben\/","url":"http:\/\/andra-pak.pl\/de\/produkt\/binderei-ausschneiden-zusammenlegen-und-kleben\/","name":"BINDEREI: AUSSCHNEIDEN, ZUSAMMENLEGEN UND KLEBEN - Andra Pak","isPartOf":{"@id":"http:\/\/andra-pak.pl\/#website"},"primaryImageOfPage":{"@id":"http:\/\/andra-pak.pl\/de\/produkt\/binderei-ausschneiden-zusammenlegen-und-kleben\/#primaryimage"},"image":{"@id":"http:\/\/andra-pak.pl\/de\/produkt\/binderei-ausschneiden-zusammenlegen-und-kleben\/#primaryimage"},"thumbnailUrl":"http:\/\/andra-pak.pl\/wp-content\/uploads\/2017\/11\/konfekcjonowanie-opakowan-co-packing.jpg","datePublished":"2017-12-08T11:42:00+00:00","dateModified":"2018-05-02T13:29:21+00:00","description":"Introligatornia: wycinanie, sk\u0142adanie oraz klejenie opakowa\u0144 \u2013 doskona\u0142a jako\u015b\u0107 us\u0142ug, dobre ceny, szybkie terminy realizacji, sprawd\u017a i zam\u00f3w","breadcrumb":{"@id":"http:\/\/andra-pak.pl\/de\/produkt\/binderei-ausschneiden-zusammenlegen-und-kleben\/#breadcrumb"},"inLanguage":"de","potentialAction":[{"@type":"ReadAction","target":["http:\/\/andra-pak.pl\/de\/produkt\/binderei-ausschneiden-zusammenlegen-und-kleben\/"]}]},{"@type":"ImageObject","inLanguage":"de","@id":"http:\/\/andra-pak.pl\/de\/produkt\/binderei-ausschneiden-zusammenlegen-und-kleben\/#primaryimage","url":"http:\/\/andra-pak.pl\/wp-content\/uploads\/2017\/11\/konfekcjonowanie-opakowan-co-packing.jpg","contentUrl":"http:\/\/andra-pak.pl\/wp-content\/uploads\/2017\/11\/konfekcjonowanie-opakowan-co-packing.jpg","width":1000,"height":667},{"@type":"BreadcrumbList","@id":"http:\/\/andra-pak.pl\/de\/produkt\/binderei-ausschneiden-zusammenlegen-und-kleben\/#breadcrumb","itemListElement":[{"@type":"ListItem","position":1,"name":"Strona g\u0142\u00f3wna","item":"http:\/\/andra-pak.pl\/de\/"},{"@type":"ListItem","position":2,"name":"Katalog: Skin Pack, Co-packing, Poligrafii, Folii i Urz\u0105dze\u0144","item":"https:\/\/andra-pak.pl\/katalog-produktow-skin-pack-packing-poligrafii-folii-urzadzen\/"},{"@type":"ListItem","position":3,"name":"BINDEREI: AUSSCHNEIDEN, ZUSAMMENLEGEN UND KLEBEN"}]},{"@type":"WebSite","@id":"http:\/\/andra-pak.pl\/#website","url":"http:\/\/andra-pak.pl\/","name":"Andra Pak","description":"Produkcja opakowa\u0144 i Co-packing","potentialAction":[{"@type":"SearchAction","target":{"@type":"EntryPoint","urlTemplate":"http:\/\/andra-pak.pl\/?s={search_term_string}"},"query-input":"required name=search_term_string"}],"inLanguage":"de"}]}},"_links":{"self":[{"href":"http:\/\/andra-pak.pl\/de\/wp-json\/wp\/v2\/product\/7966","targetHints":{"allow":["GET"]}}],"collection":[{"href":"http:\/\/andra-pak.pl\/de\/wp-json\/wp\/v2\/product"}],"about":[{"href":"http:\/\/andra-pak.pl\/de\/wp-json\/wp\/v2\/types\/product"}],"wp:featuredmedia":[{"embeddable":true,"href":"http:\/\/andra-pak.pl\/de\/wp-json\/wp\/v2\/media\/7687"}],"wp:attachment":[{"href":"http:\/\/andra-pak.pl\/de\/wp-json\/wp\/v2\/media?parent=7966"}],"wp:term":[{"taxonomy":"product_cat","embeddable":true,"href":"http:\/\/andra-pak.pl\/de\/wp-json\/wp\/v2\/product_cat?post=7966"},{"taxonomy":"product_tag","embeddable":true,"href":"http:\/\/andra-pak.pl\/de\/wp-json\/wp\/v2\/product_tag?post=7966"}],"curies":[{"name":"wp","href":"https:\/\/api.w.org\/{rel}","templated":true}]}}