{"id":7975,"date":"2017-12-08T12:41:10","date_gmt":"2017-12-08T12:41:10","guid":{"rendered":"https:\/\/andra-pak.pl\/produkt\/manualne-pneumatyczne-wycinaki-euro-otworow\/"},"modified":"2018-05-02T13:40:22","modified_gmt":"2018-05-02T13:40:22","slug":"manuelle-und-pneumatische-eurolochstanzen","status":"publish","type":"product","link":"http:\/\/andra-pak.pl\/de\/produkt\/manuelle-und-pneumatische-eurolochstanzen\/","title":{"rendered":"MANUELLE UND PNEUMATISCHE EUROLOCHSTANZEN"},"content":{"rendered":"","protected":false},"excerpt":{"rendered":"<ul>\n<li>Wir bieten manuelle und pneumatische Eurolochstanzen \u2013 konstruiert nach individuellen Anforderungen.<\/li>\n<li>Die Ger\u00e4te stanzen jede Lochform, die das Aufh\u00e4ngen des verpackten Produktes erm\u00f6glicht.<\/li>\n<\/ul>\n","protected":false},"featured_media":8381,"template":"","meta":[],"product_cat":[116],"product_tag":[],"class_list":{"0":"post-7975","1":"product","2":"type-product","3":"status-publish","4":"has-post-thumbnail","6":"product_cat-wycinarki-zgrzewarki-gilotyny-de","8":"first","9":"instock","10":"taxable","11":"shipping-taxable","12":"product-type-simple"},"etheme_brands":{"errors":{"invalid_taxonomy":["Die Taxonomie ist ung\u00fcltig."]},"error_data":[]},"yoast_head":"<!-- This site is optimized with the Yoast SEO plugin v22.9 - https:\/\/yoast.com\/wordpress\/plugins\/seo\/ -->\n<title>MANUELLE UND PNEUMATISCHE EUROLOCHSTANZEN - Andra Pak<\/title>\n<meta name=\"description\" content=\"Manualne i pneumatyczne wycinaki do euro \u2013 otwor\u00f3w: urz\u0105dzenia wycinaj\u0105 dowolny kszta\u0142t otworu, umo\u017cliwiaj\u0105cego zawieszenie zapakowanego produktu, sprawd\u017a\" \/>\n<meta name=\"robots\" content=\"index, follow, max-snippet:-1, max-image-preview:large, max-video-preview:-1\" \/>\n<link rel=\"canonical\" href=\"http:\/\/andra-pak.pl\/de\/produkt\/manuelle-und-pneumatische-eurolochstanzen\/\" \/>\n<meta property=\"og:locale\" content=\"de_DE\" \/>\n<meta property=\"og:type\" content=\"article\" \/>\n<meta property=\"og:title\" content=\"MANUELLE UND PNEUMATISCHE EUROLOCHSTANZEN - Andra Pak\" \/>\n<meta property=\"og:description\" content=\"Manualne i pneumatyczne wycinaki do euro \u2013 otwor\u00f3w: urz\u0105dzenia wycinaj\u0105 dowolny kszta\u0142t otworu, umo\u017cliwiaj\u0105cego zawieszenie zapakowanego produktu, sprawd\u017a\" \/>\n<meta property=\"og:url\" content=\"http:\/\/andra-pak.pl\/de\/produkt\/manuelle-und-pneumatische-eurolochstanzen\/\" \/>\n<meta property=\"og:site_name\" content=\"Andra Pak\" \/>\n<meta property=\"article:modified_time\" content=\"2018-05-02T13:40:22+00:00\" \/>\n<meta property=\"og:image\" content=\"http:\/\/andra-pak.pl\/wp-content\/uploads\/2017\/12\/MANUALNE-I-PNEUMATYCZNE-WYCINAKI-DO-EURO-OTWOR\u00d3W.png\" \/>\n\t<meta property=\"og:image:width\" content=\"414\" \/>\n\t<meta property=\"og:image:height\" content=\"415\" \/>\n\t<meta property=\"og:image:type\" content=\"image\/png\" \/>\n<meta name=\"twitter:card\" content=\"summary_large_image\" \/>\n<script type=\"application\/ld+json\" class=\"yoast-schema-graph\">{\"@context\":\"https:\/\/schema.org\",\"@graph\":[{\"@type\":\"WebPage\",\"@id\":\"http:\/\/andra-pak.pl\/de\/produkt\/manuelle-und-pneumatische-eurolochstanzen\/\",\"url\":\"http:\/\/andra-pak.pl\/de\/produkt\/manuelle-und-pneumatische-eurolochstanzen\/\",\"name\":\"MANUELLE UND PNEUMATISCHE EUROLOCHSTANZEN - Andra Pak\",\"isPartOf\":{\"@id\":\"https:\/\/andra-pak.pl\/en\/#website\"},\"primaryImageOfPage\":{\"@id\":\"http:\/\/andra-pak.pl\/de\/produkt\/manuelle-und-pneumatische-eurolochstanzen\/#primaryimage\"},\"image\":{\"@id\":\"http:\/\/andra-pak.pl\/de\/produkt\/manuelle-und-pneumatische-eurolochstanzen\/#primaryimage\"},\"thumbnailUrl\":\"http:\/\/andra-pak.pl\/wp-content\/uploads\/2017\/12\/MANUALNE-I-PNEUMATYCZNE-WYCINAKI-DO-EURO-OTWOR\u00d3W.png\",\"datePublished\":\"2017-12-08T12:41:10+00:00\",\"dateModified\":\"2018-05-02T13:40:22+00:00\",\"description\":\"Manualne i pneumatyczne wycinaki do euro \u2013 otwor\u00f3w: urz\u0105dzenia wycinaj\u0105 dowolny kszta\u0142t otworu, umo\u017cliwiaj\u0105cego zawieszenie zapakowanego produktu, sprawd\u017a\",\"breadcrumb\":{\"@id\":\"http:\/\/andra-pak.pl\/de\/produkt\/manuelle-und-pneumatische-eurolochstanzen\/#breadcrumb\"},\"inLanguage\":\"de\",\"potentialAction\":[{\"@type\":\"ReadAction\",\"target\":[\"http:\/\/andra-pak.pl\/de\/produkt\/manuelle-und-pneumatische-eurolochstanzen\/\"]}]},{\"@type\":\"ImageObject\",\"inLanguage\":\"de\",\"@id\":\"http:\/\/andra-pak.pl\/de\/produkt\/manuelle-und-pneumatische-eurolochstanzen\/#primaryimage\",\"url\":\"http:\/\/andra-pak.pl\/wp-content\/uploads\/2017\/12\/MANUALNE-I-PNEUMATYCZNE-WYCINAKI-DO-EURO-OTWOR\u00d3W.png\",\"contentUrl\":\"http:\/\/andra-pak.pl\/wp-content\/uploads\/2017\/12\/MANUALNE-I-PNEUMATYCZNE-WYCINAKI-DO-EURO-OTWOR\u00d3W.png\",\"width\":414,\"height\":415},{\"@type\":\"BreadcrumbList\",\"@id\":\"http:\/\/andra-pak.pl\/de\/produkt\/manuelle-und-pneumatische-eurolochstanzen\/#breadcrumb\",\"itemListElement\":[{\"@type\":\"ListItem\",\"position\":1,\"name\":\"Strona g\u0142\u00f3wna\",\"item\":\"http:\/\/andra-pak.pl\/de\/\"},{\"@type\":\"ListItem\",\"position\":2,\"name\":\"Katalog: Skin Pack, Co-packing, Poligrafii, Folii i Urz\u0105dze\u0144\",\"item\":\"https:\/\/andra-pak.pl\/katalog-produktow-skin-pack-packing-poligrafii-folii-urzadzen\/\"},{\"@type\":\"ListItem\",\"position\":3,\"name\":\"MANUELLE UND PNEUMATISCHE EUROLOCHSTANZEN\"}]},{\"@type\":\"WebSite\",\"@id\":\"https:\/\/andra-pak.pl\/en\/#website\",\"url\":\"https:\/\/andra-pak.pl\/en\/\",\"name\":\"Andra Pak\",\"description\":\"Produkcja opakowa\u0144 i Co-packing\",\"potentialAction\":[{\"@type\":\"SearchAction\",\"target\":{\"@type\":\"EntryPoint\",\"urlTemplate\":\"https:\/\/andra-pak.pl\/en\/?s={search_term_string}\"},\"query-input\":\"required name=search_term_string\"}],\"inLanguage\":\"de\"}]}<\/script>\n<!-- \/ Yoast SEO plugin. -->","yoast_head_json":{"title":"MANUELLE UND PNEUMATISCHE EUROLOCHSTANZEN - Andra Pak","description":"Manualne i pneumatyczne wycinaki do euro \u2013 otwor\u00f3w: urz\u0105dzenia wycinaj\u0105 dowolny kszta\u0142t otworu, umo\u017cliwiaj\u0105cego zawieszenie zapakowanego produktu, sprawd\u017a","robots":{"index":"index","follow":"follow","max-snippet":"max-snippet:-1","max-image-preview":"max-image-preview:large","max-video-preview":"max-video-preview:-1"},"canonical":"http:\/\/andra-pak.pl\/de\/produkt\/manuelle-und-pneumatische-eurolochstanzen\/","og_locale":"de_DE","og_type":"article","og_title":"MANUELLE UND PNEUMATISCHE EUROLOCHSTANZEN - Andra Pak","og_description":"Manualne i pneumatyczne wycinaki do euro \u2013 otwor\u00f3w: urz\u0105dzenia wycinaj\u0105 dowolny kszta\u0142t otworu, umo\u017cliwiaj\u0105cego zawieszenie zapakowanego produktu, sprawd\u017a","og_url":"http:\/\/andra-pak.pl\/de\/produkt\/manuelle-und-pneumatische-eurolochstanzen\/","og_site_name":"Andra Pak","article_modified_time":"2018-05-02T13:40:22+00:00","og_image":[{"width":414,"height":415,"url":"http:\/\/andra-pak.pl\/wp-content\/uploads\/2017\/12\/MANUALNE-I-PNEUMATYCZNE-WYCINAKI-DO-EURO-OTWOR\u00d3W.png","type":"image\/png"}],"twitter_card":"summary_large_image","schema":{"@context":"https:\/\/schema.org","@graph":[{"@type":"WebPage","@id":"http:\/\/andra-pak.pl\/de\/produkt\/manuelle-und-pneumatische-eurolochstanzen\/","url":"http:\/\/andra-pak.pl\/de\/produkt\/manuelle-und-pneumatische-eurolochstanzen\/","name":"MANUELLE UND PNEUMATISCHE EUROLOCHSTANZEN - Andra Pak","isPartOf":{"@id":"https:\/\/andra-pak.pl\/en\/#website"},"primaryImageOfPage":{"@id":"http:\/\/andra-pak.pl\/de\/produkt\/manuelle-und-pneumatische-eurolochstanzen\/#primaryimage"},"image":{"@id":"http:\/\/andra-pak.pl\/de\/produkt\/manuelle-und-pneumatische-eurolochstanzen\/#primaryimage"},"thumbnailUrl":"http:\/\/andra-pak.pl\/wp-content\/uploads\/2017\/12\/MANUALNE-I-PNEUMATYCZNE-WYCINAKI-DO-EURO-OTWOR\u00d3W.png","datePublished":"2017-12-08T12:41:10+00:00","dateModified":"2018-05-02T13:40:22+00:00","description":"Manualne i pneumatyczne wycinaki do euro \u2013 otwor\u00f3w: urz\u0105dzenia wycinaj\u0105 dowolny kszta\u0142t otworu, umo\u017cliwiaj\u0105cego zawieszenie zapakowanego produktu, sprawd\u017a","breadcrumb":{"@id":"http:\/\/andra-pak.pl\/de\/produkt\/manuelle-und-pneumatische-eurolochstanzen\/#breadcrumb"},"inLanguage":"de","potentialAction":[{"@type":"ReadAction","target":["http:\/\/andra-pak.pl\/de\/produkt\/manuelle-und-pneumatische-eurolochstanzen\/"]}]},{"@type":"ImageObject","inLanguage":"de","@id":"http:\/\/andra-pak.pl\/de\/produkt\/manuelle-und-pneumatische-eurolochstanzen\/#primaryimage","url":"http:\/\/andra-pak.pl\/wp-content\/uploads\/2017\/12\/MANUALNE-I-PNEUMATYCZNE-WYCINAKI-DO-EURO-OTWOR\u00d3W.png","contentUrl":"http:\/\/andra-pak.pl\/wp-content\/uploads\/2017\/12\/MANUALNE-I-PNEUMATYCZNE-WYCINAKI-DO-EURO-OTWOR\u00d3W.png","width":414,"height":415},{"@type":"BreadcrumbList","@id":"http:\/\/andra-pak.pl\/de\/produkt\/manuelle-und-pneumatische-eurolochstanzen\/#breadcrumb","itemListElement":[{"@type":"ListItem","position":1,"name":"Strona g\u0142\u00f3wna","item":"http:\/\/andra-pak.pl\/de\/"},{"@type":"ListItem","position":2,"name":"Katalog: Skin Pack, Co-packing, Poligrafii, Folii i Urz\u0105dze\u0144","item":"https:\/\/andra-pak.pl\/katalog-produktow-skin-pack-packing-poligrafii-folii-urzadzen\/"},{"@type":"ListItem","position":3,"name":"MANUELLE UND PNEUMATISCHE EUROLOCHSTANZEN"}]},{"@type":"WebSite","@id":"https:\/\/andra-pak.pl\/en\/#website","url":"https:\/\/andra-pak.pl\/en\/","name":"Andra Pak","description":"Produkcja opakowa\u0144 i Co-packing","potentialAction":[{"@type":"SearchAction","target":{"@type":"EntryPoint","urlTemplate":"https:\/\/andra-pak.pl\/en\/?s={search_term_string}"},"query-input":"required name=search_term_string"}],"inLanguage":"de"}]}},"_links":{"self":[{"href":"http:\/\/andra-pak.pl\/de\/wp-json\/wp\/v2\/product\/7975","targetHints":{"allow":["GET"]}}],"collection":[{"href":"http:\/\/andra-pak.pl\/de\/wp-json\/wp\/v2\/product"}],"about":[{"href":"http:\/\/andra-pak.pl\/de\/wp-json\/wp\/v2\/types\/product"}],"wp:featuredmedia":[{"embeddable":true,"href":"http:\/\/andra-pak.pl\/de\/wp-json\/wp\/v2\/media\/8381"}],"wp:attachment":[{"href":"http:\/\/andra-pak.pl\/de\/wp-json\/wp\/v2\/media?parent=7975"}],"wp:term":[{"taxonomy":"product_cat","embeddable":true,"href":"http:\/\/andra-pak.pl\/de\/wp-json\/wp\/v2\/product_cat?post=7975"},{"taxonomy":"product_tag","embeddable":true,"href":"http:\/\/andra-pak.pl\/de\/wp-json\/wp\/v2\/product_tag?post=7975"}],"curies":[{"name":"wp","href":"https:\/\/api.w.org\/{rel}","templated":true}]}}