{"id":7993,"date":"2017-12-08T11:37:49","date_gmt":"2017-12-08T11:37:49","guid":{"rendered":"https:\/\/andra-pak.pl\/produkt\/uszlachetnianie-druku-hotstamping\/"},"modified":"2018-05-02T14:52:26","modified_gmt":"2018-05-02T14:52:26","slug":"druckveredelung","status":"publish","type":"product","link":"http:\/\/andra-pak.pl\/de\/produkt\/druckveredelung\/","title":{"rendered":"DRUCKVEREDELUNG"},"content":{"rendered":"","protected":false},"excerpt":{"rendered":"<ul>\n<li>Wir bieten professionelle Beratung und Druckveredelung:<strong> Folieren, Lackieren, Kalandrieren, Stanzen, Pr\u00e4gen und Hot Stamping<\/strong>.<\/li>\n<li>Unser Angebot umfasst eine Vielzahl von Druckveredelungstechniken, die nahezu unbegrenzte M\u00f6glichkeiten bieten, attraktive Drucke, Etiketten, Verpackungen, Umschl\u00e4ge und Werbemittel zu gestalten.<\/li>\n<li>Wir veredeln den Druck vom kleinsten Digitaldruck bis zum gr\u00f6\u00dften Offsetformat.<\/li>\n<li>Wir garantieren eine hervorragende Wirkung: h\u00f6chste Qualit\u00e4t, perfekte Detailwiedergabe und tiefe Farbs\u00e4ttigung.<\/li>\n<\/ul>\n","protected":false},"featured_media":7702,"template":"","meta":[],"product_cat":[110],"product_tag":[],"class_list":{"0":"post-7993","1":"product","2":"type-product","3":"status-publish","4":"has-post-thumbnail","6":"product_cat-poligrafia-de","8":"first","9":"instock","10":"taxable","11":"shipping-taxable","12":"product-type-simple"},"etheme_brands":{"errors":{"invalid_taxonomy":["Die Taxonomie ist ung\u00fcltig."]},"error_data":[]},"yoast_head":"<!-- This site is optimized with the Yoast SEO plugin v22.9 - https:\/\/yoast.com\/wordpress\/plugins\/seo\/ -->\n<title>DRUCKVEREDELUNG - Andra Pak<\/title>\n<meta name=\"description\" content=\"Uszlachetnianie druku: foliowanie, lakierowanie, kalandrowanie, sztancowanie, t\u0142oczenie, hot-stamping: nadruki, etykiety, opakowania i materia\u0142y reklamowe\" \/>\n<meta name=\"robots\" content=\"index, follow, max-snippet:-1, max-image-preview:large, max-video-preview:-1\" \/>\n<link rel=\"canonical\" href=\"http:\/\/andra-pak.pl\/de\/produkt\/druckveredelung\/\" \/>\n<meta property=\"og:locale\" content=\"de_DE\" \/>\n<meta property=\"og:type\" content=\"article\" \/>\n<meta property=\"og:title\" content=\"DRUCKVEREDELUNG - Andra Pak\" \/>\n<meta property=\"og:description\" content=\"Uszlachetnianie druku: foliowanie, lakierowanie, kalandrowanie, sztancowanie, t\u0142oczenie, hot-stamping: nadruki, etykiety, opakowania i materia\u0142y reklamowe\" \/>\n<meta property=\"og:url\" content=\"http:\/\/andra-pak.pl\/de\/produkt\/druckveredelung\/\" \/>\n<meta property=\"og:site_name\" content=\"Andra Pak\" \/>\n<meta property=\"article:modified_time\" content=\"2018-05-02T14:52:26+00:00\" \/>\n<meta property=\"og:image\" content=\"http:\/\/andra-pak.pl\/wp-content\/uploads\/2017\/11\/poligrafia-1.jpg\" \/>\n\t<meta property=\"og:image:width\" content=\"800\" \/>\n\t<meta property=\"og:image:height\" content=\"533\" \/>\n\t<meta property=\"og:image:type\" content=\"image\/jpeg\" \/>\n<meta name=\"twitter:card\" content=\"summary_large_image\" \/>\n<script type=\"application\/ld+json\" class=\"yoast-schema-graph\">{\"@context\":\"https:\/\/schema.org\",\"@graph\":[{\"@type\":\"WebPage\",\"@id\":\"http:\/\/andra-pak.pl\/de\/produkt\/druckveredelung\/\",\"url\":\"http:\/\/andra-pak.pl\/de\/produkt\/druckveredelung\/\",\"name\":\"DRUCKVEREDELUNG - Andra Pak\",\"isPartOf\":{\"@id\":\"https:\/\/andra-pak.pl\/#website\"},\"primaryImageOfPage\":{\"@id\":\"http:\/\/andra-pak.pl\/de\/produkt\/druckveredelung\/#primaryimage\"},\"image\":{\"@id\":\"http:\/\/andra-pak.pl\/de\/produkt\/druckveredelung\/#primaryimage\"},\"thumbnailUrl\":\"http:\/\/andra-pak.pl\/wp-content\/uploads\/2017\/11\/poligrafia-1.jpg\",\"datePublished\":\"2017-12-08T11:37:49+00:00\",\"dateModified\":\"2018-05-02T14:52:26+00:00\",\"description\":\"Uszlachetnianie druku: foliowanie, lakierowanie, kalandrowanie, sztancowanie, t\u0142oczenie, hot-stamping: nadruki, etykiety, opakowania i materia\u0142y reklamowe\",\"breadcrumb\":{\"@id\":\"http:\/\/andra-pak.pl\/de\/produkt\/druckveredelung\/#breadcrumb\"},\"inLanguage\":\"de\",\"potentialAction\":[{\"@type\":\"ReadAction\",\"target\":[\"http:\/\/andra-pak.pl\/de\/produkt\/druckveredelung\/\"]}]},{\"@type\":\"ImageObject\",\"inLanguage\":\"de\",\"@id\":\"http:\/\/andra-pak.pl\/de\/produkt\/druckveredelung\/#primaryimage\",\"url\":\"http:\/\/andra-pak.pl\/wp-content\/uploads\/2017\/11\/poligrafia-1.jpg\",\"contentUrl\":\"http:\/\/andra-pak.pl\/wp-content\/uploads\/2017\/11\/poligrafia-1.jpg\",\"width\":800,\"height\":533},{\"@type\":\"BreadcrumbList\",\"@id\":\"http:\/\/andra-pak.pl\/de\/produkt\/druckveredelung\/#breadcrumb\",\"itemListElement\":[{\"@type\":\"ListItem\",\"position\":1,\"name\":\"Strona g\u0142\u00f3wna\",\"item\":\"https:\/\/andra-pak.pl\/de\/\"},{\"@type\":\"ListItem\",\"position\":2,\"name\":\"Katalog: Skin Pack, Co-packing, Poligrafii, Folii i Urz\u0105dze\u0144\",\"item\":\"https:\/\/andra-pak.pl\/katalog-produktow-skin-pack-packing-poligrafii-folii-urzadzen\/\"},{\"@type\":\"ListItem\",\"position\":3,\"name\":\"DRUCKVEREDELUNG\"}]},{\"@type\":\"WebSite\",\"@id\":\"https:\/\/andra-pak.pl\/#website\",\"url\":\"https:\/\/andra-pak.pl\/\",\"name\":\"Andra Pak\",\"description\":\"Produkcja opakowa\u0144 i Co-packing\",\"potentialAction\":[{\"@type\":\"SearchAction\",\"target\":{\"@type\":\"EntryPoint\",\"urlTemplate\":\"https:\/\/andra-pak.pl\/?s={search_term_string}\"},\"query-input\":\"required name=search_term_string\"}],\"inLanguage\":\"de\"}]}<\/script>\n<!-- \/ Yoast SEO plugin. -->","yoast_head_json":{"title":"DRUCKVEREDELUNG - Andra Pak","description":"Uszlachetnianie druku: foliowanie, lakierowanie, kalandrowanie, sztancowanie, t\u0142oczenie, hot-stamping: nadruki, etykiety, opakowania i materia\u0142y reklamowe","robots":{"index":"index","follow":"follow","max-snippet":"max-snippet:-1","max-image-preview":"max-image-preview:large","max-video-preview":"max-video-preview:-1"},"canonical":"http:\/\/andra-pak.pl\/de\/produkt\/druckveredelung\/","og_locale":"de_DE","og_type":"article","og_title":"DRUCKVEREDELUNG - Andra Pak","og_description":"Uszlachetnianie druku: foliowanie, lakierowanie, kalandrowanie, sztancowanie, t\u0142oczenie, hot-stamping: nadruki, etykiety, opakowania i materia\u0142y reklamowe","og_url":"http:\/\/andra-pak.pl\/de\/produkt\/druckveredelung\/","og_site_name":"Andra Pak","article_modified_time":"2018-05-02T14:52:26+00:00","og_image":[{"width":800,"height":533,"url":"http:\/\/andra-pak.pl\/wp-content\/uploads\/2017\/11\/poligrafia-1.jpg","type":"image\/jpeg"}],"twitter_card":"summary_large_image","schema":{"@context":"https:\/\/schema.org","@graph":[{"@type":"WebPage","@id":"http:\/\/andra-pak.pl\/de\/produkt\/druckveredelung\/","url":"http:\/\/andra-pak.pl\/de\/produkt\/druckveredelung\/","name":"DRUCKVEREDELUNG - Andra Pak","isPartOf":{"@id":"https:\/\/andra-pak.pl\/#website"},"primaryImageOfPage":{"@id":"http:\/\/andra-pak.pl\/de\/produkt\/druckveredelung\/#primaryimage"},"image":{"@id":"http:\/\/andra-pak.pl\/de\/produkt\/druckveredelung\/#primaryimage"},"thumbnailUrl":"http:\/\/andra-pak.pl\/wp-content\/uploads\/2017\/11\/poligrafia-1.jpg","datePublished":"2017-12-08T11:37:49+00:00","dateModified":"2018-05-02T14:52:26+00:00","description":"Uszlachetnianie druku: foliowanie, lakierowanie, kalandrowanie, sztancowanie, t\u0142oczenie, hot-stamping: nadruki, etykiety, opakowania i materia\u0142y reklamowe","breadcrumb":{"@id":"http:\/\/andra-pak.pl\/de\/produkt\/druckveredelung\/#breadcrumb"},"inLanguage":"de","potentialAction":[{"@type":"ReadAction","target":["http:\/\/andra-pak.pl\/de\/produkt\/druckveredelung\/"]}]},{"@type":"ImageObject","inLanguage":"de","@id":"http:\/\/andra-pak.pl\/de\/produkt\/druckveredelung\/#primaryimage","url":"http:\/\/andra-pak.pl\/wp-content\/uploads\/2017\/11\/poligrafia-1.jpg","contentUrl":"http:\/\/andra-pak.pl\/wp-content\/uploads\/2017\/11\/poligrafia-1.jpg","width":800,"height":533},{"@type":"BreadcrumbList","@id":"http:\/\/andra-pak.pl\/de\/produkt\/druckveredelung\/#breadcrumb","itemListElement":[{"@type":"ListItem","position":1,"name":"Strona g\u0142\u00f3wna","item":"https:\/\/andra-pak.pl\/de\/"},{"@type":"ListItem","position":2,"name":"Katalog: Skin Pack, Co-packing, Poligrafii, Folii i Urz\u0105dze\u0144","item":"https:\/\/andra-pak.pl\/katalog-produktow-skin-pack-packing-poligrafii-folii-urzadzen\/"},{"@type":"ListItem","position":3,"name":"DRUCKVEREDELUNG"}]},{"@type":"WebSite","@id":"https:\/\/andra-pak.pl\/#website","url":"https:\/\/andra-pak.pl\/","name":"Andra Pak","description":"Produkcja opakowa\u0144 i Co-packing","potentialAction":[{"@type":"SearchAction","target":{"@type":"EntryPoint","urlTemplate":"https:\/\/andra-pak.pl\/?s={search_term_string}"},"query-input":"required name=search_term_string"}],"inLanguage":"de"}]}},"_links":{"self":[{"href":"http:\/\/andra-pak.pl\/de\/wp-json\/wp\/v2\/product\/7993","targetHints":{"allow":["GET"]}}],"collection":[{"href":"http:\/\/andra-pak.pl\/de\/wp-json\/wp\/v2\/product"}],"about":[{"href":"http:\/\/andra-pak.pl\/de\/wp-json\/wp\/v2\/types\/product"}],"wp:featuredmedia":[{"embeddable":true,"href":"http:\/\/andra-pak.pl\/de\/wp-json\/wp\/v2\/media\/7702"}],"wp:attachment":[{"href":"http:\/\/andra-pak.pl\/de\/wp-json\/wp\/v2\/media?parent=7993"}],"wp:term":[{"taxonomy":"product_cat","embeddable":true,"href":"http:\/\/andra-pak.pl\/de\/wp-json\/wp\/v2\/product_cat?post=7993"},{"taxonomy":"product_tag","embeddable":true,"href":"http:\/\/andra-pak.pl\/de\/wp-json\/wp\/v2\/product_tag?post=7993"}],"curies":[{"name":"wp","href":"https:\/\/api.w.org\/{rel}","templated":true}]}}