{"id":7999,"date":"2017-12-07T15:09:08","date_gmt":"2017-12-07T15:09:08","guid":{"rendered":"https:\/\/andra-pak.pl\/produkt\/zgrzewane-obustronnie-wytloczki-tworzywa-metoda-cz-tzw-termopak\/"},"modified":"2018-05-02T15:23:22","modified_gmt":"2018-05-02T15:23:22","slug":"beidseitig-verschweisste-kunststoffformteile-nach-dem-hf-verfahren-sog-thermopack","status":"publish","type":"product","link":"http:\/\/andra-pak.pl\/de\/produkt\/beidseitig-verschweisste-kunststoffformteile-nach-dem-hf-verfahren-sog-thermopack\/","title":{"rendered":"BEIDSEITIG VERSCHWEISSTE KUNSTSTOFFFORMTEILE NACH DEM HF-VERFAHREN (SOG. THERMOPACK)"},"content":{"rendered":"","protected":false},"excerpt":{"rendered":"<ul>\n<li>Die Verpackung besteht aus zwei extrudierten Teilen (Blistern) aus PVC- oder PET-Folie, deren R\u00e4nder mit einem Hochfrequenzschwei\u00dfger\u00e4t im HF-Verfahren verschwei\u00dft werden.<\/li>\n<li>Verschwei\u00dfte Blisterverpackungen k\u00f6nnen je nach Bedarf und Bestimmung des Produktes in Form und Gr\u00f6\u00dfe variieren.<\/li>\n<li>Die beidseitige Verschwei\u00dfung sorgt daf\u00fcr, dass das Produkt von allen Seiten sichtbar ist, was das Werbe- und Verkaufspotenzial des Produkts erh\u00f6ht.<\/li>\n<li>Die Verpackung gew\u00e4hrleistet Dichtheit und sch\u00fctzt vor Staub und Feuchtigkeit.<\/li>\n<\/ul>\n","protected":false},"featured_media":7846,"template":"","meta":[],"product_cat":[107],"product_tag":[],"class_list":{"0":"post-7999","1":"product","2":"type-product","3":"status-publish","4":"has-post-thumbnail","6":"product_cat-co-packing-de","8":"first","9":"instock","10":"taxable","11":"shipping-taxable","12":"product-type-simple"},"etheme_brands":{"errors":{"invalid_taxonomy":["Die Taxonomie ist ung\u00fcltig."]},"error_data":[]},"yoast_head":"<!-- This site is optimized with the Yoast SEO plugin v22.9 - https:\/\/yoast.com\/wordpress\/plugins\/seo\/ -->\n<title>BEIDSEITIG VERSCHWEISSTE KUNSTSTOFFFORMTEILE NACH DEM HF-VERFAHREN (SOG. THERMOPACK) - Andra Pak<\/title>\n<meta name=\"robots\" content=\"index, follow, max-snippet:-1, max-image-preview:large, max-video-preview:-1\" \/>\n<link rel=\"canonical\" href=\"http:\/\/andra-pak.pl\/de\/produkt\/beidseitig-verschweisste-kunststoffformteile-nach-dem-hf-verfahren-sog-thermopack\/\" \/>\n<meta property=\"og:locale\" content=\"de_DE\" \/>\n<meta property=\"og:type\" content=\"article\" \/>\n<meta property=\"og:title\" content=\"BEIDSEITIG VERSCHWEISSTE KUNSTSTOFFFORMTEILE NACH DEM HF-VERFAHREN (SOG. THERMOPACK) - Andra Pak\" \/>\n<meta property=\"og:description\" content=\"Die Verpackung besteht aus zwei extrudierten Teilen (Blistern) aus PVC- oder PET-Folie, deren R\u00e4nder mit einem Hochfrequenzschwei\u00dfger\u00e4t im HF-Verfahren verschwei\u00dft werden.  Verschwei\u00dfte Blisterverpackungen k\u00f6nnen je nach Bedarf und Bestimmung des Produktes in Form und Gr\u00f6\u00dfe variieren.  Die beidseitige Verschwei\u00dfung sorgt daf\u00fcr, dass das Produkt von allen Seiten sichtbar ist, was das Werbe- und Verkaufspotenzial des Produkts erh\u00f6ht.  Die Verpackung gew\u00e4hrleistet Dichtheit und sch\u00fctzt vor Staub und Feuchtigkeit.\" \/>\n<meta property=\"og:url\" content=\"http:\/\/andra-pak.pl\/de\/produkt\/beidseitig-verschweisste-kunststoffformteile-nach-dem-hf-verfahren-sog-thermopack\/\" \/>\n<meta property=\"og:site_name\" content=\"Andra Pak\" \/>\n<meta property=\"article:modified_time\" content=\"2018-05-02T15:23:22+00:00\" \/>\n<meta property=\"og:image\" content=\"http:\/\/andra-pak.pl\/wp-content\/uploads\/2017\/12\/DSC_2921.jpg\" \/>\n\t<meta property=\"og:image:width\" content=\"1436\" \/>\n\t<meta property=\"og:image:height\" content=\"1920\" \/>\n\t<meta property=\"og:image:type\" content=\"image\/jpeg\" \/>\n<meta name=\"twitter:card\" content=\"summary_large_image\" \/>\n<script type=\"application\/ld+json\" class=\"yoast-schema-graph\">{\"@context\":\"https:\/\/schema.org\",\"@graph\":[{\"@type\":\"WebPage\",\"@id\":\"http:\/\/andra-pak.pl\/de\/produkt\/beidseitig-verschweisste-kunststoffformteile-nach-dem-hf-verfahren-sog-thermopack\/\",\"url\":\"http:\/\/andra-pak.pl\/de\/produkt\/beidseitig-verschweisste-kunststoffformteile-nach-dem-hf-verfahren-sog-thermopack\/\",\"name\":\"BEIDSEITIG VERSCHWEISSTE KUNSTSTOFFFORMTEILE NACH DEM HF-VERFAHREN (SOG. THERMOPACK) - Andra Pak\",\"isPartOf\":{\"@id\":\"http:\/\/andra-pak.pl\/#website\"},\"primaryImageOfPage\":{\"@id\":\"http:\/\/andra-pak.pl\/de\/produkt\/beidseitig-verschweisste-kunststoffformteile-nach-dem-hf-verfahren-sog-thermopack\/#primaryimage\"},\"image\":{\"@id\":\"http:\/\/andra-pak.pl\/de\/produkt\/beidseitig-verschweisste-kunststoffformteile-nach-dem-hf-verfahren-sog-thermopack\/#primaryimage\"},\"thumbnailUrl\":\"http:\/\/andra-pak.pl\/wp-content\/uploads\/2017\/12\/DSC_2921.jpg\",\"datePublished\":\"2017-12-07T15:09:08+00:00\",\"dateModified\":\"2018-05-02T15:23:22+00:00\",\"breadcrumb\":{\"@id\":\"http:\/\/andra-pak.pl\/de\/produkt\/beidseitig-verschweisste-kunststoffformteile-nach-dem-hf-verfahren-sog-thermopack\/#breadcrumb\"},\"inLanguage\":\"de\",\"potentialAction\":[{\"@type\":\"ReadAction\",\"target\":[\"http:\/\/andra-pak.pl\/de\/produkt\/beidseitig-verschweisste-kunststoffformteile-nach-dem-hf-verfahren-sog-thermopack\/\"]}]},{\"@type\":\"ImageObject\",\"inLanguage\":\"de\",\"@id\":\"http:\/\/andra-pak.pl\/de\/produkt\/beidseitig-verschweisste-kunststoffformteile-nach-dem-hf-verfahren-sog-thermopack\/#primaryimage\",\"url\":\"http:\/\/andra-pak.pl\/wp-content\/uploads\/2017\/12\/DSC_2921.jpg\",\"contentUrl\":\"http:\/\/andra-pak.pl\/wp-content\/uploads\/2017\/12\/DSC_2921.jpg\",\"width\":1436,\"height\":1920},{\"@type\":\"BreadcrumbList\",\"@id\":\"http:\/\/andra-pak.pl\/de\/produkt\/beidseitig-verschweisste-kunststoffformteile-nach-dem-hf-verfahren-sog-thermopack\/#breadcrumb\",\"itemListElement\":[{\"@type\":\"ListItem\",\"position\":1,\"name\":\"Strona g\u0142\u00f3wna\",\"item\":\"http:\/\/andra-pak.pl\/de\/\"},{\"@type\":\"ListItem\",\"position\":2,\"name\":\"Katalog: Skin Pack, Co-packing, Poligrafii, Folii i Urz\u0105dze\u0144\",\"item\":\"https:\/\/andra-pak.pl\/katalog-produktow-skin-pack-packing-poligrafii-folii-urzadzen\/\"},{\"@type\":\"ListItem\",\"position\":3,\"name\":\"BEIDSEITIG VERSCHWEISSTE KUNSTSTOFFFORMTEILE NACH DEM HF-VERFAHREN (SOG. THERMOPACK)\"}]},{\"@type\":\"WebSite\",\"@id\":\"http:\/\/andra-pak.pl\/#website\",\"url\":\"http:\/\/andra-pak.pl\/\",\"name\":\"Andra Pak\",\"description\":\"Produkcja opakowa\u0144 i Co-packing\",\"potentialAction\":[{\"@type\":\"SearchAction\",\"target\":{\"@type\":\"EntryPoint\",\"urlTemplate\":\"http:\/\/andra-pak.pl\/?s={search_term_string}\"},\"query-input\":\"required name=search_term_string\"}],\"inLanguage\":\"de\"}]}<\/script>\n<!-- \/ Yoast SEO plugin. -->","yoast_head_json":{"title":"BEIDSEITIG VERSCHWEISSTE KUNSTSTOFFFORMTEILE NACH DEM HF-VERFAHREN (SOG. THERMOPACK) - Andra Pak","robots":{"index":"index","follow":"follow","max-snippet":"max-snippet:-1","max-image-preview":"max-image-preview:large","max-video-preview":"max-video-preview:-1"},"canonical":"http:\/\/andra-pak.pl\/de\/produkt\/beidseitig-verschweisste-kunststoffformteile-nach-dem-hf-verfahren-sog-thermopack\/","og_locale":"de_DE","og_type":"article","og_title":"BEIDSEITIG VERSCHWEISSTE KUNSTSTOFFFORMTEILE NACH DEM HF-VERFAHREN (SOG. THERMOPACK) - Andra Pak","og_description":"Die Verpackung besteht aus zwei extrudierten Teilen (Blistern) aus PVC- oder PET-Folie, deren R\u00e4nder mit einem Hochfrequenzschwei\u00dfger\u00e4t im HF-Verfahren verschwei\u00dft werden.  Verschwei\u00dfte Blisterverpackungen k\u00f6nnen je nach Bedarf und Bestimmung des Produktes in Form und Gr\u00f6\u00dfe variieren.  Die beidseitige Verschwei\u00dfung sorgt daf\u00fcr, dass das Produkt von allen Seiten sichtbar ist, was das Werbe- und Verkaufspotenzial des Produkts erh\u00f6ht.  Die Verpackung gew\u00e4hrleistet Dichtheit und sch\u00fctzt vor Staub und Feuchtigkeit.","og_url":"http:\/\/andra-pak.pl\/de\/produkt\/beidseitig-verschweisste-kunststoffformteile-nach-dem-hf-verfahren-sog-thermopack\/","og_site_name":"Andra Pak","article_modified_time":"2018-05-02T15:23:22+00:00","og_image":[{"width":1436,"height":1920,"url":"http:\/\/andra-pak.pl\/wp-content\/uploads\/2017\/12\/DSC_2921.jpg","type":"image\/jpeg"}],"twitter_card":"summary_large_image","schema":{"@context":"https:\/\/schema.org","@graph":[{"@type":"WebPage","@id":"http:\/\/andra-pak.pl\/de\/produkt\/beidseitig-verschweisste-kunststoffformteile-nach-dem-hf-verfahren-sog-thermopack\/","url":"http:\/\/andra-pak.pl\/de\/produkt\/beidseitig-verschweisste-kunststoffformteile-nach-dem-hf-verfahren-sog-thermopack\/","name":"BEIDSEITIG VERSCHWEISSTE KUNSTSTOFFFORMTEILE NACH DEM HF-VERFAHREN (SOG. THERMOPACK) - Andra Pak","isPartOf":{"@id":"http:\/\/andra-pak.pl\/#website"},"primaryImageOfPage":{"@id":"http:\/\/andra-pak.pl\/de\/produkt\/beidseitig-verschweisste-kunststoffformteile-nach-dem-hf-verfahren-sog-thermopack\/#primaryimage"},"image":{"@id":"http:\/\/andra-pak.pl\/de\/produkt\/beidseitig-verschweisste-kunststoffformteile-nach-dem-hf-verfahren-sog-thermopack\/#primaryimage"},"thumbnailUrl":"http:\/\/andra-pak.pl\/wp-content\/uploads\/2017\/12\/DSC_2921.jpg","datePublished":"2017-12-07T15:09:08+00:00","dateModified":"2018-05-02T15:23:22+00:00","breadcrumb":{"@id":"http:\/\/andra-pak.pl\/de\/produkt\/beidseitig-verschweisste-kunststoffformteile-nach-dem-hf-verfahren-sog-thermopack\/#breadcrumb"},"inLanguage":"de","potentialAction":[{"@type":"ReadAction","target":["http:\/\/andra-pak.pl\/de\/produkt\/beidseitig-verschweisste-kunststoffformteile-nach-dem-hf-verfahren-sog-thermopack\/"]}]},{"@type":"ImageObject","inLanguage":"de","@id":"http:\/\/andra-pak.pl\/de\/produkt\/beidseitig-verschweisste-kunststoffformteile-nach-dem-hf-verfahren-sog-thermopack\/#primaryimage","url":"http:\/\/andra-pak.pl\/wp-content\/uploads\/2017\/12\/DSC_2921.jpg","contentUrl":"http:\/\/andra-pak.pl\/wp-content\/uploads\/2017\/12\/DSC_2921.jpg","width":1436,"height":1920},{"@type":"BreadcrumbList","@id":"http:\/\/andra-pak.pl\/de\/produkt\/beidseitig-verschweisste-kunststoffformteile-nach-dem-hf-verfahren-sog-thermopack\/#breadcrumb","itemListElement":[{"@type":"ListItem","position":1,"name":"Strona g\u0142\u00f3wna","item":"http:\/\/andra-pak.pl\/de\/"},{"@type":"ListItem","position":2,"name":"Katalog: Skin Pack, Co-packing, Poligrafii, Folii i Urz\u0105dze\u0144","item":"https:\/\/andra-pak.pl\/katalog-produktow-skin-pack-packing-poligrafii-folii-urzadzen\/"},{"@type":"ListItem","position":3,"name":"BEIDSEITIG VERSCHWEISSTE KUNSTSTOFFFORMTEILE NACH DEM HF-VERFAHREN (SOG. THERMOPACK)"}]},{"@type":"WebSite","@id":"http:\/\/andra-pak.pl\/#website","url":"http:\/\/andra-pak.pl\/","name":"Andra Pak","description":"Produkcja opakowa\u0144 i Co-packing","potentialAction":[{"@type":"SearchAction","target":{"@type":"EntryPoint","urlTemplate":"http:\/\/andra-pak.pl\/?s={search_term_string}"},"query-input":"required name=search_term_string"}],"inLanguage":"de"}]}},"_links":{"self":[{"href":"http:\/\/andra-pak.pl\/de\/wp-json\/wp\/v2\/product\/7999","targetHints":{"allow":["GET"]}}],"collection":[{"href":"http:\/\/andra-pak.pl\/de\/wp-json\/wp\/v2\/product"}],"about":[{"href":"http:\/\/andra-pak.pl\/de\/wp-json\/wp\/v2\/types\/product"}],"wp:featuredmedia":[{"embeddable":true,"href":"http:\/\/andra-pak.pl\/de\/wp-json\/wp\/v2\/media\/7846"}],"wp:attachment":[{"href":"http:\/\/andra-pak.pl\/de\/wp-json\/wp\/v2\/media?parent=7999"}],"wp:term":[{"taxonomy":"product_cat","embeddable":true,"href":"http:\/\/andra-pak.pl\/de\/wp-json\/wp\/v2\/product_cat?post=7999"},{"taxonomy":"product_tag","embeddable":true,"href":"http:\/\/andra-pak.pl\/de\/wp-json\/wp\/v2\/product_tag?post=7999"}],"curies":[{"name":"wp","href":"https:\/\/api.w.org\/{rel}","templated":true}]}}