{"id":7474,"date":"2017-12-08T11:35:54","date_gmt":"2017-12-08T11:35:54","guid":{"rendered":"https:\/\/andra-pak.pl\/produkt\/druk-roznych-podlozach-papier-karton-folia-tektura\/"},"modified":"2018-05-02T11:01:58","modified_gmt":"2018-05-02T11:01:58","slug":"printing-on-different-surfaces-paper-film-and-cardboard","status":"publish","type":"product","link":"http:\/\/andra-pak.pl\/en\/produkt\/printing-on-different-surfaces-paper-film-and-cardboard\/","title":{"rendered":"PRINTING ON DIFFERENT SURFACES (PAPER, FILM AND CARDBOARD)"},"content":{"rendered":"","protected":false},"excerpt":{"rendered":"<ul>\n<li>We offer professional offset printing on different surfaces (paper, film and cardboard).<\/li>\n<li>We carry out orders on high-performance machines<\/li>\n<li>Examples of products: posters, calendars, folders, bulletins, briefcases, vouchers, forms protected with UV-curing inks, printing with scratch-off paint, stands, laminated packaging and traditional cardboard, corrugated and mini corrugated packaging, plastic packaging and printing on thermoplastic films.<\/li>\n<\/ul>\n","protected":false},"featured_media":7689,"template":"","meta":[],"product_cat":[109],"product_tag":[],"class_list":{"0":"post-7474","1":"product","2":"type-product","3":"status-publish","4":"has-post-thumbnail","6":"product_cat-poligrafia-en","8":"first","9":"instock","10":"taxable","11":"shipping-taxable","12":"product-type-simple"},"etheme_brands":{"errors":{"invalid_taxonomy":["Invalid taxonomy."]},"error_data":[]},"yoast_head":"<!-- This site is optimized with the Yoast SEO plugin v22.9 - https:\/\/yoast.com\/wordpress\/plugins\/seo\/ -->\n<title>PRINTING ON DIFFERENT SURFACES (PAPER, FILM AND CARDBOARD) - Andra Pak<\/title>\n<meta name=\"description\" content=\"Druk na r\u00f3\u017cnych pod\u0142o\u017cach: papier, karton, folia, tektura \u2013 plakaty, kalendarze, foldery, druk z wykorzystaniem farb \u017cetonowych, standy, opakowania kaszerowane\" \/>\n<meta name=\"robots\" content=\"index, follow, max-snippet:-1, max-image-preview:large, max-video-preview:-1\" \/>\n<link rel=\"canonical\" href=\"http:\/\/andra-pak.pl\/en\/produkt\/printing-on-different-surfaces-paper-film-and-cardboard\/\" \/>\n<meta property=\"og:locale\" content=\"en_US\" \/>\n<meta property=\"og:type\" content=\"article\" \/>\n<meta property=\"og:title\" content=\"PRINTING ON DIFFERENT SURFACES (PAPER, FILM AND CARDBOARD) - Andra Pak\" \/>\n<meta property=\"og:description\" content=\"Druk na r\u00f3\u017cnych pod\u0142o\u017cach: papier, karton, folia, tektura \u2013 plakaty, kalendarze, foldery, druk z wykorzystaniem farb \u017cetonowych, standy, opakowania kaszerowane\" \/>\n<meta property=\"og:url\" content=\"http:\/\/andra-pak.pl\/en\/produkt\/printing-on-different-surfaces-paper-film-and-cardboard\/\" \/>\n<meta property=\"og:site_name\" content=\"Andra Pak\" \/>\n<meta property=\"article:modified_time\" content=\"2018-05-02T11:01:58+00:00\" \/>\n<meta property=\"og:image\" content=\"http:\/\/andra-pak.pl\/wp-content\/uploads\/2017\/11\/poligrafia.jpg\" \/>\n\t<meta property=\"og:image:width\" content=\"480\" \/>\n\t<meta property=\"og:image:height\" content=\"320\" \/>\n\t<meta property=\"og:image:type\" content=\"image\/jpeg\" \/>\n<meta name=\"twitter:card\" content=\"summary_large_image\" \/>\n<script type=\"application\/ld+json\" class=\"yoast-schema-graph\">{\"@context\":\"https:\/\/schema.org\",\"@graph\":[{\"@type\":\"WebPage\",\"@id\":\"http:\/\/andra-pak.pl\/en\/produkt\/printing-on-different-surfaces-paper-film-and-cardboard\/\",\"url\":\"http:\/\/andra-pak.pl\/en\/produkt\/printing-on-different-surfaces-paper-film-and-cardboard\/\",\"name\":\"PRINTING ON DIFFERENT SURFACES (PAPER, FILM AND CARDBOARD) - Andra Pak\",\"isPartOf\":{\"@id\":\"http:\/\/andra-pak.pl\/#website\"},\"primaryImageOfPage\":{\"@id\":\"http:\/\/andra-pak.pl\/en\/produkt\/printing-on-different-surfaces-paper-film-and-cardboard\/#primaryimage\"},\"image\":{\"@id\":\"http:\/\/andra-pak.pl\/en\/produkt\/printing-on-different-surfaces-paper-film-and-cardboard\/#primaryimage\"},\"thumbnailUrl\":\"http:\/\/andra-pak.pl\/wp-content\/uploads\/2017\/11\/poligrafia.jpg\",\"datePublished\":\"2017-12-08T11:35:54+00:00\",\"dateModified\":\"2018-05-02T11:01:58+00:00\",\"description\":\"Druk na r\u00f3\u017cnych pod\u0142o\u017cach: papier, karton, folia, tektura \u2013 plakaty, kalendarze, foldery, druk z wykorzystaniem farb \u017cetonowych, standy, opakowania kaszerowane\",\"breadcrumb\":{\"@id\":\"http:\/\/andra-pak.pl\/en\/produkt\/printing-on-different-surfaces-paper-film-and-cardboard\/#breadcrumb\"},\"inLanguage\":\"en-US\",\"potentialAction\":[{\"@type\":\"ReadAction\",\"target\":[\"http:\/\/andra-pak.pl\/en\/produkt\/printing-on-different-surfaces-paper-film-and-cardboard\/\"]}]},{\"@type\":\"ImageObject\",\"inLanguage\":\"en-US\",\"@id\":\"http:\/\/andra-pak.pl\/en\/produkt\/printing-on-different-surfaces-paper-film-and-cardboard\/#primaryimage\",\"url\":\"http:\/\/andra-pak.pl\/wp-content\/uploads\/2017\/11\/poligrafia.jpg\",\"contentUrl\":\"http:\/\/andra-pak.pl\/wp-content\/uploads\/2017\/11\/poligrafia.jpg\",\"width\":480,\"height\":320},{\"@type\":\"BreadcrumbList\",\"@id\":\"http:\/\/andra-pak.pl\/en\/produkt\/printing-on-different-surfaces-paper-film-and-cardboard\/#breadcrumb\",\"itemListElement\":[{\"@type\":\"ListItem\",\"position\":1,\"name\":\"Strona g\u0142\u00f3wna\",\"item\":\"https:\/\/andra-pak.pl\/en\/\"},{\"@type\":\"ListItem\",\"position\":2,\"name\":\"Katalog: Skin Pack, Co-packing, Poligrafii, Folii i Urz\u0105dze\u0144\",\"item\":\"https:\/\/andra-pak.pl\/katalog-produktow-skin-pack-packing-poligrafii-folii-urzadzen\/\"},{\"@type\":\"ListItem\",\"position\":3,\"name\":\"PRINTING ON DIFFERENT SURFACES (PAPER, FILM AND CARDBOARD)\"}]},{\"@type\":\"WebSite\",\"@id\":\"http:\/\/andra-pak.pl\/#website\",\"url\":\"http:\/\/andra-pak.pl\/\",\"name\":\"Andra Pak\",\"description\":\"Produkcja opakowa\u0144 i Co-packing\",\"potentialAction\":[{\"@type\":\"SearchAction\",\"target\":{\"@type\":\"EntryPoint\",\"urlTemplate\":\"http:\/\/andra-pak.pl\/?s={search_term_string}\"},\"query-input\":\"required name=search_term_string\"}],\"inLanguage\":\"en-US\"}]}<\/script>\n<!-- \/ Yoast SEO plugin. -->","yoast_head_json":{"title":"PRINTING ON DIFFERENT SURFACES (PAPER, FILM AND CARDBOARD) - Andra Pak","description":"Druk na r\u00f3\u017cnych pod\u0142o\u017cach: papier, karton, folia, tektura \u2013 plakaty, kalendarze, foldery, druk z wykorzystaniem farb \u017cetonowych, standy, opakowania kaszerowane","robots":{"index":"index","follow":"follow","max-snippet":"max-snippet:-1","max-image-preview":"max-image-preview:large","max-video-preview":"max-video-preview:-1"},"canonical":"http:\/\/andra-pak.pl\/en\/produkt\/printing-on-different-surfaces-paper-film-and-cardboard\/","og_locale":"en_US","og_type":"article","og_title":"PRINTING ON DIFFERENT SURFACES (PAPER, FILM AND CARDBOARD) - Andra Pak","og_description":"Druk na r\u00f3\u017cnych pod\u0142o\u017cach: papier, karton, folia, tektura \u2013 plakaty, kalendarze, foldery, druk z wykorzystaniem farb \u017cetonowych, standy, opakowania kaszerowane","og_url":"http:\/\/andra-pak.pl\/en\/produkt\/printing-on-different-surfaces-paper-film-and-cardboard\/","og_site_name":"Andra Pak","article_modified_time":"2018-05-02T11:01:58+00:00","og_image":[{"width":480,"height":320,"url":"http:\/\/andra-pak.pl\/wp-content\/uploads\/2017\/11\/poligrafia.jpg","type":"image\/jpeg"}],"twitter_card":"summary_large_image","schema":{"@context":"https:\/\/schema.org","@graph":[{"@type":"WebPage","@id":"http:\/\/andra-pak.pl\/en\/produkt\/printing-on-different-surfaces-paper-film-and-cardboard\/","url":"http:\/\/andra-pak.pl\/en\/produkt\/printing-on-different-surfaces-paper-film-and-cardboard\/","name":"PRINTING ON DIFFERENT SURFACES (PAPER, FILM AND CARDBOARD) - Andra Pak","isPartOf":{"@id":"http:\/\/andra-pak.pl\/#website"},"primaryImageOfPage":{"@id":"http:\/\/andra-pak.pl\/en\/produkt\/printing-on-different-surfaces-paper-film-and-cardboard\/#primaryimage"},"image":{"@id":"http:\/\/andra-pak.pl\/en\/produkt\/printing-on-different-surfaces-paper-film-and-cardboard\/#primaryimage"},"thumbnailUrl":"http:\/\/andra-pak.pl\/wp-content\/uploads\/2017\/11\/poligrafia.jpg","datePublished":"2017-12-08T11:35:54+00:00","dateModified":"2018-05-02T11:01:58+00:00","description":"Druk na r\u00f3\u017cnych pod\u0142o\u017cach: papier, karton, folia, tektura \u2013 plakaty, kalendarze, foldery, druk z wykorzystaniem farb \u017cetonowych, standy, opakowania kaszerowane","breadcrumb":{"@id":"http:\/\/andra-pak.pl\/en\/produkt\/printing-on-different-surfaces-paper-film-and-cardboard\/#breadcrumb"},"inLanguage":"en-US","potentialAction":[{"@type":"ReadAction","target":["http:\/\/andra-pak.pl\/en\/produkt\/printing-on-different-surfaces-paper-film-and-cardboard\/"]}]},{"@type":"ImageObject","inLanguage":"en-US","@id":"http:\/\/andra-pak.pl\/en\/produkt\/printing-on-different-surfaces-paper-film-and-cardboard\/#primaryimage","url":"http:\/\/andra-pak.pl\/wp-content\/uploads\/2017\/11\/poligrafia.jpg","contentUrl":"http:\/\/andra-pak.pl\/wp-content\/uploads\/2017\/11\/poligrafia.jpg","width":480,"height":320},{"@type":"BreadcrumbList","@id":"http:\/\/andra-pak.pl\/en\/produkt\/printing-on-different-surfaces-paper-film-and-cardboard\/#breadcrumb","itemListElement":[{"@type":"ListItem","position":1,"name":"Strona g\u0142\u00f3wna","item":"https:\/\/andra-pak.pl\/en\/"},{"@type":"ListItem","position":2,"name":"Katalog: Skin Pack, Co-packing, Poligrafii, Folii i Urz\u0105dze\u0144","item":"https:\/\/andra-pak.pl\/katalog-produktow-skin-pack-packing-poligrafii-folii-urzadzen\/"},{"@type":"ListItem","position":3,"name":"PRINTING ON DIFFERENT SURFACES (PAPER, FILM AND CARDBOARD)"}]},{"@type":"WebSite","@id":"http:\/\/andra-pak.pl\/#website","url":"http:\/\/andra-pak.pl\/","name":"Andra Pak","description":"Produkcja opakowa\u0144 i Co-packing","potentialAction":[{"@type":"SearchAction","target":{"@type":"EntryPoint","urlTemplate":"http:\/\/andra-pak.pl\/?s={search_term_string}"},"query-input":"required name=search_term_string"}],"inLanguage":"en-US"}]}},"_links":{"self":[{"href":"http:\/\/andra-pak.pl\/en\/wp-json\/wp\/v2\/product\/7474","targetHints":{"allow":["GET"]}}],"collection":[{"href":"http:\/\/andra-pak.pl\/en\/wp-json\/wp\/v2\/product"}],"about":[{"href":"http:\/\/andra-pak.pl\/en\/wp-json\/wp\/v2\/types\/product"}],"wp:featuredmedia":[{"embeddable":true,"href":"http:\/\/andra-pak.pl\/en\/wp-json\/wp\/v2\/media\/7689"}],"wp:attachment":[{"href":"http:\/\/andra-pak.pl\/en\/wp-json\/wp\/v2\/media?parent=7474"}],"wp:term":[{"taxonomy":"product_cat","embeddable":true,"href":"http:\/\/andra-pak.pl\/en\/wp-json\/wp\/v2\/product_cat?post=7474"},{"taxonomy":"product_tag","embeddable":true,"href":"http:\/\/andra-pak.pl\/en\/wp-json\/wp\/v2\/product_tag?post=7474"}],"curies":[{"name":"wp","href":"https:\/\/api.w.org\/{rel}","templated":true}]}}