{"id":7995,"date":"2017-12-08T12:37:30","date_gmt":"2017-12-08T12:37:30","guid":{"rendered":"https:\/\/andra-pak.pl\/produkt\/wycinarki-walcowe-rollsztance-prasy-rolowe\/"},"modified":"2018-05-02T15:16:16","modified_gmt":"2018-05-02T15:16:16","slug":"cylindrical-cutters-roller-cutters-rolling-presses","status":"publish","type":"product","link":"http:\/\/andra-pak.pl\/en\/produkt\/cylindrical-cutters-roller-cutters-rolling-presses\/","title":{"rendered":"CYLINDRICAL CUTTERS (ROLLER CUTTERS, ROLLING PRESSES)"},"content":{"rendered":"","protected":false},"excerpt":{"rendered":"<ul>\n<li>We offer cylindrical cutters (roller cutters, roll presses) constructed according to individual requirements.<\/li>\n<li>The cylindrical cutters cut skin-wrapped sheets, including the Euroslot.<\/li>\n<li>The machines give shape to the packaging, including the cut-out of the hole, necessary when displaying the product.<\/li>\n<li>The devices automate production and allow to shorten the process of creating a ready packaging.<\/li>\n<li>They also enable the manufacture of flap and patterned boxes<\/li>\n<\/ul>\n","protected":false},"featured_media":8388,"template":"","meta":[],"product_cat":[115],"product_tag":[],"class_list":{"0":"post-7995","1":"product","2":"type-product","3":"status-publish","4":"has-post-thumbnail","6":"product_cat-wycinarki-zgrzewarki-gilotyny-en","8":"first","9":"instock","10":"taxable","11":"shipping-taxable","12":"product-type-simple"},"etheme_brands":{"errors":{"invalid_taxonomy":["Invalid taxonomy."]},"error_data":[]},"yoast_head":"<!-- This site is optimized with the Yoast SEO plugin v22.9 - https:\/\/yoast.com\/wordpress\/plugins\/seo\/ -->\n<title>CYLINDRICAL CUTTERS (ROLLER CUTTERS, ROLLING PRESSES) - Andra Pak<\/title>\n<meta name=\"description\" content=\"Wycinarki walcowe (rollsztance, prasy rolowe): wycinarki konstruowane wg indywidualnych wymaga\u0144. Sprawd\u017a zastosowanie i mo\u017cliwo\u015bci\" \/>\n<meta name=\"robots\" content=\"index, follow, max-snippet:-1, max-image-preview:large, max-video-preview:-1\" \/>\n<link rel=\"canonical\" href=\"http:\/\/andra-pak.pl\/en\/produkt\/cylindrical-cutters-roller-cutters-rolling-presses\/\" \/>\n<meta property=\"og:locale\" content=\"en_US\" \/>\n<meta property=\"og:type\" content=\"article\" \/>\n<meta property=\"og:title\" content=\"CYLINDRICAL CUTTERS (ROLLER CUTTERS, ROLLING PRESSES) - Andra Pak\" \/>\n<meta property=\"og:description\" content=\"Wycinarki walcowe (rollsztance, prasy rolowe): wycinarki konstruowane wg indywidualnych wymaga\u0144. Sprawd\u017a zastosowanie i mo\u017cliwo\u015bci\" \/>\n<meta property=\"og:url\" content=\"http:\/\/andra-pak.pl\/en\/produkt\/cylindrical-cutters-roller-cutters-rolling-presses\/\" \/>\n<meta property=\"og:site_name\" content=\"Andra Pak\" \/>\n<meta property=\"article:modified_time\" content=\"2018-05-02T15:16:16+00:00\" \/>\n<meta property=\"og:image\" content=\"http:\/\/andra-pak.pl\/wp-content\/uploads\/2017\/12\/WYCINARKI-WALCOWE-ROLLSZTANCE-PRASY-ROLOWE.png\" \/>\n\t<meta property=\"og:image:width\" content=\"414\" \/>\n\t<meta property=\"og:image:height\" content=\"414\" \/>\n\t<meta property=\"og:image:type\" content=\"image\/png\" \/>\n<meta name=\"twitter:card\" content=\"summary_large_image\" \/>\n<script type=\"application\/ld+json\" class=\"yoast-schema-graph\">{\"@context\":\"https:\/\/schema.org\",\"@graph\":[{\"@type\":\"WebPage\",\"@id\":\"http:\/\/andra-pak.pl\/en\/produkt\/cylindrical-cutters-roller-cutters-rolling-presses\/\",\"url\":\"http:\/\/andra-pak.pl\/en\/produkt\/cylindrical-cutters-roller-cutters-rolling-presses\/\",\"name\":\"CYLINDRICAL CUTTERS (ROLLER CUTTERS, ROLLING PRESSES) - Andra Pak\",\"isPartOf\":{\"@id\":\"http:\/\/andra-pak.pl\/#website\"},\"primaryImageOfPage\":{\"@id\":\"http:\/\/andra-pak.pl\/en\/produkt\/cylindrical-cutters-roller-cutters-rolling-presses\/#primaryimage\"},\"image\":{\"@id\":\"http:\/\/andra-pak.pl\/en\/produkt\/cylindrical-cutters-roller-cutters-rolling-presses\/#primaryimage\"},\"thumbnailUrl\":\"http:\/\/andra-pak.pl\/wp-content\/uploads\/2017\/12\/WYCINARKI-WALCOWE-ROLLSZTANCE-PRASY-ROLOWE.png\",\"datePublished\":\"2017-12-08T12:37:30+00:00\",\"dateModified\":\"2018-05-02T15:16:16+00:00\",\"description\":\"Wycinarki walcowe (rollsztance, prasy rolowe): wycinarki konstruowane wg indywidualnych wymaga\u0144. Sprawd\u017a zastosowanie i mo\u017cliwo\u015bci\",\"breadcrumb\":{\"@id\":\"http:\/\/andra-pak.pl\/en\/produkt\/cylindrical-cutters-roller-cutters-rolling-presses\/#breadcrumb\"},\"inLanguage\":\"en-US\",\"potentialAction\":[{\"@type\":\"ReadAction\",\"target\":[\"http:\/\/andra-pak.pl\/en\/produkt\/cylindrical-cutters-roller-cutters-rolling-presses\/\"]}]},{\"@type\":\"ImageObject\",\"inLanguage\":\"en-US\",\"@id\":\"http:\/\/andra-pak.pl\/en\/produkt\/cylindrical-cutters-roller-cutters-rolling-presses\/#primaryimage\",\"url\":\"http:\/\/andra-pak.pl\/wp-content\/uploads\/2017\/12\/WYCINARKI-WALCOWE-ROLLSZTANCE-PRASY-ROLOWE.png\",\"contentUrl\":\"http:\/\/andra-pak.pl\/wp-content\/uploads\/2017\/12\/WYCINARKI-WALCOWE-ROLLSZTANCE-PRASY-ROLOWE.png\",\"width\":414,\"height\":414},{\"@type\":\"BreadcrumbList\",\"@id\":\"http:\/\/andra-pak.pl\/en\/produkt\/cylindrical-cutters-roller-cutters-rolling-presses\/#breadcrumb\",\"itemListElement\":[{\"@type\":\"ListItem\",\"position\":1,\"name\":\"Strona g\u0142\u00f3wna\",\"item\":\"https:\/\/andra-pak.pl\/en\/\"},{\"@type\":\"ListItem\",\"position\":2,\"name\":\"Katalog: Skin Pack, Co-packing, Poligrafii, Folii i Urz\u0105dze\u0144\",\"item\":\"https:\/\/andra-pak.pl\/katalog-produktow-skin-pack-packing-poligrafii-folii-urzadzen\/\"},{\"@type\":\"ListItem\",\"position\":3,\"name\":\"CYLINDRICAL CUTTERS (ROLLER CUTTERS, ROLLING PRESSES)\"}]},{\"@type\":\"WebSite\",\"@id\":\"http:\/\/andra-pak.pl\/#website\",\"url\":\"http:\/\/andra-pak.pl\/\",\"name\":\"Andra Pak\",\"description\":\"Produkcja opakowa\u0144 i Co-packing\",\"potentialAction\":[{\"@type\":\"SearchAction\",\"target\":{\"@type\":\"EntryPoint\",\"urlTemplate\":\"http:\/\/andra-pak.pl\/?s={search_term_string}\"},\"query-input\":\"required name=search_term_string\"}],\"inLanguage\":\"en-US\"}]}<\/script>\n<!-- \/ Yoast SEO plugin. -->","yoast_head_json":{"title":"CYLINDRICAL CUTTERS (ROLLER CUTTERS, ROLLING PRESSES) - Andra Pak","description":"Wycinarki walcowe (rollsztance, prasy rolowe): wycinarki konstruowane wg indywidualnych wymaga\u0144. Sprawd\u017a zastosowanie i mo\u017cliwo\u015bci","robots":{"index":"index","follow":"follow","max-snippet":"max-snippet:-1","max-image-preview":"max-image-preview:large","max-video-preview":"max-video-preview:-1"},"canonical":"http:\/\/andra-pak.pl\/en\/produkt\/cylindrical-cutters-roller-cutters-rolling-presses\/","og_locale":"en_US","og_type":"article","og_title":"CYLINDRICAL CUTTERS (ROLLER CUTTERS, ROLLING PRESSES) - Andra Pak","og_description":"Wycinarki walcowe (rollsztance, prasy rolowe): wycinarki konstruowane wg indywidualnych wymaga\u0144. Sprawd\u017a zastosowanie i mo\u017cliwo\u015bci","og_url":"http:\/\/andra-pak.pl\/en\/produkt\/cylindrical-cutters-roller-cutters-rolling-presses\/","og_site_name":"Andra Pak","article_modified_time":"2018-05-02T15:16:16+00:00","og_image":[{"width":414,"height":414,"url":"http:\/\/andra-pak.pl\/wp-content\/uploads\/2017\/12\/WYCINARKI-WALCOWE-ROLLSZTANCE-PRASY-ROLOWE.png","type":"image\/png"}],"twitter_card":"summary_large_image","schema":{"@context":"https:\/\/schema.org","@graph":[{"@type":"WebPage","@id":"http:\/\/andra-pak.pl\/en\/produkt\/cylindrical-cutters-roller-cutters-rolling-presses\/","url":"http:\/\/andra-pak.pl\/en\/produkt\/cylindrical-cutters-roller-cutters-rolling-presses\/","name":"CYLINDRICAL CUTTERS (ROLLER CUTTERS, ROLLING PRESSES) - Andra Pak","isPartOf":{"@id":"http:\/\/andra-pak.pl\/#website"},"primaryImageOfPage":{"@id":"http:\/\/andra-pak.pl\/en\/produkt\/cylindrical-cutters-roller-cutters-rolling-presses\/#primaryimage"},"image":{"@id":"http:\/\/andra-pak.pl\/en\/produkt\/cylindrical-cutters-roller-cutters-rolling-presses\/#primaryimage"},"thumbnailUrl":"http:\/\/andra-pak.pl\/wp-content\/uploads\/2017\/12\/WYCINARKI-WALCOWE-ROLLSZTANCE-PRASY-ROLOWE.png","datePublished":"2017-12-08T12:37:30+00:00","dateModified":"2018-05-02T15:16:16+00:00","description":"Wycinarki walcowe (rollsztance, prasy rolowe): wycinarki konstruowane wg indywidualnych wymaga\u0144. Sprawd\u017a zastosowanie i mo\u017cliwo\u015bci","breadcrumb":{"@id":"http:\/\/andra-pak.pl\/en\/produkt\/cylindrical-cutters-roller-cutters-rolling-presses\/#breadcrumb"},"inLanguage":"en-US","potentialAction":[{"@type":"ReadAction","target":["http:\/\/andra-pak.pl\/en\/produkt\/cylindrical-cutters-roller-cutters-rolling-presses\/"]}]},{"@type":"ImageObject","inLanguage":"en-US","@id":"http:\/\/andra-pak.pl\/en\/produkt\/cylindrical-cutters-roller-cutters-rolling-presses\/#primaryimage","url":"http:\/\/andra-pak.pl\/wp-content\/uploads\/2017\/12\/WYCINARKI-WALCOWE-ROLLSZTANCE-PRASY-ROLOWE.png","contentUrl":"http:\/\/andra-pak.pl\/wp-content\/uploads\/2017\/12\/WYCINARKI-WALCOWE-ROLLSZTANCE-PRASY-ROLOWE.png","width":414,"height":414},{"@type":"BreadcrumbList","@id":"http:\/\/andra-pak.pl\/en\/produkt\/cylindrical-cutters-roller-cutters-rolling-presses\/#breadcrumb","itemListElement":[{"@type":"ListItem","position":1,"name":"Strona g\u0142\u00f3wna","item":"https:\/\/andra-pak.pl\/en\/"},{"@type":"ListItem","position":2,"name":"Katalog: Skin Pack, Co-packing, Poligrafii, Folii i Urz\u0105dze\u0144","item":"https:\/\/andra-pak.pl\/katalog-produktow-skin-pack-packing-poligrafii-folii-urzadzen\/"},{"@type":"ListItem","position":3,"name":"CYLINDRICAL CUTTERS (ROLLER CUTTERS, ROLLING PRESSES)"}]},{"@type":"WebSite","@id":"http:\/\/andra-pak.pl\/#website","url":"http:\/\/andra-pak.pl\/","name":"Andra Pak","description":"Produkcja opakowa\u0144 i Co-packing","potentialAction":[{"@type":"SearchAction","target":{"@type":"EntryPoint","urlTemplate":"http:\/\/andra-pak.pl\/?s={search_term_string}"},"query-input":"required name=search_term_string"}],"inLanguage":"en-US"}]}},"_links":{"self":[{"href":"http:\/\/andra-pak.pl\/en\/wp-json\/wp\/v2\/product\/7995","targetHints":{"allow":["GET"]}}],"collection":[{"href":"http:\/\/andra-pak.pl\/en\/wp-json\/wp\/v2\/product"}],"about":[{"href":"http:\/\/andra-pak.pl\/en\/wp-json\/wp\/v2\/types\/product"}],"wp:featuredmedia":[{"embeddable":true,"href":"http:\/\/andra-pak.pl\/en\/wp-json\/wp\/v2\/media\/8388"}],"wp:attachment":[{"href":"http:\/\/andra-pak.pl\/en\/wp-json\/wp\/v2\/media?parent=7995"}],"wp:term":[{"taxonomy":"product_cat","embeddable":true,"href":"http:\/\/andra-pak.pl\/en\/wp-json\/wp\/v2\/product_cat?post=7995"},{"taxonomy":"product_tag","embeddable":true,"href":"http:\/\/andra-pak.pl\/en\/wp-json\/wp\/v2\/product_tag?post=7995"}],"curies":[{"name":"wp","href":"https:\/\/api.w.org\/{rel}","templated":true}]}}