{"id":7476,"date":"2017-12-08T11:35:54","date_gmt":"2017-12-08T11:35:54","guid":{"rendered":"https:\/\/andra-pak.pl\/produkt\/druk-roznych-podlozach-papier-karton-folia-tektura\/"},"modified":"2018-05-02T11:02:53","modified_gmt":"2018-05-02T11:02:53","slug":"druk-roznych-podlozach-papier-karton-folia-tektura","status":"publish","type":"product","link":"http:\/\/andra-pak.pl\/ru\/produkt\/druk-roznych-podlozach-papier-karton-folia-tektura\/","title":{"rendered":"\u0420\u0410\u0421\u041f\u0415\u0427\u0410\u0422\u041a\u0410 \u041d\u0410 \u0420\u0410\u0417\u041b\u0418\u0427\u041d\u042b\u0425 \u041c\u0410\u0422\u0415\u0420\u0418\u0410\u041b\u0410\u0425 (\u0411\u0423\u041c\u0410\u0413\u0410, \u041a\u0410\u0420\u0422\u041e\u041d, \u041f\u041b\u0401\u041d\u041a\u0410)"},"content":{"rendered":"","protected":false},"excerpt":{"rendered":"<ul>\n<li>\u041c\u044b \u043e\u0431\u0435\u0441\u043f\u0435\u0447\u0438\u0432\u0430\u0435\u043c \u043f\u0440\u043e\u0444\u0435\u0441\u0441\u0438\u043e\u043d\u0430\u043b\u044c\u043d\u0443\u044e \u043e\u0444\u0441\u0435\u0442\u043d\u0443\u044e \u043f\u0435\u0447\u0430\u0442\u044c \u043d\u0430 \u0440\u0430\u0437\u043b\u0438\u0447\u043d\u044b\u0445 \u043c\u0430\u0442\u0435\u0440\u0438\u0430\u043b\u0430\u0445 (\u0431\u0443\u043c\u0430\u0433\u0430, \u043a\u0430\u0440\u0442\u043e\u043d, \u043f\u043b\u0451\u043d\u043a\u0430).<\/li>\n<li>\u041c\u044b \u0432\u044b\u043f\u043e\u043b\u043d\u044f\u0435\u043c \u0437\u0430\u043a\u0430\u0437\u044b \u043d\u0430 \u0432\u044b\u0441\u043e\u043a\u043e\u0439 \u043f\u0440\u043e\u0438\u0437\u0432\u043e\u0434\u0438\u0442\u0435\u043b\u044c\u043d\u043e\u0441\u0442\u0438 \u043c\u0430\u0448\u0438\u043d\u0430\u0445<\/li>\n<li>\u041f\u0440\u0438\u043c\u0435\u0440\u043d\u044b\u0435 \u043f\u0440\u043e\u0434\u0443\u043a\u0442\u044b: \u043f\u043b\u0430\u043a\u0430\u0442\u044b, \u043a\u0430\u043b\u0435\u043d\u0434\u0430\u0440\u0438, \u0444\u043e\u043b\u044c\u0434\u0435\u0440\u044b, \u0431\u044e\u043b\u0435\u0442\u0435\u043d\u0438, \u043f\u0430\u043f\u043a\u0438, \u0442\u0430\u043b\u043e\u043d\u044b, \u0431\u043b\u0430\u043d\u043a\u0438 \u043e\u0445\u0440\u0430\u043d\u044f\u0435\u043c\u044b\u0435 \u043a\u0440\u0430\u0441\u043a\u043e\u0439, \u0441\u0432\u0435\u0442\u044f\u0449\u0435\u0439\u0441\u044f \u0432 \u0443\u043b\u044c\u0442\u0440\u0430\u0444\u0438\u043e\u043b\u0435\u0442\u043e\u0432\u043e\u043c \u0441\u0432\u0435\u0442\u0435, \u043f\u0435\u0447\u0430\u0442\u044c \u0441 \u0438\u0441\u043f\u043e\u043b\u044c\u0437\u043e\u0432\u0430\u043d\u0438\u0435 \u043a\u0440\u0430\u0441\u043e\u043a \u0434\u043b\u044f \u0438\u0441\u0442\u0438\u0440\u0430\u043d\u0438\u044f, \u0441\u0442\u0435\u043d\u0434\u044b, \u043a\u0430\u0448\u0438\u0440\u043e\u0432\u0430\u043d\u043d\u0430\u044f \u0443\u043f\u0430\u043a\u043e\u0432\u043a\u0430 \u0438 \u0442\u0440\u0430\u0434\u0438\u0446\u0438\u043e\u043d\u043d\u0430\u044f \u0443\u043f\u0430\u043a\u043e\u0432\u043a\u0430 \u0438\u0437 \u043c\u043e\u043d\u043e\u043b\u0438\u0442\u043d\u043e\u0433\u043e, \u0433\u043e\u0444\u0440\u0438\u0440\u043e\u0432\u0430\u043d\u043d\u043e\u0433\u043e \u043a\u0430\u0440\u0442\u043e\u043d\u0430 \u0438 \u043c\u0438\u043a\u0440\u043e\u0433\u043e\u0444\u0440\u044b, \u0443\u043f\u0430\u043a\u043e\u0432\u043a\u0430 \u0438\u0437 \u043f\u043b\u0430\u0441\u0442\u043c\u0430\u0441\u0441\u044b \u0438 \u043f\u0435\u0447\u0430\u0442\u044c \u043d\u0430 \u0442\u0435\u0440\u043c\u043e\u043f\u043b\u0430\u0441\u0442\u0438\u0447\u043d\u043e\u0439 \u043f\u043b\u0435\u043d\u043a\u0435.<\/li>\n<\/ul>\n","protected":false},"featured_media":7691,"template":"","meta":[],"product_cat":[111],"product_tag":[],"class_list":{"0":"post-7476","1":"product","2":"type-product","3":"status-publish","4":"has-post-thumbnail","6":"product_cat-poligrafia-ru","8":"first","9":"instock","10":"taxable","11":"shipping-taxable","12":"product-type-simple"},"etheme_brands":{"errors":{"invalid_taxonomy":["\u041d\u0435\u0432\u0435\u0440\u043d\u0430\u044f \u0442\u0430\u043a\u0441\u043e\u043d\u043e\u043c\u0438\u044f."]},"error_data":[]},"yoast_head":"<!-- This site is optimized with the Yoast SEO plugin v22.9 - https:\/\/yoast.com\/wordpress\/plugins\/seo\/ -->\n<title>\u0420\u0410\u0421\u041f\u0415\u0427\u0410\u0422\u041a\u0410 \u041d\u0410 \u0420\u0410\u0417\u041b\u0418\u0427\u041d\u042b\u0425 \u041c\u0410\u0422\u0415\u0420\u0418\u0410\u041b\u0410\u0425 (\u0411\u0423\u041c\u0410\u0413\u0410, \u041a\u0410\u0420\u0422\u041e\u041d, \u041f\u041b\u0401\u041d\u041a\u0410) - Andra Pak<\/title>\n<meta name=\"description\" content=\"Druk na r\u00f3\u017cnych pod\u0142o\u017cach: papier, karton, folia, tektura \u2013 plakaty, kalendarze, foldery, druk z wykorzystaniem farb \u017cetonowych, standy, opakowania kaszerowane\" \/>\n<meta name=\"robots\" content=\"index, follow, max-snippet:-1, max-image-preview:large, max-video-preview:-1\" \/>\n<link rel=\"canonical\" href=\"http:\/\/andra-pak.pl\/ru\/produkt\/druk-roznych-podlozach-papier-karton-folia-tektura\/\" \/>\n<meta property=\"og:locale\" content=\"ru_RU\" \/>\n<meta property=\"og:type\" content=\"article\" \/>\n<meta property=\"og:title\" content=\"\u0420\u0410\u0421\u041f\u0415\u0427\u0410\u0422\u041a\u0410 \u041d\u0410 \u0420\u0410\u0417\u041b\u0418\u0427\u041d\u042b\u0425 \u041c\u0410\u0422\u0415\u0420\u0418\u0410\u041b\u0410\u0425 (\u0411\u0423\u041c\u0410\u0413\u0410, \u041a\u0410\u0420\u0422\u041e\u041d, \u041f\u041b\u0401\u041d\u041a\u0410) - Andra Pak\" \/>\n<meta property=\"og:description\" content=\"Druk na r\u00f3\u017cnych pod\u0142o\u017cach: papier, karton, folia, tektura \u2013 plakaty, kalendarze, foldery, druk z wykorzystaniem farb \u017cetonowych, standy, opakowania kaszerowane\" \/>\n<meta property=\"og:url\" content=\"http:\/\/andra-pak.pl\/ru\/produkt\/druk-roznych-podlozach-papier-karton-folia-tektura\/\" \/>\n<meta property=\"og:site_name\" content=\"Andra Pak\" \/>\n<meta property=\"article:modified_time\" content=\"2018-05-02T11:02:53+00:00\" \/>\n<meta property=\"og:image\" content=\"http:\/\/andra-pak.pl\/wp-content\/uploads\/2017\/11\/poligrafia.jpg\" \/>\n\t<meta property=\"og:image:width\" content=\"480\" \/>\n\t<meta property=\"og:image:height\" content=\"320\" \/>\n\t<meta property=\"og:image:type\" content=\"image\/jpeg\" \/>\n<meta name=\"twitter:card\" content=\"summary_large_image\" \/>\n<script type=\"application\/ld+json\" class=\"yoast-schema-graph\">{\"@context\":\"https:\/\/schema.org\",\"@graph\":[{\"@type\":\"WebPage\",\"@id\":\"http:\/\/andra-pak.pl\/ru\/produkt\/druk-roznych-podlozach-papier-karton-folia-tektura\/\",\"url\":\"http:\/\/andra-pak.pl\/ru\/produkt\/druk-roznych-podlozach-papier-karton-folia-tektura\/\",\"name\":\"\u0420\u0410\u0421\u041f\u0415\u0427\u0410\u0422\u041a\u0410 \u041d\u0410 \u0420\u0410\u0417\u041b\u0418\u0427\u041d\u042b\u0425 \u041c\u0410\u0422\u0415\u0420\u0418\u0410\u041b\u0410\u0425 (\u0411\u0423\u041c\u0410\u0413\u0410, \u041a\u0410\u0420\u0422\u041e\u041d, \u041f\u041b\u0401\u041d\u041a\u0410) - Andra Pak\",\"isPartOf\":{\"@id\":\"http:\/\/andra-pak.pl\/ru\/#website\"},\"primaryImageOfPage\":{\"@id\":\"http:\/\/andra-pak.pl\/ru\/produkt\/druk-roznych-podlozach-papier-karton-folia-tektura\/#primaryimage\"},\"image\":{\"@id\":\"http:\/\/andra-pak.pl\/ru\/produkt\/druk-roznych-podlozach-papier-karton-folia-tektura\/#primaryimage\"},\"thumbnailUrl\":\"http:\/\/andra-pak.pl\/wp-content\/uploads\/2017\/11\/poligrafia.jpg\",\"datePublished\":\"2017-12-08T11:35:54+00:00\",\"dateModified\":\"2018-05-02T11:02:53+00:00\",\"description\":\"Druk na r\u00f3\u017cnych pod\u0142o\u017cach: papier, karton, folia, tektura \u2013 plakaty, kalendarze, foldery, druk z wykorzystaniem farb \u017cetonowych, standy, opakowania kaszerowane\",\"breadcrumb\":{\"@id\":\"http:\/\/andra-pak.pl\/ru\/produkt\/druk-roznych-podlozach-papier-karton-folia-tektura\/#breadcrumb\"},\"inLanguage\":\"ru-RU\",\"potentialAction\":[{\"@type\":\"ReadAction\",\"target\":[\"http:\/\/andra-pak.pl\/ru\/produkt\/druk-roznych-podlozach-papier-karton-folia-tektura\/\"]}]},{\"@type\":\"ImageObject\",\"inLanguage\":\"ru-RU\",\"@id\":\"http:\/\/andra-pak.pl\/ru\/produkt\/druk-roznych-podlozach-papier-karton-folia-tektura\/#primaryimage\",\"url\":\"http:\/\/andra-pak.pl\/wp-content\/uploads\/2017\/11\/poligrafia.jpg\",\"contentUrl\":\"http:\/\/andra-pak.pl\/wp-content\/uploads\/2017\/11\/poligrafia.jpg\",\"width\":480,\"height\":320},{\"@type\":\"BreadcrumbList\",\"@id\":\"http:\/\/andra-pak.pl\/ru\/produkt\/druk-roznych-podlozach-papier-karton-folia-tektura\/#breadcrumb\",\"itemListElement\":[{\"@type\":\"ListItem\",\"position\":1,\"name\":\"Strona g\u0142\u00f3wna\",\"item\":\"http:\/\/andra-pak.pl\/ru\/\"},{\"@type\":\"ListItem\",\"position\":2,\"name\":\"Katalog: Skin Pack, Co-packing, Poligrafii, Folii i Urz\u0105dze\u0144\",\"item\":\"http:\/\/andra-pak.pl\/katalog-produktow-skin-pack-packing-poligrafii-folii-urzadzen\/\"},{\"@type\":\"ListItem\",\"position\":3,\"name\":\"\u0420\u0410\u0421\u041f\u0415\u0427\u0410\u0422\u041a\u0410 \u041d\u0410 \u0420\u0410\u0417\u041b\u0418\u0427\u041d\u042b\u0425 \u041c\u0410\u0422\u0415\u0420\u0418\u0410\u041b\u0410\u0425 (\u0411\u0423\u041c\u0410\u0413\u0410, \u041a\u0410\u0420\u0422\u041e\u041d, \u041f\u041b\u0401\u041d\u041a\u0410)\"}]},{\"@type\":\"WebSite\",\"@id\":\"http:\/\/andra-pak.pl\/ru\/#website\",\"url\":\"http:\/\/andra-pak.pl\/ru\/\",\"name\":\"Andra Pak\",\"description\":\"Produkcja opakowa\u0144 i Co-packing\",\"potentialAction\":[{\"@type\":\"SearchAction\",\"target\":{\"@type\":\"EntryPoint\",\"urlTemplate\":\"http:\/\/andra-pak.pl\/ru\/?s={search_term_string}\"},\"query-input\":\"required name=search_term_string\"}],\"inLanguage\":\"ru-RU\"}]}<\/script>\n<!-- \/ Yoast SEO plugin. -->","yoast_head_json":{"title":"\u0420\u0410\u0421\u041f\u0415\u0427\u0410\u0422\u041a\u0410 \u041d\u0410 \u0420\u0410\u0417\u041b\u0418\u0427\u041d\u042b\u0425 \u041c\u0410\u0422\u0415\u0420\u0418\u0410\u041b\u0410\u0425 (\u0411\u0423\u041c\u0410\u0413\u0410, \u041a\u0410\u0420\u0422\u041e\u041d, \u041f\u041b\u0401\u041d\u041a\u0410) - Andra Pak","description":"Druk na r\u00f3\u017cnych pod\u0142o\u017cach: papier, karton, folia, tektura \u2013 plakaty, kalendarze, foldery, druk z wykorzystaniem farb \u017cetonowych, standy, opakowania kaszerowane","robots":{"index":"index","follow":"follow","max-snippet":"max-snippet:-1","max-image-preview":"max-image-preview:large","max-video-preview":"max-video-preview:-1"},"canonical":"http:\/\/andra-pak.pl\/ru\/produkt\/druk-roznych-podlozach-papier-karton-folia-tektura\/","og_locale":"ru_RU","og_type":"article","og_title":"\u0420\u0410\u0421\u041f\u0415\u0427\u0410\u0422\u041a\u0410 \u041d\u0410 \u0420\u0410\u0417\u041b\u0418\u0427\u041d\u042b\u0425 \u041c\u0410\u0422\u0415\u0420\u0418\u0410\u041b\u0410\u0425 (\u0411\u0423\u041c\u0410\u0413\u0410, \u041a\u0410\u0420\u0422\u041e\u041d, \u041f\u041b\u0401\u041d\u041a\u0410) - Andra Pak","og_description":"Druk na r\u00f3\u017cnych pod\u0142o\u017cach: papier, karton, folia, tektura \u2013 plakaty, kalendarze, foldery, druk z wykorzystaniem farb \u017cetonowych, standy, opakowania kaszerowane","og_url":"http:\/\/andra-pak.pl\/ru\/produkt\/druk-roznych-podlozach-papier-karton-folia-tektura\/","og_site_name":"Andra Pak","article_modified_time":"2018-05-02T11:02:53+00:00","og_image":[{"width":480,"height":320,"url":"http:\/\/andra-pak.pl\/wp-content\/uploads\/2017\/11\/poligrafia.jpg","type":"image\/jpeg"}],"twitter_card":"summary_large_image","schema":{"@context":"https:\/\/schema.org","@graph":[{"@type":"WebPage","@id":"http:\/\/andra-pak.pl\/ru\/produkt\/druk-roznych-podlozach-papier-karton-folia-tektura\/","url":"http:\/\/andra-pak.pl\/ru\/produkt\/druk-roznych-podlozach-papier-karton-folia-tektura\/","name":"\u0420\u0410\u0421\u041f\u0415\u0427\u0410\u0422\u041a\u0410 \u041d\u0410 \u0420\u0410\u0417\u041b\u0418\u0427\u041d\u042b\u0425 \u041c\u0410\u0422\u0415\u0420\u0418\u0410\u041b\u0410\u0425 (\u0411\u0423\u041c\u0410\u0413\u0410, \u041a\u0410\u0420\u0422\u041e\u041d, \u041f\u041b\u0401\u041d\u041a\u0410) - Andra Pak","isPartOf":{"@id":"http:\/\/andra-pak.pl\/ru\/#website"},"primaryImageOfPage":{"@id":"http:\/\/andra-pak.pl\/ru\/produkt\/druk-roznych-podlozach-papier-karton-folia-tektura\/#primaryimage"},"image":{"@id":"http:\/\/andra-pak.pl\/ru\/produkt\/druk-roznych-podlozach-papier-karton-folia-tektura\/#primaryimage"},"thumbnailUrl":"http:\/\/andra-pak.pl\/wp-content\/uploads\/2017\/11\/poligrafia.jpg","datePublished":"2017-12-08T11:35:54+00:00","dateModified":"2018-05-02T11:02:53+00:00","description":"Druk na r\u00f3\u017cnych pod\u0142o\u017cach: papier, karton, folia, tektura \u2013 plakaty, kalendarze, foldery, druk z wykorzystaniem farb \u017cetonowych, standy, opakowania kaszerowane","breadcrumb":{"@id":"http:\/\/andra-pak.pl\/ru\/produkt\/druk-roznych-podlozach-papier-karton-folia-tektura\/#breadcrumb"},"inLanguage":"ru-RU","potentialAction":[{"@type":"ReadAction","target":["http:\/\/andra-pak.pl\/ru\/produkt\/druk-roznych-podlozach-papier-karton-folia-tektura\/"]}]},{"@type":"ImageObject","inLanguage":"ru-RU","@id":"http:\/\/andra-pak.pl\/ru\/produkt\/druk-roznych-podlozach-papier-karton-folia-tektura\/#primaryimage","url":"http:\/\/andra-pak.pl\/wp-content\/uploads\/2017\/11\/poligrafia.jpg","contentUrl":"http:\/\/andra-pak.pl\/wp-content\/uploads\/2017\/11\/poligrafia.jpg","width":480,"height":320},{"@type":"BreadcrumbList","@id":"http:\/\/andra-pak.pl\/ru\/produkt\/druk-roznych-podlozach-papier-karton-folia-tektura\/#breadcrumb","itemListElement":[{"@type":"ListItem","position":1,"name":"Strona g\u0142\u00f3wna","item":"http:\/\/andra-pak.pl\/ru\/"},{"@type":"ListItem","position":2,"name":"Katalog: Skin Pack, Co-packing, Poligrafii, Folii i Urz\u0105dze\u0144","item":"http:\/\/andra-pak.pl\/katalog-produktow-skin-pack-packing-poligrafii-folii-urzadzen\/"},{"@type":"ListItem","position":3,"name":"\u0420\u0410\u0421\u041f\u0415\u0427\u0410\u0422\u041a\u0410 \u041d\u0410 \u0420\u0410\u0417\u041b\u0418\u0427\u041d\u042b\u0425 \u041c\u0410\u0422\u0415\u0420\u0418\u0410\u041b\u0410\u0425 (\u0411\u0423\u041c\u0410\u0413\u0410, \u041a\u0410\u0420\u0422\u041e\u041d, \u041f\u041b\u0401\u041d\u041a\u0410)"}]},{"@type":"WebSite","@id":"http:\/\/andra-pak.pl\/ru\/#website","url":"http:\/\/andra-pak.pl\/ru\/","name":"Andra Pak","description":"Produkcja opakowa\u0144 i Co-packing","potentialAction":[{"@type":"SearchAction","target":{"@type":"EntryPoint","urlTemplate":"http:\/\/andra-pak.pl\/ru\/?s={search_term_string}"},"query-input":"required name=search_term_string"}],"inLanguage":"ru-RU"}]}},"_links":{"self":[{"href":"http:\/\/andra-pak.pl\/ru\/wp-json\/wp\/v2\/product\/7476","targetHints":{"allow":["GET"]}}],"collection":[{"href":"http:\/\/andra-pak.pl\/ru\/wp-json\/wp\/v2\/product"}],"about":[{"href":"http:\/\/andra-pak.pl\/ru\/wp-json\/wp\/v2\/types\/product"}],"wp:featuredmedia":[{"embeddable":true,"href":"http:\/\/andra-pak.pl\/ru\/wp-json\/wp\/v2\/media\/7691"}],"wp:attachment":[{"href":"http:\/\/andra-pak.pl\/ru\/wp-json\/wp\/v2\/media?parent=7476"}],"wp:term":[{"taxonomy":"product_cat","embeddable":true,"href":"http:\/\/andra-pak.pl\/ru\/wp-json\/wp\/v2\/product_cat?post=7476"},{"taxonomy":"product_tag","embeddable":true,"href":"http:\/\/andra-pak.pl\/ru\/wp-json\/wp\/v2\/product_tag?post=7476"}],"curies":[{"name":"wp","href":"https:\/\/api.w.org\/{rel}","templated":true}]}}