{"id":7949,"date":"2017-12-08T13:42:13","date_gmt":"2017-12-08T13:42:13","guid":{"rendered":"https:\/\/andra-pak.pl\/produkt\/folia-pcv-termokurczliwa\/"},"modified":"2018-05-02T11:19:54","modified_gmt":"2018-05-02T11:19:54","slug":"%d1%82%d0%b5%d1%80%d0%bc%d0%be%d1%83%d1%81%d0%b0%d0%b4%d0%be%d1%87%d0%bd%d0%b0%d1%8f-%d0%bf%d0%bb%d1%91%d0%bd%d0%ba%d0%b0-%d0%bf%d1%85%d0%b2","status":"publish","type":"product","link":"http:\/\/andra-pak.pl\/ru\/produkt\/%d1%82%d0%b5%d1%80%d0%bc%d0%be%d1%83%d1%81%d0%b0%d0%b4%d0%be%d1%87%d0%bd%d0%b0%d1%8f-%d0%bf%d0%bb%d1%91%d0%bd%d0%ba%d0%b0-%d0%bf%d1%85%d0%b2\/","title":{"rendered":"\u0422\u0415\u0420\u041c\u041e\u0423\u0421\u0410\u0414\u041e\u0427\u041d\u0410\u042f \u041f\u041b\u0401\u041d\u041a\u0410 \u041f\u0425\u0412"},"content":{"rendered":"","protected":false},"excerpt":{"rendered":"<p>Die w\u00e4rmeschrumpfbare Folie ist haupts\u00e4chlich f\u00fcr Folienschwei\u00dfmaschinen und Tunneln konzipiert:<\/p>\n<ul>\n<li>zeichnet sich durch niedrige Schrumpftemperatur, hohe Transparenz und Kristallinit\u00e4t aus;<\/li>\n<li>ist in Form von Flachfolie und Halbschlauch erh\u00e4ltlich;<\/li>\n<li>einsetzbar bei der Verpackung von Lebensmitteln und Industrieprodukten.<\/li>\n<\/ul>\n<p>&nbsp;<\/p>\n","protected":false},"featured_media":7775,"template":"","meta":[],"product_cat":[114],"product_tag":[],"class_list":{"0":"post-7949","1":"product","2":"type-product","3":"status-publish","4":"has-post-thumbnail","6":"product_cat-folie-termoplastyczne-ru","8":"first","9":"instock","10":"taxable","11":"shipping-taxable","12":"product-type-simple"},"etheme_brands":{"errors":{"invalid_taxonomy":["\u041d\u0435\u0432\u0435\u0440\u043d\u0430\u044f \u0442\u0430\u043a\u0441\u043e\u043d\u043e\u043c\u0438\u044f."]},"error_data":[]},"yoast_head":"<!-- This site is optimized with the Yoast SEO plugin v22.9 - https:\/\/yoast.com\/wordpress\/plugins\/seo\/ -->\n<title>\u0422\u0415\u0420\u041c\u041e\u0423\u0421\u0410\u0414\u041e\u0427\u041d\u0410\u042f \u041f\u041b\u0401\u041d\u041a\u0410 \u041f\u0425\u0412 - Andra Pak<\/title>\n<meta name=\"robots\" content=\"index, follow, max-snippet:-1, max-image-preview:large, max-video-preview:-1\" \/>\n<link rel=\"canonical\" href=\"http:\/\/andra-pak.pl\/ru\/produkt\/\u0442\u0435\u0440\u043c\u043e\u0443\u0441\u0430\u0434\u043e\u0447\u043d\u0430\u044f-\u043f\u043b\u0451\u043d\u043a\u0430-\u043f\u0445\u0432\/\" \/>\n<meta property=\"og:locale\" content=\"ru_RU\" \/>\n<meta property=\"og:type\" content=\"article\" \/>\n<meta property=\"og:title\" content=\"\u0422\u0415\u0420\u041c\u041e\u0423\u0421\u0410\u0414\u041e\u0427\u041d\u0410\u042f \u041f\u041b\u0401\u041d\u041a\u0410 \u041f\u0425\u0412 - Andra Pak\" \/>\n<meta property=\"og:description\" content=\"Die w\u00e4rmeschrumpfbare Folie ist haupts\u00e4chlich f\u00fcr Folienschwei\u00dfmaschinen und Tunneln konzipiert:   zeichnet sich durch niedrige Schrumpftemperatur, hohe Transparenz und Kristallinit\u00e4t aus;  ist in Form von Flachfolie und Halbschlauch erh\u00e4ltlich;  einsetzbar bei der Verpackung von Lebensmitteln und Industrieprodukten.  &nbsp;\" \/>\n<meta property=\"og:url\" content=\"http:\/\/andra-pak.pl\/ru\/produkt\/\u0442\u0435\u0440\u043c\u043e\u0443\u0441\u0430\u0434\u043e\u0447\u043d\u0430\u044f-\u043f\u043b\u0451\u043d\u043a\u0430-\u043f\u0445\u0432\/\" \/>\n<meta property=\"og:site_name\" content=\"Andra Pak\" \/>\n<meta property=\"article:modified_time\" content=\"2018-05-02T11:19:54+00:00\" \/>\n<meta property=\"og:image\" content=\"http:\/\/andra-pak.pl\/wp-content\/uploads\/2017\/12\/Folia-PCV-termokurczliwa.jpg\" \/>\n\t<meta property=\"og:image:width\" content=\"900\" \/>\n\t<meta property=\"og:image:height\" content=\"675\" \/>\n\t<meta property=\"og:image:type\" content=\"image\/jpeg\" \/>\n<meta name=\"twitter:card\" content=\"summary_large_image\" \/>\n<script type=\"application\/ld+json\" class=\"yoast-schema-graph\">{\"@context\":\"https:\/\/schema.org\",\"@graph\":[{\"@type\":\"WebPage\",\"@id\":\"http:\/\/andra-pak.pl\/ru\/produkt\/%d1%82%d0%b5%d1%80%d0%bc%d0%be%d1%83%d1%81%d0%b0%d0%b4%d0%be%d1%87%d0%bd%d0%b0%d1%8f-%d0%bf%d0%bb%d1%91%d0%bd%d0%ba%d0%b0-%d0%bf%d1%85%d0%b2\/\",\"url\":\"http:\/\/andra-pak.pl\/ru\/produkt\/%d1%82%d0%b5%d1%80%d0%bc%d0%be%d1%83%d1%81%d0%b0%d0%b4%d0%be%d1%87%d0%bd%d0%b0%d1%8f-%d0%bf%d0%bb%d1%91%d0%bd%d0%ba%d0%b0-%d0%bf%d1%85%d0%b2\/\",\"name\":\"\u0422\u0415\u0420\u041c\u041e\u0423\u0421\u0410\u0414\u041e\u0427\u041d\u0410\u042f \u041f\u041b\u0401\u041d\u041a\u0410 \u041f\u0425\u0412 - Andra Pak\",\"isPartOf\":{\"@id\":\"https:\/\/andra-pak.pl\/#website\"},\"primaryImageOfPage\":{\"@id\":\"http:\/\/andra-pak.pl\/ru\/produkt\/%d1%82%d0%b5%d1%80%d0%bc%d0%be%d1%83%d1%81%d0%b0%d0%b4%d0%be%d1%87%d0%bd%d0%b0%d1%8f-%d0%bf%d0%bb%d1%91%d0%bd%d0%ba%d0%b0-%d0%bf%d1%85%d0%b2\/#primaryimage\"},\"image\":{\"@id\":\"http:\/\/andra-pak.pl\/ru\/produkt\/%d1%82%d0%b5%d1%80%d0%bc%d0%be%d1%83%d1%81%d0%b0%d0%b4%d0%be%d1%87%d0%bd%d0%b0%d1%8f-%d0%bf%d0%bb%d1%91%d0%bd%d0%ba%d0%b0-%d0%bf%d1%85%d0%b2\/#primaryimage\"},\"thumbnailUrl\":\"http:\/\/andra-pak.pl\/wp-content\/uploads\/2017\/12\/Folia-PCV-termokurczliwa.jpg\",\"datePublished\":\"2017-12-08T13:42:13+00:00\",\"dateModified\":\"2018-05-02T11:19:54+00:00\",\"breadcrumb\":{\"@id\":\"http:\/\/andra-pak.pl\/ru\/produkt\/%d1%82%d0%b5%d1%80%d0%bc%d0%be%d1%83%d1%81%d0%b0%d0%b4%d0%be%d1%87%d0%bd%d0%b0%d1%8f-%d0%bf%d0%bb%d1%91%d0%bd%d0%ba%d0%b0-%d0%bf%d1%85%d0%b2\/#breadcrumb\"},\"inLanguage\":\"ru-RU\",\"potentialAction\":[{\"@type\":\"ReadAction\",\"target\":[\"http:\/\/andra-pak.pl\/ru\/produkt\/%d1%82%d0%b5%d1%80%d0%bc%d0%be%d1%83%d1%81%d0%b0%d0%b4%d0%be%d1%87%d0%bd%d0%b0%d1%8f-%d0%bf%d0%bb%d1%91%d0%bd%d0%ba%d0%b0-%d0%bf%d1%85%d0%b2\/\"]}]},{\"@type\":\"ImageObject\",\"inLanguage\":\"ru-RU\",\"@id\":\"http:\/\/andra-pak.pl\/ru\/produkt\/%d1%82%d0%b5%d1%80%d0%bc%d0%be%d1%83%d1%81%d0%b0%d0%b4%d0%be%d1%87%d0%bd%d0%b0%d1%8f-%d0%bf%d0%bb%d1%91%d0%bd%d0%ba%d0%b0-%d0%bf%d1%85%d0%b2\/#primaryimage\",\"url\":\"http:\/\/andra-pak.pl\/wp-content\/uploads\/2017\/12\/Folia-PCV-termokurczliwa.jpg\",\"contentUrl\":\"http:\/\/andra-pak.pl\/wp-content\/uploads\/2017\/12\/Folia-PCV-termokurczliwa.jpg\",\"width\":900,\"height\":675},{\"@type\":\"BreadcrumbList\",\"@id\":\"http:\/\/andra-pak.pl\/ru\/produkt\/%d1%82%d0%b5%d1%80%d0%bc%d0%be%d1%83%d1%81%d0%b0%d0%b4%d0%be%d1%87%d0%bd%d0%b0%d1%8f-%d0%bf%d0%bb%d1%91%d0%bd%d0%ba%d0%b0-%d0%bf%d1%85%d0%b2\/#breadcrumb\",\"itemListElement\":[{\"@type\":\"ListItem\",\"position\":1,\"name\":\"Strona g\u0142\u00f3wna\",\"item\":\"https:\/\/andra-pak.pl\/ru\/\"},{\"@type\":\"ListItem\",\"position\":2,\"name\":\"Katalog: Skin Pack, Co-packing, Poligrafii, Folii i Urz\u0105dze\u0144\",\"item\":\"https:\/\/andra-pak.pl\/katalog-produktow-skin-pack-packing-poligrafii-folii-urzadzen\/\"},{\"@type\":\"ListItem\",\"position\":3,\"name\":\"\u0422\u0415\u0420\u041c\u041e\u0423\u0421\u0410\u0414\u041e\u0427\u041d\u0410\u042f \u041f\u041b\u0401\u041d\u041a\u0410 \u041f\u0425\u0412\"}]},{\"@type\":\"WebSite\",\"@id\":\"https:\/\/andra-pak.pl\/#website\",\"url\":\"https:\/\/andra-pak.pl\/\",\"name\":\"Andra Pak\",\"description\":\"Produkcja opakowa\u0144 i Co-packing\",\"potentialAction\":[{\"@type\":\"SearchAction\",\"target\":{\"@type\":\"EntryPoint\",\"urlTemplate\":\"https:\/\/andra-pak.pl\/?s={search_term_string}\"},\"query-input\":\"required name=search_term_string\"}],\"inLanguage\":\"ru-RU\"}]}<\/script>\n<!-- \/ Yoast SEO plugin. -->","yoast_head_json":{"title":"\u0422\u0415\u0420\u041c\u041e\u0423\u0421\u0410\u0414\u041e\u0427\u041d\u0410\u042f \u041f\u041b\u0401\u041d\u041a\u0410 \u041f\u0425\u0412 - Andra Pak","robots":{"index":"index","follow":"follow","max-snippet":"max-snippet:-1","max-image-preview":"max-image-preview:large","max-video-preview":"max-video-preview:-1"},"canonical":"http:\/\/andra-pak.pl\/ru\/produkt\/\u0442\u0435\u0440\u043c\u043e\u0443\u0441\u0430\u0434\u043e\u0447\u043d\u0430\u044f-\u043f\u043b\u0451\u043d\u043a\u0430-\u043f\u0445\u0432\/","og_locale":"ru_RU","og_type":"article","og_title":"\u0422\u0415\u0420\u041c\u041e\u0423\u0421\u0410\u0414\u041e\u0427\u041d\u0410\u042f \u041f\u041b\u0401\u041d\u041a\u0410 \u041f\u0425\u0412 - Andra Pak","og_description":"Die w\u00e4rmeschrumpfbare Folie ist haupts\u00e4chlich f\u00fcr Folienschwei\u00dfmaschinen und Tunneln konzipiert:   zeichnet sich durch niedrige Schrumpftemperatur, hohe Transparenz und Kristallinit\u00e4t aus;  ist in Form von Flachfolie und Halbschlauch erh\u00e4ltlich;  einsetzbar bei der Verpackung von Lebensmitteln und Industrieprodukten.  &nbsp;","og_url":"http:\/\/andra-pak.pl\/ru\/produkt\/\u0442\u0435\u0440\u043c\u043e\u0443\u0441\u0430\u0434\u043e\u0447\u043d\u0430\u044f-\u043f\u043b\u0451\u043d\u043a\u0430-\u043f\u0445\u0432\/","og_site_name":"Andra Pak","article_modified_time":"2018-05-02T11:19:54+00:00","og_image":[{"width":900,"height":675,"url":"http:\/\/andra-pak.pl\/wp-content\/uploads\/2017\/12\/Folia-PCV-termokurczliwa.jpg","type":"image\/jpeg"}],"twitter_card":"summary_large_image","schema":{"@context":"https:\/\/schema.org","@graph":[{"@type":"WebPage","@id":"http:\/\/andra-pak.pl\/ru\/produkt\/%d1%82%d0%b5%d1%80%d0%bc%d0%be%d1%83%d1%81%d0%b0%d0%b4%d0%be%d1%87%d0%bd%d0%b0%d1%8f-%d0%bf%d0%bb%d1%91%d0%bd%d0%ba%d0%b0-%d0%bf%d1%85%d0%b2\/","url":"http:\/\/andra-pak.pl\/ru\/produkt\/%d1%82%d0%b5%d1%80%d0%bc%d0%be%d1%83%d1%81%d0%b0%d0%b4%d0%be%d1%87%d0%bd%d0%b0%d1%8f-%d0%bf%d0%bb%d1%91%d0%bd%d0%ba%d0%b0-%d0%bf%d1%85%d0%b2\/","name":"\u0422\u0415\u0420\u041c\u041e\u0423\u0421\u0410\u0414\u041e\u0427\u041d\u0410\u042f \u041f\u041b\u0401\u041d\u041a\u0410 \u041f\u0425\u0412 - Andra Pak","isPartOf":{"@id":"https:\/\/andra-pak.pl\/#website"},"primaryImageOfPage":{"@id":"http:\/\/andra-pak.pl\/ru\/produkt\/%d1%82%d0%b5%d1%80%d0%bc%d0%be%d1%83%d1%81%d0%b0%d0%b4%d0%be%d1%87%d0%bd%d0%b0%d1%8f-%d0%bf%d0%bb%d1%91%d0%bd%d0%ba%d0%b0-%d0%bf%d1%85%d0%b2\/#primaryimage"},"image":{"@id":"http:\/\/andra-pak.pl\/ru\/produkt\/%d1%82%d0%b5%d1%80%d0%bc%d0%be%d1%83%d1%81%d0%b0%d0%b4%d0%be%d1%87%d0%bd%d0%b0%d1%8f-%d0%bf%d0%bb%d1%91%d0%bd%d0%ba%d0%b0-%d0%bf%d1%85%d0%b2\/#primaryimage"},"thumbnailUrl":"http:\/\/andra-pak.pl\/wp-content\/uploads\/2017\/12\/Folia-PCV-termokurczliwa.jpg","datePublished":"2017-12-08T13:42:13+00:00","dateModified":"2018-05-02T11:19:54+00:00","breadcrumb":{"@id":"http:\/\/andra-pak.pl\/ru\/produkt\/%d1%82%d0%b5%d1%80%d0%bc%d0%be%d1%83%d1%81%d0%b0%d0%b4%d0%be%d1%87%d0%bd%d0%b0%d1%8f-%d0%bf%d0%bb%d1%91%d0%bd%d0%ba%d0%b0-%d0%bf%d1%85%d0%b2\/#breadcrumb"},"inLanguage":"ru-RU","potentialAction":[{"@type":"ReadAction","target":["http:\/\/andra-pak.pl\/ru\/produkt\/%d1%82%d0%b5%d1%80%d0%bc%d0%be%d1%83%d1%81%d0%b0%d0%b4%d0%be%d1%87%d0%bd%d0%b0%d1%8f-%d0%bf%d0%bb%d1%91%d0%bd%d0%ba%d0%b0-%d0%bf%d1%85%d0%b2\/"]}]},{"@type":"ImageObject","inLanguage":"ru-RU","@id":"http:\/\/andra-pak.pl\/ru\/produkt\/%d1%82%d0%b5%d1%80%d0%bc%d0%be%d1%83%d1%81%d0%b0%d0%b4%d0%be%d1%87%d0%bd%d0%b0%d1%8f-%d0%bf%d0%bb%d1%91%d0%bd%d0%ba%d0%b0-%d0%bf%d1%85%d0%b2\/#primaryimage","url":"http:\/\/andra-pak.pl\/wp-content\/uploads\/2017\/12\/Folia-PCV-termokurczliwa.jpg","contentUrl":"http:\/\/andra-pak.pl\/wp-content\/uploads\/2017\/12\/Folia-PCV-termokurczliwa.jpg","width":900,"height":675},{"@type":"BreadcrumbList","@id":"http:\/\/andra-pak.pl\/ru\/produkt\/%d1%82%d0%b5%d1%80%d0%bc%d0%be%d1%83%d1%81%d0%b0%d0%b4%d0%be%d1%87%d0%bd%d0%b0%d1%8f-%d0%bf%d0%bb%d1%91%d0%bd%d0%ba%d0%b0-%d0%bf%d1%85%d0%b2\/#breadcrumb","itemListElement":[{"@type":"ListItem","position":1,"name":"Strona g\u0142\u00f3wna","item":"https:\/\/andra-pak.pl\/ru\/"},{"@type":"ListItem","position":2,"name":"Katalog: Skin Pack, Co-packing, Poligrafii, Folii i Urz\u0105dze\u0144","item":"https:\/\/andra-pak.pl\/katalog-produktow-skin-pack-packing-poligrafii-folii-urzadzen\/"},{"@type":"ListItem","position":3,"name":"\u0422\u0415\u0420\u041c\u041e\u0423\u0421\u0410\u0414\u041e\u0427\u041d\u0410\u042f \u041f\u041b\u0401\u041d\u041a\u0410 \u041f\u0425\u0412"}]},{"@type":"WebSite","@id":"https:\/\/andra-pak.pl\/#website","url":"https:\/\/andra-pak.pl\/","name":"Andra Pak","description":"Produkcja opakowa\u0144 i Co-packing","potentialAction":[{"@type":"SearchAction","target":{"@type":"EntryPoint","urlTemplate":"https:\/\/andra-pak.pl\/?s={search_term_string}"},"query-input":"required name=search_term_string"}],"inLanguage":"ru-RU"}]}},"_links":{"self":[{"href":"http:\/\/andra-pak.pl\/ru\/wp-json\/wp\/v2\/product\/7949","targetHints":{"allow":["GET"]}}],"collection":[{"href":"http:\/\/andra-pak.pl\/ru\/wp-json\/wp\/v2\/product"}],"about":[{"href":"http:\/\/andra-pak.pl\/ru\/wp-json\/wp\/v2\/types\/product"}],"wp:featuredmedia":[{"embeddable":true,"href":"http:\/\/andra-pak.pl\/ru\/wp-json\/wp\/v2\/media\/7775"}],"wp:attachment":[{"href":"http:\/\/andra-pak.pl\/ru\/wp-json\/wp\/v2\/media?parent=7949"}],"wp:term":[{"taxonomy":"product_cat","embeddable":true,"href":"http:\/\/andra-pak.pl\/ru\/wp-json\/wp\/v2\/product_cat?post=7949"},{"taxonomy":"product_tag","embeddable":true,"href":"http:\/\/andra-pak.pl\/ru\/wp-json\/wp\/v2\/product_tag?post=7949"}],"curies":[{"name":"wp","href":"https:\/\/api.w.org\/{rel}","templated":true}]}}