{"id":7964,"date":"2017-12-08T12:45:31","date_gmt":"2017-12-08T12:45:31","guid":{"rendered":"https:\/\/andra-pak.pl\/produkt\/gilotyny-reczne\/"},"modified":"2018-05-02T13:25:41","modified_gmt":"2018-05-02T13:25:41","slug":"%d1%80%d1%83%d1%87%d0%bd%d1%8b%d0%b5-%d0%b3%d0%b8%d0%bb%d1%8c%d0%be%d1%82%d0%b8%d0%bd%d1%8b","status":"publish","type":"product","link":"http:\/\/andra-pak.pl\/ru\/produkt\/%d1%80%d1%83%d1%87%d0%bd%d1%8b%d0%b5-%d0%b3%d0%b8%d0%bb%d1%8c%d0%be%d1%82%d0%b8%d0%bd%d1%8b\/","title":{"rendered":"\u0420\u0423\u0427\u041d\u042b\u0415 \u0413\u0418\u041b\u042c\u041e\u0422\u0418\u041d\u042b"},"content":{"rendered":"","protected":false},"excerpt":{"rendered":"<ul>\n<li>\u041f\u0435\u0434\u043b\u0430\u0433\u0430\u0435\u043c \u0440\u0443\u0447\u043d\u044b\u0435 \u0433\u0438\u043b\u044c\u043e\u0442\u0438\u043d\u044b, \u043a\u043e\u043d\u0441\u0442\u0440\u0443\u0438\u0440\u043e\u0432\u0430\u043d\u043d\u044b\u0435 \u043f\u043e \u0438\u043d\u0434\u0438\u0432\u0438\u0434\u0443\u0430\u043b\u044c\u043d\u044b\u043c \u0442\u0440\u0435\u0431\u043e\u0432\u0430\u043d\u0438\u044f\u043c.<\/li>\n<li>\u0423\u0441\u0442\u0440\u043e\u0439\u0441\u0442\u0432\u0430 \u043f\u0440\u0438\u043c\u0435\u043d\u044f\u044e\u0442\u0441\u044f \u0434\u043b\u044f \u0440\u0435\u0437\u043a\u0438 \u043b\u0438\u0441\u0442\u043e\u0432 \u0441 \u043f\u0440\u043e\u0434\u0443\u043a\u0442\u0430\u043c\u0438 \u043f\u043e\u043a\u0440\u044b\u0442\u044b\u043c\u0438 \u043f\u043b\u0451\u043d\u043a\u043e\u0439 \u043c\u0435\u0442\u043e\u0434\u043e\u043c skin-pack.<\/li>\n<li>\u0413\u0438\u043b\u044c\u043e\u0442\u0438\u043d\u044b \u043f\u0440\u0438\u043c\u0435\u043d\u044f\u044e\u0442\u0441\u044f \u0432 \u0441\u043b\u0443\u0447\u0430\u0435, \u043a\u043e\u0433\u0434\u0430 \u043d\u0435\u043e\u0431\u0445\u043e\u0434\u0438\u043c\u044b\u043c \u044f\u0432\u043b\u044f\u0435\u0442\u0441\u044f \u043f\u0440\u043e\u0438\u0437\u0432\u043e\u0434\u0441\u0442\u0432\u043e \u0431\u043e\u043b\u044c\u0448\u0438\u043c\u0438 \u0441\u0435\u0440\u0438\u044f\u043c\u0438.<\/li>\n<\/ul>\n","protected":false},"featured_media":0,"template":"","meta":[],"product_cat":[117],"product_tag":[],"class_list":{"0":"post-7964","1":"product","2":"type-product","3":"status-publish","5":"product_cat-wycinarki-zgrzewarki-gilotyny-ru","7":"first","8":"instock","9":"taxable","10":"shipping-taxable","11":"product-type-simple"},"etheme_brands":{"errors":{"invalid_taxonomy":["\u041d\u0435\u0432\u0435\u0440\u043d\u0430\u044f \u0442\u0430\u043a\u0441\u043e\u043d\u043e\u043c\u0438\u044f."]},"error_data":[]},"yoast_head":"<!-- This site is optimized with the Yoast SEO plugin v22.9 - https:\/\/yoast.com\/wordpress\/plugins\/seo\/ -->\n<title>Gilotyny r\u0119czne \u2013 maszyny do pakowania - Andra Pak<\/title>\n<meta name=\"description\" content=\"Gilotyny r\u0119czne \u2013 maszyny do pakowania: urz\u0105dzenia do rozcinania arkuszy z produktami zafoliowanych metod\u0105 skin-pack, sprawd\u017a\" \/>\n<meta name=\"robots\" content=\"index, follow, max-snippet:-1, max-image-preview:large, max-video-preview:-1\" \/>\n<link rel=\"canonical\" href=\"http:\/\/andra-pak.pl\/ru\/produkt\/\u0440\u0443\u0447\u043d\u044b\u0435-\u0433\u0438\u043b\u044c\u043e\u0442\u0438\u043d\u044b\/\" \/>\n<meta property=\"og:locale\" content=\"ru_RU\" \/>\n<meta property=\"og:type\" content=\"article\" \/>\n<meta property=\"og:title\" content=\"Gilotyny r\u0119czne \u2013 maszyny do pakowania - Andra Pak\" \/>\n<meta property=\"og:description\" content=\"Gilotyny r\u0119czne \u2013 maszyny do pakowania: urz\u0105dzenia do rozcinania arkuszy z produktami zafoliowanych metod\u0105 skin-pack, sprawd\u017a\" \/>\n<meta property=\"og:url\" content=\"http:\/\/andra-pak.pl\/ru\/produkt\/\u0440\u0443\u0447\u043d\u044b\u0435-\u0433\u0438\u043b\u044c\u043e\u0442\u0438\u043d\u044b\/\" \/>\n<meta property=\"og:site_name\" content=\"Andra Pak\" \/>\n<meta property=\"article:modified_time\" content=\"2018-05-02T13:25:41+00:00\" \/>\n<meta name=\"twitter:card\" content=\"summary_large_image\" \/>\n<script type=\"application\/ld+json\" class=\"yoast-schema-graph\">{\"@context\":\"https:\/\/schema.org\",\"@graph\":[{\"@type\":\"WebPage\",\"@id\":\"http:\/\/andra-pak.pl\/ru\/produkt\/%d1%80%d1%83%d1%87%d0%bd%d1%8b%d0%b5-%d0%b3%d0%b8%d0%bb%d1%8c%d0%be%d1%82%d0%b8%d0%bd%d1%8b\/\",\"url\":\"http:\/\/andra-pak.pl\/ru\/produkt\/%d1%80%d1%83%d1%87%d0%bd%d1%8b%d0%b5-%d0%b3%d0%b8%d0%bb%d1%8c%d0%be%d1%82%d0%b8%d0%bd%d1%8b\/\",\"name\":\"Gilotyny r\u0119czne \u2013 maszyny do pakowania - Andra Pak\",\"isPartOf\":{\"@id\":\"http:\/\/andra-pak.pl\/en\/#website\"},\"datePublished\":\"2017-12-08T12:45:31+00:00\",\"dateModified\":\"2018-05-02T13:25:41+00:00\",\"description\":\"Gilotyny r\u0119czne \u2013 maszyny do pakowania: urz\u0105dzenia do rozcinania arkuszy z produktami zafoliowanych metod\u0105 skin-pack, sprawd\u017a\",\"breadcrumb\":{\"@id\":\"http:\/\/andra-pak.pl\/ru\/produkt\/%d1%80%d1%83%d1%87%d0%bd%d1%8b%d0%b5-%d0%b3%d0%b8%d0%bb%d1%8c%d0%be%d1%82%d0%b8%d0%bd%d1%8b\/#breadcrumb\"},\"inLanguage\":\"ru-RU\",\"potentialAction\":[{\"@type\":\"ReadAction\",\"target\":[\"http:\/\/andra-pak.pl\/ru\/produkt\/%d1%80%d1%83%d1%87%d0%bd%d1%8b%d0%b5-%d0%b3%d0%b8%d0%bb%d1%8c%d0%be%d1%82%d0%b8%d0%bd%d1%8b\/\"]}]},{\"@type\":\"BreadcrumbList\",\"@id\":\"http:\/\/andra-pak.pl\/ru\/produkt\/%d1%80%d1%83%d1%87%d0%bd%d1%8b%d0%b5-%d0%b3%d0%b8%d0%bb%d1%8c%d0%be%d1%82%d0%b8%d0%bd%d1%8b\/#breadcrumb\",\"itemListElement\":[{\"@type\":\"ListItem\",\"position\":1,\"name\":\"Strona g\u0142\u00f3wna\",\"item\":\"http:\/\/andra-pak.pl\/ru\/\"},{\"@type\":\"ListItem\",\"position\":2,\"name\":\"Katalog: Skin Pack, Co-packing, Poligrafii, Folii i Urz\u0105dze\u0144\",\"item\":\"http:\/\/andra-pak.pl\/katalog-produktow-skin-pack-packing-poligrafii-folii-urzadzen\/\"},{\"@type\":\"ListItem\",\"position\":3,\"name\":\"\u0420\u0423\u0427\u041d\u042b\u0415 \u0413\u0418\u041b\u042c\u041e\u0422\u0418\u041d\u042b\"}]},{\"@type\":\"WebSite\",\"@id\":\"http:\/\/andra-pak.pl\/en\/#website\",\"url\":\"http:\/\/andra-pak.pl\/en\/\",\"name\":\"Andra Pak\",\"description\":\"Produkcja opakowa\u0144 i Co-packing\",\"potentialAction\":[{\"@type\":\"SearchAction\",\"target\":{\"@type\":\"EntryPoint\",\"urlTemplate\":\"http:\/\/andra-pak.pl\/en\/?s={search_term_string}\"},\"query-input\":\"required name=search_term_string\"}],\"inLanguage\":\"ru-RU\"}]}<\/script>\n<!-- \/ Yoast SEO plugin. -->","yoast_head_json":{"title":"Gilotyny r\u0119czne \u2013 maszyny do pakowania - Andra Pak","description":"Gilotyny r\u0119czne \u2013 maszyny do pakowania: urz\u0105dzenia do rozcinania arkuszy z produktami zafoliowanych metod\u0105 skin-pack, sprawd\u017a","robots":{"index":"index","follow":"follow","max-snippet":"max-snippet:-1","max-image-preview":"max-image-preview:large","max-video-preview":"max-video-preview:-1"},"canonical":"http:\/\/andra-pak.pl\/ru\/produkt\/\u0440\u0443\u0447\u043d\u044b\u0435-\u0433\u0438\u043b\u044c\u043e\u0442\u0438\u043d\u044b\/","og_locale":"ru_RU","og_type":"article","og_title":"Gilotyny r\u0119czne \u2013 maszyny do pakowania - Andra Pak","og_description":"Gilotyny r\u0119czne \u2013 maszyny do pakowania: urz\u0105dzenia do rozcinania arkuszy z produktami zafoliowanych metod\u0105 skin-pack, sprawd\u017a","og_url":"http:\/\/andra-pak.pl\/ru\/produkt\/\u0440\u0443\u0447\u043d\u044b\u0435-\u0433\u0438\u043b\u044c\u043e\u0442\u0438\u043d\u044b\/","og_site_name":"Andra Pak","article_modified_time":"2018-05-02T13:25:41+00:00","twitter_card":"summary_large_image","schema":{"@context":"https:\/\/schema.org","@graph":[{"@type":"WebPage","@id":"http:\/\/andra-pak.pl\/ru\/produkt\/%d1%80%d1%83%d1%87%d0%bd%d1%8b%d0%b5-%d0%b3%d0%b8%d0%bb%d1%8c%d0%be%d1%82%d0%b8%d0%bd%d1%8b\/","url":"http:\/\/andra-pak.pl\/ru\/produkt\/%d1%80%d1%83%d1%87%d0%bd%d1%8b%d0%b5-%d0%b3%d0%b8%d0%bb%d1%8c%d0%be%d1%82%d0%b8%d0%bd%d1%8b\/","name":"Gilotyny r\u0119czne \u2013 maszyny do pakowania - Andra Pak","isPartOf":{"@id":"http:\/\/andra-pak.pl\/en\/#website"},"datePublished":"2017-12-08T12:45:31+00:00","dateModified":"2018-05-02T13:25:41+00:00","description":"Gilotyny r\u0119czne \u2013 maszyny do pakowania: urz\u0105dzenia do rozcinania arkuszy z produktami zafoliowanych metod\u0105 skin-pack, sprawd\u017a","breadcrumb":{"@id":"http:\/\/andra-pak.pl\/ru\/produkt\/%d1%80%d1%83%d1%87%d0%bd%d1%8b%d0%b5-%d0%b3%d0%b8%d0%bb%d1%8c%d0%be%d1%82%d0%b8%d0%bd%d1%8b\/#breadcrumb"},"inLanguage":"ru-RU","potentialAction":[{"@type":"ReadAction","target":["http:\/\/andra-pak.pl\/ru\/produkt\/%d1%80%d1%83%d1%87%d0%bd%d1%8b%d0%b5-%d0%b3%d0%b8%d0%bb%d1%8c%d0%be%d1%82%d0%b8%d0%bd%d1%8b\/"]}]},{"@type":"BreadcrumbList","@id":"http:\/\/andra-pak.pl\/ru\/produkt\/%d1%80%d1%83%d1%87%d0%bd%d1%8b%d0%b5-%d0%b3%d0%b8%d0%bb%d1%8c%d0%be%d1%82%d0%b8%d0%bd%d1%8b\/#breadcrumb","itemListElement":[{"@type":"ListItem","position":1,"name":"Strona g\u0142\u00f3wna","item":"http:\/\/andra-pak.pl\/ru\/"},{"@type":"ListItem","position":2,"name":"Katalog: Skin Pack, Co-packing, Poligrafii, Folii i Urz\u0105dze\u0144","item":"http:\/\/andra-pak.pl\/katalog-produktow-skin-pack-packing-poligrafii-folii-urzadzen\/"},{"@type":"ListItem","position":3,"name":"\u0420\u0423\u0427\u041d\u042b\u0415 \u0413\u0418\u041b\u042c\u041e\u0422\u0418\u041d\u042b"}]},{"@type":"WebSite","@id":"http:\/\/andra-pak.pl\/en\/#website","url":"http:\/\/andra-pak.pl\/en\/","name":"Andra Pak","description":"Produkcja opakowa\u0144 i Co-packing","potentialAction":[{"@type":"SearchAction","target":{"@type":"EntryPoint","urlTemplate":"http:\/\/andra-pak.pl\/en\/?s={search_term_string}"},"query-input":"required name=search_term_string"}],"inLanguage":"ru-RU"}]}},"_links":{"self":[{"href":"http:\/\/andra-pak.pl\/ru\/wp-json\/wp\/v2\/product\/7964","targetHints":{"allow":["GET"]}}],"collection":[{"href":"http:\/\/andra-pak.pl\/ru\/wp-json\/wp\/v2\/product"}],"about":[{"href":"http:\/\/andra-pak.pl\/ru\/wp-json\/wp\/v2\/types\/product"}],"wp:attachment":[{"href":"http:\/\/andra-pak.pl\/ru\/wp-json\/wp\/v2\/media?parent=7964"}],"wp:term":[{"taxonomy":"product_cat","embeddable":true,"href":"http:\/\/andra-pak.pl\/ru\/wp-json\/wp\/v2\/product_cat?post=7964"},{"taxonomy":"product_tag","embeddable":true,"href":"http:\/\/andra-pak.pl\/ru\/wp-json\/wp\/v2\/product_tag?post=7964"}],"curies":[{"name":"wp","href":"https:\/\/api.w.org\/{rel}","templated":true}]}}