{"id":7997,"date":"2017-12-08T12:37:30","date_gmt":"2017-12-08T12:37:30","guid":{"rendered":"https:\/\/andra-pak.pl\/produkt\/wycinarki-walcowe-rollsztance-prasy-rolowe\/"},"modified":"2018-05-02T15:19:39","modified_gmt":"2018-05-02T15:19:39","slug":"%d1%86%d0%b8%d0%bb%d0%bb%d0%b8%d0%bd%d0%b4%d1%80%d0%b8%d1%87%d0%b5%d1%81%d0%ba%d0%b8%d0%b5-%d0%b2%d1%8b%d1%80%d1%83%d0%b1%d0%bd%d1%8b%d0%b5-%d0%bf%d1%80%d0%b5%d1%81%d1%81%d1%8b-rollsztance-%d1%80","status":"publish","type":"product","link":"http:\/\/andra-pak.pl\/ru\/produkt\/%d1%86%d0%b8%d0%bb%d0%bb%d0%b8%d0%bd%d0%b4%d1%80%d0%b8%d1%87%d0%b5%d1%81%d0%ba%d0%b8%d0%b5-%d0%b2%d1%8b%d1%80%d1%83%d0%b1%d0%bd%d1%8b%d0%b5-%d0%bf%d1%80%d0%b5%d1%81%d1%81%d1%8b-rollsztance-%d1%80\/","title":{"rendered":"\u0426\u0418\u041b\u041b\u0418\u041d\u0414\u0420\u0418\u0427\u0415\u0421\u041a\u0418\u0415 \u0412\u042b\u0420\u0423\u0411\u041d\u042b\u0415 \u041f\u0420\u0415\u0421\u0421\u042b (ROLLSZTANCE, \u0420\u041e\u041b\u0418\u041a\u041e\u0412\u042b\u0415 \u041f\u0420\u0415\u0421\u0421\u042b)"},"content":{"rendered":"","protected":false},"excerpt":{"rendered":"<ul>\n<li>\u041c\u044b \u043f\u0440\u0435\u0434\u043b\u0430\u0433\u0430\u0435\u043c \u0446\u0438\u043b\u043b\u0438\u043d\u0434\u0440\u0438\u0447\u0435\u0441\u043a\u0438\u0435 \u0432\u044b\u0440\u0443\u0431\u043d\u044b\u0435 \u043f\u0440\u0435\u0441\u0441\u044b (rollsztance, \u0440\u043e\u043b\u0438\u043a\u043e\u0432\u044b\u0435 \u043f\u0440\u0435\u0441\u0441\u044b) \u043a\u043e\u043d\u0441\u0442\u0440\u0443\u0438\u0440\u043e\u0432\u0430\u043d\u043d\u044b\u0435 \u043f\u043e \u0438\u043d\u0434\u0438\u0432\u0438\u0434\u0443\u0430\u043b\u044c\u043d\u044b\u043c \u0442\u0440\u0435\u0431\u043e\u0432\u0430\u043d\u0438\u044f\u043c.<\/li>\n<li>\u0426\u0438\u043b\u043b\u0438\u043d\u0434\u0440\u0438\u0447\u0435\u0441\u043a\u0438\u0435 \u0432\u044b\u0440\u0443\u0431\u043d\u044b\u0435 \u043f\u0440\u0435\u0441\u0441\u044b \u0440\u0430\u0437\u0440\u0435\u0437\u0430\u044e\u0442 \u043f\u043e\u043a\u0440\u0442\u044b\u0442\u0435 \u043f\u043b\u0451\u043d\u043a\u043e\u0439 \u043c\u0435\u0442\u043e\u0434\u043e\u043c skin \u043b\u0438\u0441\u0442\u044b, \u0432\u043c\u0435\u0441\u0442\u0435 \u0441 \u0435\u0432\u0440\u043e\u043e\u0442\u0432\u0435\u0440\u0441\u0442\u0438\u0435\u043c.<\/li>\n<li>\u041c\u0430\u0448\u0438\u043d\u044b \u043f\u0440\u0435\u0434\u043e\u0441\u0442\u0430\u0432\u043b\u044f\u044e\u0442 \u0444\u043e\u0440\u043c\u0443 \u0443\u043f\u0430\u043a\u043e\u0432\u043a\u0435, \u0432\u043c\u0435\u0441\u0442\u0435 \u0441 \u0432\u044b\u0440\u0435\u0437\u0430\u043d\u0438\u0435\u043c \u043e\u0442\u0432\u0435\u0440\u0441\u0442\u0438\u044f, \u043d\u0435\u043e\u0431\u0445\u043e\u0434\u0438\u043c\u043e\u0433\u043e \u0434\u043b\u044f \u044d\u043a\u0441\u043f\u043e\u0437\u0438\u0446\u0438\u0438 \u043f\u0440\u043e\u0434\u0443\u043a\u0442\u0430.<\/li>\n<li>\u0423\u0441\u0442\u0440\u043e\u0439\u0441\u0442\u0432\u0430 \u0430\u0432\u0442\u043e\u043c\u0430\u0442\u0438\u0437\u0438\u0440\u0443\u044e\u0442 \u043f\u0440\u043e\u0438\u0437\u0432\u043e\u0434\u0441\u0442\u0432\u043e, \u0430 \u0442\u0430\u043a\u0436\u0435 \u043f\u043e\u0437\u0432\u043e\u043b\u044f\u044e\u0442 \u0441\u043e\u043a\u0440\u0430\u0442\u0438\u0442\u044c \u043f\u0440\u043e\u0446\u0435\u0441\u0441 \u0441\u043e\u0437\u0434\u0430\u043d\u0438\u044f \u0433\u043e\u0442\u043e\u0432\u043e\u0439 \u0443\u043f\u0430\u043a\u043e\u0432\u043a\u0438.<\/li>\n<li>\u041e\u043d\u0438 \u043f\u0440\u0435\u0434\u043e\u0441\u0442\u0430\u0432\u043b\u044f\u044e\u0442 \u0442\u0430\u043a\u0436\u0435 \u0432\u043e\u0437\u043c\u043e\u0436\u043d\u043e\u0441\u0442\u044c \u043f\u0440\u043e\u0438\u0437\u0432\u043e\u0434\u0441\u0442\u0432\u0430 \u043a\u043e\u0440\u043e\u0431\u043e\u043a \u0441 \u043a\u043e\u0430\u043f\u0430\u043d\u043e\u043c \u0438 \u0444\u0430\u0441\u043e\u043d\u043d\u044b\u0445.<\/li>\n<\/ul>\n","protected":false},"featured_media":8390,"template":"","meta":[],"product_cat":[117],"product_tag":[],"class_list":{"0":"post-7997","1":"product","2":"type-product","3":"status-publish","4":"has-post-thumbnail","6":"product_cat-wycinarki-zgrzewarki-gilotyny-ru","8":"first","9":"instock","10":"taxable","11":"shipping-taxable","12":"product-type-simple"},"etheme_brands":{"errors":{"invalid_taxonomy":["\u041d\u0435\u0432\u0435\u0440\u043d\u0430\u044f \u0442\u0430\u043a\u0441\u043e\u043d\u043e\u043c\u0438\u044f."]},"error_data":[]},"yoast_head":"<!-- This site is optimized with the Yoast SEO plugin v22.9 - https:\/\/yoast.com\/wordpress\/plugins\/seo\/ -->\n<title>\u0426\u0418\u041b\u041b\u0418\u041d\u0414\u0420\u0418\u0427\u0415\u0421\u041a\u0418\u0415 \u0412\u042b\u0420\u0423\u0411\u041d\u042b\u0415 \u041f\u0420\u0415\u0421\u0421\u042b (ROLLSZTANCE, \u0420\u041e\u041b\u0418\u041a\u041e\u0412\u042b\u0415 \u041f\u0420\u0415\u0421\u0421\u042b) - Andra Pak<\/title>\n<meta name=\"description\" content=\"Wycinarki walcowe (rollsztance, prasy rolowe): wycinarki konstruowane wg indywidualnych wymaga\u0144. Sprawd\u017a zastosowanie i mo\u017cliwo\u015bci\" \/>\n<meta name=\"robots\" content=\"index, follow, max-snippet:-1, max-image-preview:large, max-video-preview:-1\" \/>\n<link rel=\"canonical\" href=\"https:\/\/andra-pak.pl\/ru\/produkt\/\u0446\u0438\u043b\u043b\u0438\u043d\u0434\u0440\u0438\u0447\u0435\u0441\u043a\u0438\u0435-\u0432\u044b\u0440\u0443\u0431\u043d\u044b\u0435-\u043f\u0440\u0435\u0441\u0441\u044b-rollsztance-\u0440\/\" \/>\n<meta property=\"og:locale\" content=\"ru_RU\" \/>\n<meta property=\"og:type\" content=\"article\" \/>\n<meta property=\"og:title\" content=\"\u0426\u0418\u041b\u041b\u0418\u041d\u0414\u0420\u0418\u0427\u0415\u0421\u041a\u0418\u0415 \u0412\u042b\u0420\u0423\u0411\u041d\u042b\u0415 \u041f\u0420\u0415\u0421\u0421\u042b (ROLLSZTANCE, \u0420\u041e\u041b\u0418\u041a\u041e\u0412\u042b\u0415 \u041f\u0420\u0415\u0421\u0421\u042b) - Andra Pak\" \/>\n<meta property=\"og:description\" content=\"Wycinarki walcowe (rollsztance, prasy rolowe): wycinarki konstruowane wg indywidualnych wymaga\u0144. Sprawd\u017a zastosowanie i mo\u017cliwo\u015bci\" \/>\n<meta property=\"og:url\" content=\"https:\/\/andra-pak.pl\/ru\/produkt\/\u0446\u0438\u043b\u043b\u0438\u043d\u0434\u0440\u0438\u0447\u0435\u0441\u043a\u0438\u0435-\u0432\u044b\u0440\u0443\u0431\u043d\u044b\u0435-\u043f\u0440\u0435\u0441\u0441\u044b-rollsztance-\u0440\/\" \/>\n<meta property=\"og:site_name\" content=\"Andra Pak\" \/>\n<meta property=\"article:modified_time\" content=\"2018-05-02T15:19:39+00:00\" \/>\n<meta property=\"og:image\" content=\"https:\/\/andra-pak.pl\/wp-content\/uploads\/2017\/12\/WYCINARKI-WALCOWE-ROLLSZTANCE-PRASY-ROLOWE.png\" \/>\n\t<meta property=\"og:image:width\" content=\"414\" \/>\n\t<meta property=\"og:image:height\" content=\"414\" \/>\n\t<meta property=\"og:image:type\" content=\"image\/png\" \/>\n<meta name=\"twitter:card\" content=\"summary_large_image\" \/>\n<script type=\"application\/ld+json\" class=\"yoast-schema-graph\">{\"@context\":\"https:\/\/schema.org\",\"@graph\":[{\"@type\":\"WebPage\",\"@id\":\"https:\/\/andra-pak.pl\/ru\/produkt\/%d1%86%d0%b8%d0%bb%d0%bb%d0%b8%d0%bd%d0%b4%d1%80%d0%b8%d1%87%d0%b5%d1%81%d0%ba%d0%b8%d0%b5-%d0%b2%d1%8b%d1%80%d1%83%d0%b1%d0%bd%d1%8b%d0%b5-%d0%bf%d1%80%d0%b5%d1%81%d1%81%d1%8b-rollsztance-%d1%80\/\",\"url\":\"https:\/\/andra-pak.pl\/ru\/produkt\/%d1%86%d0%b8%d0%bb%d0%bb%d0%b8%d0%bd%d0%b4%d1%80%d0%b8%d1%87%d0%b5%d1%81%d0%ba%d0%b8%d0%b5-%d0%b2%d1%8b%d1%80%d1%83%d0%b1%d0%bd%d1%8b%d0%b5-%d0%bf%d1%80%d0%b5%d1%81%d1%81%d1%8b-rollsztance-%d1%80\/\",\"name\":\"\u0426\u0418\u041b\u041b\u0418\u041d\u0414\u0420\u0418\u0427\u0415\u0421\u041a\u0418\u0415 \u0412\u042b\u0420\u0423\u0411\u041d\u042b\u0415 \u041f\u0420\u0415\u0421\u0421\u042b (ROLLSZTANCE, \u0420\u041e\u041b\u0418\u041a\u041e\u0412\u042b\u0415 \u041f\u0420\u0415\u0421\u0421\u042b) - Andra Pak\",\"isPartOf\":{\"@id\":\"http:\/\/andra-pak.pl\/#website\"},\"primaryImageOfPage\":{\"@id\":\"https:\/\/andra-pak.pl\/ru\/produkt\/%d1%86%d0%b8%d0%bb%d0%bb%d0%b8%d0%bd%d0%b4%d1%80%d0%b8%d1%87%d0%b5%d1%81%d0%ba%d0%b8%d0%b5-%d0%b2%d1%8b%d1%80%d1%83%d0%b1%d0%bd%d1%8b%d0%b5-%d0%bf%d1%80%d0%b5%d1%81%d1%81%d1%8b-rollsztance-%d1%80\/#primaryimage\"},\"image\":{\"@id\":\"https:\/\/andra-pak.pl\/ru\/produkt\/%d1%86%d0%b8%d0%bb%d0%bb%d0%b8%d0%bd%d0%b4%d1%80%d0%b8%d1%87%d0%b5%d1%81%d0%ba%d0%b8%d0%b5-%d0%b2%d1%8b%d1%80%d1%83%d0%b1%d0%bd%d1%8b%d0%b5-%d0%bf%d1%80%d0%b5%d1%81%d1%81%d1%8b-rollsztance-%d1%80\/#primaryimage\"},\"thumbnailUrl\":\"http:\/\/andra-pak.pl\/wp-content\/uploads\/2017\/12\/WYCINARKI-WALCOWE-ROLLSZTANCE-PRASY-ROLOWE.png\",\"datePublished\":\"2017-12-08T12:37:30+00:00\",\"dateModified\":\"2018-05-02T15:19:39+00:00\",\"description\":\"Wycinarki walcowe (rollsztance, prasy rolowe): wycinarki konstruowane wg indywidualnych wymaga\u0144. Sprawd\u017a zastosowanie i mo\u017cliwo\u015bci\",\"breadcrumb\":{\"@id\":\"https:\/\/andra-pak.pl\/ru\/produkt\/%d1%86%d0%b8%d0%bb%d0%bb%d0%b8%d0%bd%d0%b4%d1%80%d0%b8%d1%87%d0%b5%d1%81%d0%ba%d0%b8%d0%b5-%d0%b2%d1%8b%d1%80%d1%83%d0%b1%d0%bd%d1%8b%d0%b5-%d0%bf%d1%80%d0%b5%d1%81%d1%81%d1%8b-rollsztance-%d1%80\/#breadcrumb\"},\"inLanguage\":\"ru-RU\",\"potentialAction\":[{\"@type\":\"ReadAction\",\"target\":[\"https:\/\/andra-pak.pl\/ru\/produkt\/%d1%86%d0%b8%d0%bb%d0%bb%d0%b8%d0%bd%d0%b4%d1%80%d0%b8%d1%87%d0%b5%d1%81%d0%ba%d0%b8%d0%b5-%d0%b2%d1%8b%d1%80%d1%83%d0%b1%d0%bd%d1%8b%d0%b5-%d0%bf%d1%80%d0%b5%d1%81%d1%81%d1%8b-rollsztance-%d1%80\/\"]}]},{\"@type\":\"ImageObject\",\"inLanguage\":\"ru-RU\",\"@id\":\"https:\/\/andra-pak.pl\/ru\/produkt\/%d1%86%d0%b8%d0%bb%d0%bb%d0%b8%d0%bd%d0%b4%d1%80%d0%b8%d1%87%d0%b5%d1%81%d0%ba%d0%b8%d0%b5-%d0%b2%d1%8b%d1%80%d1%83%d0%b1%d0%bd%d1%8b%d0%b5-%d0%bf%d1%80%d0%b5%d1%81%d1%81%d1%8b-rollsztance-%d1%80\/#primaryimage\",\"url\":\"http:\/\/andra-pak.pl\/wp-content\/uploads\/2017\/12\/WYCINARKI-WALCOWE-ROLLSZTANCE-PRASY-ROLOWE.png\",\"contentUrl\":\"http:\/\/andra-pak.pl\/wp-content\/uploads\/2017\/12\/WYCINARKI-WALCOWE-ROLLSZTANCE-PRASY-ROLOWE.png\",\"width\":414,\"height\":414},{\"@type\":\"BreadcrumbList\",\"@id\":\"https:\/\/andra-pak.pl\/ru\/produkt\/%d1%86%d0%b8%d0%bb%d0%bb%d0%b8%d0%bd%d0%b4%d1%80%d0%b8%d1%87%d0%b5%d1%81%d0%ba%d0%b8%d0%b5-%d0%b2%d1%8b%d1%80%d1%83%d0%b1%d0%bd%d1%8b%d0%b5-%d0%bf%d1%80%d0%b5%d1%81%d1%81%d1%8b-rollsztance-%d1%80\/#breadcrumb\",\"itemListElement\":[{\"@type\":\"ListItem\",\"position\":1,\"name\":\"Strona g\u0142\u00f3wna\",\"item\":\"https:\/\/andra-pak.pl\/ru\/\"},{\"@type\":\"ListItem\",\"position\":2,\"name\":\"Katalog: Skin Pack, Co-packing, Poligrafii, Folii i Urz\u0105dze\u0144\",\"item\":\"https:\/\/andra-pak.pl\/katalog-produktow-skin-pack-packing-poligrafii-folii-urzadzen\/\"},{\"@type\":\"ListItem\",\"position\":3,\"name\":\"\u0426\u0418\u041b\u041b\u0418\u041d\u0414\u0420\u0418\u0427\u0415\u0421\u041a\u0418\u0415 \u0412\u042b\u0420\u0423\u0411\u041d\u042b\u0415 \u041f\u0420\u0415\u0421\u0421\u042b (ROLLSZTANCE, \u0420\u041e\u041b\u0418\u041a\u041e\u0412\u042b\u0415 \u041f\u0420\u0415\u0421\u0421\u042b)\"}]},{\"@type\":\"WebSite\",\"@id\":\"http:\/\/andra-pak.pl\/#website\",\"url\":\"http:\/\/andra-pak.pl\/\",\"name\":\"Andra Pak\",\"description\":\"Produkcja opakowa\u0144 i Co-packing\",\"potentialAction\":[{\"@type\":\"SearchAction\",\"target\":{\"@type\":\"EntryPoint\",\"urlTemplate\":\"http:\/\/andra-pak.pl\/?s={search_term_string}\"},\"query-input\":\"required name=search_term_string\"}],\"inLanguage\":\"ru-RU\"}]}<\/script>\n<!-- \/ Yoast SEO plugin. -->","yoast_head_json":{"title":"\u0426\u0418\u041b\u041b\u0418\u041d\u0414\u0420\u0418\u0427\u0415\u0421\u041a\u0418\u0415 \u0412\u042b\u0420\u0423\u0411\u041d\u042b\u0415 \u041f\u0420\u0415\u0421\u0421\u042b (ROLLSZTANCE, \u0420\u041e\u041b\u0418\u041a\u041e\u0412\u042b\u0415 \u041f\u0420\u0415\u0421\u0421\u042b) - Andra Pak","description":"Wycinarki walcowe (rollsztance, prasy rolowe): wycinarki konstruowane wg indywidualnych wymaga\u0144. Sprawd\u017a zastosowanie i mo\u017cliwo\u015bci","robots":{"index":"index","follow":"follow","max-snippet":"max-snippet:-1","max-image-preview":"max-image-preview:large","max-video-preview":"max-video-preview:-1"},"canonical":"https:\/\/andra-pak.pl\/ru\/produkt\/\u0446\u0438\u043b\u043b\u0438\u043d\u0434\u0440\u0438\u0447\u0435\u0441\u043a\u0438\u0435-\u0432\u044b\u0440\u0443\u0431\u043d\u044b\u0435-\u043f\u0440\u0435\u0441\u0441\u044b-rollsztance-\u0440\/","og_locale":"ru_RU","og_type":"article","og_title":"\u0426\u0418\u041b\u041b\u0418\u041d\u0414\u0420\u0418\u0427\u0415\u0421\u041a\u0418\u0415 \u0412\u042b\u0420\u0423\u0411\u041d\u042b\u0415 \u041f\u0420\u0415\u0421\u0421\u042b (ROLLSZTANCE, \u0420\u041e\u041b\u0418\u041a\u041e\u0412\u042b\u0415 \u041f\u0420\u0415\u0421\u0421\u042b) - Andra Pak","og_description":"Wycinarki walcowe (rollsztance, prasy rolowe): wycinarki konstruowane wg indywidualnych wymaga\u0144. Sprawd\u017a zastosowanie i mo\u017cliwo\u015bci","og_url":"https:\/\/andra-pak.pl\/ru\/produkt\/\u0446\u0438\u043b\u043b\u0438\u043d\u0434\u0440\u0438\u0447\u0435\u0441\u043a\u0438\u0435-\u0432\u044b\u0440\u0443\u0431\u043d\u044b\u0435-\u043f\u0440\u0435\u0441\u0441\u044b-rollsztance-\u0440\/","og_site_name":"Andra Pak","article_modified_time":"2018-05-02T15:19:39+00:00","og_image":[{"width":414,"height":414,"url":"https:\/\/andra-pak.pl\/wp-content\/uploads\/2017\/12\/WYCINARKI-WALCOWE-ROLLSZTANCE-PRASY-ROLOWE.png","type":"image\/png"}],"twitter_card":"summary_large_image","schema":{"@context":"https:\/\/schema.org","@graph":[{"@type":"WebPage","@id":"https:\/\/andra-pak.pl\/ru\/produkt\/%d1%86%d0%b8%d0%bb%d0%bb%d0%b8%d0%bd%d0%b4%d1%80%d0%b8%d1%87%d0%b5%d1%81%d0%ba%d0%b8%d0%b5-%d0%b2%d1%8b%d1%80%d1%83%d0%b1%d0%bd%d1%8b%d0%b5-%d0%bf%d1%80%d0%b5%d1%81%d1%81%d1%8b-rollsztance-%d1%80\/","url":"https:\/\/andra-pak.pl\/ru\/produkt\/%d1%86%d0%b8%d0%bb%d0%bb%d0%b8%d0%bd%d0%b4%d1%80%d0%b8%d1%87%d0%b5%d1%81%d0%ba%d0%b8%d0%b5-%d0%b2%d1%8b%d1%80%d1%83%d0%b1%d0%bd%d1%8b%d0%b5-%d0%bf%d1%80%d0%b5%d1%81%d1%81%d1%8b-rollsztance-%d1%80\/","name":"\u0426\u0418\u041b\u041b\u0418\u041d\u0414\u0420\u0418\u0427\u0415\u0421\u041a\u0418\u0415 \u0412\u042b\u0420\u0423\u0411\u041d\u042b\u0415 \u041f\u0420\u0415\u0421\u0421\u042b (ROLLSZTANCE, \u0420\u041e\u041b\u0418\u041a\u041e\u0412\u042b\u0415 \u041f\u0420\u0415\u0421\u0421\u042b) - Andra Pak","isPartOf":{"@id":"http:\/\/andra-pak.pl\/#website"},"primaryImageOfPage":{"@id":"https:\/\/andra-pak.pl\/ru\/produkt\/%d1%86%d0%b8%d0%bb%d0%bb%d0%b8%d0%bd%d0%b4%d1%80%d0%b8%d1%87%d0%b5%d1%81%d0%ba%d0%b8%d0%b5-%d0%b2%d1%8b%d1%80%d1%83%d0%b1%d0%bd%d1%8b%d0%b5-%d0%bf%d1%80%d0%b5%d1%81%d1%81%d1%8b-rollsztance-%d1%80\/#primaryimage"},"image":{"@id":"https:\/\/andra-pak.pl\/ru\/produkt\/%d1%86%d0%b8%d0%bb%d0%bb%d0%b8%d0%bd%d0%b4%d1%80%d0%b8%d1%87%d0%b5%d1%81%d0%ba%d0%b8%d0%b5-%d0%b2%d1%8b%d1%80%d1%83%d0%b1%d0%bd%d1%8b%d0%b5-%d0%bf%d1%80%d0%b5%d1%81%d1%81%d1%8b-rollsztance-%d1%80\/#primaryimage"},"thumbnailUrl":"http:\/\/andra-pak.pl\/wp-content\/uploads\/2017\/12\/WYCINARKI-WALCOWE-ROLLSZTANCE-PRASY-ROLOWE.png","datePublished":"2017-12-08T12:37:30+00:00","dateModified":"2018-05-02T15:19:39+00:00","description":"Wycinarki walcowe (rollsztance, prasy rolowe): wycinarki konstruowane wg indywidualnych wymaga\u0144. Sprawd\u017a zastosowanie i mo\u017cliwo\u015bci","breadcrumb":{"@id":"https:\/\/andra-pak.pl\/ru\/produkt\/%d1%86%d0%b8%d0%bb%d0%bb%d0%b8%d0%bd%d0%b4%d1%80%d0%b8%d1%87%d0%b5%d1%81%d0%ba%d0%b8%d0%b5-%d0%b2%d1%8b%d1%80%d1%83%d0%b1%d0%bd%d1%8b%d0%b5-%d0%bf%d1%80%d0%b5%d1%81%d1%81%d1%8b-rollsztance-%d1%80\/#breadcrumb"},"inLanguage":"ru-RU","potentialAction":[{"@type":"ReadAction","target":["https:\/\/andra-pak.pl\/ru\/produkt\/%d1%86%d0%b8%d0%bb%d0%bb%d0%b8%d0%bd%d0%b4%d1%80%d0%b8%d1%87%d0%b5%d1%81%d0%ba%d0%b8%d0%b5-%d0%b2%d1%8b%d1%80%d1%83%d0%b1%d0%bd%d1%8b%d0%b5-%d0%bf%d1%80%d0%b5%d1%81%d1%81%d1%8b-rollsztance-%d1%80\/"]}]},{"@type":"ImageObject","inLanguage":"ru-RU","@id":"https:\/\/andra-pak.pl\/ru\/produkt\/%d1%86%d0%b8%d0%bb%d0%bb%d0%b8%d0%bd%d0%b4%d1%80%d0%b8%d1%87%d0%b5%d1%81%d0%ba%d0%b8%d0%b5-%d0%b2%d1%8b%d1%80%d1%83%d0%b1%d0%bd%d1%8b%d0%b5-%d0%bf%d1%80%d0%b5%d1%81%d1%81%d1%8b-rollsztance-%d1%80\/#primaryimage","url":"http:\/\/andra-pak.pl\/wp-content\/uploads\/2017\/12\/WYCINARKI-WALCOWE-ROLLSZTANCE-PRASY-ROLOWE.png","contentUrl":"http:\/\/andra-pak.pl\/wp-content\/uploads\/2017\/12\/WYCINARKI-WALCOWE-ROLLSZTANCE-PRASY-ROLOWE.png","width":414,"height":414},{"@type":"BreadcrumbList","@id":"https:\/\/andra-pak.pl\/ru\/produkt\/%d1%86%d0%b8%d0%bb%d0%bb%d0%b8%d0%bd%d0%b4%d1%80%d0%b8%d1%87%d0%b5%d1%81%d0%ba%d0%b8%d0%b5-%d0%b2%d1%8b%d1%80%d1%83%d0%b1%d0%bd%d1%8b%d0%b5-%d0%bf%d1%80%d0%b5%d1%81%d1%81%d1%8b-rollsztance-%d1%80\/#breadcrumb","itemListElement":[{"@type":"ListItem","position":1,"name":"Strona g\u0142\u00f3wna","item":"https:\/\/andra-pak.pl\/ru\/"},{"@type":"ListItem","position":2,"name":"Katalog: Skin Pack, Co-packing, Poligrafii, Folii i Urz\u0105dze\u0144","item":"https:\/\/andra-pak.pl\/katalog-produktow-skin-pack-packing-poligrafii-folii-urzadzen\/"},{"@type":"ListItem","position":3,"name":"\u0426\u0418\u041b\u041b\u0418\u041d\u0414\u0420\u0418\u0427\u0415\u0421\u041a\u0418\u0415 \u0412\u042b\u0420\u0423\u0411\u041d\u042b\u0415 \u041f\u0420\u0415\u0421\u0421\u042b (ROLLSZTANCE, \u0420\u041e\u041b\u0418\u041a\u041e\u0412\u042b\u0415 \u041f\u0420\u0415\u0421\u0421\u042b)"}]},{"@type":"WebSite","@id":"http:\/\/andra-pak.pl\/#website","url":"http:\/\/andra-pak.pl\/","name":"Andra Pak","description":"Produkcja opakowa\u0144 i Co-packing","potentialAction":[{"@type":"SearchAction","target":{"@type":"EntryPoint","urlTemplate":"http:\/\/andra-pak.pl\/?s={search_term_string}"},"query-input":"required name=search_term_string"}],"inLanguage":"ru-RU"}]}},"_links":{"self":[{"href":"http:\/\/andra-pak.pl\/ru\/wp-json\/wp\/v2\/product\/7997","targetHints":{"allow":["GET"]}}],"collection":[{"href":"http:\/\/andra-pak.pl\/ru\/wp-json\/wp\/v2\/product"}],"about":[{"href":"http:\/\/andra-pak.pl\/ru\/wp-json\/wp\/v2\/types\/product"}],"wp:featuredmedia":[{"embeddable":true,"href":"http:\/\/andra-pak.pl\/ru\/wp-json\/wp\/v2\/media\/8390"}],"wp:attachment":[{"href":"http:\/\/andra-pak.pl\/ru\/wp-json\/wp\/v2\/media?parent=7997"}],"wp:term":[{"taxonomy":"product_cat","embeddable":true,"href":"http:\/\/andra-pak.pl\/ru\/wp-json\/wp\/v2\/product_cat?post=7997"},{"taxonomy":"product_tag","embeddable":true,"href":"http:\/\/andra-pak.pl\/ru\/wp-json\/wp\/v2\/product_tag?post=7997"}],"curies":[{"name":"wp","href":"https:\/\/api.w.org\/{rel}","templated":true}]}}