{"id":8003,"date":"2017-12-07T15:52:18","date_gmt":"2017-12-07T15:52:18","guid":{"rendered":"https:\/\/andra-pak.pl\/produkt\/zgrzewarki-kloszowe\/"},"modified":"2018-05-02T15:37:25","modified_gmt":"2018-05-02T15:37:25","slug":"%d1%81%d0%b2%d0%b0%d1%80%d0%be%d1%87%d0%bd%d1%8b%d0%b5-%d0%bc%d0%b0%d1%88%d0%b8%d0%bd%d1%8b-%d1%81-%d0%ba%d0%be%d0%bb%d0%bf%d0%b0%d0%ba%d0%be%d0%bc","status":"publish","type":"product","link":"http:\/\/andra-pak.pl\/ru\/produkt\/%d1%81%d0%b2%d0%b0%d1%80%d0%be%d1%87%d0%bd%d1%8b%d0%b5-%d0%bc%d0%b0%d1%88%d0%b8%d0%bd%d1%8b-%d1%81-%d0%ba%d0%be%d0%bb%d0%bf%d0%b0%d0%ba%d0%be%d0%bc\/","title":{"rendered":"\u0421\u0412\u0410\u0420\u041e\u0427\u041d\u042b\u0415 \u041c\u0410\u0428\u0418\u041d\u042b \u0421 \u041a\u041e\u041b\u041f\u0410\u041a\u041e\u041c"},"content":{"rendered":"","protected":false},"excerpt":{"rendered":"<ul>\n<li>\u041c\u044b \u043e\u0431\u0435\u0441\u043f\u0435\u0447\u0438\u0432\u0430\u0435\u043c \u0441\u0432\u0430\u0440\u043e\u0447\u043d\u044b\u0435 \u043c\u0430\u0448\u0438\u043d\u044b \u0441 \u043a\u043e\u043b\u043f\u0430\u043a\u043e\u043c, \u043a\u043e\u043d\u0441\u0442\u0443\u0438\u0440\u043e\u0432\u0430\u043d\u043d\u044b\u0435 \u043f\u043e \u0438\u043d\u0434\u0438\u0432\u0438\u0434\u0443\u0430\u043b\u044c\u043d\u044b\u043c \u0442\u0440\u0435\u0431\u043e\u0432\u0430\u043d\u0438\u044f\u043c.<\/li>\n<li>\u0421\u0432\u0430\u0440\u043e\u0447\u043d\u044b\u0435 \u043c\u0430\u0448\u0438\u043d\u044b \u0441 \u043a\u043e\u043b\u043f\u0430\u043a\u043e\u043c \u2013 \u044d\u0442\u043e \u043f\u0440\u0430\u043a\u0442\u0438\u0447\u0435\u0441\u043a\u043e\u0435 \u0440\u0435\u0448\u0435\u043d\u0438\u0435 \u0434\u043b\u044f \u0443\u043f\u0430\u043a\u043e\u0432\u043a\u0438 \u0432 \u0442\u0435\u0440\u043c\u043e\u0443\u0441\u0430\u0434\u043e\u0447\u043d\u0443\u044e \u043f\u043b\u0451\u043d\u043a\u0443 \u2013 \u043e\u043d\u0438 \u043f\u0440\u0435\u0434\u043e\u0441\u0442\u0430\u0432\u043b\u044f\u044e\u0442 \u0432\u043e\u0437\u043c\u043e\u0436\u043d\u043e\u0441\u0442\u044c \u0437\u0430\u043a\u0440\u044b\u0442\u0438\u044f \u043f\u0440\u043e\u0434\u0443\u043a\u0442\u0430 \u0438 \u0443\u0441\u0430\u0434\u043a\u0438 \u043f\u043b\u0451\u043d\u043a\u0438 \u0432 \u043e\u0434\u043d\u043e\u043c \u0446\u0438\u043a\u043b\u0435.<\/li>\n<\/ul>\n","protected":false},"featured_media":8394,"template":"","meta":[],"product_cat":[117],"product_tag":[],"class_list":{"0":"post-8003","1":"product","2":"type-product","3":"status-publish","4":"has-post-thumbnail","6":"product_cat-wycinarki-zgrzewarki-gilotyny-ru","8":"first","9":"instock","10":"taxable","11":"shipping-taxable","12":"product-type-simple"},"etheme_brands":{"errors":{"invalid_taxonomy":["\u041d\u0435\u0432\u0435\u0440\u043d\u0430\u044f \u0442\u0430\u043a\u0441\u043e\u043d\u043e\u043c\u0438\u044f."]},"error_data":[]},"yoast_head":"<!-- This site is optimized with the Yoast SEO plugin v22.9 - https:\/\/yoast.com\/wordpress\/plugins\/seo\/ -->\n<title>\u0421\u0412\u0410\u0420\u041e\u0427\u041d\u042b\u0415 \u041c\u0410\u0428\u0418\u041d\u042b \u0421 \u041a\u041e\u041b\u041f\u0410\u041a\u041e\u041c - Andra Pak<\/title>\n<meta name=\"description\" content=\"Zgrzewarki kloszowe konstruowane wg indywidualnych wymaga\u0144 \u2013 rozwi\u0105zanie do pakowania w foli\u0119 termokurczliw\u0105: umo\u017cliwiaj\u0105 zamkni\u0119cie i obkurczenie produktu foli\u0105\" \/>\n<meta name=\"robots\" content=\"index, follow, max-snippet:-1, max-image-preview:large, max-video-preview:-1\" \/>\n<link rel=\"canonical\" href=\"http:\/\/andra-pak.pl\/ru\/produkt\/\u0441\u0432\u0430\u0440\u043e\u0447\u043d\u044b\u0435-\u043c\u0430\u0448\u0438\u043d\u044b-\u0441-\u043a\u043e\u043b\u043f\u0430\u043a\u043e\u043c\/\" \/>\n<meta property=\"og:locale\" content=\"ru_RU\" \/>\n<meta property=\"og:type\" content=\"article\" \/>\n<meta property=\"og:title\" content=\"\u0421\u0412\u0410\u0420\u041e\u0427\u041d\u042b\u0415 \u041c\u0410\u0428\u0418\u041d\u042b \u0421 \u041a\u041e\u041b\u041f\u0410\u041a\u041e\u041c - Andra Pak\" \/>\n<meta property=\"og:description\" content=\"Zgrzewarki kloszowe konstruowane wg indywidualnych wymaga\u0144 \u2013 rozwi\u0105zanie do pakowania w foli\u0119 termokurczliw\u0105: umo\u017cliwiaj\u0105 zamkni\u0119cie i obkurczenie produktu foli\u0105\" \/>\n<meta property=\"og:url\" content=\"http:\/\/andra-pak.pl\/ru\/produkt\/\u0441\u0432\u0430\u0440\u043e\u0447\u043d\u044b\u0435-\u043c\u0430\u0448\u0438\u043d\u044b-\u0441-\u043a\u043e\u043b\u043f\u0430\u043a\u043e\u043c\/\" \/>\n<meta property=\"og:site_name\" content=\"Andra Pak\" \/>\n<meta property=\"article:modified_time\" content=\"2018-05-02T15:37:25+00:00\" \/>\n<meta property=\"og:image\" content=\"http:\/\/andra-pak.pl\/wp-content\/uploads\/2017\/12\/ZGRZEWARKI-KLOSZOWE.png\" \/>\n\t<meta property=\"og:image:width\" content=\"414\" \/>\n\t<meta property=\"og:image:height\" content=\"414\" \/>\n\t<meta property=\"og:image:type\" content=\"image\/png\" \/>\n<meta name=\"twitter:card\" content=\"summary_large_image\" \/>\n<script type=\"application\/ld+json\" class=\"yoast-schema-graph\">{\"@context\":\"https:\/\/schema.org\",\"@graph\":[{\"@type\":\"WebPage\",\"@id\":\"http:\/\/andra-pak.pl\/ru\/produkt\/%d1%81%d0%b2%d0%b0%d1%80%d0%be%d1%87%d0%bd%d1%8b%d0%b5-%d0%bc%d0%b0%d1%88%d0%b8%d0%bd%d1%8b-%d1%81-%d0%ba%d0%be%d0%bb%d0%bf%d0%b0%d0%ba%d0%be%d0%bc\/\",\"url\":\"http:\/\/andra-pak.pl\/ru\/produkt\/%d1%81%d0%b2%d0%b0%d1%80%d0%be%d1%87%d0%bd%d1%8b%d0%b5-%d0%bc%d0%b0%d1%88%d0%b8%d0%bd%d1%8b-%d1%81-%d0%ba%d0%be%d0%bb%d0%bf%d0%b0%d0%ba%d0%be%d0%bc\/\",\"name\":\"\u0421\u0412\u0410\u0420\u041e\u0427\u041d\u042b\u0415 \u041c\u0410\u0428\u0418\u041d\u042b \u0421 \u041a\u041e\u041b\u041f\u0410\u041a\u041e\u041c - Andra Pak\",\"isPartOf\":{\"@id\":\"https:\/\/andra-pak.pl\/en\/#website\"},\"primaryImageOfPage\":{\"@id\":\"http:\/\/andra-pak.pl\/ru\/produkt\/%d1%81%d0%b2%d0%b0%d1%80%d0%be%d1%87%d0%bd%d1%8b%d0%b5-%d0%bc%d0%b0%d1%88%d0%b8%d0%bd%d1%8b-%d1%81-%d0%ba%d0%be%d0%bb%d0%bf%d0%b0%d0%ba%d0%be%d0%bc\/#primaryimage\"},\"image\":{\"@id\":\"http:\/\/andra-pak.pl\/ru\/produkt\/%d1%81%d0%b2%d0%b0%d1%80%d0%be%d1%87%d0%bd%d1%8b%d0%b5-%d0%bc%d0%b0%d1%88%d0%b8%d0%bd%d1%8b-%d1%81-%d0%ba%d0%be%d0%bb%d0%bf%d0%b0%d0%ba%d0%be%d0%bc\/#primaryimage\"},\"thumbnailUrl\":\"http:\/\/andra-pak.pl\/wp-content\/uploads\/2017\/12\/ZGRZEWARKI-KLOSZOWE.png\",\"datePublished\":\"2017-12-07T15:52:18+00:00\",\"dateModified\":\"2018-05-02T15:37:25+00:00\",\"description\":\"Zgrzewarki kloszowe konstruowane wg indywidualnych wymaga\u0144 \u2013 rozwi\u0105zanie do pakowania w foli\u0119 termokurczliw\u0105: umo\u017cliwiaj\u0105 zamkni\u0119cie i obkurczenie produktu foli\u0105\",\"breadcrumb\":{\"@id\":\"http:\/\/andra-pak.pl\/ru\/produkt\/%d1%81%d0%b2%d0%b0%d1%80%d0%be%d1%87%d0%bd%d1%8b%d0%b5-%d0%bc%d0%b0%d1%88%d0%b8%d0%bd%d1%8b-%d1%81-%d0%ba%d0%be%d0%bb%d0%bf%d0%b0%d0%ba%d0%be%d0%bc\/#breadcrumb\"},\"inLanguage\":\"ru-RU\",\"potentialAction\":[{\"@type\":\"ReadAction\",\"target\":[\"http:\/\/andra-pak.pl\/ru\/produkt\/%d1%81%d0%b2%d0%b0%d1%80%d0%be%d1%87%d0%bd%d1%8b%d0%b5-%d0%bc%d0%b0%d1%88%d0%b8%d0%bd%d1%8b-%d1%81-%d0%ba%d0%be%d0%bb%d0%bf%d0%b0%d0%ba%d0%be%d0%bc\/\"]}]},{\"@type\":\"ImageObject\",\"inLanguage\":\"ru-RU\",\"@id\":\"http:\/\/andra-pak.pl\/ru\/produkt\/%d1%81%d0%b2%d0%b0%d1%80%d0%be%d1%87%d0%bd%d1%8b%d0%b5-%d0%bc%d0%b0%d1%88%d0%b8%d0%bd%d1%8b-%d1%81-%d0%ba%d0%be%d0%bb%d0%bf%d0%b0%d0%ba%d0%be%d0%bc\/#primaryimage\",\"url\":\"http:\/\/andra-pak.pl\/wp-content\/uploads\/2017\/12\/ZGRZEWARKI-KLOSZOWE.png\",\"contentUrl\":\"http:\/\/andra-pak.pl\/wp-content\/uploads\/2017\/12\/ZGRZEWARKI-KLOSZOWE.png\",\"width\":414,\"height\":414},{\"@type\":\"BreadcrumbList\",\"@id\":\"http:\/\/andra-pak.pl\/ru\/produkt\/%d1%81%d0%b2%d0%b0%d1%80%d0%be%d1%87%d0%bd%d1%8b%d0%b5-%d0%bc%d0%b0%d1%88%d0%b8%d0%bd%d1%8b-%d1%81-%d0%ba%d0%be%d0%bb%d0%bf%d0%b0%d0%ba%d0%be%d0%bc\/#breadcrumb\",\"itemListElement\":[{\"@type\":\"ListItem\",\"position\":1,\"name\":\"Strona g\u0142\u00f3wna\",\"item\":\"http:\/\/andra-pak.pl\/ru\/\"},{\"@type\":\"ListItem\",\"position\":2,\"name\":\"Katalog: Skin Pack, Co-packing, Poligrafii, Folii i Urz\u0105dze\u0144\",\"item\":\"https:\/\/andra-pak.pl\/katalog-produktow-skin-pack-packing-poligrafii-folii-urzadzen\/\"},{\"@type\":\"ListItem\",\"position\":3,\"name\":\"\u0421\u0412\u0410\u0420\u041e\u0427\u041d\u042b\u0415 \u041c\u0410\u0428\u0418\u041d\u042b \u0421 \u041a\u041e\u041b\u041f\u0410\u041a\u041e\u041c\"}]},{\"@type\":\"WebSite\",\"@id\":\"https:\/\/andra-pak.pl\/en\/#website\",\"url\":\"https:\/\/andra-pak.pl\/en\/\",\"name\":\"Andra Pak\",\"description\":\"Produkcja opakowa\u0144 i Co-packing\",\"potentialAction\":[{\"@type\":\"SearchAction\",\"target\":{\"@type\":\"EntryPoint\",\"urlTemplate\":\"https:\/\/andra-pak.pl\/en\/?s={search_term_string}\"},\"query-input\":\"required name=search_term_string\"}],\"inLanguage\":\"ru-RU\"}]}<\/script>\n<!-- \/ Yoast SEO plugin. -->","yoast_head_json":{"title":"\u0421\u0412\u0410\u0420\u041e\u0427\u041d\u042b\u0415 \u041c\u0410\u0428\u0418\u041d\u042b \u0421 \u041a\u041e\u041b\u041f\u0410\u041a\u041e\u041c - Andra Pak","description":"Zgrzewarki kloszowe konstruowane wg indywidualnych wymaga\u0144 \u2013 rozwi\u0105zanie do pakowania w foli\u0119 termokurczliw\u0105: umo\u017cliwiaj\u0105 zamkni\u0119cie i obkurczenie produktu foli\u0105","robots":{"index":"index","follow":"follow","max-snippet":"max-snippet:-1","max-image-preview":"max-image-preview:large","max-video-preview":"max-video-preview:-1"},"canonical":"http:\/\/andra-pak.pl\/ru\/produkt\/\u0441\u0432\u0430\u0440\u043e\u0447\u043d\u044b\u0435-\u043c\u0430\u0448\u0438\u043d\u044b-\u0441-\u043a\u043e\u043b\u043f\u0430\u043a\u043e\u043c\/","og_locale":"ru_RU","og_type":"article","og_title":"\u0421\u0412\u0410\u0420\u041e\u0427\u041d\u042b\u0415 \u041c\u0410\u0428\u0418\u041d\u042b \u0421 \u041a\u041e\u041b\u041f\u0410\u041a\u041e\u041c - Andra Pak","og_description":"Zgrzewarki kloszowe konstruowane wg indywidualnych wymaga\u0144 \u2013 rozwi\u0105zanie do pakowania w foli\u0119 termokurczliw\u0105: umo\u017cliwiaj\u0105 zamkni\u0119cie i obkurczenie produktu foli\u0105","og_url":"http:\/\/andra-pak.pl\/ru\/produkt\/\u0441\u0432\u0430\u0440\u043e\u0447\u043d\u044b\u0435-\u043c\u0430\u0448\u0438\u043d\u044b-\u0441-\u043a\u043e\u043b\u043f\u0430\u043a\u043e\u043c\/","og_site_name":"Andra Pak","article_modified_time":"2018-05-02T15:37:25+00:00","og_image":[{"width":414,"height":414,"url":"http:\/\/andra-pak.pl\/wp-content\/uploads\/2017\/12\/ZGRZEWARKI-KLOSZOWE.png","type":"image\/png"}],"twitter_card":"summary_large_image","schema":{"@context":"https:\/\/schema.org","@graph":[{"@type":"WebPage","@id":"http:\/\/andra-pak.pl\/ru\/produkt\/%d1%81%d0%b2%d0%b0%d1%80%d0%be%d1%87%d0%bd%d1%8b%d0%b5-%d0%bc%d0%b0%d1%88%d0%b8%d0%bd%d1%8b-%d1%81-%d0%ba%d0%be%d0%bb%d0%bf%d0%b0%d0%ba%d0%be%d0%bc\/","url":"http:\/\/andra-pak.pl\/ru\/produkt\/%d1%81%d0%b2%d0%b0%d1%80%d0%be%d1%87%d0%bd%d1%8b%d0%b5-%d0%bc%d0%b0%d1%88%d0%b8%d0%bd%d1%8b-%d1%81-%d0%ba%d0%be%d0%bb%d0%bf%d0%b0%d0%ba%d0%be%d0%bc\/","name":"\u0421\u0412\u0410\u0420\u041e\u0427\u041d\u042b\u0415 \u041c\u0410\u0428\u0418\u041d\u042b \u0421 \u041a\u041e\u041b\u041f\u0410\u041a\u041e\u041c - Andra Pak","isPartOf":{"@id":"https:\/\/andra-pak.pl\/en\/#website"},"primaryImageOfPage":{"@id":"http:\/\/andra-pak.pl\/ru\/produkt\/%d1%81%d0%b2%d0%b0%d1%80%d0%be%d1%87%d0%bd%d1%8b%d0%b5-%d0%bc%d0%b0%d1%88%d0%b8%d0%bd%d1%8b-%d1%81-%d0%ba%d0%be%d0%bb%d0%bf%d0%b0%d0%ba%d0%be%d0%bc\/#primaryimage"},"image":{"@id":"http:\/\/andra-pak.pl\/ru\/produkt\/%d1%81%d0%b2%d0%b0%d1%80%d0%be%d1%87%d0%bd%d1%8b%d0%b5-%d0%bc%d0%b0%d1%88%d0%b8%d0%bd%d1%8b-%d1%81-%d0%ba%d0%be%d0%bb%d0%bf%d0%b0%d0%ba%d0%be%d0%bc\/#primaryimage"},"thumbnailUrl":"http:\/\/andra-pak.pl\/wp-content\/uploads\/2017\/12\/ZGRZEWARKI-KLOSZOWE.png","datePublished":"2017-12-07T15:52:18+00:00","dateModified":"2018-05-02T15:37:25+00:00","description":"Zgrzewarki kloszowe konstruowane wg indywidualnych wymaga\u0144 \u2013 rozwi\u0105zanie do pakowania w foli\u0119 termokurczliw\u0105: umo\u017cliwiaj\u0105 zamkni\u0119cie i obkurczenie produktu foli\u0105","breadcrumb":{"@id":"http:\/\/andra-pak.pl\/ru\/produkt\/%d1%81%d0%b2%d0%b0%d1%80%d0%be%d1%87%d0%bd%d1%8b%d0%b5-%d0%bc%d0%b0%d1%88%d0%b8%d0%bd%d1%8b-%d1%81-%d0%ba%d0%be%d0%bb%d0%bf%d0%b0%d0%ba%d0%be%d0%bc\/#breadcrumb"},"inLanguage":"ru-RU","potentialAction":[{"@type":"ReadAction","target":["http:\/\/andra-pak.pl\/ru\/produkt\/%d1%81%d0%b2%d0%b0%d1%80%d0%be%d1%87%d0%bd%d1%8b%d0%b5-%d0%bc%d0%b0%d1%88%d0%b8%d0%bd%d1%8b-%d1%81-%d0%ba%d0%be%d0%bb%d0%bf%d0%b0%d0%ba%d0%be%d0%bc\/"]}]},{"@type":"ImageObject","inLanguage":"ru-RU","@id":"http:\/\/andra-pak.pl\/ru\/produkt\/%d1%81%d0%b2%d0%b0%d1%80%d0%be%d1%87%d0%bd%d1%8b%d0%b5-%d0%bc%d0%b0%d1%88%d0%b8%d0%bd%d1%8b-%d1%81-%d0%ba%d0%be%d0%bb%d0%bf%d0%b0%d0%ba%d0%be%d0%bc\/#primaryimage","url":"http:\/\/andra-pak.pl\/wp-content\/uploads\/2017\/12\/ZGRZEWARKI-KLOSZOWE.png","contentUrl":"http:\/\/andra-pak.pl\/wp-content\/uploads\/2017\/12\/ZGRZEWARKI-KLOSZOWE.png","width":414,"height":414},{"@type":"BreadcrumbList","@id":"http:\/\/andra-pak.pl\/ru\/produkt\/%d1%81%d0%b2%d0%b0%d1%80%d0%be%d1%87%d0%bd%d1%8b%d0%b5-%d0%bc%d0%b0%d1%88%d0%b8%d0%bd%d1%8b-%d1%81-%d0%ba%d0%be%d0%bb%d0%bf%d0%b0%d0%ba%d0%be%d0%bc\/#breadcrumb","itemListElement":[{"@type":"ListItem","position":1,"name":"Strona g\u0142\u00f3wna","item":"http:\/\/andra-pak.pl\/ru\/"},{"@type":"ListItem","position":2,"name":"Katalog: Skin Pack, Co-packing, Poligrafii, Folii i Urz\u0105dze\u0144","item":"https:\/\/andra-pak.pl\/katalog-produktow-skin-pack-packing-poligrafii-folii-urzadzen\/"},{"@type":"ListItem","position":3,"name":"\u0421\u0412\u0410\u0420\u041e\u0427\u041d\u042b\u0415 \u041c\u0410\u0428\u0418\u041d\u042b \u0421 \u041a\u041e\u041b\u041f\u0410\u041a\u041e\u041c"}]},{"@type":"WebSite","@id":"https:\/\/andra-pak.pl\/en\/#website","url":"https:\/\/andra-pak.pl\/en\/","name":"Andra Pak","description":"Produkcja opakowa\u0144 i Co-packing","potentialAction":[{"@type":"SearchAction","target":{"@type":"EntryPoint","urlTemplate":"https:\/\/andra-pak.pl\/en\/?s={search_term_string}"},"query-input":"required name=search_term_string"}],"inLanguage":"ru-RU"}]}},"_links":{"self":[{"href":"http:\/\/andra-pak.pl\/ru\/wp-json\/wp\/v2\/product\/8003","targetHints":{"allow":["GET"]}}],"collection":[{"href":"http:\/\/andra-pak.pl\/ru\/wp-json\/wp\/v2\/product"}],"about":[{"href":"http:\/\/andra-pak.pl\/ru\/wp-json\/wp\/v2\/types\/product"}],"wp:featuredmedia":[{"embeddable":true,"href":"http:\/\/andra-pak.pl\/ru\/wp-json\/wp\/v2\/media\/8394"}],"wp:attachment":[{"href":"http:\/\/andra-pak.pl\/ru\/wp-json\/wp\/v2\/media?parent=8003"}],"wp:term":[{"taxonomy":"product_cat","embeddable":true,"href":"http:\/\/andra-pak.pl\/ru\/wp-json\/wp\/v2\/product_cat?post=8003"},{"taxonomy":"product_tag","embeddable":true,"href":"http:\/\/andra-pak.pl\/ru\/wp-json\/wp\/v2\/product_tag?post=8003"}],"curies":[{"name":"wp","href":"https:\/\/api.w.org\/{rel}","templated":true}]}}