{"id":8006,"date":"2017-12-08T12:48:59","date_gmt":"2017-12-08T12:48:59","guid":{"rendered":"https:\/\/andra-pak.pl\/produkt\/zgrzewarki-liniowe\/"},"modified":"2018-05-02T15:39:37","modified_gmt":"2018-05-02T15:39:37","slug":"%d0%bb%d0%b8%d0%bd%d0%b5%d0%b9%d0%bd%d1%8b%d0%b5-%d1%81%d0%b2%d0%b0%d1%80%d0%be%d1%87%d0%bd%d1%8b%d0%b5-%d0%bc%d0%b0%d1%88%d0%b8%d0%bd%d1%8b","status":"publish","type":"product","link":"http:\/\/andra-pak.pl\/ru\/produkt\/%d0%bb%d0%b8%d0%bd%d0%b5%d0%b9%d0%bd%d1%8b%d0%b5-%d1%81%d0%b2%d0%b0%d1%80%d0%be%d1%87%d0%bd%d1%8b%d0%b5-%d0%bc%d0%b0%d1%88%d0%b8%d0%bd%d1%8b\/","title":{"rendered":"\u041b\u0418\u041d\u0415\u0419\u041d\u042b\u0415 \u0421\u0412\u0410\u0420\u041e\u0427\u041d\u042b\u0415 \u041c\u0410\u0428\u0418\u041d\u042b"},"content":{"rendered":"","protected":false},"excerpt":{"rendered":"<ul>\n<li>\u041c\u044b \u043e\u0431\u0435\u0441\u043f\u0435\u0447\u0438\u0432\u0430\u0435\u043c \u043b\u0438\u043d\u0435\u0439\u043d\u044b\u0435 \u0441\u0432\u0430\u0440\u043e\u0447\u043d\u044b\u0435 \u043c\u0430\u0448\u0438\u043d\u044b, \u043a\u043e\u043d\u0442\u0440\u0443\u0438\u0440\u043e\u0432\u0430\u043d\u043d\u044b\u0435 \u043f\u043e \u0438\u043d\u0434\u0438\u0432\u0438\u0434\u0443\u0430\u043b\u044c\u043d\u044b\u043c \u0442\u0440\u0435\u0431\u043e\u0432\u0430\u043d\u0438\u044f\u043c.<\/li>\n<li>\u041c\u044b \u043f\u0440\u0435\u0434\u043b\u0430\u0433\u0430\u0435\u043c \u0441.\u043f\u0440 \u0441\u0432\u0430\u0440\u043e\u043d\u044b\u0435 \u043c\u0430\u0448\u0438\u043d\u044b, \u043f\u0440\u0438\u0441\u043f\u043e\u0441\u043e\u0431\u043b\u0435\u043d\u043d\u044b\u0435 \u0434\u043b\u044f \u0441\u043f\u0430\u0438\u0432\u0430\u043d\u0438\u044f \u0442\u0435\u0440\u043c\u043e\u043f\u043e\u0434\u0432\u0435\u0441\u043e\u043a (\u043d\u0435\u043f\u043e\u0441\u0440\u0435\u0434\u0441\u0442\u0432\u0435\u043d\u043d\u043e\u0435 \u0441\u043e\u0435\u0434\u0438\u043d\u0435\u043d\u0438\u0435 \u043f\u043e\u0434\u0432\u0435\u0441\u043a\u0438 \u0441 \u043f\u0430\u043a\u0435\u0442\u0438\u043a\u043e\u043c \u043f\u043e\u0441\u0440\u0435\u0434\u0441\u0442\u0432\u043e\u043c \u0448\u0432\u0430).<\/li>\n<\/ul>\n","protected":false},"featured_media":8398,"template":"","meta":[],"product_cat":[117],"product_tag":[],"class_list":{"0":"post-8006","1":"product","2":"type-product","3":"status-publish","4":"has-post-thumbnail","6":"product_cat-wycinarki-zgrzewarki-gilotyny-ru","8":"first","9":"instock","10":"taxable","11":"shipping-taxable","12":"product-type-simple"},"etheme_brands":{"errors":{"invalid_taxonomy":["\u041d\u0435\u0432\u0435\u0440\u043d\u0430\u044f \u0442\u0430\u043a\u0441\u043e\u043d\u043e\u043c\u0438\u044f."]},"error_data":[]},"yoast_head":"<!-- This site is optimized with the Yoast SEO plugin v22.9 - https:\/\/yoast.com\/wordpress\/plugins\/seo\/ -->\n<title>\u041b\u0418\u041d\u0415\u0419\u041d\u042b\u0415 \u0421\u0412\u0410\u0420\u041e\u0427\u041d\u042b\u0415 \u041c\u0410\u0428\u0418\u041d\u042b - Andra Pak<\/title>\n<meta name=\"description\" content=\"Zgrzewarki liniowe wg indywidualnych wymaga\u0144, w tym zgrzewarki dostosowane do zgrzewania termo zawieszek (bezpo\u015brednie po\u0142\u0105czenie zawieszki z torebk\u0105)\" \/>\n<meta name=\"robots\" content=\"index, follow, max-snippet:-1, max-image-preview:large, max-video-preview:-1\" \/>\n<link rel=\"canonical\" href=\"https:\/\/andra-pak.pl\/ru\/produkt\/\u043b\u0438\u043d\u0435\u0439\u043d\u044b\u0435-\u0441\u0432\u0430\u0440\u043e\u0447\u043d\u044b\u0435-\u043c\u0430\u0448\u0438\u043d\u044b\/\" \/>\n<meta property=\"og:locale\" content=\"ru_RU\" \/>\n<meta property=\"og:type\" content=\"article\" \/>\n<meta property=\"og:title\" content=\"\u041b\u0418\u041d\u0415\u0419\u041d\u042b\u0415 \u0421\u0412\u0410\u0420\u041e\u0427\u041d\u042b\u0415 \u041c\u0410\u0428\u0418\u041d\u042b - Andra Pak\" \/>\n<meta property=\"og:description\" content=\"Zgrzewarki liniowe wg indywidualnych wymaga\u0144, w tym zgrzewarki dostosowane do zgrzewania termo zawieszek (bezpo\u015brednie po\u0142\u0105czenie zawieszki z torebk\u0105)\" \/>\n<meta property=\"og:url\" content=\"https:\/\/andra-pak.pl\/ru\/produkt\/\u043b\u0438\u043d\u0435\u0439\u043d\u044b\u0435-\u0441\u0432\u0430\u0440\u043e\u0447\u043d\u044b\u0435-\u043c\u0430\u0448\u0438\u043d\u044b\/\" \/>\n<meta property=\"og:site_name\" content=\"Andra Pak\" \/>\n<meta property=\"article:modified_time\" content=\"2018-05-02T15:39:37+00:00\" \/>\n<meta property=\"og:image\" content=\"https:\/\/andra-pak.pl\/wp-content\/uploads\/2017\/12\/ZGRZEWARKI-LINIOWE.png\" \/>\n\t<meta property=\"og:image:width\" content=\"414\" \/>\n\t<meta property=\"og:image:height\" content=\"414\" \/>\n\t<meta property=\"og:image:type\" content=\"image\/png\" \/>\n<meta name=\"twitter:card\" content=\"summary_large_image\" \/>\n<script type=\"application\/ld+json\" class=\"yoast-schema-graph\">{\"@context\":\"https:\/\/schema.org\",\"@graph\":[{\"@type\":\"WebPage\",\"@id\":\"https:\/\/andra-pak.pl\/ru\/produkt\/%d0%bb%d0%b8%d0%bd%d0%b5%d0%b9%d0%bd%d1%8b%d0%b5-%d1%81%d0%b2%d0%b0%d1%80%d0%be%d1%87%d0%bd%d1%8b%d0%b5-%d0%bc%d0%b0%d1%88%d0%b8%d0%bd%d1%8b\/\",\"url\":\"https:\/\/andra-pak.pl\/ru\/produkt\/%d0%bb%d0%b8%d0%bd%d0%b5%d0%b9%d0%bd%d1%8b%d0%b5-%d1%81%d0%b2%d0%b0%d1%80%d0%be%d1%87%d0%bd%d1%8b%d0%b5-%d0%bc%d0%b0%d1%88%d0%b8%d0%bd%d1%8b\/\",\"name\":\"\u041b\u0418\u041d\u0415\u0419\u041d\u042b\u0415 \u0421\u0412\u0410\u0420\u041e\u0427\u041d\u042b\u0415 \u041c\u0410\u0428\u0418\u041d\u042b - Andra Pak\",\"isPartOf\":{\"@id\":\"https:\/\/andra-pak.pl\/de\/#website\"},\"primaryImageOfPage\":{\"@id\":\"https:\/\/andra-pak.pl\/ru\/produkt\/%d0%bb%d0%b8%d0%bd%d0%b5%d0%b9%d0%bd%d1%8b%d0%b5-%d1%81%d0%b2%d0%b0%d1%80%d0%be%d1%87%d0%bd%d1%8b%d0%b5-%d0%bc%d0%b0%d1%88%d0%b8%d0%bd%d1%8b\/#primaryimage\"},\"image\":{\"@id\":\"https:\/\/andra-pak.pl\/ru\/produkt\/%d0%bb%d0%b8%d0%bd%d0%b5%d0%b9%d0%bd%d1%8b%d0%b5-%d1%81%d0%b2%d0%b0%d1%80%d0%be%d1%87%d0%bd%d1%8b%d0%b5-%d0%bc%d0%b0%d1%88%d0%b8%d0%bd%d1%8b\/#primaryimage\"},\"thumbnailUrl\":\"http:\/\/andra-pak.pl\/wp-content\/uploads\/2017\/12\/ZGRZEWARKI-LINIOWE.png\",\"datePublished\":\"2017-12-08T12:48:59+00:00\",\"dateModified\":\"2018-05-02T15:39:37+00:00\",\"description\":\"Zgrzewarki liniowe wg indywidualnych wymaga\u0144, w tym zgrzewarki dostosowane do zgrzewania termo zawieszek (bezpo\u015brednie po\u0142\u0105czenie zawieszki z torebk\u0105)\",\"breadcrumb\":{\"@id\":\"https:\/\/andra-pak.pl\/ru\/produkt\/%d0%bb%d0%b8%d0%bd%d0%b5%d0%b9%d0%bd%d1%8b%d0%b5-%d1%81%d0%b2%d0%b0%d1%80%d0%be%d1%87%d0%bd%d1%8b%d0%b5-%d0%bc%d0%b0%d1%88%d0%b8%d0%bd%d1%8b\/#breadcrumb\"},\"inLanguage\":\"ru-RU\",\"potentialAction\":[{\"@type\":\"ReadAction\",\"target\":[\"https:\/\/andra-pak.pl\/ru\/produkt\/%d0%bb%d0%b8%d0%bd%d0%b5%d0%b9%d0%bd%d1%8b%d0%b5-%d1%81%d0%b2%d0%b0%d1%80%d0%be%d1%87%d0%bd%d1%8b%d0%b5-%d0%bc%d0%b0%d1%88%d0%b8%d0%bd%d1%8b\/\"]}]},{\"@type\":\"ImageObject\",\"inLanguage\":\"ru-RU\",\"@id\":\"https:\/\/andra-pak.pl\/ru\/produkt\/%d0%bb%d0%b8%d0%bd%d0%b5%d0%b9%d0%bd%d1%8b%d0%b5-%d1%81%d0%b2%d0%b0%d1%80%d0%be%d1%87%d0%bd%d1%8b%d0%b5-%d0%bc%d0%b0%d1%88%d0%b8%d0%bd%d1%8b\/#primaryimage\",\"url\":\"http:\/\/andra-pak.pl\/wp-content\/uploads\/2017\/12\/ZGRZEWARKI-LINIOWE.png\",\"contentUrl\":\"http:\/\/andra-pak.pl\/wp-content\/uploads\/2017\/12\/ZGRZEWARKI-LINIOWE.png\",\"width\":414,\"height\":414},{\"@type\":\"BreadcrumbList\",\"@id\":\"https:\/\/andra-pak.pl\/ru\/produkt\/%d0%bb%d0%b8%d0%bd%d0%b5%d0%b9%d0%bd%d1%8b%d0%b5-%d1%81%d0%b2%d0%b0%d1%80%d0%be%d1%87%d0%bd%d1%8b%d0%b5-%d0%bc%d0%b0%d1%88%d0%b8%d0%bd%d1%8b\/#breadcrumb\",\"itemListElement\":[{\"@type\":\"ListItem\",\"position\":1,\"name\":\"Strona g\u0142\u00f3wna\",\"item\":\"https:\/\/andra-pak.pl\/ru\/\"},{\"@type\":\"ListItem\",\"position\":2,\"name\":\"Katalog: Skin Pack, Co-packing, Poligrafii, Folii i Urz\u0105dze\u0144\",\"item\":\"https:\/\/andra-pak.pl\/katalog-produktow-skin-pack-packing-poligrafii-folii-urzadzen\/\"},{\"@type\":\"ListItem\",\"position\":3,\"name\":\"\u041b\u0418\u041d\u0415\u0419\u041d\u042b\u0415 \u0421\u0412\u0410\u0420\u041e\u0427\u041d\u042b\u0415 \u041c\u0410\u0428\u0418\u041d\u042b\"}]},{\"@type\":\"WebSite\",\"@id\":\"https:\/\/andra-pak.pl\/de\/#website\",\"url\":\"https:\/\/andra-pak.pl\/de\/\",\"name\":\"Andra Pak\",\"description\":\"Produkcja opakowa\u0144 i Co-packing\",\"potentialAction\":[{\"@type\":\"SearchAction\",\"target\":{\"@type\":\"EntryPoint\",\"urlTemplate\":\"https:\/\/andra-pak.pl\/de\/?s={search_term_string}\"},\"query-input\":\"required name=search_term_string\"}],\"inLanguage\":\"ru-RU\"}]}<\/script>\n<!-- \/ Yoast SEO plugin. -->","yoast_head_json":{"title":"\u041b\u0418\u041d\u0415\u0419\u041d\u042b\u0415 \u0421\u0412\u0410\u0420\u041e\u0427\u041d\u042b\u0415 \u041c\u0410\u0428\u0418\u041d\u042b - Andra Pak","description":"Zgrzewarki liniowe wg indywidualnych wymaga\u0144, w tym zgrzewarki dostosowane do zgrzewania termo zawieszek (bezpo\u015brednie po\u0142\u0105czenie zawieszki z torebk\u0105)","robots":{"index":"index","follow":"follow","max-snippet":"max-snippet:-1","max-image-preview":"max-image-preview:large","max-video-preview":"max-video-preview:-1"},"canonical":"https:\/\/andra-pak.pl\/ru\/produkt\/\u043b\u0438\u043d\u0435\u0439\u043d\u044b\u0435-\u0441\u0432\u0430\u0440\u043e\u0447\u043d\u044b\u0435-\u043c\u0430\u0448\u0438\u043d\u044b\/","og_locale":"ru_RU","og_type":"article","og_title":"\u041b\u0418\u041d\u0415\u0419\u041d\u042b\u0415 \u0421\u0412\u0410\u0420\u041e\u0427\u041d\u042b\u0415 \u041c\u0410\u0428\u0418\u041d\u042b - Andra Pak","og_description":"Zgrzewarki liniowe wg indywidualnych wymaga\u0144, w tym zgrzewarki dostosowane do zgrzewania termo zawieszek (bezpo\u015brednie po\u0142\u0105czenie zawieszki z torebk\u0105)","og_url":"https:\/\/andra-pak.pl\/ru\/produkt\/\u043b\u0438\u043d\u0435\u0439\u043d\u044b\u0435-\u0441\u0432\u0430\u0440\u043e\u0447\u043d\u044b\u0435-\u043c\u0430\u0448\u0438\u043d\u044b\/","og_site_name":"Andra Pak","article_modified_time":"2018-05-02T15:39:37+00:00","og_image":[{"width":414,"height":414,"url":"https:\/\/andra-pak.pl\/wp-content\/uploads\/2017\/12\/ZGRZEWARKI-LINIOWE.png","type":"image\/png"}],"twitter_card":"summary_large_image","schema":{"@context":"https:\/\/schema.org","@graph":[{"@type":"WebPage","@id":"https:\/\/andra-pak.pl\/ru\/produkt\/%d0%bb%d0%b8%d0%bd%d0%b5%d0%b9%d0%bd%d1%8b%d0%b5-%d1%81%d0%b2%d0%b0%d1%80%d0%be%d1%87%d0%bd%d1%8b%d0%b5-%d0%bc%d0%b0%d1%88%d0%b8%d0%bd%d1%8b\/","url":"https:\/\/andra-pak.pl\/ru\/produkt\/%d0%bb%d0%b8%d0%bd%d0%b5%d0%b9%d0%bd%d1%8b%d0%b5-%d1%81%d0%b2%d0%b0%d1%80%d0%be%d1%87%d0%bd%d1%8b%d0%b5-%d0%bc%d0%b0%d1%88%d0%b8%d0%bd%d1%8b\/","name":"\u041b\u0418\u041d\u0415\u0419\u041d\u042b\u0415 \u0421\u0412\u0410\u0420\u041e\u0427\u041d\u042b\u0415 \u041c\u0410\u0428\u0418\u041d\u042b - Andra Pak","isPartOf":{"@id":"https:\/\/andra-pak.pl\/de\/#website"},"primaryImageOfPage":{"@id":"https:\/\/andra-pak.pl\/ru\/produkt\/%d0%bb%d0%b8%d0%bd%d0%b5%d0%b9%d0%bd%d1%8b%d0%b5-%d1%81%d0%b2%d0%b0%d1%80%d0%be%d1%87%d0%bd%d1%8b%d0%b5-%d0%bc%d0%b0%d1%88%d0%b8%d0%bd%d1%8b\/#primaryimage"},"image":{"@id":"https:\/\/andra-pak.pl\/ru\/produkt\/%d0%bb%d0%b8%d0%bd%d0%b5%d0%b9%d0%bd%d1%8b%d0%b5-%d1%81%d0%b2%d0%b0%d1%80%d0%be%d1%87%d0%bd%d1%8b%d0%b5-%d0%bc%d0%b0%d1%88%d0%b8%d0%bd%d1%8b\/#primaryimage"},"thumbnailUrl":"http:\/\/andra-pak.pl\/wp-content\/uploads\/2017\/12\/ZGRZEWARKI-LINIOWE.png","datePublished":"2017-12-08T12:48:59+00:00","dateModified":"2018-05-02T15:39:37+00:00","description":"Zgrzewarki liniowe wg indywidualnych wymaga\u0144, w tym zgrzewarki dostosowane do zgrzewania termo zawieszek (bezpo\u015brednie po\u0142\u0105czenie zawieszki z torebk\u0105)","breadcrumb":{"@id":"https:\/\/andra-pak.pl\/ru\/produkt\/%d0%bb%d0%b8%d0%bd%d0%b5%d0%b9%d0%bd%d1%8b%d0%b5-%d1%81%d0%b2%d0%b0%d1%80%d0%be%d1%87%d0%bd%d1%8b%d0%b5-%d0%bc%d0%b0%d1%88%d0%b8%d0%bd%d1%8b\/#breadcrumb"},"inLanguage":"ru-RU","potentialAction":[{"@type":"ReadAction","target":["https:\/\/andra-pak.pl\/ru\/produkt\/%d0%bb%d0%b8%d0%bd%d0%b5%d0%b9%d0%bd%d1%8b%d0%b5-%d1%81%d0%b2%d0%b0%d1%80%d0%be%d1%87%d0%bd%d1%8b%d0%b5-%d0%bc%d0%b0%d1%88%d0%b8%d0%bd%d1%8b\/"]}]},{"@type":"ImageObject","inLanguage":"ru-RU","@id":"https:\/\/andra-pak.pl\/ru\/produkt\/%d0%bb%d0%b8%d0%bd%d0%b5%d0%b9%d0%bd%d1%8b%d0%b5-%d1%81%d0%b2%d0%b0%d1%80%d0%be%d1%87%d0%bd%d1%8b%d0%b5-%d0%bc%d0%b0%d1%88%d0%b8%d0%bd%d1%8b\/#primaryimage","url":"http:\/\/andra-pak.pl\/wp-content\/uploads\/2017\/12\/ZGRZEWARKI-LINIOWE.png","contentUrl":"http:\/\/andra-pak.pl\/wp-content\/uploads\/2017\/12\/ZGRZEWARKI-LINIOWE.png","width":414,"height":414},{"@type":"BreadcrumbList","@id":"https:\/\/andra-pak.pl\/ru\/produkt\/%d0%bb%d0%b8%d0%bd%d0%b5%d0%b9%d0%bd%d1%8b%d0%b5-%d1%81%d0%b2%d0%b0%d1%80%d0%be%d1%87%d0%bd%d1%8b%d0%b5-%d0%bc%d0%b0%d1%88%d0%b8%d0%bd%d1%8b\/#breadcrumb","itemListElement":[{"@type":"ListItem","position":1,"name":"Strona g\u0142\u00f3wna","item":"https:\/\/andra-pak.pl\/ru\/"},{"@type":"ListItem","position":2,"name":"Katalog: Skin Pack, Co-packing, Poligrafii, Folii i Urz\u0105dze\u0144","item":"https:\/\/andra-pak.pl\/katalog-produktow-skin-pack-packing-poligrafii-folii-urzadzen\/"},{"@type":"ListItem","position":3,"name":"\u041b\u0418\u041d\u0415\u0419\u041d\u042b\u0415 \u0421\u0412\u0410\u0420\u041e\u0427\u041d\u042b\u0415 \u041c\u0410\u0428\u0418\u041d\u042b"}]},{"@type":"WebSite","@id":"https:\/\/andra-pak.pl\/de\/#website","url":"https:\/\/andra-pak.pl\/de\/","name":"Andra Pak","description":"Produkcja opakowa\u0144 i Co-packing","potentialAction":[{"@type":"SearchAction","target":{"@type":"EntryPoint","urlTemplate":"https:\/\/andra-pak.pl\/de\/?s={search_term_string}"},"query-input":"required name=search_term_string"}],"inLanguage":"ru-RU"}]}},"_links":{"self":[{"href":"http:\/\/andra-pak.pl\/ru\/wp-json\/wp\/v2\/product\/8006","targetHints":{"allow":["GET"]}}],"collection":[{"href":"http:\/\/andra-pak.pl\/ru\/wp-json\/wp\/v2\/product"}],"about":[{"href":"http:\/\/andra-pak.pl\/ru\/wp-json\/wp\/v2\/types\/product"}],"wp:featuredmedia":[{"embeddable":true,"href":"http:\/\/andra-pak.pl\/ru\/wp-json\/wp\/v2\/media\/8398"}],"wp:attachment":[{"href":"http:\/\/andra-pak.pl\/ru\/wp-json\/wp\/v2\/media?parent=8006"}],"wp:term":[{"taxonomy":"product_cat","embeddable":true,"href":"http:\/\/andra-pak.pl\/ru\/wp-json\/wp\/v2\/product_cat?post=8006"},{"taxonomy":"product_tag","embeddable":true,"href":"http:\/\/andra-pak.pl\/ru\/wp-json\/wp\/v2\/product_tag?post=8006"}],"curies":[{"name":"wp","href":"https:\/\/api.w.org\/{rel}","templated":true}]}}