{"id":7475,"date":"2017-12-08T11:35:54","date_gmt":"2017-12-08T11:35:54","guid":{"rendered":"https:\/\/andra-pak.pl\/produkt\/druk-roznych-podlozach-papier-karton-folia-tektura\/"},"modified":"2018-05-02T11:02:28","modified_gmt":"2018-05-02T11:02:28","slug":"bedruckung-von-unterschiedlichen-stoffen-papier-karton-folie-pappe","status":"publish","type":"product","link":"https:\/\/andra-pak.pl\/de\/produkt\/bedruckung-von-unterschiedlichen-stoffen-papier-karton-folie-pappe\/","title":{"rendered":"BEDRUCKUNG VON UNTERSCHIEDLICHEN STOFFEN (PAPIER, KARTON, FOLIE, PAPPE)"},"content":{"rendered":"","protected":false},"excerpt":{"rendered":"<ul>\n<li>Wir bieten professionellen Offsetdruck auf verschiedenen Tr\u00e4gern (Papier, Karton, Folie, Pappe).<\/li>\n<li>Ihre Auftr\u00e4ge werden auf Hochleistungsmaschinen ausgef\u00fchrt.<\/li>\n<li>Produktbeispiele: Poster, Kalender, Mappen, Prospekte, Aktentaschen, Gutscheine, mit UV-Farben abgesicherte Druckartikel, Druck mit Rubbelfarben, Stands, kaschierte und traditionelle Verpackungen aus Voll-, Well- und Mikrowellenpappe, Kunststoffverpackungen und Bedruckung von thermoplastischen Folien.<\/li>\n<\/ul>\n","protected":false},"featured_media":7690,"template":"","meta":[],"product_cat":[110],"product_tag":[],"class_list":{"0":"post-7475","1":"product","2":"type-product","3":"status-publish","4":"has-post-thumbnail","6":"product_cat-poligrafia-de","8":"first","9":"instock","10":"taxable","11":"shipping-taxable","12":"product-type-simple"},"etheme_brands":{"errors":{"invalid_taxonomy":["Die Taxonomie ist ung\u00fcltig."]},"error_data":[]},"yoast_head":"<!-- This site is optimized with the Yoast SEO plugin v22.9 - https:\/\/yoast.com\/wordpress\/plugins\/seo\/ -->\n<title>BEDRUCKUNG VON UNTERSCHIEDLICHEN STOFFEN (PAPIER, KARTON, FOLIE, PAPPE) - Andra Pak<\/title>\n<meta name=\"description\" content=\"Druk na r\u00f3\u017cnych pod\u0142o\u017cach: papier, karton, folia, tektura \u2013 plakaty, kalendarze, foldery, druk z wykorzystaniem farb \u017cetonowych, standy, opakowania kaszerowane\" \/>\n<meta name=\"robots\" content=\"index, follow, max-snippet:-1, max-image-preview:large, max-video-preview:-1\" \/>\n<link rel=\"canonical\" href=\"http:\/\/andra-pak.pl\/de\/produkt\/bedruckung-von-unterschiedlichen-stoffen-papier-karton-folie-pappe\/\" \/>\n<meta property=\"og:locale\" content=\"de_DE\" \/>\n<meta property=\"og:type\" content=\"article\" \/>\n<meta property=\"og:title\" content=\"BEDRUCKUNG VON UNTERSCHIEDLICHEN STOFFEN (PAPIER, KARTON, FOLIE, PAPPE) - Andra Pak\" \/>\n<meta property=\"og:description\" content=\"Druk na r\u00f3\u017cnych pod\u0142o\u017cach: papier, karton, folia, tektura \u2013 plakaty, kalendarze, foldery, druk z wykorzystaniem farb \u017cetonowych, standy, opakowania kaszerowane\" \/>\n<meta property=\"og:url\" content=\"http:\/\/andra-pak.pl\/de\/produkt\/bedruckung-von-unterschiedlichen-stoffen-papier-karton-folie-pappe\/\" \/>\n<meta property=\"og:site_name\" content=\"Andra Pak\" \/>\n<meta property=\"article:modified_time\" content=\"2018-05-02T11:02:28+00:00\" \/>\n<meta property=\"og:image\" content=\"http:\/\/andra-pak.pl\/wp-content\/uploads\/2017\/11\/poligrafia.jpg\" \/>\n\t<meta property=\"og:image:width\" content=\"480\" \/>\n\t<meta property=\"og:image:height\" content=\"320\" \/>\n\t<meta property=\"og:image:type\" content=\"image\/jpeg\" \/>\n<meta name=\"twitter:card\" content=\"summary_large_image\" \/>\n<script type=\"application\/ld+json\" class=\"yoast-schema-graph\">{\"@context\":\"https:\/\/schema.org\",\"@graph\":[{\"@type\":\"WebPage\",\"@id\":\"http:\/\/andra-pak.pl\/de\/produkt\/bedruckung-von-unterschiedlichen-stoffen-papier-karton-folie-pappe\/\",\"url\":\"http:\/\/andra-pak.pl\/de\/produkt\/bedruckung-von-unterschiedlichen-stoffen-papier-karton-folie-pappe\/\",\"name\":\"BEDRUCKUNG VON UNTERSCHIEDLICHEN STOFFEN (PAPIER, KARTON, FOLIE, PAPPE) - Andra Pak\",\"isPartOf\":{\"@id\":\"http:\/\/andra-pak.pl\/#website\"},\"primaryImageOfPage\":{\"@id\":\"http:\/\/andra-pak.pl\/de\/produkt\/bedruckung-von-unterschiedlichen-stoffen-papier-karton-folie-pappe\/#primaryimage\"},\"image\":{\"@id\":\"http:\/\/andra-pak.pl\/de\/produkt\/bedruckung-von-unterschiedlichen-stoffen-papier-karton-folie-pappe\/#primaryimage\"},\"thumbnailUrl\":\"https:\/\/andra-pak.pl\/wp-content\/uploads\/2017\/11\/poligrafia.jpg\",\"datePublished\":\"2017-12-08T11:35:54+00:00\",\"dateModified\":\"2018-05-02T11:02:28+00:00\",\"description\":\"Druk na r\u00f3\u017cnych pod\u0142o\u017cach: papier, karton, folia, tektura \u2013 plakaty, kalendarze, foldery, druk z wykorzystaniem farb \u017cetonowych, standy, opakowania kaszerowane\",\"breadcrumb\":{\"@id\":\"http:\/\/andra-pak.pl\/de\/produkt\/bedruckung-von-unterschiedlichen-stoffen-papier-karton-folie-pappe\/#breadcrumb\"},\"inLanguage\":\"de\",\"potentialAction\":[{\"@type\":\"ReadAction\",\"target\":[\"http:\/\/andra-pak.pl\/de\/produkt\/bedruckung-von-unterschiedlichen-stoffen-papier-karton-folie-pappe\/\"]}]},{\"@type\":\"ImageObject\",\"inLanguage\":\"de\",\"@id\":\"http:\/\/andra-pak.pl\/de\/produkt\/bedruckung-von-unterschiedlichen-stoffen-papier-karton-folie-pappe\/#primaryimage\",\"url\":\"https:\/\/andra-pak.pl\/wp-content\/uploads\/2017\/11\/poligrafia.jpg\",\"contentUrl\":\"https:\/\/andra-pak.pl\/wp-content\/uploads\/2017\/11\/poligrafia.jpg\",\"width\":480,\"height\":320},{\"@type\":\"BreadcrumbList\",\"@id\":\"http:\/\/andra-pak.pl\/de\/produkt\/bedruckung-von-unterschiedlichen-stoffen-papier-karton-folie-pappe\/#breadcrumb\",\"itemListElement\":[{\"@type\":\"ListItem\",\"position\":1,\"name\":\"Strona g\u0142\u00f3wna\",\"item\":\"https:\/\/andra-pak.pl\/de\/\"},{\"@type\":\"ListItem\",\"position\":2,\"name\":\"Katalog: Skin Pack, Co-packing, Poligrafii, Folii i Urz\u0105dze\u0144\",\"item\":\"https:\/\/andra-pak.pl\/katalog-produktow-skin-pack-packing-poligrafii-folii-urzadzen\/\"},{\"@type\":\"ListItem\",\"position\":3,\"name\":\"BEDRUCKUNG VON UNTERSCHIEDLICHEN STOFFEN (PAPIER, KARTON, FOLIE, PAPPE)\"}]},{\"@type\":\"WebSite\",\"@id\":\"http:\/\/andra-pak.pl\/#website\",\"url\":\"http:\/\/andra-pak.pl\/\",\"name\":\"Andra Pak\",\"description\":\"Produkcja opakowa\u0144 i Co-packing\",\"potentialAction\":[{\"@type\":\"SearchAction\",\"target\":{\"@type\":\"EntryPoint\",\"urlTemplate\":\"http:\/\/andra-pak.pl\/?s={search_term_string}\"},\"query-input\":\"required name=search_term_string\"}],\"inLanguage\":\"de\"}]}<\/script>\n<!-- \/ Yoast SEO plugin. -->","yoast_head_json":{"title":"BEDRUCKUNG VON UNTERSCHIEDLICHEN STOFFEN (PAPIER, KARTON, FOLIE, PAPPE) - Andra Pak","description":"Druk na r\u00f3\u017cnych pod\u0142o\u017cach: papier, karton, folia, tektura \u2013 plakaty, kalendarze, foldery, druk z wykorzystaniem farb \u017cetonowych, standy, opakowania kaszerowane","robots":{"index":"index","follow":"follow","max-snippet":"max-snippet:-1","max-image-preview":"max-image-preview:large","max-video-preview":"max-video-preview:-1"},"canonical":"http:\/\/andra-pak.pl\/de\/produkt\/bedruckung-von-unterschiedlichen-stoffen-papier-karton-folie-pappe\/","og_locale":"de_DE","og_type":"article","og_title":"BEDRUCKUNG VON UNTERSCHIEDLICHEN STOFFEN (PAPIER, KARTON, FOLIE, PAPPE) - Andra Pak","og_description":"Druk na r\u00f3\u017cnych pod\u0142o\u017cach: papier, karton, folia, tektura \u2013 plakaty, kalendarze, foldery, druk z wykorzystaniem farb \u017cetonowych, standy, opakowania kaszerowane","og_url":"http:\/\/andra-pak.pl\/de\/produkt\/bedruckung-von-unterschiedlichen-stoffen-papier-karton-folie-pappe\/","og_site_name":"Andra Pak","article_modified_time":"2018-05-02T11:02:28+00:00","og_image":[{"width":480,"height":320,"url":"http:\/\/andra-pak.pl\/wp-content\/uploads\/2017\/11\/poligrafia.jpg","type":"image\/jpeg"}],"twitter_card":"summary_large_image","schema":{"@context":"https:\/\/schema.org","@graph":[{"@type":"WebPage","@id":"http:\/\/andra-pak.pl\/de\/produkt\/bedruckung-von-unterschiedlichen-stoffen-papier-karton-folie-pappe\/","url":"http:\/\/andra-pak.pl\/de\/produkt\/bedruckung-von-unterschiedlichen-stoffen-papier-karton-folie-pappe\/","name":"BEDRUCKUNG VON UNTERSCHIEDLICHEN STOFFEN (PAPIER, KARTON, FOLIE, PAPPE) - Andra Pak","isPartOf":{"@id":"http:\/\/andra-pak.pl\/#website"},"primaryImageOfPage":{"@id":"http:\/\/andra-pak.pl\/de\/produkt\/bedruckung-von-unterschiedlichen-stoffen-papier-karton-folie-pappe\/#primaryimage"},"image":{"@id":"http:\/\/andra-pak.pl\/de\/produkt\/bedruckung-von-unterschiedlichen-stoffen-papier-karton-folie-pappe\/#primaryimage"},"thumbnailUrl":"https:\/\/andra-pak.pl\/wp-content\/uploads\/2017\/11\/poligrafia.jpg","datePublished":"2017-12-08T11:35:54+00:00","dateModified":"2018-05-02T11:02:28+00:00","description":"Druk na r\u00f3\u017cnych pod\u0142o\u017cach: papier, karton, folia, tektura \u2013 plakaty, kalendarze, foldery, druk z wykorzystaniem farb \u017cetonowych, standy, opakowania kaszerowane","breadcrumb":{"@id":"http:\/\/andra-pak.pl\/de\/produkt\/bedruckung-von-unterschiedlichen-stoffen-papier-karton-folie-pappe\/#breadcrumb"},"inLanguage":"de","potentialAction":[{"@type":"ReadAction","target":["http:\/\/andra-pak.pl\/de\/produkt\/bedruckung-von-unterschiedlichen-stoffen-papier-karton-folie-pappe\/"]}]},{"@type":"ImageObject","inLanguage":"de","@id":"http:\/\/andra-pak.pl\/de\/produkt\/bedruckung-von-unterschiedlichen-stoffen-papier-karton-folie-pappe\/#primaryimage","url":"https:\/\/andra-pak.pl\/wp-content\/uploads\/2017\/11\/poligrafia.jpg","contentUrl":"https:\/\/andra-pak.pl\/wp-content\/uploads\/2017\/11\/poligrafia.jpg","width":480,"height":320},{"@type":"BreadcrumbList","@id":"http:\/\/andra-pak.pl\/de\/produkt\/bedruckung-von-unterschiedlichen-stoffen-papier-karton-folie-pappe\/#breadcrumb","itemListElement":[{"@type":"ListItem","position":1,"name":"Strona g\u0142\u00f3wna","item":"https:\/\/andra-pak.pl\/de\/"},{"@type":"ListItem","position":2,"name":"Katalog: Skin Pack, Co-packing, Poligrafii, Folii i Urz\u0105dze\u0144","item":"https:\/\/andra-pak.pl\/katalog-produktow-skin-pack-packing-poligrafii-folii-urzadzen\/"},{"@type":"ListItem","position":3,"name":"BEDRUCKUNG VON UNTERSCHIEDLICHEN STOFFEN (PAPIER, KARTON, FOLIE, PAPPE)"}]},{"@type":"WebSite","@id":"http:\/\/andra-pak.pl\/#website","url":"http:\/\/andra-pak.pl\/","name":"Andra Pak","description":"Produkcja opakowa\u0144 i Co-packing","potentialAction":[{"@type":"SearchAction","target":{"@type":"EntryPoint","urlTemplate":"http:\/\/andra-pak.pl\/?s={search_term_string}"},"query-input":"required name=search_term_string"}],"inLanguage":"de"}]}},"_links":{"self":[{"href":"https:\/\/andra-pak.pl\/de\/wp-json\/wp\/v2\/product\/7475","targetHints":{"allow":["GET"]}}],"collection":[{"href":"https:\/\/andra-pak.pl\/de\/wp-json\/wp\/v2\/product"}],"about":[{"href":"https:\/\/andra-pak.pl\/de\/wp-json\/wp\/v2\/types\/product"}],"wp:featuredmedia":[{"embeddable":true,"href":"https:\/\/andra-pak.pl\/de\/wp-json\/wp\/v2\/media\/7690"}],"wp:attachment":[{"href":"https:\/\/andra-pak.pl\/de\/wp-json\/wp\/v2\/media?parent=7475"}],"wp:term":[{"taxonomy":"product_cat","embeddable":true,"href":"https:\/\/andra-pak.pl\/de\/wp-json\/wp\/v2\/product_cat?post=7475"},{"taxonomy":"product_tag","embeddable":true,"href":"https:\/\/andra-pak.pl\/de\/wp-json\/wp\/v2\/product_tag?post=7475"}],"curies":[{"name":"wp","href":"https:\/\/api.w.org\/{rel}","templated":true}]}}