{"id":7957,"date":"2017-12-08T13:13:46","date_gmt":"2017-12-08T13:13:46","guid":{"rendered":"https:\/\/andra-pak.pl\/produkt\/folia-termoplastyczna-verpalin\/"},"modified":"2018-05-02T12:40:02","modified_gmt":"2018-05-02T12:40:02","slug":"thermoplastische-folie-verpalin","status":"publish","type":"product","link":"https:\/\/andra-pak.pl\/de\/produkt\/thermoplastische-folie-verpalin\/","title":{"rendered":"THERMOPLASTISCHE FOLIE VERPALIN\u00ae"},"content":{"rendered":"","protected":false},"excerpt":{"rendered":"<p>WIR SIND ALS VERTRETR DER MARKE T\u00c4TIG<\/p>\n<p>In den 90er Jahren brachten wir die deutschen VERPALIN-Folien auf den polnischen Markt. Nach einigen Jahren hat unsere Gesch\u00e4ftspartnerin<\/p>\n<p>\u2013 die Verpa Folie GmbH \u2013 ihre Produktion in der N\u00e4he von Wroc\u0142aw aufgenommen und bis heute erobern wir gemeinsam den Markt.<\/p>\n<h2>VERPALIN\u00ae \u2013 EIGENSCHAFTEN UND VORTEILE<\/h2>\n<p>VERPALIN\u00ae ist eine extrem rei\u00dffeste und zugfeste Polyethylenfolie, die f\u00fcr alle Anwendungen geeignet ist:<\/p>\n<ul>\n<li>erm\u00f6glicht die Reduzierung der Materialst\u00e4rke um bis zu 50%;<\/li>\n<li>bewahrt die hervorragende, stabile Festigkeit des Materials;<\/li>\n<li>reduziert Entsorgungskosten;<\/li>\n<li>minimale Schrumpfung in L\u00e4ngsrichtung, maximale in Querrichtung;<\/li>\n<li>spart Energie und Zeit beim Verpackungsprozess sowie den Lagerplatz;<\/li>\n<li>zu 100\u00a0% recycelbar;<\/li>\n<li>zerf\u00e4llt bei der Verbrennung in CO2 und Wasser;<\/li>\n<li>hat einen hohen Energiegehalt: 1 kg PE = 1 kg Heiz\u00f6l;<\/li>\n<li>umweltneutral;<\/li>\n<li>geringes Eigengewicht;<\/li>\n<li>mit BRC.<\/li>\n<\/ul>\n<h3>VERPALIN\u00ae \u2013 ANGEBOT<\/h3>\n<p>Verpalin\u00ae wird als Flachfolie, Halbschlauch und Schlauch (bis 4.000mm Breite) geliefert: die Folie kann mit bis zu 10 Farben nach dem Flexo-Verfahren bedruckt werden \u2013 die max. Druckbreite betr\u00e4gt 1650\u00a0mm.<\/p>\n<p>Wir bieten auch an:<\/p>\n<ul>\n<li>Trennschichtfolie,<\/li>\n<li>VCI-Folie,<\/li>\n<li>Tiefk\u00fchlfolie und -beutel \u2013 antibakteriell,<\/li>\n<li>konfektionierte Produkte:<\/li>\n<li>Dehnhauben,<\/li>\n<li>Kaschierfolie,<\/li>\n<li>EASY OPEN Beutel,<\/li>\n<li>EASY COVER f\u00fcr Boxen E1\/E2\/E3,<\/li>\n<li>Beutel f\u00fcr die Lebensmittelindustrie (lose oder perforiert auf Rolle).<\/li>\n<\/ul>\n","protected":false},"featured_media":7759,"template":"","meta":[],"product_cat":[113],"product_tag":[],"class_list":{"0":"post-7957","1":"product","2":"type-product","3":"status-publish","4":"has-post-thumbnail","6":"product_cat-folie-termoplastyczne-de","8":"first","9":"instock","10":"taxable","11":"shipping-taxable","12":"product-type-simple"},"etheme_brands":{"errors":{"invalid_taxonomy":["Die Taxonomie ist ung\u00fcltig."]},"error_data":[]},"yoast_head":"<!-- This site is optimized with the Yoast SEO plugin v22.9 - https:\/\/yoast.com\/wordpress\/plugins\/seo\/ -->\n<title>THERMOPLASTISCHE FOLIE VERPALIN\u00ae - Andra Pak<\/title>\n<meta name=\"robots\" content=\"index, follow, max-snippet:-1, max-image-preview:large, max-video-preview:-1\" \/>\n<link rel=\"canonical\" href=\"http:\/\/andra-pak.pl\/de\/produkt\/thermoplastische-folie-verpalin\/\" \/>\n<meta property=\"og:locale\" content=\"de_DE\" \/>\n<meta property=\"og:type\" content=\"article\" \/>\n<meta property=\"og:title\" content=\"THERMOPLASTISCHE FOLIE VERPALIN\u00ae - Andra Pak\" \/>\n<meta property=\"og:description\" content=\"WIR SIND ALS VERTRETR DER MARKE T\u00c4TIG  In den 90er Jahren brachten wir die deutschen VERPALIN-Folien auf den polnischen Markt. Nach einigen Jahren hat unsere Gesch\u00e4ftspartnerin  \u2013 die Verpa Folie GmbH \u2013 ihre Produktion in der N\u00e4he von Wroc\u0142aw aufgenommen und bis heute erobern wir gemeinsam den Markt. VERPALIN\u00ae \u2013 EIGENSCHAFTEN UND VORTEILE VERPALIN\u00ae ist eine extrem rei\u00dffeste und zugfeste Polyethylenfolie, die f\u00fcr alle Anwendungen geeignet ist:   erm\u00f6glicht die Reduzierung der Materialst\u00e4rke um bis zu 50%;  bewahrt die hervorragende, stabile Festigkeit des Materials;  reduziert Entsorgungskosten;  minimale Schrumpfung in L\u00e4ngsrichtung, maximale in Querrichtung;  spart Energie und Zeit beim Verpackungsprozess sowie den Lagerplatz;  zu 100\u00a0% recycelbar;  zerf\u00e4llt bei der Verbrennung in CO2 und Wasser;  hat einen hohen Energiegehalt: 1 kg PE = 1 kg Heiz\u00f6l;  umweltneutral;  geringes Eigengewicht;  mit BRC.  VERPALIN\u00ae \u2013 ANGEBOT Verpalin\u00ae wird als Flachfolie, Halbschlauch und Schlauch (bis 4.000mm Breite) geliefert: die Folie kann mit bis zu 10 Farben nach dem Flexo-Verfahren bedruckt werden \u2013 die max. Druckbreite betr\u00e4gt 1650\u00a0mm.  Wir bieten auch an:   Trennschichtfolie,  VCI-Folie,  Tiefk\u00fchlfolie und -beutel \u2013 antibakteriell,  konfektionierte Produkte:  Dehnhauben,  Kaschierfolie,  EASY OPEN Beutel,  EASY COVER f\u00fcr Boxen E1\/E2\/E3,  Beutel f\u00fcr die Lebensmittelindustrie (lose oder perforiert auf Rolle).\" \/>\n<meta property=\"og:url\" content=\"http:\/\/andra-pak.pl\/de\/produkt\/thermoplastische-folie-verpalin\/\" \/>\n<meta property=\"og:site_name\" content=\"Andra Pak\" \/>\n<meta property=\"article:modified_time\" content=\"2018-05-02T12:40:02+00:00\" \/>\n<meta property=\"og:image\" content=\"http:\/\/andra-pak.pl\/wp-content\/uploads\/2017\/12\/ver4.jpg\" \/>\n\t<meta property=\"og:image:width\" content=\"346\" \/>\n\t<meta property=\"og:image:height\" content=\"550\" \/>\n\t<meta property=\"og:image:type\" content=\"image\/jpeg\" \/>\n<meta name=\"twitter:card\" content=\"summary_large_image\" \/>\n<script type=\"application\/ld+json\" class=\"yoast-schema-graph\">{\"@context\":\"https:\/\/schema.org\",\"@graph\":[{\"@type\":\"WebPage\",\"@id\":\"http:\/\/andra-pak.pl\/de\/produkt\/thermoplastische-folie-verpalin\/\",\"url\":\"http:\/\/andra-pak.pl\/de\/produkt\/thermoplastische-folie-verpalin\/\",\"name\":\"THERMOPLASTISCHE FOLIE VERPALIN\u00ae - Andra Pak\",\"isPartOf\":{\"@id\":\"http:\/\/andra-pak.pl\/#website\"},\"primaryImageOfPage\":{\"@id\":\"http:\/\/andra-pak.pl\/de\/produkt\/thermoplastische-folie-verpalin\/#primaryimage\"},\"image\":{\"@id\":\"http:\/\/andra-pak.pl\/de\/produkt\/thermoplastische-folie-verpalin\/#primaryimage\"},\"thumbnailUrl\":\"https:\/\/andra-pak.pl\/wp-content\/uploads\/2017\/12\/ver4.jpg\",\"datePublished\":\"2017-12-08T13:13:46+00:00\",\"dateModified\":\"2018-05-02T12:40:02+00:00\",\"breadcrumb\":{\"@id\":\"http:\/\/andra-pak.pl\/de\/produkt\/thermoplastische-folie-verpalin\/#breadcrumb\"},\"inLanguage\":\"de\",\"potentialAction\":[{\"@type\":\"ReadAction\",\"target\":[\"http:\/\/andra-pak.pl\/de\/produkt\/thermoplastische-folie-verpalin\/\"]}]},{\"@type\":\"ImageObject\",\"inLanguage\":\"de\",\"@id\":\"http:\/\/andra-pak.pl\/de\/produkt\/thermoplastische-folie-verpalin\/#primaryimage\",\"url\":\"https:\/\/andra-pak.pl\/wp-content\/uploads\/2017\/12\/ver4.jpg\",\"contentUrl\":\"https:\/\/andra-pak.pl\/wp-content\/uploads\/2017\/12\/ver4.jpg\",\"width\":346,\"height\":550},{\"@type\":\"BreadcrumbList\",\"@id\":\"http:\/\/andra-pak.pl\/de\/produkt\/thermoplastische-folie-verpalin\/#breadcrumb\",\"itemListElement\":[{\"@type\":\"ListItem\",\"position\":1,\"name\":\"Strona g\u0142\u00f3wna\",\"item\":\"https:\/\/andra-pak.pl\/de\/\"},{\"@type\":\"ListItem\",\"position\":2,\"name\":\"Katalog: Skin Pack, Co-packing, Poligrafii, Folii i Urz\u0105dze\u0144\",\"item\":\"https:\/\/andra-pak.pl\/katalog-produktow-skin-pack-packing-poligrafii-folii-urzadzen\/\"},{\"@type\":\"ListItem\",\"position\":3,\"name\":\"THERMOPLASTISCHE FOLIE VERPALIN\u00ae\"}]},{\"@type\":\"WebSite\",\"@id\":\"http:\/\/andra-pak.pl\/#website\",\"url\":\"http:\/\/andra-pak.pl\/\",\"name\":\"Andra Pak\",\"description\":\"Produkcja opakowa\u0144 i Co-packing\",\"potentialAction\":[{\"@type\":\"SearchAction\",\"target\":{\"@type\":\"EntryPoint\",\"urlTemplate\":\"http:\/\/andra-pak.pl\/?s={search_term_string}\"},\"query-input\":\"required name=search_term_string\"}],\"inLanguage\":\"de\"}]}<\/script>\n<!-- \/ Yoast SEO plugin. -->","yoast_head_json":{"title":"THERMOPLASTISCHE FOLIE VERPALIN\u00ae - Andra Pak","robots":{"index":"index","follow":"follow","max-snippet":"max-snippet:-1","max-image-preview":"max-image-preview:large","max-video-preview":"max-video-preview:-1"},"canonical":"http:\/\/andra-pak.pl\/de\/produkt\/thermoplastische-folie-verpalin\/","og_locale":"de_DE","og_type":"article","og_title":"THERMOPLASTISCHE FOLIE VERPALIN\u00ae - Andra Pak","og_description":"WIR SIND ALS VERTRETR DER MARKE T\u00c4TIG  In den 90er Jahren brachten wir die deutschen VERPALIN-Folien auf den polnischen Markt. Nach einigen Jahren hat unsere Gesch\u00e4ftspartnerin  \u2013 die Verpa Folie GmbH \u2013 ihre Produktion in der N\u00e4he von Wroc\u0142aw aufgenommen und bis heute erobern wir gemeinsam den Markt. VERPALIN\u00ae \u2013 EIGENSCHAFTEN UND VORTEILE VERPALIN\u00ae ist eine extrem rei\u00dffeste und zugfeste Polyethylenfolie, die f\u00fcr alle Anwendungen geeignet ist:   erm\u00f6glicht die Reduzierung der Materialst\u00e4rke um bis zu 50%;  bewahrt die hervorragende, stabile Festigkeit des Materials;  reduziert Entsorgungskosten;  minimale Schrumpfung in L\u00e4ngsrichtung, maximale in Querrichtung;  spart Energie und Zeit beim Verpackungsprozess sowie den Lagerplatz;  zu 100\u00a0% recycelbar;  zerf\u00e4llt bei der Verbrennung in CO2 und Wasser;  hat einen hohen Energiegehalt: 1 kg PE = 1 kg Heiz\u00f6l;  umweltneutral;  geringes Eigengewicht;  mit BRC.  VERPALIN\u00ae \u2013 ANGEBOT Verpalin\u00ae wird als Flachfolie, Halbschlauch und Schlauch (bis 4.000mm Breite) geliefert: die Folie kann mit bis zu 10 Farben nach dem Flexo-Verfahren bedruckt werden \u2013 die max. Druckbreite betr\u00e4gt 1650\u00a0mm.  Wir bieten auch an:   Trennschichtfolie,  VCI-Folie,  Tiefk\u00fchlfolie und -beutel \u2013 antibakteriell,  konfektionierte Produkte:  Dehnhauben,  Kaschierfolie,  EASY OPEN Beutel,  EASY COVER f\u00fcr Boxen E1\/E2\/E3,  Beutel f\u00fcr die Lebensmittelindustrie (lose oder perforiert auf Rolle).","og_url":"http:\/\/andra-pak.pl\/de\/produkt\/thermoplastische-folie-verpalin\/","og_site_name":"Andra Pak","article_modified_time":"2018-05-02T12:40:02+00:00","og_image":[{"width":346,"height":550,"url":"http:\/\/andra-pak.pl\/wp-content\/uploads\/2017\/12\/ver4.jpg","type":"image\/jpeg"}],"twitter_card":"summary_large_image","schema":{"@context":"https:\/\/schema.org","@graph":[{"@type":"WebPage","@id":"http:\/\/andra-pak.pl\/de\/produkt\/thermoplastische-folie-verpalin\/","url":"http:\/\/andra-pak.pl\/de\/produkt\/thermoplastische-folie-verpalin\/","name":"THERMOPLASTISCHE FOLIE VERPALIN\u00ae - Andra Pak","isPartOf":{"@id":"http:\/\/andra-pak.pl\/#website"},"primaryImageOfPage":{"@id":"http:\/\/andra-pak.pl\/de\/produkt\/thermoplastische-folie-verpalin\/#primaryimage"},"image":{"@id":"http:\/\/andra-pak.pl\/de\/produkt\/thermoplastische-folie-verpalin\/#primaryimage"},"thumbnailUrl":"https:\/\/andra-pak.pl\/wp-content\/uploads\/2017\/12\/ver4.jpg","datePublished":"2017-12-08T13:13:46+00:00","dateModified":"2018-05-02T12:40:02+00:00","breadcrumb":{"@id":"http:\/\/andra-pak.pl\/de\/produkt\/thermoplastische-folie-verpalin\/#breadcrumb"},"inLanguage":"de","potentialAction":[{"@type":"ReadAction","target":["http:\/\/andra-pak.pl\/de\/produkt\/thermoplastische-folie-verpalin\/"]}]},{"@type":"ImageObject","inLanguage":"de","@id":"http:\/\/andra-pak.pl\/de\/produkt\/thermoplastische-folie-verpalin\/#primaryimage","url":"https:\/\/andra-pak.pl\/wp-content\/uploads\/2017\/12\/ver4.jpg","contentUrl":"https:\/\/andra-pak.pl\/wp-content\/uploads\/2017\/12\/ver4.jpg","width":346,"height":550},{"@type":"BreadcrumbList","@id":"http:\/\/andra-pak.pl\/de\/produkt\/thermoplastische-folie-verpalin\/#breadcrumb","itemListElement":[{"@type":"ListItem","position":1,"name":"Strona g\u0142\u00f3wna","item":"https:\/\/andra-pak.pl\/de\/"},{"@type":"ListItem","position":2,"name":"Katalog: Skin Pack, Co-packing, Poligrafii, Folii i Urz\u0105dze\u0144","item":"https:\/\/andra-pak.pl\/katalog-produktow-skin-pack-packing-poligrafii-folii-urzadzen\/"},{"@type":"ListItem","position":3,"name":"THERMOPLASTISCHE FOLIE VERPALIN\u00ae"}]},{"@type":"WebSite","@id":"http:\/\/andra-pak.pl\/#website","url":"http:\/\/andra-pak.pl\/","name":"Andra Pak","description":"Produkcja opakowa\u0144 i Co-packing","potentialAction":[{"@type":"SearchAction","target":{"@type":"EntryPoint","urlTemplate":"http:\/\/andra-pak.pl\/?s={search_term_string}"},"query-input":"required name=search_term_string"}],"inLanguage":"de"}]}},"_links":{"self":[{"href":"https:\/\/andra-pak.pl\/de\/wp-json\/wp\/v2\/product\/7957","targetHints":{"allow":["GET"]}}],"collection":[{"href":"https:\/\/andra-pak.pl\/de\/wp-json\/wp\/v2\/product"}],"about":[{"href":"https:\/\/andra-pak.pl\/de\/wp-json\/wp\/v2\/types\/product"}],"wp:featuredmedia":[{"embeddable":true,"href":"https:\/\/andra-pak.pl\/de\/wp-json\/wp\/v2\/media\/7759"}],"wp:attachment":[{"href":"https:\/\/andra-pak.pl\/de\/wp-json\/wp\/v2\/media?parent=7957"}],"wp:term":[{"taxonomy":"product_cat","embeddable":true,"href":"https:\/\/andra-pak.pl\/de\/wp-json\/wp\/v2\/product_cat?post=7957"},{"taxonomy":"product_tag","embeddable":true,"href":"https:\/\/andra-pak.pl\/de\/wp-json\/wp\/v2\/product_tag?post=7957"}],"curies":[{"name":"wp","href":"https:\/\/api.w.org\/{rel}","templated":true}]}}