{"id":7960,"date":"2017-11-29T16:23:44","date_gmt":"2017-11-29T16:23:44","guid":{"rendered":"https:\/\/andra-pak.pl\/produkt\/folia-surlin-skin\/"},"modified":"2018-05-02T13:22:32","modified_gmt":"2018-05-02T13:22:32","slug":"surlin-skinfolie","status":"publish","type":"product","link":"https:\/\/andra-pak.pl\/de\/produkt\/surlin-skinfolie\/","title":{"rendered":"SURLIN- &#038; SKINFOLIE"},"content":{"rendered":"","protected":false},"excerpt":{"rendered":"<ul>\n<li>Zum Verpacken von hohen und scharfkantigen Produkten.<\/li>\n<li>Ideale Umh\u00fcllung des zu verpackenden Produkts.<\/li>\n<li>Hervorragende Darstellung der verpackten Artikel.<\/li>\n<li>Veredelt den Druck auf dem Karton.<\/li>\n<li>Erhebliche Verbesserung des Verpackungsprozesses.<\/li>\n<\/ul>\n<p><strong>Vorteile der SURLIN-Folie auf Basis von Syrlyn\u00ae-Granulat:<\/strong><\/p>\n<ul>\n<li>hohe Durchsto\u00df- und Zugfestigkeit,<\/li>\n<li>kristallklare Durchsichtigkeit,<\/li>\n<li>hohe Plastizit\u00e4t,<\/li>\n<li>kurze Aufw\u00e4rmzeit.<\/li>\n<\/ul>\n<p><strong>Die SKIN-PE-Folie<\/strong> ist eine Alternative zur Surlin-Folie, die das Verpacken von weniger anspruchsvollen Elementen (z.B. niedrige, abgerundete Formen) nach dem Skin-Pack-Vakuumverfahren erm\u00f6glicht.<\/p>\n<p>Gemeinsame Merkmale<\/p>\n<ul>\n<li>Sowohl SURLIN- als auch SKIN-PE-Folien sind mit einer Klebeschicht \u00fcberzogen, die es erm\u00f6glicht, sie mit einer Kartonr\u00fcckwand zu verschwei\u00dfen.<\/li>\n<li>Bei Bedarf bieten wir die M\u00f6glichkeit, die Folie ohne Klebstoff aufzubringen.<\/li>\n<\/ul>\n<p>&nbsp;<\/p>\n","protected":false},"featured_media":7945,"template":"","meta":[],"product_cat":[104],"product_tag":[],"class_list":{"0":"post-7960","1":"product","2":"type-product","3":"status-publish","4":"has-post-thumbnail","6":"product_cat-skin-pack-de","8":"first","9":"instock","10":"taxable","11":"shipping-taxable","12":"product-type-simple"},"etheme_brands":{"errors":{"invalid_taxonomy":["Die Taxonomie ist ung\u00fcltig."]},"error_data":[]},"yoast_head":"<!-- This site is optimized with the Yoast SEO plugin v22.9 - https:\/\/yoast.com\/wordpress\/plugins\/seo\/ -->\n<title>SURLIN- &amp; SKINFOLIE - Andra Pak<\/title>\n<meta name=\"robots\" content=\"index, follow, max-snippet:-1, max-image-preview:large, max-video-preview:-1\" \/>\n<link rel=\"canonical\" href=\"http:\/\/andra-pak.pl\/de\/produkt\/surlin-skinfolie\/\" \/>\n<meta property=\"og:locale\" content=\"de_DE\" \/>\n<meta property=\"og:type\" content=\"article\" \/>\n<meta property=\"og:title\" content=\"SURLIN- &amp; SKINFOLIE - Andra Pak\" \/>\n<meta property=\"og:description\" content=\"Zum Verpacken von hohen und scharfkantigen Produkten.  Ideale Umh\u00fcllung des zu verpackenden Produkts.  Hervorragende Darstellung der verpackten Artikel.  Veredelt den Druck auf dem Karton.  Erhebliche Verbesserung des Verpackungsprozesses.  Vorteile der SURLIN-Folie auf Basis von Syrlyn\u00ae-Granulat:   hohe Durchsto\u00df- und Zugfestigkeit,  kristallklare Durchsichtigkeit,  hohe Plastizit\u00e4t,  kurze Aufw\u00e4rmzeit.  Die SKIN-PE-Folie ist eine Alternative zur Surlin-Folie, die das Verpacken von weniger anspruchsvollen Elementen (z.B. niedrige, abgerundete Formen) nach dem Skin-Pack-Vakuumverfahren erm\u00f6glicht.  Gemeinsame Merkmale   Sowohl SURLIN- als auch SKIN-PE-Folien sind mit einer Klebeschicht \u00fcberzogen, die es erm\u00f6glicht, sie mit einer Kartonr\u00fcckwand zu verschwei\u00dfen.  Bei Bedarf bieten wir die M\u00f6glichkeit, die Folie ohne Klebstoff aufzubringen.  &nbsp;\" \/>\n<meta property=\"og:url\" content=\"http:\/\/andra-pak.pl\/de\/produkt\/surlin-skinfolie\/\" \/>\n<meta property=\"og:site_name\" content=\"Andra Pak\" \/>\n<meta property=\"article:modified_time\" content=\"2018-05-02T13:22:32+00:00\" \/>\n<meta property=\"og:image\" content=\"http:\/\/andra-pak.pl\/wp-content\/uploads\/2017\/11\/Folia-surlin-Skin.jpg\" \/>\n\t<meta property=\"og:image:width\" content=\"1440\" \/>\n\t<meta property=\"og:image:height\" content=\"1440\" \/>\n\t<meta property=\"og:image:type\" content=\"image\/jpeg\" \/>\n<meta name=\"twitter:card\" content=\"summary_large_image\" \/>\n<script type=\"application\/ld+json\" class=\"yoast-schema-graph\">{\"@context\":\"https:\/\/schema.org\",\"@graph\":[{\"@type\":\"WebPage\",\"@id\":\"http:\/\/andra-pak.pl\/de\/produkt\/surlin-skinfolie\/\",\"url\":\"http:\/\/andra-pak.pl\/de\/produkt\/surlin-skinfolie\/\",\"name\":\"SURLIN- & SKINFOLIE - Andra Pak\",\"isPartOf\":{\"@id\":\"http:\/\/andra-pak.pl\/#website\"},\"primaryImageOfPage\":{\"@id\":\"http:\/\/andra-pak.pl\/de\/produkt\/surlin-skinfolie\/#primaryimage\"},\"image\":{\"@id\":\"http:\/\/andra-pak.pl\/de\/produkt\/surlin-skinfolie\/#primaryimage\"},\"thumbnailUrl\":\"https:\/\/andra-pak.pl\/wp-content\/uploads\/2017\/11\/Folia-surlin-Skin.jpg\",\"datePublished\":\"2017-11-29T16:23:44+00:00\",\"dateModified\":\"2018-05-02T13:22:32+00:00\",\"breadcrumb\":{\"@id\":\"http:\/\/andra-pak.pl\/de\/produkt\/surlin-skinfolie\/#breadcrumb\"},\"inLanguage\":\"de\",\"potentialAction\":[{\"@type\":\"ReadAction\",\"target\":[\"http:\/\/andra-pak.pl\/de\/produkt\/surlin-skinfolie\/\"]}]},{\"@type\":\"ImageObject\",\"inLanguage\":\"de\",\"@id\":\"http:\/\/andra-pak.pl\/de\/produkt\/surlin-skinfolie\/#primaryimage\",\"url\":\"https:\/\/andra-pak.pl\/wp-content\/uploads\/2017\/11\/Folia-surlin-Skin.jpg\",\"contentUrl\":\"https:\/\/andra-pak.pl\/wp-content\/uploads\/2017\/11\/Folia-surlin-Skin.jpg\",\"width\":1440,\"height\":1440,\"caption\":\"Industrial packing plastic film for food products\"},{\"@type\":\"BreadcrumbList\",\"@id\":\"http:\/\/andra-pak.pl\/de\/produkt\/surlin-skinfolie\/#breadcrumb\",\"itemListElement\":[{\"@type\":\"ListItem\",\"position\":1,\"name\":\"Strona g\u0142\u00f3wna\",\"item\":\"https:\/\/andra-pak.pl\/de\/\"},{\"@type\":\"ListItem\",\"position\":2,\"name\":\"Katalog: Skin Pack, Co-packing, Poligrafii, Folii i Urz\u0105dze\u0144\",\"item\":\"https:\/\/andra-pak.pl\/katalog-produktow-skin-pack-packing-poligrafii-folii-urzadzen\/\"},{\"@type\":\"ListItem\",\"position\":3,\"name\":\"SURLIN- &#038; SKINFOLIE\"}]},{\"@type\":\"WebSite\",\"@id\":\"http:\/\/andra-pak.pl\/#website\",\"url\":\"http:\/\/andra-pak.pl\/\",\"name\":\"Andra Pak\",\"description\":\"Produkcja opakowa\u0144 i Co-packing\",\"potentialAction\":[{\"@type\":\"SearchAction\",\"target\":{\"@type\":\"EntryPoint\",\"urlTemplate\":\"http:\/\/andra-pak.pl\/?s={search_term_string}\"},\"query-input\":\"required name=search_term_string\"}],\"inLanguage\":\"de\"}]}<\/script>\n<!-- \/ Yoast SEO plugin. -->","yoast_head_json":{"title":"SURLIN- & SKINFOLIE - Andra Pak","robots":{"index":"index","follow":"follow","max-snippet":"max-snippet:-1","max-image-preview":"max-image-preview:large","max-video-preview":"max-video-preview:-1"},"canonical":"http:\/\/andra-pak.pl\/de\/produkt\/surlin-skinfolie\/","og_locale":"de_DE","og_type":"article","og_title":"SURLIN- & SKINFOLIE - Andra Pak","og_description":"Zum Verpacken von hohen und scharfkantigen Produkten.  Ideale Umh\u00fcllung des zu verpackenden Produkts.  Hervorragende Darstellung der verpackten Artikel.  Veredelt den Druck auf dem Karton.  Erhebliche Verbesserung des Verpackungsprozesses.  Vorteile der SURLIN-Folie auf Basis von Syrlyn\u00ae-Granulat:   hohe Durchsto\u00df- und Zugfestigkeit,  kristallklare Durchsichtigkeit,  hohe Plastizit\u00e4t,  kurze Aufw\u00e4rmzeit.  Die SKIN-PE-Folie ist eine Alternative zur Surlin-Folie, die das Verpacken von weniger anspruchsvollen Elementen (z.B. niedrige, abgerundete Formen) nach dem Skin-Pack-Vakuumverfahren erm\u00f6glicht.  Gemeinsame Merkmale   Sowohl SURLIN- als auch SKIN-PE-Folien sind mit einer Klebeschicht \u00fcberzogen, die es erm\u00f6glicht, sie mit einer Kartonr\u00fcckwand zu verschwei\u00dfen.  Bei Bedarf bieten wir die M\u00f6glichkeit, die Folie ohne Klebstoff aufzubringen.  &nbsp;","og_url":"http:\/\/andra-pak.pl\/de\/produkt\/surlin-skinfolie\/","og_site_name":"Andra Pak","article_modified_time":"2018-05-02T13:22:32+00:00","og_image":[{"width":1440,"height":1440,"url":"http:\/\/andra-pak.pl\/wp-content\/uploads\/2017\/11\/Folia-surlin-Skin.jpg","type":"image\/jpeg"}],"twitter_card":"summary_large_image","schema":{"@context":"https:\/\/schema.org","@graph":[{"@type":"WebPage","@id":"http:\/\/andra-pak.pl\/de\/produkt\/surlin-skinfolie\/","url":"http:\/\/andra-pak.pl\/de\/produkt\/surlin-skinfolie\/","name":"SURLIN- & SKINFOLIE - Andra Pak","isPartOf":{"@id":"http:\/\/andra-pak.pl\/#website"},"primaryImageOfPage":{"@id":"http:\/\/andra-pak.pl\/de\/produkt\/surlin-skinfolie\/#primaryimage"},"image":{"@id":"http:\/\/andra-pak.pl\/de\/produkt\/surlin-skinfolie\/#primaryimage"},"thumbnailUrl":"https:\/\/andra-pak.pl\/wp-content\/uploads\/2017\/11\/Folia-surlin-Skin.jpg","datePublished":"2017-11-29T16:23:44+00:00","dateModified":"2018-05-02T13:22:32+00:00","breadcrumb":{"@id":"http:\/\/andra-pak.pl\/de\/produkt\/surlin-skinfolie\/#breadcrumb"},"inLanguage":"de","potentialAction":[{"@type":"ReadAction","target":["http:\/\/andra-pak.pl\/de\/produkt\/surlin-skinfolie\/"]}]},{"@type":"ImageObject","inLanguage":"de","@id":"http:\/\/andra-pak.pl\/de\/produkt\/surlin-skinfolie\/#primaryimage","url":"https:\/\/andra-pak.pl\/wp-content\/uploads\/2017\/11\/Folia-surlin-Skin.jpg","contentUrl":"https:\/\/andra-pak.pl\/wp-content\/uploads\/2017\/11\/Folia-surlin-Skin.jpg","width":1440,"height":1440,"caption":"Industrial packing plastic film for food products"},{"@type":"BreadcrumbList","@id":"http:\/\/andra-pak.pl\/de\/produkt\/surlin-skinfolie\/#breadcrumb","itemListElement":[{"@type":"ListItem","position":1,"name":"Strona g\u0142\u00f3wna","item":"https:\/\/andra-pak.pl\/de\/"},{"@type":"ListItem","position":2,"name":"Katalog: Skin Pack, Co-packing, Poligrafii, Folii i Urz\u0105dze\u0144","item":"https:\/\/andra-pak.pl\/katalog-produktow-skin-pack-packing-poligrafii-folii-urzadzen\/"},{"@type":"ListItem","position":3,"name":"SURLIN- &#038; SKINFOLIE"}]},{"@type":"WebSite","@id":"http:\/\/andra-pak.pl\/#website","url":"http:\/\/andra-pak.pl\/","name":"Andra Pak","description":"Produkcja opakowa\u0144 i Co-packing","potentialAction":[{"@type":"SearchAction","target":{"@type":"EntryPoint","urlTemplate":"http:\/\/andra-pak.pl\/?s={search_term_string}"},"query-input":"required name=search_term_string"}],"inLanguage":"de"}]}},"_links":{"self":[{"href":"https:\/\/andra-pak.pl\/de\/wp-json\/wp\/v2\/product\/7960","targetHints":{"allow":["GET"]}}],"collection":[{"href":"https:\/\/andra-pak.pl\/de\/wp-json\/wp\/v2\/product"}],"about":[{"href":"https:\/\/andra-pak.pl\/de\/wp-json\/wp\/v2\/types\/product"}],"wp:featuredmedia":[{"embeddable":true,"href":"https:\/\/andra-pak.pl\/de\/wp-json\/wp\/v2\/media\/7945"}],"wp:attachment":[{"href":"https:\/\/andra-pak.pl\/de\/wp-json\/wp\/v2\/media?parent=7960"}],"wp:term":[{"taxonomy":"product_cat","embeddable":true,"href":"https:\/\/andra-pak.pl\/de\/wp-json\/wp\/v2\/product_cat?post=7960"},{"taxonomy":"product_tag","embeddable":true,"href":"https:\/\/andra-pak.pl\/de\/wp-json\/wp\/v2\/product_tag?post=7960"}],"curies":[{"name":"wp","href":"https:\/\/api.w.org\/{rel}","templated":true}]}}