{"id":7984,"date":"2017-12-08T13:21:13","date_gmt":"2017-12-08T13:21:13","guid":{"rendered":"https:\/\/andra-pak.pl\/produkt\/poliolefina-typ-vp\/"},"modified":"2018-05-02T14:19:28","modified_gmt":"2018-05-02T14:19:28","slug":"polyolefin-typ-vp","status":"publish","type":"product","link":"https:\/\/andra-pak.pl\/de\/produkt\/polyolefin-typ-vp\/","title":{"rendered":"POLYOLEFIN TYP VP"},"content":{"rendered":"","protected":false},"excerpt":{"rendered":"<p>Polyolefin Typ VP ist eine vernetzte, mehrschichtige Schrumpffolie auf Basis von Polyolefinen mit folgenden Eigenschaften:<\/p>\n<ul>\n<li>erh\u00f6hte Durchsto\u00df-, Zug- und Rei\u00dffestigkeit;<\/li>\n<li>hohe Durchsichtigkeit, perfekte Schrumpfung und starke Schwei\u00dfnaht;<\/li>\n<li>ideal f\u00fcr schnelle FLOW-PACK-Anlagen bis 100 Takte pro Minute sowie f\u00fcr Halbautomaten und Winkelschwei\u00dfer;<\/li>\n<li>erh\u00e4ltlich in Form von Flachfolie und Halbschlauch in St\u00e4rken von 0,010 bis 0,025\u00a0mm und Breiten von 200 bis 2.000\u00a0mm;<\/li>\n<li>bietet die M\u00f6glichkeit der Bedruckung der Folie und der Perforation;<\/li>\n<li>ist f\u00fcr den direkten Lebensmittelkontakt zugelassen.<\/li>\n<\/ul>\n","protected":false},"featured_media":7768,"template":"","meta":[],"product_cat":[113],"product_tag":[],"class_list":{"0":"post-7984","1":"product","2":"type-product","3":"status-publish","4":"has-post-thumbnail","6":"product_cat-folie-termoplastyczne-de","8":"first","9":"instock","10":"taxable","11":"shipping-taxable","12":"product-type-simple"},"etheme_brands":{"errors":{"invalid_taxonomy":["Die Taxonomie ist ung\u00fcltig."]},"error_data":[]},"yoast_head":"<!-- This site is optimized with the Yoast SEO plugin v22.9 - https:\/\/yoast.com\/wordpress\/plugins\/seo\/ -->\n<title>POLYOLEFIN TYP VP - Andra Pak<\/title>\n<meta name=\"robots\" content=\"index, follow, max-snippet:-1, max-image-preview:large, max-video-preview:-1\" \/>\n<link rel=\"canonical\" href=\"https:\/\/andra-pak.pl\/de\/produkt\/polyolefin-typ-vp\/\" \/>\n<meta property=\"og:locale\" content=\"de_DE\" \/>\n<meta property=\"og:type\" content=\"article\" \/>\n<meta property=\"og:title\" content=\"POLYOLEFIN TYP VP - Andra Pak\" \/>\n<meta property=\"og:description\" content=\"Polyolefin Typ VP ist eine vernetzte, mehrschichtige Schrumpffolie auf Basis von Polyolefinen mit folgenden Eigenschaften:   erh\u00f6hte Durchsto\u00df-, Zug- und Rei\u00dffestigkeit;  hohe Durchsichtigkeit, perfekte Schrumpfung und starke Schwei\u00dfnaht;  ideal f\u00fcr schnelle FLOW-PACK-Anlagen bis 100 Takte pro Minute sowie f\u00fcr Halbautomaten und Winkelschwei\u00dfer;  erh\u00e4ltlich in Form von Flachfolie und Halbschlauch in St\u00e4rken von 0,010 bis 0,025\u00a0mm und Breiten von 200 bis 2.000\u00a0mm;  bietet die M\u00f6glichkeit der Bedruckung der Folie und der Perforation;  ist f\u00fcr den direkten Lebensmittelkontakt zugelassen.\" \/>\n<meta property=\"og:url\" content=\"https:\/\/andra-pak.pl\/de\/produkt\/polyolefin-typ-vp\/\" \/>\n<meta property=\"og:site_name\" content=\"Andra Pak\" \/>\n<meta property=\"article:modified_time\" content=\"2018-05-02T14:19:28+00:00\" \/>\n<meta property=\"og:image\" content=\"https:\/\/andra-pak.pl\/wp-content\/uploads\/2017\/12\/Poliolefina-typ-VP-to-sieciowana-wielowarstwowa-folia-termokurczliwa-na-bazie-poliolefin-1.jpg\" \/>\n\t<meta property=\"og:image:width\" content=\"775\" \/>\n\t<meta property=\"og:image:height\" content=\"519\" \/>\n\t<meta property=\"og:image:type\" content=\"image\/jpeg\" \/>\n<meta name=\"twitter:card\" content=\"summary_large_image\" \/>\n<script type=\"application\/ld+json\" class=\"yoast-schema-graph\">{\"@context\":\"https:\/\/schema.org\",\"@graph\":[{\"@type\":\"WebPage\",\"@id\":\"https:\/\/andra-pak.pl\/de\/produkt\/polyolefin-typ-vp\/\",\"url\":\"https:\/\/andra-pak.pl\/de\/produkt\/polyolefin-typ-vp\/\",\"name\":\"POLYOLEFIN TYP VP - Andra Pak\",\"isPartOf\":{\"@id\":\"https:\/\/andra-pak.pl\/#website\"},\"primaryImageOfPage\":{\"@id\":\"https:\/\/andra-pak.pl\/de\/produkt\/polyolefin-typ-vp\/#primaryimage\"},\"image\":{\"@id\":\"https:\/\/andra-pak.pl\/de\/produkt\/polyolefin-typ-vp\/#primaryimage\"},\"thumbnailUrl\":\"https:\/\/andra-pak.pl\/wp-content\/uploads\/2017\/12\/Poliolefina-typ-VP-to-sieciowana-wielowarstwowa-folia-termokurczliwa-na-bazie-poliolefin-1.jpg\",\"datePublished\":\"2017-12-08T13:21:13+00:00\",\"dateModified\":\"2018-05-02T14:19:28+00:00\",\"breadcrumb\":{\"@id\":\"https:\/\/andra-pak.pl\/de\/produkt\/polyolefin-typ-vp\/#breadcrumb\"},\"inLanguage\":\"de\",\"potentialAction\":[{\"@type\":\"ReadAction\",\"target\":[\"https:\/\/andra-pak.pl\/de\/produkt\/polyolefin-typ-vp\/\"]}]},{\"@type\":\"ImageObject\",\"inLanguage\":\"de\",\"@id\":\"https:\/\/andra-pak.pl\/de\/produkt\/polyolefin-typ-vp\/#primaryimage\",\"url\":\"https:\/\/andra-pak.pl\/wp-content\/uploads\/2017\/12\/Poliolefina-typ-VP-to-sieciowana-wielowarstwowa-folia-termokurczliwa-na-bazie-poliolefin-1.jpg\",\"contentUrl\":\"https:\/\/andra-pak.pl\/wp-content\/uploads\/2017\/12\/Poliolefina-typ-VP-to-sieciowana-wielowarstwowa-folia-termokurczliwa-na-bazie-poliolefin-1.jpg\",\"width\":775,\"height\":519,\"caption\":\"SONY DSC\"},{\"@type\":\"BreadcrumbList\",\"@id\":\"https:\/\/andra-pak.pl\/de\/produkt\/polyolefin-typ-vp\/#breadcrumb\",\"itemListElement\":[{\"@type\":\"ListItem\",\"position\":1,\"name\":\"Strona g\u0142\u00f3wna\",\"item\":\"https:\/\/andra-pak.pl\/de\/\"},{\"@type\":\"ListItem\",\"position\":2,\"name\":\"Katalog: Skin Pack, Co-packing, Poligrafii, Folii i Urz\u0105dze\u0144\",\"item\":\"https:\/\/andra-pak.pl\/katalog-produktow-skin-pack-packing-poligrafii-folii-urzadzen\/\"},{\"@type\":\"ListItem\",\"position\":3,\"name\":\"POLYOLEFIN TYP VP\"}]},{\"@type\":\"WebSite\",\"@id\":\"https:\/\/andra-pak.pl\/#website\",\"url\":\"https:\/\/andra-pak.pl\/\",\"name\":\"Andra Pak\",\"description\":\"Produkcja opakowa\u0144 i Co-packing\",\"potentialAction\":[{\"@type\":\"SearchAction\",\"target\":{\"@type\":\"EntryPoint\",\"urlTemplate\":\"https:\/\/andra-pak.pl\/?s={search_term_string}\"},\"query-input\":\"required name=search_term_string\"}],\"inLanguage\":\"de\"}]}<\/script>\n<!-- \/ Yoast SEO plugin. -->","yoast_head_json":{"title":"POLYOLEFIN TYP VP - Andra Pak","robots":{"index":"index","follow":"follow","max-snippet":"max-snippet:-1","max-image-preview":"max-image-preview:large","max-video-preview":"max-video-preview:-1"},"canonical":"https:\/\/andra-pak.pl\/de\/produkt\/polyolefin-typ-vp\/","og_locale":"de_DE","og_type":"article","og_title":"POLYOLEFIN TYP VP - Andra Pak","og_description":"Polyolefin Typ VP ist eine vernetzte, mehrschichtige Schrumpffolie auf Basis von Polyolefinen mit folgenden Eigenschaften:   erh\u00f6hte Durchsto\u00df-, Zug- und Rei\u00dffestigkeit;  hohe Durchsichtigkeit, perfekte Schrumpfung und starke Schwei\u00dfnaht;  ideal f\u00fcr schnelle FLOW-PACK-Anlagen bis 100 Takte pro Minute sowie f\u00fcr Halbautomaten und Winkelschwei\u00dfer;  erh\u00e4ltlich in Form von Flachfolie und Halbschlauch in St\u00e4rken von 0,010 bis 0,025\u00a0mm und Breiten von 200 bis 2.000\u00a0mm;  bietet die M\u00f6glichkeit der Bedruckung der Folie und der Perforation;  ist f\u00fcr den direkten Lebensmittelkontakt zugelassen.","og_url":"https:\/\/andra-pak.pl\/de\/produkt\/polyolefin-typ-vp\/","og_site_name":"Andra Pak","article_modified_time":"2018-05-02T14:19:28+00:00","og_image":[{"width":775,"height":519,"url":"https:\/\/andra-pak.pl\/wp-content\/uploads\/2017\/12\/Poliolefina-typ-VP-to-sieciowana-wielowarstwowa-folia-termokurczliwa-na-bazie-poliolefin-1.jpg","type":"image\/jpeg"}],"twitter_card":"summary_large_image","schema":{"@context":"https:\/\/schema.org","@graph":[{"@type":"WebPage","@id":"https:\/\/andra-pak.pl\/de\/produkt\/polyolefin-typ-vp\/","url":"https:\/\/andra-pak.pl\/de\/produkt\/polyolefin-typ-vp\/","name":"POLYOLEFIN TYP VP - Andra Pak","isPartOf":{"@id":"https:\/\/andra-pak.pl\/#website"},"primaryImageOfPage":{"@id":"https:\/\/andra-pak.pl\/de\/produkt\/polyolefin-typ-vp\/#primaryimage"},"image":{"@id":"https:\/\/andra-pak.pl\/de\/produkt\/polyolefin-typ-vp\/#primaryimage"},"thumbnailUrl":"https:\/\/andra-pak.pl\/wp-content\/uploads\/2017\/12\/Poliolefina-typ-VP-to-sieciowana-wielowarstwowa-folia-termokurczliwa-na-bazie-poliolefin-1.jpg","datePublished":"2017-12-08T13:21:13+00:00","dateModified":"2018-05-02T14:19:28+00:00","breadcrumb":{"@id":"https:\/\/andra-pak.pl\/de\/produkt\/polyolefin-typ-vp\/#breadcrumb"},"inLanguage":"de","potentialAction":[{"@type":"ReadAction","target":["https:\/\/andra-pak.pl\/de\/produkt\/polyolefin-typ-vp\/"]}]},{"@type":"ImageObject","inLanguage":"de","@id":"https:\/\/andra-pak.pl\/de\/produkt\/polyolefin-typ-vp\/#primaryimage","url":"https:\/\/andra-pak.pl\/wp-content\/uploads\/2017\/12\/Poliolefina-typ-VP-to-sieciowana-wielowarstwowa-folia-termokurczliwa-na-bazie-poliolefin-1.jpg","contentUrl":"https:\/\/andra-pak.pl\/wp-content\/uploads\/2017\/12\/Poliolefina-typ-VP-to-sieciowana-wielowarstwowa-folia-termokurczliwa-na-bazie-poliolefin-1.jpg","width":775,"height":519,"caption":"SONY DSC"},{"@type":"BreadcrumbList","@id":"https:\/\/andra-pak.pl\/de\/produkt\/polyolefin-typ-vp\/#breadcrumb","itemListElement":[{"@type":"ListItem","position":1,"name":"Strona g\u0142\u00f3wna","item":"https:\/\/andra-pak.pl\/de\/"},{"@type":"ListItem","position":2,"name":"Katalog: Skin Pack, Co-packing, Poligrafii, Folii i Urz\u0105dze\u0144","item":"https:\/\/andra-pak.pl\/katalog-produktow-skin-pack-packing-poligrafii-folii-urzadzen\/"},{"@type":"ListItem","position":3,"name":"POLYOLEFIN TYP VP"}]},{"@type":"WebSite","@id":"https:\/\/andra-pak.pl\/#website","url":"https:\/\/andra-pak.pl\/","name":"Andra Pak","description":"Produkcja opakowa\u0144 i Co-packing","potentialAction":[{"@type":"SearchAction","target":{"@type":"EntryPoint","urlTemplate":"https:\/\/andra-pak.pl\/?s={search_term_string}"},"query-input":"required name=search_term_string"}],"inLanguage":"de"}]}},"_links":{"self":[{"href":"https:\/\/andra-pak.pl\/de\/wp-json\/wp\/v2\/product\/7984","targetHints":{"allow":["GET"]}}],"collection":[{"href":"https:\/\/andra-pak.pl\/de\/wp-json\/wp\/v2\/product"}],"about":[{"href":"https:\/\/andra-pak.pl\/de\/wp-json\/wp\/v2\/types\/product"}],"wp:featuredmedia":[{"embeddable":true,"href":"https:\/\/andra-pak.pl\/de\/wp-json\/wp\/v2\/media\/7768"}],"wp:attachment":[{"href":"https:\/\/andra-pak.pl\/de\/wp-json\/wp\/v2\/media?parent=7984"}],"wp:term":[{"taxonomy":"product_cat","embeddable":true,"href":"https:\/\/andra-pak.pl\/de\/wp-json\/wp\/v2\/product_cat?post=7984"},{"taxonomy":"product_tag","embeddable":true,"href":"https:\/\/andra-pak.pl\/de\/wp-json\/wp\/v2\/product_tag?post=7984"}],"curies":[{"name":"wp","href":"https:\/\/api.w.org\/{rel}","templated":true}]}}