{"id":7990,"date":"2017-12-08T11:08:02","date_gmt":"2017-12-08T11:08:02","guid":{"rendered":"https:\/\/andra-pak.pl\/produkt\/termozawieszka-kartonowa-zawieszka-torebka-woreczek\/"},"modified":"2018-05-02T14:49:24","modified_gmt":"2018-05-02T14:49:24","slug":"verschweisster-aufhaenger-aufhaenger-aus-pappe-beutel-tuete","status":"publish","type":"product","link":"https:\/\/andra-pak.pl\/de\/produkt\/verschweisster-aufhaenger-aufhaenger-aus-pappe-beutel-tuete\/","title":{"rendered":"VERSCHWEISSTER AUFH\u00c4NGER: AUFH\u00c4NGER AUS PAPPE + BEUTEL \/ T\u00dcTE"},"content":{"rendered":"","protected":false},"excerpt":{"rendered":"<ul>\n<li>Verschwei\u00dfte Aufh\u00e4nger sind einzigartige Kartons mit Aufdruck und Euroloch, die durch Schwei\u00dfnaht mit einem Beutel oder einer T\u00fcte \u00e4sthetisch verbunden sind.<\/li>\n<li>Diese Produkte eliminieren die Verwendung von Metallklammern.<\/li>\n<li>Sie sehen toll aus und erh\u00f6hen das Werbe- und Verkaufspotenzial der Produkte.<\/li>\n<li>Sie bieten eine ausgezeichnete Dichtigkeit und Haltbarkeit.<\/li>\n<li>Die Aufh\u00e4nger k\u00f6nnen in jeder Gr\u00f6\u00dfe und Form hergestellt werden.<\/li>\n<\/ul>\n","protected":false},"featured_media":7861,"template":"","meta":[],"product_cat":[107,122],"product_tag":[],"class_list":{"0":"post-7990","1":"product","2":"type-product","3":"status-publish","4":"has-post-thumbnail","6":"product_cat-co-packing-de","7":"product_cat-termozawieszki-de","9":"first","10":"instock","11":"taxable","12":"shipping-taxable","13":"product-type-simple"},"etheme_brands":{"errors":{"invalid_taxonomy":["Die Taxonomie ist ung\u00fcltig."]},"error_data":[]},"yoast_head":"<!-- This site is optimized with the Yoast SEO plugin v22.9 - https:\/\/yoast.com\/wordpress\/plugins\/seo\/ -->\n<title>VERSCHWEISSTER AUFH\u00c4NGER: AUFH\u00c4NGER AUS PAPPE + BEUTEL \/ T\u00dcTE - Andra Pak<\/title>\n<meta name=\"robots\" content=\"index, follow, max-snippet:-1, max-image-preview:large, max-video-preview:-1\" \/>\n<link rel=\"canonical\" href=\"http:\/\/andra-pak.pl\/de\/produkt\/verschweisster-aufhaenger-aufhaenger-aus-pappe-beutel-tuete\/\" \/>\n<meta property=\"og:locale\" content=\"de_DE\" \/>\n<meta property=\"og:type\" content=\"article\" \/>\n<meta property=\"og:title\" content=\"VERSCHWEISSTER AUFH\u00c4NGER: AUFH\u00c4NGER AUS PAPPE + BEUTEL \/ T\u00dcTE - Andra Pak\" \/>\n<meta property=\"og:description\" content=\"Verschwei\u00dfte Aufh\u00e4nger sind einzigartige Kartons mit Aufdruck und Euroloch, die durch Schwei\u00dfnaht mit einem Beutel oder einer T\u00fcte \u00e4sthetisch verbunden sind.  Diese Produkte eliminieren die Verwendung von Metallklammern.  Sie sehen toll aus und erh\u00f6hen das Werbe- und Verkaufspotenzial der Produkte.  Sie bieten eine ausgezeichnete Dichtigkeit und Haltbarkeit.  Die Aufh\u00e4nger k\u00f6nnen in jeder Gr\u00f6\u00dfe und Form hergestellt werden.\" \/>\n<meta property=\"og:url\" content=\"http:\/\/andra-pak.pl\/de\/produkt\/verschweisster-aufhaenger-aufhaenger-aus-pappe-beutel-tuete\/\" \/>\n<meta property=\"og:site_name\" content=\"Andra Pak\" \/>\n<meta property=\"article:modified_time\" content=\"2018-05-02T14:49:24+00:00\" \/>\n<meta property=\"og:image\" content=\"http:\/\/andra-pak.pl\/wp-content\/uploads\/2017\/12\/DSC_2875.jpg\" \/>\n\t<meta property=\"og:image:width\" content=\"1080\" \/>\n\t<meta property=\"og:image:height\" content=\"1920\" \/>\n\t<meta property=\"og:image:type\" content=\"image\/jpeg\" \/>\n<meta name=\"twitter:card\" content=\"summary_large_image\" \/>\n<script type=\"application\/ld+json\" class=\"yoast-schema-graph\">{\"@context\":\"https:\/\/schema.org\",\"@graph\":[{\"@type\":\"WebPage\",\"@id\":\"http:\/\/andra-pak.pl\/de\/produkt\/verschweisster-aufhaenger-aufhaenger-aus-pappe-beutel-tuete\/\",\"url\":\"http:\/\/andra-pak.pl\/de\/produkt\/verschweisster-aufhaenger-aufhaenger-aus-pappe-beutel-tuete\/\",\"name\":\"VERSCHWEISSTER AUFH\u00c4NGER: AUFH\u00c4NGER AUS PAPPE + BEUTEL \/ T\u00dcTE - Andra Pak\",\"isPartOf\":{\"@id\":\"https:\/\/andra-pak.pl\/#website\"},\"primaryImageOfPage\":{\"@id\":\"http:\/\/andra-pak.pl\/de\/produkt\/verschweisster-aufhaenger-aufhaenger-aus-pappe-beutel-tuete\/#primaryimage\"},\"image\":{\"@id\":\"http:\/\/andra-pak.pl\/de\/produkt\/verschweisster-aufhaenger-aufhaenger-aus-pappe-beutel-tuete\/#primaryimage\"},\"thumbnailUrl\":\"https:\/\/andra-pak.pl\/wp-content\/uploads\/2017\/12\/DSC_2875.jpg\",\"datePublished\":\"2017-12-08T11:08:02+00:00\",\"dateModified\":\"2018-05-02T14:49:24+00:00\",\"breadcrumb\":{\"@id\":\"http:\/\/andra-pak.pl\/de\/produkt\/verschweisster-aufhaenger-aufhaenger-aus-pappe-beutel-tuete\/#breadcrumb\"},\"inLanguage\":\"de\",\"potentialAction\":[{\"@type\":\"ReadAction\",\"target\":[\"http:\/\/andra-pak.pl\/de\/produkt\/verschweisster-aufhaenger-aufhaenger-aus-pappe-beutel-tuete\/\"]}]},{\"@type\":\"ImageObject\",\"inLanguage\":\"de\",\"@id\":\"http:\/\/andra-pak.pl\/de\/produkt\/verschweisster-aufhaenger-aufhaenger-aus-pappe-beutel-tuete\/#primaryimage\",\"url\":\"https:\/\/andra-pak.pl\/wp-content\/uploads\/2017\/12\/DSC_2875.jpg\",\"contentUrl\":\"https:\/\/andra-pak.pl\/wp-content\/uploads\/2017\/12\/DSC_2875.jpg\",\"width\":1080,\"height\":1920},{\"@type\":\"BreadcrumbList\",\"@id\":\"http:\/\/andra-pak.pl\/de\/produkt\/verschweisster-aufhaenger-aufhaenger-aus-pappe-beutel-tuete\/#breadcrumb\",\"itemListElement\":[{\"@type\":\"ListItem\",\"position\":1,\"name\":\"Strona g\u0142\u00f3wna\",\"item\":\"https:\/\/andra-pak.pl\/de\/\"},{\"@type\":\"ListItem\",\"position\":2,\"name\":\"Katalog: Skin Pack, Co-packing, Poligrafii, Folii i Urz\u0105dze\u0144\",\"item\":\"https:\/\/andra-pak.pl\/katalog-produktow-skin-pack-packing-poligrafii-folii-urzadzen\/\"},{\"@type\":\"ListItem\",\"position\":3,\"name\":\"VERSCHWEISSTER AUFH\u00c4NGER: AUFH\u00c4NGER AUS PAPPE + BEUTEL \/ T\u00dcTE\"}]},{\"@type\":\"WebSite\",\"@id\":\"https:\/\/andra-pak.pl\/#website\",\"url\":\"https:\/\/andra-pak.pl\/\",\"name\":\"Andra Pak\",\"description\":\"Produkcja opakowa\u0144 i Co-packing\",\"potentialAction\":[{\"@type\":\"SearchAction\",\"target\":{\"@type\":\"EntryPoint\",\"urlTemplate\":\"https:\/\/andra-pak.pl\/?s={search_term_string}\"},\"query-input\":\"required name=search_term_string\"}],\"inLanguage\":\"de\"}]}<\/script>\n<!-- \/ Yoast SEO plugin. -->","yoast_head_json":{"title":"VERSCHWEISSTER AUFH\u00c4NGER: AUFH\u00c4NGER AUS PAPPE + BEUTEL \/ T\u00dcTE - Andra Pak","robots":{"index":"index","follow":"follow","max-snippet":"max-snippet:-1","max-image-preview":"max-image-preview:large","max-video-preview":"max-video-preview:-1"},"canonical":"http:\/\/andra-pak.pl\/de\/produkt\/verschweisster-aufhaenger-aufhaenger-aus-pappe-beutel-tuete\/","og_locale":"de_DE","og_type":"article","og_title":"VERSCHWEISSTER AUFH\u00c4NGER: AUFH\u00c4NGER AUS PAPPE + BEUTEL \/ T\u00dcTE - Andra Pak","og_description":"Verschwei\u00dfte Aufh\u00e4nger sind einzigartige Kartons mit Aufdruck und Euroloch, die durch Schwei\u00dfnaht mit einem Beutel oder einer T\u00fcte \u00e4sthetisch verbunden sind.  Diese Produkte eliminieren die Verwendung von Metallklammern.  Sie sehen toll aus und erh\u00f6hen das Werbe- und Verkaufspotenzial der Produkte.  Sie bieten eine ausgezeichnete Dichtigkeit und Haltbarkeit.  Die Aufh\u00e4nger k\u00f6nnen in jeder Gr\u00f6\u00dfe und Form hergestellt werden.","og_url":"http:\/\/andra-pak.pl\/de\/produkt\/verschweisster-aufhaenger-aufhaenger-aus-pappe-beutel-tuete\/","og_site_name":"Andra Pak","article_modified_time":"2018-05-02T14:49:24+00:00","og_image":[{"width":1080,"height":1920,"url":"http:\/\/andra-pak.pl\/wp-content\/uploads\/2017\/12\/DSC_2875.jpg","type":"image\/jpeg"}],"twitter_card":"summary_large_image","schema":{"@context":"https:\/\/schema.org","@graph":[{"@type":"WebPage","@id":"http:\/\/andra-pak.pl\/de\/produkt\/verschweisster-aufhaenger-aufhaenger-aus-pappe-beutel-tuete\/","url":"http:\/\/andra-pak.pl\/de\/produkt\/verschweisster-aufhaenger-aufhaenger-aus-pappe-beutel-tuete\/","name":"VERSCHWEISSTER AUFH\u00c4NGER: AUFH\u00c4NGER AUS PAPPE + BEUTEL \/ T\u00dcTE - Andra Pak","isPartOf":{"@id":"https:\/\/andra-pak.pl\/#website"},"primaryImageOfPage":{"@id":"http:\/\/andra-pak.pl\/de\/produkt\/verschweisster-aufhaenger-aufhaenger-aus-pappe-beutel-tuete\/#primaryimage"},"image":{"@id":"http:\/\/andra-pak.pl\/de\/produkt\/verschweisster-aufhaenger-aufhaenger-aus-pappe-beutel-tuete\/#primaryimage"},"thumbnailUrl":"https:\/\/andra-pak.pl\/wp-content\/uploads\/2017\/12\/DSC_2875.jpg","datePublished":"2017-12-08T11:08:02+00:00","dateModified":"2018-05-02T14:49:24+00:00","breadcrumb":{"@id":"http:\/\/andra-pak.pl\/de\/produkt\/verschweisster-aufhaenger-aufhaenger-aus-pappe-beutel-tuete\/#breadcrumb"},"inLanguage":"de","potentialAction":[{"@type":"ReadAction","target":["http:\/\/andra-pak.pl\/de\/produkt\/verschweisster-aufhaenger-aufhaenger-aus-pappe-beutel-tuete\/"]}]},{"@type":"ImageObject","inLanguage":"de","@id":"http:\/\/andra-pak.pl\/de\/produkt\/verschweisster-aufhaenger-aufhaenger-aus-pappe-beutel-tuete\/#primaryimage","url":"https:\/\/andra-pak.pl\/wp-content\/uploads\/2017\/12\/DSC_2875.jpg","contentUrl":"https:\/\/andra-pak.pl\/wp-content\/uploads\/2017\/12\/DSC_2875.jpg","width":1080,"height":1920},{"@type":"BreadcrumbList","@id":"http:\/\/andra-pak.pl\/de\/produkt\/verschweisster-aufhaenger-aufhaenger-aus-pappe-beutel-tuete\/#breadcrumb","itemListElement":[{"@type":"ListItem","position":1,"name":"Strona g\u0142\u00f3wna","item":"https:\/\/andra-pak.pl\/de\/"},{"@type":"ListItem","position":2,"name":"Katalog: Skin Pack, Co-packing, Poligrafii, Folii i Urz\u0105dze\u0144","item":"https:\/\/andra-pak.pl\/katalog-produktow-skin-pack-packing-poligrafii-folii-urzadzen\/"},{"@type":"ListItem","position":3,"name":"VERSCHWEISSTER AUFH\u00c4NGER: AUFH\u00c4NGER AUS PAPPE + BEUTEL \/ T\u00dcTE"}]},{"@type":"WebSite","@id":"https:\/\/andra-pak.pl\/#website","url":"https:\/\/andra-pak.pl\/","name":"Andra Pak","description":"Produkcja opakowa\u0144 i Co-packing","potentialAction":[{"@type":"SearchAction","target":{"@type":"EntryPoint","urlTemplate":"https:\/\/andra-pak.pl\/?s={search_term_string}"},"query-input":"required name=search_term_string"}],"inLanguage":"de"}]}},"_links":{"self":[{"href":"https:\/\/andra-pak.pl\/de\/wp-json\/wp\/v2\/product\/7990","targetHints":{"allow":["GET"]}}],"collection":[{"href":"https:\/\/andra-pak.pl\/de\/wp-json\/wp\/v2\/product"}],"about":[{"href":"https:\/\/andra-pak.pl\/de\/wp-json\/wp\/v2\/types\/product"}],"wp:featuredmedia":[{"embeddable":true,"href":"https:\/\/andra-pak.pl\/de\/wp-json\/wp\/v2\/media\/7861"}],"wp:attachment":[{"href":"https:\/\/andra-pak.pl\/de\/wp-json\/wp\/v2\/media?parent=7990"}],"wp:term":[{"taxonomy":"product_cat","embeddable":true,"href":"https:\/\/andra-pak.pl\/de\/wp-json\/wp\/v2\/product_cat?post=7990"},{"taxonomy":"product_tag","embeddable":true,"href":"https:\/\/andra-pak.pl\/de\/wp-json\/wp\/v2\/product_tag?post=7990"}],"curies":[{"name":"wp","href":"https:\/\/api.w.org\/{rel}","templated":true}]}}