{"id":7471,"date":"2017-12-08T10:38:52","date_gmt":"2017-12-08T10:38:52","guid":{"rendered":"https:\/\/andra-pak.pl\/produkt\/blister-zgrzewany-kartonik-wytloczka-tworzywa\/"},"modified":"2018-05-02T10:43:49","modified_gmt":"2018-05-02T10:43:49","slug":"welded-blister-pack-carton-plastic-drawpiece","status":"publish","type":"product","link":"https:\/\/andra-pak.pl\/en\/produkt\/welded-blister-pack-carton-plastic-drawpiece\/","title":{"rendered":"WELDED BLISTER PACK: CARTON + PLASTIC DRAWPIECE"},"content":{"rendered":"","protected":false},"excerpt":{"rendered":"<ul>\n<li>The blister pack consists of a cardboard box and a durable drawpiece made of transparent or coloured plastic, welded together.<\/li>\n<li>The welded blister can have different shapes and sizes &#8211; depending on the individual needs and application of the product.<\/li>\n<li>The packaging ensures tightness, protection against dust and moisture.<\/li>\n<li>Blister packs are a universal solution used in many fields &#8211; from the food industry, through electronics to cosmetic products.<\/li>\n<\/ul>\n<p><strong>WE TALK ABOUT THE CO-PACKING OF PRODUCTS FOR YOUR COMPANY<\/strong><\/p>\n","protected":false},"featured_media":7039,"template":"","meta":[],"product_cat":[106],"product_tag":[],"class_list":{"0":"post-7471","1":"product","2":"type-product","3":"status-publish","4":"has-post-thumbnail","6":"product_cat-co-packing-en","8":"first","9":"instock","10":"taxable","11":"shipping-taxable","12":"product-type-simple"},"etheme_brands":{"errors":{"invalid_taxonomy":["Invalid taxonomy."]},"error_data":[]},"yoast_head":"<!-- This site is optimized with the Yoast SEO plugin v22.9 - https:\/\/yoast.com\/wordpress\/plugins\/seo\/ -->\n<title>WELDED BLISTER PACK: CARTON + PLASTIC DRAWPIECE - Andra Pak<\/title>\n<meta name=\"description\" content=\"Konfekcjonowania opakowa\u0144: blister zgrzewany (kartonik + wyt\u0142oczka z tworzywa) \u2013 r\u00f3\u017cne kszta\u0142ty i rozmiary, wysoka szczelno\u015b\u0107, sprawd\u017a\" \/>\n<meta name=\"robots\" content=\"index, follow, max-snippet:-1, max-image-preview:large, max-video-preview:-1\" \/>\n<link rel=\"canonical\" href=\"http:\/\/andra-pak.pl\/en\/produkt\/welded-blister-pack-carton-plastic-drawpiece\/\" \/>\n<meta property=\"og:locale\" content=\"en_US\" \/>\n<meta property=\"og:type\" content=\"article\" \/>\n<meta property=\"og:title\" content=\"WELDED BLISTER PACK: CARTON + PLASTIC DRAWPIECE - Andra Pak\" \/>\n<meta property=\"og:description\" content=\"Konfekcjonowania opakowa\u0144: blister zgrzewany (kartonik + wyt\u0142oczka z tworzywa) \u2013 r\u00f3\u017cne kszta\u0142ty i rozmiary, wysoka szczelno\u015b\u0107, sprawd\u017a\" \/>\n<meta property=\"og:url\" content=\"http:\/\/andra-pak.pl\/en\/produkt\/welded-blister-pack-carton-plastic-drawpiece\/\" \/>\n<meta property=\"og:site_name\" content=\"Andra Pak\" \/>\n<meta property=\"article:modified_time\" content=\"2018-05-02T10:43:49+00:00\" \/>\n<meta property=\"og:image\" content=\"http:\/\/andra-pak.pl\/wp-content\/uploads\/2017\/12\/Blister-zgrzewany.jpg\" \/>\n\t<meta property=\"og:image:width\" content=\"450\" \/>\n\t<meta property=\"og:image:height\" content=\"337\" \/>\n\t<meta property=\"og:image:type\" content=\"image\/jpeg\" \/>\n<meta name=\"twitter:card\" content=\"summary_large_image\" \/>\n<script type=\"application\/ld+json\" class=\"yoast-schema-graph\">{\"@context\":\"https:\/\/schema.org\",\"@graph\":[{\"@type\":\"WebPage\",\"@id\":\"http:\/\/andra-pak.pl\/en\/produkt\/welded-blister-pack-carton-plastic-drawpiece\/\",\"url\":\"http:\/\/andra-pak.pl\/en\/produkt\/welded-blister-pack-carton-plastic-drawpiece\/\",\"name\":\"WELDED BLISTER PACK: CARTON + PLASTIC DRAWPIECE - Andra Pak\",\"isPartOf\":{\"@id\":\"http:\/\/andra-pak.pl\/#website\"},\"primaryImageOfPage\":{\"@id\":\"http:\/\/andra-pak.pl\/en\/produkt\/welded-blister-pack-carton-plastic-drawpiece\/#primaryimage\"},\"image\":{\"@id\":\"http:\/\/andra-pak.pl\/en\/produkt\/welded-blister-pack-carton-plastic-drawpiece\/#primaryimage\"},\"thumbnailUrl\":\"https:\/\/andra-pak.pl\/wp-content\/uploads\/2017\/12\/Blister-zgrzewany.jpg\",\"datePublished\":\"2017-12-08T10:38:52+00:00\",\"dateModified\":\"2018-05-02T10:43:49+00:00\",\"description\":\"Konfekcjonowania opakowa\u0144: blister zgrzewany (kartonik + wyt\u0142oczka z tworzywa) \u2013 r\u00f3\u017cne kszta\u0142ty i rozmiary, wysoka szczelno\u015b\u0107, sprawd\u017a\",\"breadcrumb\":{\"@id\":\"http:\/\/andra-pak.pl\/en\/produkt\/welded-blister-pack-carton-plastic-drawpiece\/#breadcrumb\"},\"inLanguage\":\"en-US\",\"potentialAction\":[{\"@type\":\"ReadAction\",\"target\":[\"http:\/\/andra-pak.pl\/en\/produkt\/welded-blister-pack-carton-plastic-drawpiece\/\"]}]},{\"@type\":\"ImageObject\",\"inLanguage\":\"en-US\",\"@id\":\"http:\/\/andra-pak.pl\/en\/produkt\/welded-blister-pack-carton-plastic-drawpiece\/#primaryimage\",\"url\":\"https:\/\/andra-pak.pl\/wp-content\/uploads\/2017\/12\/Blister-zgrzewany.jpg\",\"contentUrl\":\"https:\/\/andra-pak.pl\/wp-content\/uploads\/2017\/12\/Blister-zgrzewany.jpg\",\"width\":450,\"height\":337},{\"@type\":\"BreadcrumbList\",\"@id\":\"http:\/\/andra-pak.pl\/en\/produkt\/welded-blister-pack-carton-plastic-drawpiece\/#breadcrumb\",\"itemListElement\":[{\"@type\":\"ListItem\",\"position\":1,\"name\":\"Strona g\u0142\u00f3wna\",\"item\":\"https:\/\/andra-pak.pl\/en\/\"},{\"@type\":\"ListItem\",\"position\":2,\"name\":\"Katalog: Skin Pack, Co-packing, Poligrafii, Folii i Urz\u0105dze\u0144\",\"item\":\"https:\/\/andra-pak.pl\/katalog-produktow-skin-pack-packing-poligrafii-folii-urzadzen\/\"},{\"@type\":\"ListItem\",\"position\":3,\"name\":\"WELDED BLISTER PACK: CARTON + PLASTIC DRAWPIECE\"}]},{\"@type\":\"WebSite\",\"@id\":\"http:\/\/andra-pak.pl\/#website\",\"url\":\"http:\/\/andra-pak.pl\/\",\"name\":\"Andra Pak\",\"description\":\"Produkcja opakowa\u0144 i Co-packing\",\"potentialAction\":[{\"@type\":\"SearchAction\",\"target\":{\"@type\":\"EntryPoint\",\"urlTemplate\":\"http:\/\/andra-pak.pl\/?s={search_term_string}\"},\"query-input\":\"required name=search_term_string\"}],\"inLanguage\":\"en-US\"}]}<\/script>\n<!-- \/ Yoast SEO plugin. -->","yoast_head_json":{"title":"WELDED BLISTER PACK: CARTON + PLASTIC DRAWPIECE - Andra Pak","description":"Konfekcjonowania opakowa\u0144: blister zgrzewany (kartonik + wyt\u0142oczka z tworzywa) \u2013 r\u00f3\u017cne kszta\u0142ty i rozmiary, wysoka szczelno\u015b\u0107, sprawd\u017a","robots":{"index":"index","follow":"follow","max-snippet":"max-snippet:-1","max-image-preview":"max-image-preview:large","max-video-preview":"max-video-preview:-1"},"canonical":"http:\/\/andra-pak.pl\/en\/produkt\/welded-blister-pack-carton-plastic-drawpiece\/","og_locale":"en_US","og_type":"article","og_title":"WELDED BLISTER PACK: CARTON + PLASTIC DRAWPIECE - Andra Pak","og_description":"Konfekcjonowania opakowa\u0144: blister zgrzewany (kartonik + wyt\u0142oczka z tworzywa) \u2013 r\u00f3\u017cne kszta\u0142ty i rozmiary, wysoka szczelno\u015b\u0107, sprawd\u017a","og_url":"http:\/\/andra-pak.pl\/en\/produkt\/welded-blister-pack-carton-plastic-drawpiece\/","og_site_name":"Andra Pak","article_modified_time":"2018-05-02T10:43:49+00:00","og_image":[{"width":450,"height":337,"url":"http:\/\/andra-pak.pl\/wp-content\/uploads\/2017\/12\/Blister-zgrzewany.jpg","type":"image\/jpeg"}],"twitter_card":"summary_large_image","schema":{"@context":"https:\/\/schema.org","@graph":[{"@type":"WebPage","@id":"http:\/\/andra-pak.pl\/en\/produkt\/welded-blister-pack-carton-plastic-drawpiece\/","url":"http:\/\/andra-pak.pl\/en\/produkt\/welded-blister-pack-carton-plastic-drawpiece\/","name":"WELDED BLISTER PACK: CARTON + PLASTIC DRAWPIECE - Andra Pak","isPartOf":{"@id":"http:\/\/andra-pak.pl\/#website"},"primaryImageOfPage":{"@id":"http:\/\/andra-pak.pl\/en\/produkt\/welded-blister-pack-carton-plastic-drawpiece\/#primaryimage"},"image":{"@id":"http:\/\/andra-pak.pl\/en\/produkt\/welded-blister-pack-carton-plastic-drawpiece\/#primaryimage"},"thumbnailUrl":"https:\/\/andra-pak.pl\/wp-content\/uploads\/2017\/12\/Blister-zgrzewany.jpg","datePublished":"2017-12-08T10:38:52+00:00","dateModified":"2018-05-02T10:43:49+00:00","description":"Konfekcjonowania opakowa\u0144: blister zgrzewany (kartonik + wyt\u0142oczka z tworzywa) \u2013 r\u00f3\u017cne kszta\u0142ty i rozmiary, wysoka szczelno\u015b\u0107, sprawd\u017a","breadcrumb":{"@id":"http:\/\/andra-pak.pl\/en\/produkt\/welded-blister-pack-carton-plastic-drawpiece\/#breadcrumb"},"inLanguage":"en-US","potentialAction":[{"@type":"ReadAction","target":["http:\/\/andra-pak.pl\/en\/produkt\/welded-blister-pack-carton-plastic-drawpiece\/"]}]},{"@type":"ImageObject","inLanguage":"en-US","@id":"http:\/\/andra-pak.pl\/en\/produkt\/welded-blister-pack-carton-plastic-drawpiece\/#primaryimage","url":"https:\/\/andra-pak.pl\/wp-content\/uploads\/2017\/12\/Blister-zgrzewany.jpg","contentUrl":"https:\/\/andra-pak.pl\/wp-content\/uploads\/2017\/12\/Blister-zgrzewany.jpg","width":450,"height":337},{"@type":"BreadcrumbList","@id":"http:\/\/andra-pak.pl\/en\/produkt\/welded-blister-pack-carton-plastic-drawpiece\/#breadcrumb","itemListElement":[{"@type":"ListItem","position":1,"name":"Strona g\u0142\u00f3wna","item":"https:\/\/andra-pak.pl\/en\/"},{"@type":"ListItem","position":2,"name":"Katalog: Skin Pack, Co-packing, Poligrafii, Folii i Urz\u0105dze\u0144","item":"https:\/\/andra-pak.pl\/katalog-produktow-skin-pack-packing-poligrafii-folii-urzadzen\/"},{"@type":"ListItem","position":3,"name":"WELDED BLISTER PACK: CARTON + PLASTIC DRAWPIECE"}]},{"@type":"WebSite","@id":"http:\/\/andra-pak.pl\/#website","url":"http:\/\/andra-pak.pl\/","name":"Andra Pak","description":"Produkcja opakowa\u0144 i Co-packing","potentialAction":[{"@type":"SearchAction","target":{"@type":"EntryPoint","urlTemplate":"http:\/\/andra-pak.pl\/?s={search_term_string}"},"query-input":"required name=search_term_string"}],"inLanguage":"en-US"}]}},"_links":{"self":[{"href":"https:\/\/andra-pak.pl\/en\/wp-json\/wp\/v2\/product\/7471","targetHints":{"allow":["GET"]}}],"collection":[{"href":"https:\/\/andra-pak.pl\/en\/wp-json\/wp\/v2\/product"}],"about":[{"href":"https:\/\/andra-pak.pl\/en\/wp-json\/wp\/v2\/types\/product"}],"wp:featuredmedia":[{"embeddable":true,"href":"https:\/\/andra-pak.pl\/en\/wp-json\/wp\/v2\/media\/7039"}],"wp:attachment":[{"href":"https:\/\/andra-pak.pl\/en\/wp-json\/wp\/v2\/media?parent=7471"}],"wp:term":[{"taxonomy":"product_cat","embeddable":true,"href":"https:\/\/andra-pak.pl\/en\/wp-json\/wp\/v2\/product_cat?post=7471"},{"taxonomy":"product_tag","embeddable":true,"href":"https:\/\/andra-pak.pl\/en\/wp-json\/wp\/v2\/product_tag?post=7471"}],"curies":[{"name":"wp","href":"https:\/\/api.w.org\/{rel}","templated":true}]}}