{"id":7970,"date":"2017-12-08T12:52:32","date_gmt":"2017-12-08T12:52:32","guid":{"rendered":"https:\/\/andra-pak.pl\/produkt\/kartony-zbiorcze\/"},"modified":"2018-05-02T13:34:06","modified_gmt":"2018-05-02T13:34:06","slug":"%d1%81%d0%b1%d0%be%d1%80%d0%bd%d0%b0%d1%8f-%d0%ba%d0%b0%d1%80%d1%82%d0%be%d0%bd%d0%bd%d0%b0%d1%8f-%d1%83%d0%bf%d0%b0%d0%ba%d0%be%d0%b2%d0%ba%d0%b0","status":"publish","type":"product","link":"https:\/\/andra-pak.pl\/ru\/produkt\/%d1%81%d0%b1%d0%be%d1%80%d0%bd%d0%b0%d1%8f-%d0%ba%d0%b0%d1%80%d1%82%d0%be%d0%bd%d0%bd%d0%b0%d1%8f-%d1%83%d0%bf%d0%b0%d0%ba%d0%be%d0%b2%d0%ba%d0%b0\/","title":{"rendered":"\u0421\u0411\u041e\u0420\u041d\u0410\u042f \u041a\u0410\u0420\u0422\u041e\u041d\u041d\u0410\u042f \u0423\u041f\u0410\u041a\u041e\u0412\u041a\u0410"},"content":{"rendered":"","protected":false},"excerpt":{"rendered":"<ul>\n<li>\u041c\u044b \u043f\u0440\u043e\u0438\u0437\u0432\u043e\u0434\u0438\u043c \u0441\u0431\u043e\u0440\u043d\u0443\u044e \u043a\u0430\u0440\u0442\u043e\u043d\u043d\u0443\u044e \u0443\u043f\u0430\u043a\u043e\u0432\u043a\u0443, \u043a\u0430\u0440\u0442\u043e\u043d\u043d\u044b\u0435 \u043a\u043e\u0440\u043e\u0431\u043a\u0438 \u0438 \u043f\u0435\u0440\u0435\u0433\u043e\u0440\u043e\u0434\u043a\u0438 (\u0432\u043a\u043b\u0430\u0434\u044b\u0448\u0438, \u043f\u0435\u0440\u0435\u0433\u043e\u0440\u043e\u0434\u043a\u0438, \u043a\u0430\u0440\u0442\u043e\u0447\u043d\u043d\u044b\u0435 \u043e\u0431\u0440\u0435\u0437\u043a\u0438) o\u043b\u044e\u0431\u043e\u0439 \u0444\u043e\u0440\u043c\u044b, \u0433\u0430\u0431\u0430\u0440\u0438\u0442\u043e\u0432, \u043f\u0440\u0435\u0434\u043d\u0430\u0437\u043d\u0430\u0447\u0435\u043d\u0438\u044f, \u0430 \u0442\u0430\u043a\u0436\u0435 \u043f\u0430\u0440\u0430\u043c\u0435\u0442\u0440\u043e\u0432 \u043f\u043e \u0443\u0441\u0442\u043e\u0439\u0447\u0438\u0432\u043e\u0441\u0442\u0438.<\/li>\n<li>\u0411\u043e\u0433\u0430\u0442\u044b\u0439 \u0432\u044b\u0431\u043e\u0440 \u0432\u0438\u0434\u043e\u0432 \u043a\u0430\u0440\u0442\u043e\u043d\u0430 \u043f\u0440\u0435\u0434\u043e\u0441\u0442\u0430\u0432\u043b\u044f\u0435\u0442 \u0432\u043e\u0437\u043c\u043e\u0436\u043d\u043e\u0441\u0442\u044c \u043e\u043f\u0442\u0438\u043c\u0430\u043b\u044c\u043d\u043e\u0433\u043e \u043f\u043e\u0431\u044e\u043e\u0440\u0430 \u0441\u044b\u0440\u044c\u044f, \u043a\u043e\u0442\u043e\u0440\u043e\u0435 \u0443\u0434\u043e\u0432\u043b\u0435\u0442\u0432\u043e\u0440\u044f\u0435\u0442 \u0438\u043d\u0434\u0438\u0432\u0438\u0434\u0430\u043b\u043d\u044b\u0435 \u043f\u043e\u0442\u0440\u0435\u0431\u043d\u043e\u0441\u0442\u0438, \u0430 \u0442\u0430\u043a\u0436\u0435 \u0442\u0435\u0445\u043d\u0438\u0447\u0435\u0441\u043a\u0438\u0435 \u0438 \u0431\u044e\u0434\u0436\u0435\u0442\u043d\u044b\u0435 \u0442\u0440\u0435\u0431\u043e\u0432\u0430\u043d\u0438\u044f.<\/li>\n<li>\u0420\u0430\u0441\u043f\u0435\u0447\u0430\u0442\u043a\u0430 \u043d\u0430 \u0441\u0431\u043e\u0440\u043d\u044b\u0445 \u043a\u0430\u0440\u0442\u043e\u043d\u043d\u044b\u0445 \u043a\u043e\u0440\u043e\u0431\u043a\u0430\u0445 \u0432\u044b\u043f\u043e\u043b\u043d\u044f\u0435\u044c\u0441\u044f \u043f\u0440\u043e\u0447\u043d\u043e\u0439 \u0444\u043b\u0435\u043a\u0441\u043e\u0433\u0440\u0430\u0444\u0438\u0447\u0435\u0441\u043a\u043e\u0439 \u0442\u0435\u0445\u043d\u0438\u043a\u043e\u0439.<\/li>\n<li>\u041d\u0430\u0448\u0438 \u0441\u0431\u043e\u0440\u043d\u044b\u0435 \u043a\u043e\u0440\u043e\u0431\u043a\u0438 \u043e\u0442\u043b\u0438\u0447\u0430\u044e\u0442\u0441\u044f \u0432\u044b\u0441\u043e\u043a\u043e\u0439 \u0443\u0441\u0442\u043e\u0439\u0447\u0438\u0432\u043e\u0441\u0442\u044c\u044e \u0438 \u044d\u0441\u0442\u0435\u0442\u0438\u043a\u043e\u0439 \u0432\u044b\u043f\u043e\u043b\u043d\u0435\u043d\u0438\u044f.<\/li>\n<\/ul>\n","protected":false},"featured_media":7757,"template":"","meta":[],"product_cat":[111],"product_tag":[],"class_list":{"0":"post-7970","1":"product","2":"type-product","3":"status-publish","4":"has-post-thumbnail","6":"product_cat-poligrafia-ru","8":"first","9":"instock","10":"taxable","11":"shipping-taxable","12":"product-type-simple"},"etheme_brands":{"errors":{"invalid_taxonomy":["\u041d\u0435\u0432\u0435\u0440\u043d\u0430\u044f \u0442\u0430\u043a\u0441\u043e\u043d\u043e\u043c\u0438\u044f."]},"error_data":[]},"yoast_head":"<!-- This site is optimized with the Yoast SEO plugin v22.9 - https:\/\/yoast.com\/wordpress\/plugins\/seo\/ -->\n<title>\u0421\u0411\u041e\u0420\u041d\u0410\u042f \u041a\u0410\u0420\u0422\u041e\u041d\u041d\u0410\u042f \u0423\u041f\u0410\u041a\u041e\u0412\u041a\u0410 - Andra Pak<\/title>\n<meta name=\"description\" content=\"Kartony zbiorcze - kartony zbiorcze, pud\u0142a kartonowe i wype\u0142niacze (wk\u0142adki, kratownice, \u015bcinki tekturowe): dowolne kszta\u0142ty, gabaryty i przeznaczenie\" \/>\n<meta name=\"robots\" content=\"index, follow, max-snippet:-1, max-image-preview:large, max-video-preview:-1\" \/>\n<link rel=\"canonical\" href=\"https:\/\/andra-pak.pl\/ru\/produkt\/\u0441\u0431\u043e\u0440\u043d\u0430\u044f-\u043a\u0430\u0440\u0442\u043e\u043d\u043d\u0430\u044f-\u0443\u043f\u0430\u043a\u043e\u0432\u043a\u0430\/\" \/>\n<meta property=\"og:locale\" content=\"ru_RU\" \/>\n<meta property=\"og:type\" content=\"article\" \/>\n<meta property=\"og:title\" content=\"\u0421\u0411\u041e\u0420\u041d\u0410\u042f \u041a\u0410\u0420\u0422\u041e\u041d\u041d\u0410\u042f \u0423\u041f\u0410\u041a\u041e\u0412\u041a\u0410 - Andra Pak\" \/>\n<meta property=\"og:description\" content=\"Kartony zbiorcze - kartony zbiorcze, pud\u0142a kartonowe i wype\u0142niacze (wk\u0142adki, kratownice, \u015bcinki tekturowe): dowolne kszta\u0142ty, gabaryty i przeznaczenie\" \/>\n<meta property=\"og:url\" content=\"https:\/\/andra-pak.pl\/ru\/produkt\/\u0441\u0431\u043e\u0440\u043d\u0430\u044f-\u043a\u0430\u0440\u0442\u043e\u043d\u043d\u0430\u044f-\u0443\u043f\u0430\u043a\u043e\u0432\u043a\u0430\/\" \/>\n<meta property=\"og:site_name\" content=\"Andra Pak\" \/>\n<meta property=\"article:modified_time\" content=\"2018-05-02T13:34:06+00:00\" \/>\n<meta property=\"og:image\" content=\"https:\/\/andra-pak.pl\/wp-content\/uploads\/2017\/12\/Kartony-zbiorcze.jpg\" \/>\n\t<meta property=\"og:image:width\" content=\"1254\" \/>\n\t<meta property=\"og:image:height\" content=\"900\" \/>\n\t<meta property=\"og:image:type\" content=\"image\/jpeg\" \/>\n<meta name=\"twitter:card\" content=\"summary_large_image\" \/>\n<script type=\"application\/ld+json\" class=\"yoast-schema-graph\">{\"@context\":\"https:\/\/schema.org\",\"@graph\":[{\"@type\":\"WebPage\",\"@id\":\"https:\/\/andra-pak.pl\/ru\/produkt\/%d1%81%d0%b1%d0%be%d1%80%d0%bd%d0%b0%d1%8f-%d0%ba%d0%b0%d1%80%d1%82%d0%be%d0%bd%d0%bd%d0%b0%d1%8f-%d1%83%d0%bf%d0%b0%d0%ba%d0%be%d0%b2%d0%ba%d0%b0\/\",\"url\":\"https:\/\/andra-pak.pl\/ru\/produkt\/%d1%81%d0%b1%d0%be%d1%80%d0%bd%d0%b0%d1%8f-%d0%ba%d0%b0%d1%80%d1%82%d0%be%d0%bd%d0%bd%d0%b0%d1%8f-%d1%83%d0%bf%d0%b0%d0%ba%d0%be%d0%b2%d0%ba%d0%b0\/\",\"name\":\"\u0421\u0411\u041e\u0420\u041d\u0410\u042f \u041a\u0410\u0420\u0422\u041e\u041d\u041d\u0410\u042f \u0423\u041f\u0410\u041a\u041e\u0412\u041a\u0410 - Andra Pak\",\"isPartOf\":{\"@id\":\"https:\/\/andra-pak.pl\/en\/#website\"},\"primaryImageOfPage\":{\"@id\":\"https:\/\/andra-pak.pl\/ru\/produkt\/%d1%81%d0%b1%d0%be%d1%80%d0%bd%d0%b0%d1%8f-%d0%ba%d0%b0%d1%80%d1%82%d0%be%d0%bd%d0%bd%d0%b0%d1%8f-%d1%83%d0%bf%d0%b0%d0%ba%d0%be%d0%b2%d0%ba%d0%b0\/#primaryimage\"},\"image\":{\"@id\":\"https:\/\/andra-pak.pl\/ru\/produkt\/%d1%81%d0%b1%d0%be%d1%80%d0%bd%d0%b0%d1%8f-%d0%ba%d0%b0%d1%80%d1%82%d0%be%d0%bd%d0%bd%d0%b0%d1%8f-%d1%83%d0%bf%d0%b0%d0%ba%d0%be%d0%b2%d0%ba%d0%b0\/#primaryimage\"},\"thumbnailUrl\":\"https:\/\/andra-pak.pl\/wp-content\/uploads\/2017\/12\/Kartony-zbiorcze.jpg\",\"datePublished\":\"2017-12-08T12:52:32+00:00\",\"dateModified\":\"2018-05-02T13:34:06+00:00\",\"description\":\"Kartony zbiorcze - kartony zbiorcze, pud\u0142a kartonowe i wype\u0142niacze (wk\u0142adki, kratownice, \u015bcinki tekturowe): dowolne kszta\u0142ty, gabaryty i przeznaczenie\",\"breadcrumb\":{\"@id\":\"https:\/\/andra-pak.pl\/ru\/produkt\/%d1%81%d0%b1%d0%be%d1%80%d0%bd%d0%b0%d1%8f-%d0%ba%d0%b0%d1%80%d1%82%d0%be%d0%bd%d0%bd%d0%b0%d1%8f-%d1%83%d0%bf%d0%b0%d0%ba%d0%be%d0%b2%d0%ba%d0%b0\/#breadcrumb\"},\"inLanguage\":\"ru-RU\",\"potentialAction\":[{\"@type\":\"ReadAction\",\"target\":[\"https:\/\/andra-pak.pl\/ru\/produkt\/%d1%81%d0%b1%d0%be%d1%80%d0%bd%d0%b0%d1%8f-%d0%ba%d0%b0%d1%80%d1%82%d0%be%d0%bd%d0%bd%d0%b0%d1%8f-%d1%83%d0%bf%d0%b0%d0%ba%d0%be%d0%b2%d0%ba%d0%b0\/\"]}]},{\"@type\":\"ImageObject\",\"inLanguage\":\"ru-RU\",\"@id\":\"https:\/\/andra-pak.pl\/ru\/produkt\/%d1%81%d0%b1%d0%be%d1%80%d0%bd%d0%b0%d1%8f-%d0%ba%d0%b0%d1%80%d1%82%d0%be%d0%bd%d0%bd%d0%b0%d1%8f-%d1%83%d0%bf%d0%b0%d0%ba%d0%be%d0%b2%d0%ba%d0%b0\/#primaryimage\",\"url\":\"https:\/\/andra-pak.pl\/wp-content\/uploads\/2017\/12\/Kartony-zbiorcze.jpg\",\"contentUrl\":\"https:\/\/andra-pak.pl\/wp-content\/uploads\/2017\/12\/Kartony-zbiorcze.jpg\",\"width\":1254,\"height\":900},{\"@type\":\"BreadcrumbList\",\"@id\":\"https:\/\/andra-pak.pl\/ru\/produkt\/%d1%81%d0%b1%d0%be%d1%80%d0%bd%d0%b0%d1%8f-%d0%ba%d0%b0%d1%80%d1%82%d0%be%d0%bd%d0%bd%d0%b0%d1%8f-%d1%83%d0%bf%d0%b0%d0%ba%d0%be%d0%b2%d0%ba%d0%b0\/#breadcrumb\",\"itemListElement\":[{\"@type\":\"ListItem\",\"position\":1,\"name\":\"Strona g\u0142\u00f3wna\",\"item\":\"https:\/\/andra-pak.pl\/ru\/\"},{\"@type\":\"ListItem\",\"position\":2,\"name\":\"Katalog: Skin Pack, Co-packing, Poligrafii, Folii i Urz\u0105dze\u0144\",\"item\":\"https:\/\/andra-pak.pl\/katalog-produktow-skin-pack-packing-poligrafii-folii-urzadzen\/\"},{\"@type\":\"ListItem\",\"position\":3,\"name\":\"\u0421\u0411\u041e\u0420\u041d\u0410\u042f \u041a\u0410\u0420\u0422\u041e\u041d\u041d\u0410\u042f \u0423\u041f\u0410\u041a\u041e\u0412\u041a\u0410\"}]},{\"@type\":\"WebSite\",\"@id\":\"https:\/\/andra-pak.pl\/en\/#website\",\"url\":\"https:\/\/andra-pak.pl\/en\/\",\"name\":\"Andra Pak\",\"description\":\"Produkcja opakowa\u0144 i Co-packing\",\"potentialAction\":[{\"@type\":\"SearchAction\",\"target\":{\"@type\":\"EntryPoint\",\"urlTemplate\":\"https:\/\/andra-pak.pl\/en\/?s={search_term_string}\"},\"query-input\":\"required name=search_term_string\"}],\"inLanguage\":\"ru-RU\"}]}<\/script>\n<!-- \/ Yoast SEO plugin. -->","yoast_head_json":{"title":"\u0421\u0411\u041e\u0420\u041d\u0410\u042f \u041a\u0410\u0420\u0422\u041e\u041d\u041d\u0410\u042f \u0423\u041f\u0410\u041a\u041e\u0412\u041a\u0410 - Andra Pak","description":"Kartony zbiorcze - kartony zbiorcze, pud\u0142a kartonowe i wype\u0142niacze (wk\u0142adki, kratownice, \u015bcinki tekturowe): dowolne kszta\u0142ty, gabaryty i przeznaczenie","robots":{"index":"index","follow":"follow","max-snippet":"max-snippet:-1","max-image-preview":"max-image-preview:large","max-video-preview":"max-video-preview:-1"},"canonical":"https:\/\/andra-pak.pl\/ru\/produkt\/\u0441\u0431\u043e\u0440\u043d\u0430\u044f-\u043a\u0430\u0440\u0442\u043e\u043d\u043d\u0430\u044f-\u0443\u043f\u0430\u043a\u043e\u0432\u043a\u0430\/","og_locale":"ru_RU","og_type":"article","og_title":"\u0421\u0411\u041e\u0420\u041d\u0410\u042f \u041a\u0410\u0420\u0422\u041e\u041d\u041d\u0410\u042f \u0423\u041f\u0410\u041a\u041e\u0412\u041a\u0410 - Andra Pak","og_description":"Kartony zbiorcze - kartony zbiorcze, pud\u0142a kartonowe i wype\u0142niacze (wk\u0142adki, kratownice, \u015bcinki tekturowe): dowolne kszta\u0142ty, gabaryty i przeznaczenie","og_url":"https:\/\/andra-pak.pl\/ru\/produkt\/\u0441\u0431\u043e\u0440\u043d\u0430\u044f-\u043a\u0430\u0440\u0442\u043e\u043d\u043d\u0430\u044f-\u0443\u043f\u0430\u043a\u043e\u0432\u043a\u0430\/","og_site_name":"Andra Pak","article_modified_time":"2018-05-02T13:34:06+00:00","og_image":[{"width":1254,"height":900,"url":"https:\/\/andra-pak.pl\/wp-content\/uploads\/2017\/12\/Kartony-zbiorcze.jpg","type":"image\/jpeg"}],"twitter_card":"summary_large_image","schema":{"@context":"https:\/\/schema.org","@graph":[{"@type":"WebPage","@id":"https:\/\/andra-pak.pl\/ru\/produkt\/%d1%81%d0%b1%d0%be%d1%80%d0%bd%d0%b0%d1%8f-%d0%ba%d0%b0%d1%80%d1%82%d0%be%d0%bd%d0%bd%d0%b0%d1%8f-%d1%83%d0%bf%d0%b0%d0%ba%d0%be%d0%b2%d0%ba%d0%b0\/","url":"https:\/\/andra-pak.pl\/ru\/produkt\/%d1%81%d0%b1%d0%be%d1%80%d0%bd%d0%b0%d1%8f-%d0%ba%d0%b0%d1%80%d1%82%d0%be%d0%bd%d0%bd%d0%b0%d1%8f-%d1%83%d0%bf%d0%b0%d0%ba%d0%be%d0%b2%d0%ba%d0%b0\/","name":"\u0421\u0411\u041e\u0420\u041d\u0410\u042f \u041a\u0410\u0420\u0422\u041e\u041d\u041d\u0410\u042f \u0423\u041f\u0410\u041a\u041e\u0412\u041a\u0410 - Andra Pak","isPartOf":{"@id":"https:\/\/andra-pak.pl\/en\/#website"},"primaryImageOfPage":{"@id":"https:\/\/andra-pak.pl\/ru\/produkt\/%d1%81%d0%b1%d0%be%d1%80%d0%bd%d0%b0%d1%8f-%d0%ba%d0%b0%d1%80%d1%82%d0%be%d0%bd%d0%bd%d0%b0%d1%8f-%d1%83%d0%bf%d0%b0%d0%ba%d0%be%d0%b2%d0%ba%d0%b0\/#primaryimage"},"image":{"@id":"https:\/\/andra-pak.pl\/ru\/produkt\/%d1%81%d0%b1%d0%be%d1%80%d0%bd%d0%b0%d1%8f-%d0%ba%d0%b0%d1%80%d1%82%d0%be%d0%bd%d0%bd%d0%b0%d1%8f-%d1%83%d0%bf%d0%b0%d0%ba%d0%be%d0%b2%d0%ba%d0%b0\/#primaryimage"},"thumbnailUrl":"https:\/\/andra-pak.pl\/wp-content\/uploads\/2017\/12\/Kartony-zbiorcze.jpg","datePublished":"2017-12-08T12:52:32+00:00","dateModified":"2018-05-02T13:34:06+00:00","description":"Kartony zbiorcze - kartony zbiorcze, pud\u0142a kartonowe i wype\u0142niacze (wk\u0142adki, kratownice, \u015bcinki tekturowe): dowolne kszta\u0142ty, gabaryty i przeznaczenie","breadcrumb":{"@id":"https:\/\/andra-pak.pl\/ru\/produkt\/%d1%81%d0%b1%d0%be%d1%80%d0%bd%d0%b0%d1%8f-%d0%ba%d0%b0%d1%80%d1%82%d0%be%d0%bd%d0%bd%d0%b0%d1%8f-%d1%83%d0%bf%d0%b0%d0%ba%d0%be%d0%b2%d0%ba%d0%b0\/#breadcrumb"},"inLanguage":"ru-RU","potentialAction":[{"@type":"ReadAction","target":["https:\/\/andra-pak.pl\/ru\/produkt\/%d1%81%d0%b1%d0%be%d1%80%d0%bd%d0%b0%d1%8f-%d0%ba%d0%b0%d1%80%d1%82%d0%be%d0%bd%d0%bd%d0%b0%d1%8f-%d1%83%d0%bf%d0%b0%d0%ba%d0%be%d0%b2%d0%ba%d0%b0\/"]}]},{"@type":"ImageObject","inLanguage":"ru-RU","@id":"https:\/\/andra-pak.pl\/ru\/produkt\/%d1%81%d0%b1%d0%be%d1%80%d0%bd%d0%b0%d1%8f-%d0%ba%d0%b0%d1%80%d1%82%d0%be%d0%bd%d0%bd%d0%b0%d1%8f-%d1%83%d0%bf%d0%b0%d0%ba%d0%be%d0%b2%d0%ba%d0%b0\/#primaryimage","url":"https:\/\/andra-pak.pl\/wp-content\/uploads\/2017\/12\/Kartony-zbiorcze.jpg","contentUrl":"https:\/\/andra-pak.pl\/wp-content\/uploads\/2017\/12\/Kartony-zbiorcze.jpg","width":1254,"height":900},{"@type":"BreadcrumbList","@id":"https:\/\/andra-pak.pl\/ru\/produkt\/%d1%81%d0%b1%d0%be%d1%80%d0%bd%d0%b0%d1%8f-%d0%ba%d0%b0%d1%80%d1%82%d0%be%d0%bd%d0%bd%d0%b0%d1%8f-%d1%83%d0%bf%d0%b0%d0%ba%d0%be%d0%b2%d0%ba%d0%b0\/#breadcrumb","itemListElement":[{"@type":"ListItem","position":1,"name":"Strona g\u0142\u00f3wna","item":"https:\/\/andra-pak.pl\/ru\/"},{"@type":"ListItem","position":2,"name":"Katalog: Skin Pack, Co-packing, Poligrafii, Folii i Urz\u0105dze\u0144","item":"https:\/\/andra-pak.pl\/katalog-produktow-skin-pack-packing-poligrafii-folii-urzadzen\/"},{"@type":"ListItem","position":3,"name":"\u0421\u0411\u041e\u0420\u041d\u0410\u042f \u041a\u0410\u0420\u0422\u041e\u041d\u041d\u0410\u042f \u0423\u041f\u0410\u041a\u041e\u0412\u041a\u0410"}]},{"@type":"WebSite","@id":"https:\/\/andra-pak.pl\/en\/#website","url":"https:\/\/andra-pak.pl\/en\/","name":"Andra Pak","description":"Produkcja opakowa\u0144 i Co-packing","potentialAction":[{"@type":"SearchAction","target":{"@type":"EntryPoint","urlTemplate":"https:\/\/andra-pak.pl\/en\/?s={search_term_string}"},"query-input":"required name=search_term_string"}],"inLanguage":"ru-RU"}]}},"_links":{"self":[{"href":"https:\/\/andra-pak.pl\/ru\/wp-json\/wp\/v2\/product\/7970","targetHints":{"allow":["GET"]}}],"collection":[{"href":"https:\/\/andra-pak.pl\/ru\/wp-json\/wp\/v2\/product"}],"about":[{"href":"https:\/\/andra-pak.pl\/ru\/wp-json\/wp\/v2\/types\/product"}],"wp:featuredmedia":[{"embeddable":true,"href":"https:\/\/andra-pak.pl\/ru\/wp-json\/wp\/v2\/media\/7757"}],"wp:attachment":[{"href":"https:\/\/andra-pak.pl\/ru\/wp-json\/wp\/v2\/media?parent=7970"}],"wp:term":[{"taxonomy":"product_cat","embeddable":true,"href":"https:\/\/andra-pak.pl\/ru\/wp-json\/wp\/v2\/product_cat?post=7970"},{"taxonomy":"product_tag","embeddable":true,"href":"https:\/\/andra-pak.pl\/ru\/wp-json\/wp\/v2\/product_tag?post=7970"}],"curies":[{"name":"wp","href":"https:\/\/api.w.org\/{rel}","templated":true}]}}