{"id":7979,"date":"2017-12-08T12:23:49","date_gmt":"2017-12-08T12:23:49","guid":{"rendered":"https:\/\/andra-pak.pl\/produkt\/maszyny-pakowania-prozniowego-metoda-skin-pak\/"},"modified":"2018-05-02T13:44:00","modified_gmt":"2018-05-02T13:44:00","slug":"%d0%bc%d0%b0%d1%88%d0%b8%d0%bd%d1%8b-%d0%b4%d0%bb%d1%8f-%d0%b2%d0%b0%d0%ba%d1%83%d1%83%d0%bc%d0%bd%d0%be%d0%b9-%d1%83%d0%bf%d0%b0%d0%ba%d0%be%d0%b2%d0%ba%d0%b8-%d0%bc%d0%b5%d1%82%d0%be%d0%b4%d0%be","status":"publish","type":"product","link":"https:\/\/andra-pak.pl\/ru\/produkt\/%d0%bc%d0%b0%d1%88%d0%b8%d0%bd%d1%8b-%d0%b4%d0%bb%d1%8f-%d0%b2%d0%b0%d0%ba%d1%83%d1%83%d0%bc%d0%bd%d0%be%d0%b9-%d1%83%d0%bf%d0%b0%d0%ba%d0%be%d0%b2%d0%ba%d0%b8-%d0%bc%d0%b5%d1%82%d0%be%d0%b4%d0%be\/","title":{"rendered":"\u041c\u0410\u0428\u0418\u041d\u042b \u0414\u041b\u042f \u0412\u0410\u041a\u0423\u0423\u041c\u041d\u041e\u0419 \u0423\u041f\u0410\u041a\u041e\u0412\u041a\u0418 \u041c\u0415\u0422\u041e\u0414\u041e\u041c SKIN-PAK"},"content":{"rendered":"","protected":false},"excerpt":{"rendered":"<p><strong>\u0421\u0442\u0430\u043d\u0434\u0430\u0440\u0442\u043d\u044b\u0435 \u0438 \u0438\u043d\u0434\u0438\u0432\u0438\u0434\u0443\u0430\u043b\u044c\u043d\u044b\u0435 \u0440\u0435\u0448\u0435\u043d\u0438\u044f<\/strong><\/p>\n<p>\u041c\u044b \u043f\u0440\u0438\u0441\u043f\u043e\u0441\u0430\u0431\u043b\u0438\u0432\u0430\u0435\u043c \u0443\u0441\u0442\u0440\u043e\u0439\u0441\u0442\u0432\u043e \u043a \u0412\u0430\u0448\u0438\u043c \u0442\u0440\u0435\u0431\u043e\u0432\u0430\u043d\u0438\u044f\u043c\u00a0 \u0438 \u043a\u043e\u043d\u043a\u0440\u0435\u0442\u043d\u044b\u043c \u043f\u043e\u0442\u0440\u0435\u0431\u043d\u043e\u0441\u0442\u044f\u043c<\/p>\n<p>\u041c\u044b \u043f\u0440\u0435\u0434\u043b\u0430\u0448\u0430\u0435\u043c \u0438\u0441\u043a\u043b\u044e\u0447\u0438\u0442\u0435\u043b\u044c\u043d\u0443\u044e \u0432\u043e\u0437\u043c\u043e\u0436\u043d\u043e\u0441\u0442\u044c \u043a\u043e\u043d\u0441\u0442\u0440\u0443\u0438\u0440\u043e\u0432\u0430\u043d\u0438\u044f \u043c\u0430\u0448\u0438\u043d \u0434\u043b\u044f \u0432\u0430\u043a\u0443\u0443\u043c\u043d\u043d\u043e\u0439 \u0443\u043f\u0430\u043a\u043e\u0432\u043a\u0438 \u043c\u0435\u0442\u043e\u0434\u043e\u043c \u00a0Skin-Pak \u043f\u043e \u0438\u043d\u0434\u0438\u0432\u0438\u0434\u0443\u0430\u043b\u044c\u043d\u044b\u043c \u0442\u0440\u0435\u0431\u043e\u0432\u0430\u043d\u0438\u044f\u043c, \u043d\u0430\u043f\u0440. \u0432 \u0441\u043b\u0443\u0447\u0430\u0435 \u00a0\u0434\u043b\u0438\u043d\u043d\u044b\u0445 \u0438 \u0432\u044b\u043e\u043a\u0438\u0445 \u0434\u0435\u0442\u0430\u043b\u0435\u0439.<\/p>\n","protected":false},"featured_media":7820,"template":"","meta":[],"product_cat":[105,117],"product_tag":[],"class_list":{"0":"post-7979","1":"product","2":"type-product","3":"status-publish","4":"has-post-thumbnail","6":"product_cat-skin-pack-ru","7":"product_cat-wycinarki-zgrzewarki-gilotyny-ru","9":"first","10":"instock","11":"taxable","12":"shipping-taxable","13":"product-type-simple"},"etheme_brands":{"errors":{"invalid_taxonomy":["\u041d\u0435\u0432\u0435\u0440\u043d\u0430\u044f \u0442\u0430\u043a\u0441\u043e\u043d\u043e\u043c\u0438\u044f."]},"error_data":[]},"yoast_head":"<!-- This site is optimized with the Yoast SEO plugin v22.9 - https:\/\/yoast.com\/wordpress\/plugins\/seo\/ -->\n<title>\u041c\u0410\u0428\u0418\u041d\u042b \u0414\u041b\u042f \u0412\u0410\u041a\u0423\u0423\u041c\u041d\u041e\u0419 \u0423\u041f\u0410\u041a\u041e\u0412\u041a\u0418 \u041c\u0415\u0422\u041e\u0414\u041e\u041c SKIN-PAK - Andra Pak<\/title>\n<meta name=\"description\" content=\"Maszyny do pakowania pr\u00f3\u017cniowego metod\u0105 skin-pak: maszyny do pakowania pr\u00f3\u017cniowego metod\u0105 Skin-Pak wg indywidualnych wymaga\u0144, sprawd\u017a\" \/>\n<meta name=\"robots\" content=\"index, follow, max-snippet:-1, max-image-preview:large, max-video-preview:-1\" \/>\n<link rel=\"canonical\" href=\"http:\/\/andra-pak.pl\/ru\/produkt\/\u043c\u0430\u0448\u0438\u043d\u044b-\u0434\u043b\u044f-\u0432\u0430\u043a\u0443\u0443\u043c\u043d\u043e\u0439-\u0443\u043f\u0430\u043a\u043e\u0432\u043a\u0438-\u043c\u0435\u0442\u043e\u0434\u043e\/\" \/>\n<meta property=\"og:locale\" content=\"ru_RU\" \/>\n<meta property=\"og:type\" content=\"article\" \/>\n<meta property=\"og:title\" content=\"\u041c\u0410\u0428\u0418\u041d\u042b \u0414\u041b\u042f \u0412\u0410\u041a\u0423\u0423\u041c\u041d\u041e\u0419 \u0423\u041f\u0410\u041a\u041e\u0412\u041a\u0418 \u041c\u0415\u0422\u041e\u0414\u041e\u041c SKIN-PAK - Andra Pak\" \/>\n<meta property=\"og:description\" content=\"Maszyny do pakowania pr\u00f3\u017cniowego metod\u0105 skin-pak: maszyny do pakowania pr\u00f3\u017cniowego metod\u0105 Skin-Pak wg indywidualnych wymaga\u0144, sprawd\u017a\" \/>\n<meta property=\"og:url\" content=\"http:\/\/andra-pak.pl\/ru\/produkt\/\u043c\u0430\u0448\u0438\u043d\u044b-\u0434\u043b\u044f-\u0432\u0430\u043a\u0443\u0443\u043c\u043d\u043e\u0439-\u0443\u043f\u0430\u043a\u043e\u0432\u043a\u0438-\u043c\u0435\u0442\u043e\u0434\u043e\/\" \/>\n<meta property=\"og:site_name\" content=\"Andra Pak\" \/>\n<meta property=\"article:modified_time\" content=\"2018-05-02T13:44:00+00:00\" \/>\n<meta property=\"og:image\" content=\"http:\/\/andra-pak.pl\/wp-content\/uploads\/2017\/12\/DSC00013.jpg\" \/>\n\t<meta property=\"og:image:width\" content=\"1440\" \/>\n\t<meta property=\"og:image:height\" content=\"810\" \/>\n\t<meta property=\"og:image:type\" content=\"image\/jpeg\" \/>\n<meta name=\"twitter:card\" content=\"summary_large_image\" \/>\n<script type=\"application\/ld+json\" class=\"yoast-schema-graph\">{\"@context\":\"https:\/\/schema.org\",\"@graph\":[{\"@type\":\"WebPage\",\"@id\":\"http:\/\/andra-pak.pl\/ru\/produkt\/%d0%bc%d0%b0%d1%88%d0%b8%d0%bd%d1%8b-%d0%b4%d0%bb%d1%8f-%d0%b2%d0%b0%d0%ba%d1%83%d1%83%d0%bc%d0%bd%d0%be%d0%b9-%d1%83%d0%bf%d0%b0%d0%ba%d0%be%d0%b2%d0%ba%d0%b8-%d0%bc%d0%b5%d1%82%d0%be%d0%b4%d0%be\/\",\"url\":\"http:\/\/andra-pak.pl\/ru\/produkt\/%d0%bc%d0%b0%d1%88%d0%b8%d0%bd%d1%8b-%d0%b4%d0%bb%d1%8f-%d0%b2%d0%b0%d0%ba%d1%83%d1%83%d0%bc%d0%bd%d0%be%d0%b9-%d1%83%d0%bf%d0%b0%d0%ba%d0%be%d0%b2%d0%ba%d0%b8-%d0%bc%d0%b5%d1%82%d0%be%d0%b4%d0%be\/\",\"name\":\"\u041c\u0410\u0428\u0418\u041d\u042b \u0414\u041b\u042f \u0412\u0410\u041a\u0423\u0423\u041c\u041d\u041e\u0419 \u0423\u041f\u0410\u041a\u041e\u0412\u041a\u0418 \u041c\u0415\u0422\u041e\u0414\u041e\u041c SKIN-PAK - Andra Pak\",\"isPartOf\":{\"@id\":\"http:\/\/andra-pak.pl\/ru\/#website\"},\"primaryImageOfPage\":{\"@id\":\"http:\/\/andra-pak.pl\/ru\/produkt\/%d0%bc%d0%b0%d1%88%d0%b8%d0%bd%d1%8b-%d0%b4%d0%bb%d1%8f-%d0%b2%d0%b0%d0%ba%d1%83%d1%83%d0%bc%d0%bd%d0%be%d0%b9-%d1%83%d0%bf%d0%b0%d0%ba%d0%be%d0%b2%d0%ba%d0%b8-%d0%bc%d0%b5%d1%82%d0%be%d0%b4%d0%be\/#primaryimage\"},\"image\":{\"@id\":\"http:\/\/andra-pak.pl\/ru\/produkt\/%d0%bc%d0%b0%d1%88%d0%b8%d0%bd%d1%8b-%d0%b4%d0%bb%d1%8f-%d0%b2%d0%b0%d0%ba%d1%83%d1%83%d0%bc%d0%bd%d0%be%d0%b9-%d1%83%d0%bf%d0%b0%d0%ba%d0%be%d0%b2%d0%ba%d0%b8-%d0%bc%d0%b5%d1%82%d0%be%d0%b4%d0%be\/#primaryimage\"},\"thumbnailUrl\":\"https:\/\/andra-pak.pl\/wp-content\/uploads\/2017\/12\/DSC00013.jpg\",\"datePublished\":\"2017-12-08T12:23:49+00:00\",\"dateModified\":\"2018-05-02T13:44:00+00:00\",\"description\":\"Maszyny do pakowania pr\u00f3\u017cniowego metod\u0105 skin-pak: maszyny do pakowania pr\u00f3\u017cniowego metod\u0105 Skin-Pak wg indywidualnych wymaga\u0144, sprawd\u017a\",\"breadcrumb\":{\"@id\":\"http:\/\/andra-pak.pl\/ru\/produkt\/%d0%bc%d0%b0%d1%88%d0%b8%d0%bd%d1%8b-%d0%b4%d0%bb%d1%8f-%d0%b2%d0%b0%d0%ba%d1%83%d1%83%d0%bc%d0%bd%d0%be%d0%b9-%d1%83%d0%bf%d0%b0%d0%ba%d0%be%d0%b2%d0%ba%d0%b8-%d0%bc%d0%b5%d1%82%d0%be%d0%b4%d0%be\/#breadcrumb\"},\"inLanguage\":\"ru-RU\",\"potentialAction\":[{\"@type\":\"ReadAction\",\"target\":[\"http:\/\/andra-pak.pl\/ru\/produkt\/%d0%bc%d0%b0%d1%88%d0%b8%d0%bd%d1%8b-%d0%b4%d0%bb%d1%8f-%d0%b2%d0%b0%d0%ba%d1%83%d1%83%d0%bc%d0%bd%d0%be%d0%b9-%d1%83%d0%bf%d0%b0%d0%ba%d0%be%d0%b2%d0%ba%d0%b8-%d0%bc%d0%b5%d1%82%d0%be%d0%b4%d0%be\/\"]}]},{\"@type\":\"ImageObject\",\"inLanguage\":\"ru-RU\",\"@id\":\"http:\/\/andra-pak.pl\/ru\/produkt\/%d0%bc%d0%b0%d1%88%d0%b8%d0%bd%d1%8b-%d0%b4%d0%bb%d1%8f-%d0%b2%d0%b0%d0%ba%d1%83%d1%83%d0%bc%d0%bd%d0%be%d0%b9-%d1%83%d0%bf%d0%b0%d0%ba%d0%be%d0%b2%d0%ba%d0%b8-%d0%bc%d0%b5%d1%82%d0%be%d0%b4%d0%be\/#primaryimage\",\"url\":\"https:\/\/andra-pak.pl\/wp-content\/uploads\/2017\/12\/DSC00013.jpg\",\"contentUrl\":\"https:\/\/andra-pak.pl\/wp-content\/uploads\/2017\/12\/DSC00013.jpg\",\"width\":1440,\"height\":810},{\"@type\":\"BreadcrumbList\",\"@id\":\"http:\/\/andra-pak.pl\/ru\/produkt\/%d0%bc%d0%b0%d1%88%d0%b8%d0%bd%d1%8b-%d0%b4%d0%bb%d1%8f-%d0%b2%d0%b0%d0%ba%d1%83%d1%83%d0%bc%d0%bd%d0%be%d0%b9-%d1%83%d0%bf%d0%b0%d0%ba%d0%be%d0%b2%d0%ba%d0%b8-%d0%bc%d0%b5%d1%82%d0%be%d0%b4%d0%be\/#breadcrumb\",\"itemListElement\":[{\"@type\":\"ListItem\",\"position\":1,\"name\":\"Strona g\u0142\u00f3wna\",\"item\":\"http:\/\/andra-pak.pl\/ru\/\"},{\"@type\":\"ListItem\",\"position\":2,\"name\":\"Katalog: Skin Pack, Co-packing, Poligrafii, Folii i Urz\u0105dze\u0144\",\"item\":\"http:\/\/andra-pak.pl\/katalog-produktow-skin-pack-packing-poligrafii-folii-urzadzen\/\"},{\"@type\":\"ListItem\",\"position\":3,\"name\":\"\u041c\u0410\u0428\u0418\u041d\u042b \u0414\u041b\u042f \u0412\u0410\u041a\u0423\u0423\u041c\u041d\u041e\u0419 \u0423\u041f\u0410\u041a\u041e\u0412\u041a\u0418 \u041c\u0415\u0422\u041e\u0414\u041e\u041c SKIN-PAK\"}]},{\"@type\":\"WebSite\",\"@id\":\"http:\/\/andra-pak.pl\/ru\/#website\",\"url\":\"http:\/\/andra-pak.pl\/ru\/\",\"name\":\"Andra Pak\",\"description\":\"Produkcja opakowa\u0144 i Co-packing\",\"potentialAction\":[{\"@type\":\"SearchAction\",\"target\":{\"@type\":\"EntryPoint\",\"urlTemplate\":\"http:\/\/andra-pak.pl\/ru\/?s={search_term_string}\"},\"query-input\":\"required name=search_term_string\"}],\"inLanguage\":\"ru-RU\"}]}<\/script>\n<!-- \/ Yoast SEO plugin. -->","yoast_head_json":{"title":"\u041c\u0410\u0428\u0418\u041d\u042b \u0414\u041b\u042f \u0412\u0410\u041a\u0423\u0423\u041c\u041d\u041e\u0419 \u0423\u041f\u0410\u041a\u041e\u0412\u041a\u0418 \u041c\u0415\u0422\u041e\u0414\u041e\u041c SKIN-PAK - Andra Pak","description":"Maszyny do pakowania pr\u00f3\u017cniowego metod\u0105 skin-pak: maszyny do pakowania pr\u00f3\u017cniowego metod\u0105 Skin-Pak wg indywidualnych wymaga\u0144, sprawd\u017a","robots":{"index":"index","follow":"follow","max-snippet":"max-snippet:-1","max-image-preview":"max-image-preview:large","max-video-preview":"max-video-preview:-1"},"canonical":"http:\/\/andra-pak.pl\/ru\/produkt\/\u043c\u0430\u0448\u0438\u043d\u044b-\u0434\u043b\u044f-\u0432\u0430\u043a\u0443\u0443\u043c\u043d\u043e\u0439-\u0443\u043f\u0430\u043a\u043e\u0432\u043a\u0438-\u043c\u0435\u0442\u043e\u0434\u043e\/","og_locale":"ru_RU","og_type":"article","og_title":"\u041c\u0410\u0428\u0418\u041d\u042b \u0414\u041b\u042f \u0412\u0410\u041a\u0423\u0423\u041c\u041d\u041e\u0419 \u0423\u041f\u0410\u041a\u041e\u0412\u041a\u0418 \u041c\u0415\u0422\u041e\u0414\u041e\u041c SKIN-PAK - Andra Pak","og_description":"Maszyny do pakowania pr\u00f3\u017cniowego metod\u0105 skin-pak: maszyny do pakowania pr\u00f3\u017cniowego metod\u0105 Skin-Pak wg indywidualnych wymaga\u0144, sprawd\u017a","og_url":"http:\/\/andra-pak.pl\/ru\/produkt\/\u043c\u0430\u0448\u0438\u043d\u044b-\u0434\u043b\u044f-\u0432\u0430\u043a\u0443\u0443\u043c\u043d\u043e\u0439-\u0443\u043f\u0430\u043a\u043e\u0432\u043a\u0438-\u043c\u0435\u0442\u043e\u0434\u043e\/","og_site_name":"Andra Pak","article_modified_time":"2018-05-02T13:44:00+00:00","og_image":[{"width":1440,"height":810,"url":"http:\/\/andra-pak.pl\/wp-content\/uploads\/2017\/12\/DSC00013.jpg","type":"image\/jpeg"}],"twitter_card":"summary_large_image","schema":{"@context":"https:\/\/schema.org","@graph":[{"@type":"WebPage","@id":"http:\/\/andra-pak.pl\/ru\/produkt\/%d0%bc%d0%b0%d1%88%d0%b8%d0%bd%d1%8b-%d0%b4%d0%bb%d1%8f-%d0%b2%d0%b0%d0%ba%d1%83%d1%83%d0%bc%d0%bd%d0%be%d0%b9-%d1%83%d0%bf%d0%b0%d0%ba%d0%be%d0%b2%d0%ba%d0%b8-%d0%bc%d0%b5%d1%82%d0%be%d0%b4%d0%be\/","url":"http:\/\/andra-pak.pl\/ru\/produkt\/%d0%bc%d0%b0%d1%88%d0%b8%d0%bd%d1%8b-%d0%b4%d0%bb%d1%8f-%d0%b2%d0%b0%d0%ba%d1%83%d1%83%d0%bc%d0%bd%d0%be%d0%b9-%d1%83%d0%bf%d0%b0%d0%ba%d0%be%d0%b2%d0%ba%d0%b8-%d0%bc%d0%b5%d1%82%d0%be%d0%b4%d0%be\/","name":"\u041c\u0410\u0428\u0418\u041d\u042b \u0414\u041b\u042f \u0412\u0410\u041a\u0423\u0423\u041c\u041d\u041e\u0419 \u0423\u041f\u0410\u041a\u041e\u0412\u041a\u0418 \u041c\u0415\u0422\u041e\u0414\u041e\u041c SKIN-PAK - Andra Pak","isPartOf":{"@id":"http:\/\/andra-pak.pl\/ru\/#website"},"primaryImageOfPage":{"@id":"http:\/\/andra-pak.pl\/ru\/produkt\/%d0%bc%d0%b0%d1%88%d0%b8%d0%bd%d1%8b-%d0%b4%d0%bb%d1%8f-%d0%b2%d0%b0%d0%ba%d1%83%d1%83%d0%bc%d0%bd%d0%be%d0%b9-%d1%83%d0%bf%d0%b0%d0%ba%d0%be%d0%b2%d0%ba%d0%b8-%d0%bc%d0%b5%d1%82%d0%be%d0%b4%d0%be\/#primaryimage"},"image":{"@id":"http:\/\/andra-pak.pl\/ru\/produkt\/%d0%bc%d0%b0%d1%88%d0%b8%d0%bd%d1%8b-%d0%b4%d0%bb%d1%8f-%d0%b2%d0%b0%d0%ba%d1%83%d1%83%d0%bc%d0%bd%d0%be%d0%b9-%d1%83%d0%bf%d0%b0%d0%ba%d0%be%d0%b2%d0%ba%d0%b8-%d0%bc%d0%b5%d1%82%d0%be%d0%b4%d0%be\/#primaryimage"},"thumbnailUrl":"https:\/\/andra-pak.pl\/wp-content\/uploads\/2017\/12\/DSC00013.jpg","datePublished":"2017-12-08T12:23:49+00:00","dateModified":"2018-05-02T13:44:00+00:00","description":"Maszyny do pakowania pr\u00f3\u017cniowego metod\u0105 skin-pak: maszyny do pakowania pr\u00f3\u017cniowego metod\u0105 Skin-Pak wg indywidualnych wymaga\u0144, sprawd\u017a","breadcrumb":{"@id":"http:\/\/andra-pak.pl\/ru\/produkt\/%d0%bc%d0%b0%d1%88%d0%b8%d0%bd%d1%8b-%d0%b4%d0%bb%d1%8f-%d0%b2%d0%b0%d0%ba%d1%83%d1%83%d0%bc%d0%bd%d0%be%d0%b9-%d1%83%d0%bf%d0%b0%d0%ba%d0%be%d0%b2%d0%ba%d0%b8-%d0%bc%d0%b5%d1%82%d0%be%d0%b4%d0%be\/#breadcrumb"},"inLanguage":"ru-RU","potentialAction":[{"@type":"ReadAction","target":["http:\/\/andra-pak.pl\/ru\/produkt\/%d0%bc%d0%b0%d1%88%d0%b8%d0%bd%d1%8b-%d0%b4%d0%bb%d1%8f-%d0%b2%d0%b0%d0%ba%d1%83%d1%83%d0%bc%d0%bd%d0%be%d0%b9-%d1%83%d0%bf%d0%b0%d0%ba%d0%be%d0%b2%d0%ba%d0%b8-%d0%bc%d0%b5%d1%82%d0%be%d0%b4%d0%be\/"]}]},{"@type":"ImageObject","inLanguage":"ru-RU","@id":"http:\/\/andra-pak.pl\/ru\/produkt\/%d0%bc%d0%b0%d1%88%d0%b8%d0%bd%d1%8b-%d0%b4%d0%bb%d1%8f-%d0%b2%d0%b0%d0%ba%d1%83%d1%83%d0%bc%d0%bd%d0%be%d0%b9-%d1%83%d0%bf%d0%b0%d0%ba%d0%be%d0%b2%d0%ba%d0%b8-%d0%bc%d0%b5%d1%82%d0%be%d0%b4%d0%be\/#primaryimage","url":"https:\/\/andra-pak.pl\/wp-content\/uploads\/2017\/12\/DSC00013.jpg","contentUrl":"https:\/\/andra-pak.pl\/wp-content\/uploads\/2017\/12\/DSC00013.jpg","width":1440,"height":810},{"@type":"BreadcrumbList","@id":"http:\/\/andra-pak.pl\/ru\/produkt\/%d0%bc%d0%b0%d1%88%d0%b8%d0%bd%d1%8b-%d0%b4%d0%bb%d1%8f-%d0%b2%d0%b0%d0%ba%d1%83%d1%83%d0%bc%d0%bd%d0%be%d0%b9-%d1%83%d0%bf%d0%b0%d0%ba%d0%be%d0%b2%d0%ba%d0%b8-%d0%bc%d0%b5%d1%82%d0%be%d0%b4%d0%be\/#breadcrumb","itemListElement":[{"@type":"ListItem","position":1,"name":"Strona g\u0142\u00f3wna","item":"http:\/\/andra-pak.pl\/ru\/"},{"@type":"ListItem","position":2,"name":"Katalog: Skin Pack, Co-packing, Poligrafii, Folii i Urz\u0105dze\u0144","item":"http:\/\/andra-pak.pl\/katalog-produktow-skin-pack-packing-poligrafii-folii-urzadzen\/"},{"@type":"ListItem","position":3,"name":"\u041c\u0410\u0428\u0418\u041d\u042b \u0414\u041b\u042f \u0412\u0410\u041a\u0423\u0423\u041c\u041d\u041e\u0419 \u0423\u041f\u0410\u041a\u041e\u0412\u041a\u0418 \u041c\u0415\u0422\u041e\u0414\u041e\u041c SKIN-PAK"}]},{"@type":"WebSite","@id":"http:\/\/andra-pak.pl\/ru\/#website","url":"http:\/\/andra-pak.pl\/ru\/","name":"Andra Pak","description":"Produkcja opakowa\u0144 i Co-packing","potentialAction":[{"@type":"SearchAction","target":{"@type":"EntryPoint","urlTemplate":"http:\/\/andra-pak.pl\/ru\/?s={search_term_string}"},"query-input":"required name=search_term_string"}],"inLanguage":"ru-RU"}]}},"_links":{"self":[{"href":"https:\/\/andra-pak.pl\/ru\/wp-json\/wp\/v2\/product\/7979","targetHints":{"allow":["GET"]}}],"collection":[{"href":"https:\/\/andra-pak.pl\/ru\/wp-json\/wp\/v2\/product"}],"about":[{"href":"https:\/\/andra-pak.pl\/ru\/wp-json\/wp\/v2\/types\/product"}],"wp:featuredmedia":[{"embeddable":true,"href":"https:\/\/andra-pak.pl\/ru\/wp-json\/wp\/v2\/media\/7820"}],"wp:attachment":[{"href":"https:\/\/andra-pak.pl\/ru\/wp-json\/wp\/v2\/media?parent=7979"}],"wp:term":[{"taxonomy":"product_cat","embeddable":true,"href":"https:\/\/andra-pak.pl\/ru\/wp-json\/wp\/v2\/product_cat?post=7979"},{"taxonomy":"product_tag","embeddable":true,"href":"https:\/\/andra-pak.pl\/ru\/wp-json\/wp\/v2\/product_tag?post=7979"}],"curies":[{"name":"wp","href":"https:\/\/api.w.org\/{rel}","templated":true}]}}