{"id":7982,"date":"2017-12-08T10:24:11","date_gmt":"2017-12-08T10:24:11","guid":{"rendered":"https:\/\/andra-pak.pl\/produkt\/pakowanie-prozniowe-typu-skin-pack\/"},"modified":"2018-05-02T14:13:48","modified_gmt":"2018-05-02T14:13:48","slug":"%d0%b2%d0%b0%d0%ba%d1%83%d1%83%d0%bc%d0%bd%d0%b0%d1%8f-%d1%83%d0%bf%d0%b0%d0%ba%d0%be%d0%b2%d0%ba%d0%b0-%d1%82%d0%b8%d0%bf%d0%b0-skin-pack","status":"publish","type":"product","link":"https:\/\/andra-pak.pl\/ru\/produkt\/%d0%b2%d0%b0%d0%ba%d1%83%d1%83%d0%bc%d0%bd%d0%b0%d1%8f-%d1%83%d0%bf%d0%b0%d0%ba%d0%be%d0%b2%d0%ba%d0%b0-%d1%82%d0%b8%d0%bf%d0%b0-skin-pack\/","title":{"rendered":"\u0412\u0410\u041a\u0423\u0423\u041c\u041d\u0410\u042f \u0423\u041f\u0410\u041a\u041e\u0412\u041a\u0410 \u0422\u0418\u041f\u0410 SKIN-PACK"},"content":{"rendered":"","protected":false},"excerpt":{"rendered":"<ul>\n<li>\u041f\u0440\u0435\u0434\u043b\u043e\u0441\u0442\u0430\u0432\u043b\u044f\u0435\u0442 \u0432\u043e\u0437\u043c\u043e\u0436\u043d\u043e\u0441\u0442\u044c \u0432\u0430\u043a\u0443\u0443\u043c\u043d\u043e\u0439 \u0443\u043f\u0430\u043a\u043e\u0432\u043a\u0438 \u043d\u0430 \u043f\u043e\u0434\u043b\u043e\u0436\u043a\u0430\u0445 \u0438\u0437 \u0441\u043f\u0435\u0446\u0438\u0430\u043b\u044c\u043d\u043e\u0433\u043e \u043a\u0430\u0440\u0442\u043e\u043d\u0430 \u043f\u043e\u0441\u0440\u0435\u0434\u0441\u0442\u0432\u043e\u043c \u0433\u0435\u0440\u043c\u0435\u0442\u0438\u0447\u043d\u043e\u0433\u043e \u043f\u043e\u043a\u0440\u044b\u0442\u0438\u044f \u043f\u0440\u043e\u0434\u0443\u043a\u0442\u0430 \u0438\u0434\u0435\u0430\u043b\u044c\u043d\u043e \u043f\u0440\u0438\u043a\u0430\u0441\u0430\u044e\u0449\u0435\u0439\u0441\u044f \u043f\u043b\u0451\u043d\u043a\u043e\u0439 \u0441 \u043e\u0434\u043d\u043e\u0432\u0440\u0435\u043c\u0435\u043d\u043d\u044b\u043c \u043b\u0430\u043c\u0438\u043d\u0438\u0440\u043e\u0432\u0430\u043d\u0438\u0435\u043c \u043a\u0430\u0440\u0442\u043e\u043d\u0430.<\/li>\n<li>\u041e\u0431\u0435\u0441\u043f\u0435\u0447\u0438\u0432\u0430\u0435\u0442 \u0443\u043c\u0435\u043d\u044c\u0448\u0435\u043d\u0438\u0435 \u043f\u0440\u043e\u0438\u0437\u0432\u043e\u0434\u0441\u0442\u0432\u0435\u043d\u043d\u044b\u0445 \u0440\u0430\u0441\u0445\u043e\u0434\u043e\u0432.<\/li>\n<li>\u0413\u0430\u0440\u0430\u043d\u0442\u0438\u0440\u0443\u0435\u0442 \u0432\u0438\u0437\u0443\u0430\u043b\u0438\u0437\u0430\u0446\u0438\u044e 3 \u0441\u0442\u043e\u0440\u043e\u043d, \u043f\u043e\u0432\u044b\u0448\u0430\u044f \u043f\u0440\u0438\u0432\u043b\u0435\u043a\u0430\u0442\u0435\u043b\u044c\u043d\u043e\u0441\u0442\u044c \u043f\u0440\u0435\u0434\u0441\u0442\u0430\u0432\u043b\u0435\u043d\u0438\u044f \u043f\u0440\u043e\u0434\u0443\u043a\u0442\u0430.<\/li>\n<li>\u041e\u0431\u043b\u0435\u0433\u0430\u0447\u0435\u0442 \u044d\u043a\u0441\u043f\u043e\u0437\u0438\u0446\u0438\u044e \u043f\u043e \u043c\u0435\u0441\u0442\u0430\u0445 \u043f\u0440\u043e\u0434\u0430\u0436\u0438.<\/li>\n<li>\u041a\u0430\u043a \u0432\u0430\u0440\u0438\u0430\u043d\u0442 \u0435\u0432\u0440\u043e\u043e\u0442\u0432\u0435\u0440\u0441\u0442\u0438\u0435 \u043f\u0440\u0435\u0434\u043e\u0441\u0442\u0430\u0432\u043b\u044f\u0435\u0442 \u0432\u043e\u0437\u043c\u043e\u0436\u043d\u043e\u0441\u0442\u044c \u043f\u043e\u0434\u0432\u0435\u0441\u043a\u0438 \u0443\u043f\u0430\u043a\u043e\u0432\u043a\u0438 \u043d\u0430 \u043a\u0440\u044e\u043a \u0438\u043b\u0438 \u0432\u0435\u0448\u0430\u043b\u043a\u0443.<\/li>\n<li>\u041f\u0440\u0435\u0434\u043e\u0441\u0442\u0430\u0432\u043b\u044f\u0435\u0442 \u0432\u043e\u0437\u043c\u043e\u0436\u043d\u043e\u0441\u0442\u044c \u0441\u043e\u0437\u0434\u0430\u0432\u0430\u0442\u044c \u043c\u043e\u043d\u0442\u0430\u0436\u043d\u044b\u0435 \u043d\u0430\u0431\u043e\u0440\u044b. \u0410 \u0442\u0430\u043a\u0436\u0435 \u0437\u0430\u0449\u0438\u0442\u0443 \u0434\u043b\u044f \u0432\u043d\u0443\u0442\u0440\u0435\u043d\u043d\u0435\u0439 \u0442\u0440\u0430\u043d\u0441\u043f\u043e\u0440\u0442\u0438\u0440\u043e\u0432\u043a\u0438.<\/li>\n<\/ul>\n","protected":false},"featured_media":7859,"template":"","meta":[],"product_cat":[108],"product_tag":[],"class_list":{"0":"post-7982","1":"product","2":"type-product","3":"status-publish","4":"has-post-thumbnail","6":"product_cat-co-packing-ru","8":"first","9":"instock","10":"taxable","11":"shipping-taxable","12":"product-type-simple"},"etheme_brands":{"errors":{"invalid_taxonomy":["\u041d\u0435\u0432\u0435\u0440\u043d\u0430\u044f \u0442\u0430\u043a\u0441\u043e\u043d\u043e\u043c\u0438\u044f."]},"error_data":[]},"yoast_head":"<!-- This site is optimized with the Yoast SEO plugin v22.9 - https:\/\/yoast.com\/wordpress\/plugins\/seo\/ -->\n<title>\u0412\u0410\u041a\u0423\u0423\u041c\u041d\u0410\u042f \u0423\u041f\u0410\u041a\u041e\u0412\u041a\u0410 \u0422\u0418\u041f\u0410 SKIN-PACK - Andra Pak<\/title>\n<meta name=\"description\" content=\"Pakowanie pr\u00f3\u017cniowe typu skin-pack: pakowanie na podk\u0142adach - szczelne pokrycie produktu idealnie przylegaj\u0105c\u0105 foli\u0105 z jednoczesnym laminowaniem, sprawd\u017a\" \/>\n<meta name=\"robots\" content=\"index, follow, max-snippet:-1, max-image-preview:large, max-video-preview:-1\" \/>\n<link rel=\"canonical\" href=\"https:\/\/andra-pak.pl\/ru\/produkt\/\u0432\u0430\u043a\u0443\u0443\u043c\u043d\u0430\u044f-\u0443\u043f\u0430\u043a\u043e\u0432\u043a\u0430-\u0442\u0438\u043f\u0430-skin-pack\/\" \/>\n<meta property=\"og:locale\" content=\"ru_RU\" \/>\n<meta property=\"og:type\" content=\"article\" \/>\n<meta property=\"og:title\" content=\"\u0412\u0410\u041a\u0423\u0423\u041c\u041d\u0410\u042f \u0423\u041f\u0410\u041a\u041e\u0412\u041a\u0410 \u0422\u0418\u041f\u0410 SKIN-PACK - Andra Pak\" \/>\n<meta property=\"og:description\" content=\"Pakowanie pr\u00f3\u017cniowe typu skin-pack: pakowanie na podk\u0142adach - szczelne pokrycie produktu idealnie przylegaj\u0105c\u0105 foli\u0105 z jednoczesnym laminowaniem, sprawd\u017a\" \/>\n<meta property=\"og:url\" content=\"https:\/\/andra-pak.pl\/ru\/produkt\/\u0432\u0430\u043a\u0443\u0443\u043c\u043d\u0430\u044f-\u0443\u043f\u0430\u043a\u043e\u0432\u043a\u0430-\u0442\u0438\u043f\u0430-skin-pack\/\" \/>\n<meta property=\"og:site_name\" content=\"Andra Pak\" \/>\n<meta property=\"article:modified_time\" content=\"2018-05-02T14:13:48+00:00\" \/>\n<meta property=\"og:image\" content=\"https:\/\/andra-pak.pl\/wp-content\/uploads\/2017\/12\/20150325_135340_resized-2.jpg\" \/>\n\t<meta property=\"og:image:width\" content=\"960\" \/>\n\t<meta property=\"og:image:height\" content=\"1280\" \/>\n\t<meta property=\"og:image:type\" content=\"image\/jpeg\" \/>\n<meta name=\"twitter:card\" content=\"summary_large_image\" \/>\n<script type=\"application\/ld+json\" class=\"yoast-schema-graph\">{\"@context\":\"https:\/\/schema.org\",\"@graph\":[{\"@type\":\"WebPage\",\"@id\":\"https:\/\/andra-pak.pl\/ru\/produkt\/%d0%b2%d0%b0%d0%ba%d1%83%d1%83%d0%bc%d0%bd%d0%b0%d1%8f-%d1%83%d0%bf%d0%b0%d0%ba%d0%be%d0%b2%d0%ba%d0%b0-%d1%82%d0%b8%d0%bf%d0%b0-skin-pack\/\",\"url\":\"https:\/\/andra-pak.pl\/ru\/produkt\/%d0%b2%d0%b0%d0%ba%d1%83%d1%83%d0%bc%d0%bd%d0%b0%d1%8f-%d1%83%d0%bf%d0%b0%d0%ba%d0%be%d0%b2%d0%ba%d0%b0-%d1%82%d0%b8%d0%bf%d0%b0-skin-pack\/\",\"name\":\"\u0412\u0410\u041a\u0423\u0423\u041c\u041d\u0410\u042f \u0423\u041f\u0410\u041a\u041e\u0412\u041a\u0410 \u0422\u0418\u041f\u0410 SKIN-PACK - Andra Pak\",\"isPartOf\":{\"@id\":\"https:\/\/andra-pak.pl\/de\/#website\"},\"primaryImageOfPage\":{\"@id\":\"https:\/\/andra-pak.pl\/ru\/produkt\/%d0%b2%d0%b0%d0%ba%d1%83%d1%83%d0%bc%d0%bd%d0%b0%d1%8f-%d1%83%d0%bf%d0%b0%d0%ba%d0%be%d0%b2%d0%ba%d0%b0-%d1%82%d0%b8%d0%bf%d0%b0-skin-pack\/#primaryimage\"},\"image\":{\"@id\":\"https:\/\/andra-pak.pl\/ru\/produkt\/%d0%b2%d0%b0%d0%ba%d1%83%d1%83%d0%bc%d0%bd%d0%b0%d1%8f-%d1%83%d0%bf%d0%b0%d0%ba%d0%be%d0%b2%d0%ba%d0%b0-%d1%82%d0%b8%d0%bf%d0%b0-skin-pack\/#primaryimage\"},\"thumbnailUrl\":\"https:\/\/andra-pak.pl\/wp-content\/uploads\/2017\/12\/20150325_135340_resized-2.jpg\",\"datePublished\":\"2017-12-08T10:24:11+00:00\",\"dateModified\":\"2018-05-02T14:13:48+00:00\",\"description\":\"Pakowanie pr\u00f3\u017cniowe typu skin-pack: pakowanie na podk\u0142adach - szczelne pokrycie produktu idealnie przylegaj\u0105c\u0105 foli\u0105 z jednoczesnym laminowaniem, sprawd\u017a\",\"breadcrumb\":{\"@id\":\"https:\/\/andra-pak.pl\/ru\/produkt\/%d0%b2%d0%b0%d0%ba%d1%83%d1%83%d0%bc%d0%bd%d0%b0%d1%8f-%d1%83%d0%bf%d0%b0%d0%ba%d0%be%d0%b2%d0%ba%d0%b0-%d1%82%d0%b8%d0%bf%d0%b0-skin-pack\/#breadcrumb\"},\"inLanguage\":\"ru-RU\",\"potentialAction\":[{\"@type\":\"ReadAction\",\"target\":[\"https:\/\/andra-pak.pl\/ru\/produkt\/%d0%b2%d0%b0%d0%ba%d1%83%d1%83%d0%bc%d0%bd%d0%b0%d1%8f-%d1%83%d0%bf%d0%b0%d0%ba%d0%be%d0%b2%d0%ba%d0%b0-%d1%82%d0%b8%d0%bf%d0%b0-skin-pack\/\"]}]},{\"@type\":\"ImageObject\",\"inLanguage\":\"ru-RU\",\"@id\":\"https:\/\/andra-pak.pl\/ru\/produkt\/%d0%b2%d0%b0%d0%ba%d1%83%d1%83%d0%bc%d0%bd%d0%b0%d1%8f-%d1%83%d0%bf%d0%b0%d0%ba%d0%be%d0%b2%d0%ba%d0%b0-%d1%82%d0%b8%d0%bf%d0%b0-skin-pack\/#primaryimage\",\"url\":\"https:\/\/andra-pak.pl\/wp-content\/uploads\/2017\/12\/20150325_135340_resized-2.jpg\",\"contentUrl\":\"https:\/\/andra-pak.pl\/wp-content\/uploads\/2017\/12\/20150325_135340_resized-2.jpg\",\"width\":960,\"height\":1280},{\"@type\":\"BreadcrumbList\",\"@id\":\"https:\/\/andra-pak.pl\/ru\/produkt\/%d0%b2%d0%b0%d0%ba%d1%83%d1%83%d0%bc%d0%bd%d0%b0%d1%8f-%d1%83%d0%bf%d0%b0%d0%ba%d0%be%d0%b2%d0%ba%d0%b0-%d1%82%d0%b8%d0%bf%d0%b0-skin-pack\/#breadcrumb\",\"itemListElement\":[{\"@type\":\"ListItem\",\"position\":1,\"name\":\"Strona g\u0142\u00f3wna\",\"item\":\"https:\/\/andra-pak.pl\/ru\/\"},{\"@type\":\"ListItem\",\"position\":2,\"name\":\"Katalog: Skin Pack, Co-packing, Poligrafii, Folii i Urz\u0105dze\u0144\",\"item\":\"https:\/\/andra-pak.pl\/katalog-produktow-skin-pack-packing-poligrafii-folii-urzadzen\/\"},{\"@type\":\"ListItem\",\"position\":3,\"name\":\"\u0412\u0410\u041a\u0423\u0423\u041c\u041d\u0410\u042f \u0423\u041f\u0410\u041a\u041e\u0412\u041a\u0410 \u0422\u0418\u041f\u0410 SKIN-PACK\"}]},{\"@type\":\"WebSite\",\"@id\":\"https:\/\/andra-pak.pl\/de\/#website\",\"url\":\"https:\/\/andra-pak.pl\/de\/\",\"name\":\"Andra Pak\",\"description\":\"Produkcja opakowa\u0144 i Co-packing\",\"potentialAction\":[{\"@type\":\"SearchAction\",\"target\":{\"@type\":\"EntryPoint\",\"urlTemplate\":\"https:\/\/andra-pak.pl\/de\/?s={search_term_string}\"},\"query-input\":\"required name=search_term_string\"}],\"inLanguage\":\"ru-RU\"}]}<\/script>\n<!-- \/ Yoast SEO plugin. -->","yoast_head_json":{"title":"\u0412\u0410\u041a\u0423\u0423\u041c\u041d\u0410\u042f \u0423\u041f\u0410\u041a\u041e\u0412\u041a\u0410 \u0422\u0418\u041f\u0410 SKIN-PACK - Andra Pak","description":"Pakowanie pr\u00f3\u017cniowe typu skin-pack: pakowanie na podk\u0142adach - szczelne pokrycie produktu idealnie przylegaj\u0105c\u0105 foli\u0105 z jednoczesnym laminowaniem, sprawd\u017a","robots":{"index":"index","follow":"follow","max-snippet":"max-snippet:-1","max-image-preview":"max-image-preview:large","max-video-preview":"max-video-preview:-1"},"canonical":"https:\/\/andra-pak.pl\/ru\/produkt\/\u0432\u0430\u043a\u0443\u0443\u043c\u043d\u0430\u044f-\u0443\u043f\u0430\u043a\u043e\u0432\u043a\u0430-\u0442\u0438\u043f\u0430-skin-pack\/","og_locale":"ru_RU","og_type":"article","og_title":"\u0412\u0410\u041a\u0423\u0423\u041c\u041d\u0410\u042f \u0423\u041f\u0410\u041a\u041e\u0412\u041a\u0410 \u0422\u0418\u041f\u0410 SKIN-PACK - Andra Pak","og_description":"Pakowanie pr\u00f3\u017cniowe typu skin-pack: pakowanie na podk\u0142adach - szczelne pokrycie produktu idealnie przylegaj\u0105c\u0105 foli\u0105 z jednoczesnym laminowaniem, sprawd\u017a","og_url":"https:\/\/andra-pak.pl\/ru\/produkt\/\u0432\u0430\u043a\u0443\u0443\u043c\u043d\u0430\u044f-\u0443\u043f\u0430\u043a\u043e\u0432\u043a\u0430-\u0442\u0438\u043f\u0430-skin-pack\/","og_site_name":"Andra Pak","article_modified_time":"2018-05-02T14:13:48+00:00","og_image":[{"width":960,"height":1280,"url":"https:\/\/andra-pak.pl\/wp-content\/uploads\/2017\/12\/20150325_135340_resized-2.jpg","type":"image\/jpeg"}],"twitter_card":"summary_large_image","schema":{"@context":"https:\/\/schema.org","@graph":[{"@type":"WebPage","@id":"https:\/\/andra-pak.pl\/ru\/produkt\/%d0%b2%d0%b0%d0%ba%d1%83%d1%83%d0%bc%d0%bd%d0%b0%d1%8f-%d1%83%d0%bf%d0%b0%d0%ba%d0%be%d0%b2%d0%ba%d0%b0-%d1%82%d0%b8%d0%bf%d0%b0-skin-pack\/","url":"https:\/\/andra-pak.pl\/ru\/produkt\/%d0%b2%d0%b0%d0%ba%d1%83%d1%83%d0%bc%d0%bd%d0%b0%d1%8f-%d1%83%d0%bf%d0%b0%d0%ba%d0%be%d0%b2%d0%ba%d0%b0-%d1%82%d0%b8%d0%bf%d0%b0-skin-pack\/","name":"\u0412\u0410\u041a\u0423\u0423\u041c\u041d\u0410\u042f \u0423\u041f\u0410\u041a\u041e\u0412\u041a\u0410 \u0422\u0418\u041f\u0410 SKIN-PACK - Andra Pak","isPartOf":{"@id":"https:\/\/andra-pak.pl\/de\/#website"},"primaryImageOfPage":{"@id":"https:\/\/andra-pak.pl\/ru\/produkt\/%d0%b2%d0%b0%d0%ba%d1%83%d1%83%d0%bc%d0%bd%d0%b0%d1%8f-%d1%83%d0%bf%d0%b0%d0%ba%d0%be%d0%b2%d0%ba%d0%b0-%d1%82%d0%b8%d0%bf%d0%b0-skin-pack\/#primaryimage"},"image":{"@id":"https:\/\/andra-pak.pl\/ru\/produkt\/%d0%b2%d0%b0%d0%ba%d1%83%d1%83%d0%bc%d0%bd%d0%b0%d1%8f-%d1%83%d0%bf%d0%b0%d0%ba%d0%be%d0%b2%d0%ba%d0%b0-%d1%82%d0%b8%d0%bf%d0%b0-skin-pack\/#primaryimage"},"thumbnailUrl":"https:\/\/andra-pak.pl\/wp-content\/uploads\/2017\/12\/20150325_135340_resized-2.jpg","datePublished":"2017-12-08T10:24:11+00:00","dateModified":"2018-05-02T14:13:48+00:00","description":"Pakowanie pr\u00f3\u017cniowe typu skin-pack: pakowanie na podk\u0142adach - szczelne pokrycie produktu idealnie przylegaj\u0105c\u0105 foli\u0105 z jednoczesnym laminowaniem, sprawd\u017a","breadcrumb":{"@id":"https:\/\/andra-pak.pl\/ru\/produkt\/%d0%b2%d0%b0%d0%ba%d1%83%d1%83%d0%bc%d0%bd%d0%b0%d1%8f-%d1%83%d0%bf%d0%b0%d0%ba%d0%be%d0%b2%d0%ba%d0%b0-%d1%82%d0%b8%d0%bf%d0%b0-skin-pack\/#breadcrumb"},"inLanguage":"ru-RU","potentialAction":[{"@type":"ReadAction","target":["https:\/\/andra-pak.pl\/ru\/produkt\/%d0%b2%d0%b0%d0%ba%d1%83%d1%83%d0%bc%d0%bd%d0%b0%d1%8f-%d1%83%d0%bf%d0%b0%d0%ba%d0%be%d0%b2%d0%ba%d0%b0-%d1%82%d0%b8%d0%bf%d0%b0-skin-pack\/"]}]},{"@type":"ImageObject","inLanguage":"ru-RU","@id":"https:\/\/andra-pak.pl\/ru\/produkt\/%d0%b2%d0%b0%d0%ba%d1%83%d1%83%d0%bc%d0%bd%d0%b0%d1%8f-%d1%83%d0%bf%d0%b0%d0%ba%d0%be%d0%b2%d0%ba%d0%b0-%d1%82%d0%b8%d0%bf%d0%b0-skin-pack\/#primaryimage","url":"https:\/\/andra-pak.pl\/wp-content\/uploads\/2017\/12\/20150325_135340_resized-2.jpg","contentUrl":"https:\/\/andra-pak.pl\/wp-content\/uploads\/2017\/12\/20150325_135340_resized-2.jpg","width":960,"height":1280},{"@type":"BreadcrumbList","@id":"https:\/\/andra-pak.pl\/ru\/produkt\/%d0%b2%d0%b0%d0%ba%d1%83%d1%83%d0%bc%d0%bd%d0%b0%d1%8f-%d1%83%d0%bf%d0%b0%d0%ba%d0%be%d0%b2%d0%ba%d0%b0-%d1%82%d0%b8%d0%bf%d0%b0-skin-pack\/#breadcrumb","itemListElement":[{"@type":"ListItem","position":1,"name":"Strona g\u0142\u00f3wna","item":"https:\/\/andra-pak.pl\/ru\/"},{"@type":"ListItem","position":2,"name":"Katalog: Skin Pack, Co-packing, Poligrafii, Folii i Urz\u0105dze\u0144","item":"https:\/\/andra-pak.pl\/katalog-produktow-skin-pack-packing-poligrafii-folii-urzadzen\/"},{"@type":"ListItem","position":3,"name":"\u0412\u0410\u041a\u0423\u0423\u041c\u041d\u0410\u042f \u0423\u041f\u0410\u041a\u041e\u0412\u041a\u0410 \u0422\u0418\u041f\u0410 SKIN-PACK"}]},{"@type":"WebSite","@id":"https:\/\/andra-pak.pl\/de\/#website","url":"https:\/\/andra-pak.pl\/de\/","name":"Andra Pak","description":"Produkcja opakowa\u0144 i Co-packing","potentialAction":[{"@type":"SearchAction","target":{"@type":"EntryPoint","urlTemplate":"https:\/\/andra-pak.pl\/de\/?s={search_term_string}"},"query-input":"required name=search_term_string"}],"inLanguage":"ru-RU"}]}},"_links":{"self":[{"href":"https:\/\/andra-pak.pl\/ru\/wp-json\/wp\/v2\/product\/7982","targetHints":{"allow":["GET"]}}],"collection":[{"href":"https:\/\/andra-pak.pl\/ru\/wp-json\/wp\/v2\/product"}],"about":[{"href":"https:\/\/andra-pak.pl\/ru\/wp-json\/wp\/v2\/types\/product"}],"wp:featuredmedia":[{"embeddable":true,"href":"https:\/\/andra-pak.pl\/ru\/wp-json\/wp\/v2\/media\/7859"}],"wp:attachment":[{"href":"https:\/\/andra-pak.pl\/ru\/wp-json\/wp\/v2\/media?parent=7982"}],"wp:term":[{"taxonomy":"product_cat","embeddable":true,"href":"https:\/\/andra-pak.pl\/ru\/wp-json\/wp\/v2\/product_cat?post=7982"},{"taxonomy":"product_tag","embeddable":true,"href":"https:\/\/andra-pak.pl\/ru\/wp-json\/wp\/v2\/product_tag?post=7982"}],"curies":[{"name":"wp","href":"https:\/\/api.w.org\/{rel}","templated":true}]}}