{"id":7988,"date":"2017-12-08T12:09:19","date_gmt":"2017-12-08T12:09:19","guid":{"rendered":"https:\/\/andra-pak.pl\/produkt\/pudelka-wykonane-twardych-folii-pcv-lub-pet\/"},"modified":"2018-05-02T14:46:02","modified_gmt":"2018-05-02T14:46:02","slug":"%d0%ba%d0%be%d1%80%d0%be%d0%b1%d0%ba%d0%b8-%d0%b8%d0%b7%d0%b3%d0%be%d1%82%d0%be%d0%b2%d0%bb%d0%b5%d0%bd%d0%bd%d1%8b%d0%b5-%d0%b8%d0%b7-%d1%82%d0%b2%d0%b5%d1%80%d0%b4%d0%be%d0%b9-%d0%bf%d0%bb%d1%91","status":"publish","type":"product","link":"https:\/\/andra-pak.pl\/ru\/produkt\/%d0%ba%d0%be%d1%80%d0%be%d0%b1%d0%ba%d0%b8-%d0%b8%d0%b7%d0%b3%d0%be%d1%82%d0%be%d0%b2%d0%bb%d0%b5%d0%bd%d0%bd%d1%8b%d0%b5-%d0%b8%d0%b7-%d1%82%d0%b2%d0%b5%d1%80%d0%b4%d0%be%d0%b9-%d0%bf%d0%bb%d1%91\/","title":{"rendered":"\u041a\u041e\u0420\u041e\u0411\u041a\u0418 \u0418\u0417\u0413\u041e\u0422\u041e\u0412\u041b\u0415\u041d\u041d\u042b\u0415 \u0418\u0417 \u0422\u0412\u0415\u0420\u0414\u041e\u0419 \u041f\u041b\u0401\u041d\u041a\u0418 \u041f\u0412\u0425 \u0418\u041b\u0418 \u041f\u042d\u0422"},"content":{"rendered":"","protected":false},"excerpt":{"rendered":"<ul>\n<li>\u041c\u044b \u043f\u0440\u043e\u0438\u0437\u0432\u043e\u0434\u0438\u043c \u043b\u044e\u0431\u043e\u0439 \u0444\u043e\u0440\u043c\u044b \u043a\u043e\u0440\u043e\u0431\u043a\u0438 \u2013 \u0438\u0434\u0435\u0430\u043b\u044c\u043d\u043e \u043f\u0440\u0438\u0441\u043f\u043e\u0441\u043e\u0431\u043b\u0435\u043d\u044b \u043a \u0443\u043f\u0430\u043a\u043e\u0432\u044b\u0432\u0435\u043c\u043e\u043c\u0443 \u043f\u0440\u043e\u0434\u0443\u043a\u0442\u0443.<\/li>\n<li>\u041c\u044b \u043f\u0440\u0435\u0434\u043b\u0430\u0433\u0430\u0435\u043c \u0440\u0430\u0437\u043d\u043e\u043e\u0431\u0440\u0430\u0437\u043d\u044b\u0435 \u0437\u0430\u043a\u0440\u044b\u0442\u0438\u044f \u0443\u043f\u0430\u043a\u043e\u0432\u043a\u0438 \u00a0(\u043c\u043d\u043e\u0433\u043e\u0442\u043e\u0447\u0435\u0447\u043d\u0430\u044f \u043a\u043b\u0435\u0439\u043a\u0430, \u0437\u0430\u0449\u0435\u043b\u043a\u0430, \u0437\u0430\u043c\u043e\u043a).<\/li>\n<li>\u041c\u044b \u043e\u0431\u0435\u0441\u0435\u0447\u0438\u0432\u0430\u0435\u043c \u0432\u043e\u0437\u043c\u043e\u0436\u043d\u043e\u0441\u0442\u044c \u0432\u044b\u0441\u043e\u043a\u043e\u0433\u043e \u043a\u0430\u0447\u0435\u0441\u0442\u0432\u0430 \u043c\u043d\u043e\u0433\u043e\u0446\u0432\u0435\u0442\u043d\u043e\u0439 \u0440\u0430\u0441\u043f\u0435\u0447\u0430\u0442\u043a\u0438, \u0430 \u0442\u0430\u043a\u0436\u0435 \u0433\u043e\u0440\u044f\u0447\u0435\u0433\u043e \u0437\u043b\u043e\u0447\u0435\u043d\u0438\u044foraz (\u043f\u043b\u043e\u0441\u043a\u0438\u0439 hot stamping).<\/li>\n<\/ul>\n","protected":false},"featured_media":7697,"template":"","meta":[],"product_cat":[120],"product_tag":[],"class_list":{"0":"post-7988","1":"product","2":"type-product","3":"status-publish","4":"has-post-thumbnail","6":"product_cat-opakowania-pcv-pet-ru","8":"first","9":"instock","10":"taxable","11":"shipping-taxable","12":"product-type-simple"},"etheme_brands":{"errors":{"invalid_taxonomy":["\u041d\u0435\u0432\u0435\u0440\u043d\u0430\u044f \u0442\u0430\u043a\u0441\u043e\u043d\u043e\u043c\u0438\u044f."]},"error_data":[]},"yoast_head":"<!-- This site is optimized with the Yoast SEO plugin v22.9 - https:\/\/yoast.com\/wordpress\/plugins\/seo\/ -->\n<title>\u041a\u041e\u0420\u041e\u0411\u041a\u0418 \u0418\u0417\u0413\u041e\u0422\u041e\u0412\u041b\u0415\u041d\u041d\u042b\u0415 \u0418\u0417 \u0422\u0412\u0415\u0420\u0414\u041e\u0419 \u041f\u041b\u0401\u041d\u041a\u0418 \u041f\u0412\u0425 \u0418\u041b\u0418 \u041f\u042d\u0422 - Andra Pak<\/title>\n<meta name=\"description\" content=\"Pude\u0142ka wykonane z twardych folii PCV lub PET \u2013 oferujemy pude\u0142ka dowolnego kszta\u0142tu, r\u00f3\u017cnorodne zamkni\u0119cia opakowania i mo\u017cliwo\u015b\u0107 wielokolorowego nadruku\" \/>\n<meta name=\"robots\" content=\"index, follow, max-snippet:-1, max-image-preview:large, max-video-preview:-1\" \/>\n<link rel=\"canonical\" href=\"https:\/\/andra-pak.pl\/ru\/produkt\/\u043a\u043e\u0440\u043e\u0431\u043a\u0438-\u0438\u0437\u0433\u043e\u0442\u043e\u0432\u043b\u0435\u043d\u043d\u044b\u0435-\u0438\u0437-\u0442\u0432\u0435\u0440\u0434\u043e\u0439-\u043f\u043b\u0451\/\" \/>\n<meta property=\"og:locale\" content=\"ru_RU\" \/>\n<meta property=\"og:type\" content=\"article\" \/>\n<meta property=\"og:title\" content=\"\u041a\u041e\u0420\u041e\u0411\u041a\u0418 \u0418\u0417\u0413\u041e\u0422\u041e\u0412\u041b\u0415\u041d\u041d\u042b\u0415 \u0418\u0417 \u0422\u0412\u0415\u0420\u0414\u041e\u0419 \u041f\u041b\u0401\u041d\u041a\u0418 \u041f\u0412\u0425 \u0418\u041b\u0418 \u041f\u042d\u0422 - Andra Pak\" \/>\n<meta property=\"og:description\" content=\"Pude\u0142ka wykonane z twardych folii PCV lub PET \u2013 oferujemy pude\u0142ka dowolnego kszta\u0142tu, r\u00f3\u017cnorodne zamkni\u0119cia opakowania i mo\u017cliwo\u015b\u0107 wielokolorowego nadruku\" \/>\n<meta property=\"og:url\" content=\"https:\/\/andra-pak.pl\/ru\/produkt\/\u043a\u043e\u0440\u043e\u0431\u043a\u0438-\u0438\u0437\u0433\u043e\u0442\u043e\u0432\u043b\u0435\u043d\u043d\u044b\u0435-\u0438\u0437-\u0442\u0432\u0435\u0440\u0434\u043e\u0439-\u043f\u043b\u0451\/\" \/>\n<meta property=\"og:site_name\" content=\"Andra Pak\" \/>\n<meta property=\"article:modified_time\" content=\"2018-05-02T14:46:02+00:00\" \/>\n<meta property=\"og:image\" content=\"https:\/\/andra-pak.pl\/wp-content\/uploads\/2017\/11\/opakowania-z-tworzyw-sztucznych.jpg\" \/>\n\t<meta property=\"og:image:width\" content=\"1440\" \/>\n\t<meta property=\"og:image:height\" content=\"770\" \/>\n\t<meta property=\"og:image:type\" content=\"image\/jpeg\" \/>\n<meta name=\"twitter:card\" content=\"summary_large_image\" \/>\n<script type=\"application\/ld+json\" class=\"yoast-schema-graph\">{\"@context\":\"https:\/\/schema.org\",\"@graph\":[{\"@type\":\"WebPage\",\"@id\":\"https:\/\/andra-pak.pl\/ru\/produkt\/%d0%ba%d0%be%d1%80%d0%be%d0%b1%d0%ba%d0%b8-%d0%b8%d0%b7%d0%b3%d0%be%d1%82%d0%be%d0%b2%d0%bb%d0%b5%d0%bd%d0%bd%d1%8b%d0%b5-%d0%b8%d0%b7-%d1%82%d0%b2%d0%b5%d1%80%d0%b4%d0%be%d0%b9-%d0%bf%d0%bb%d1%91\/\",\"url\":\"https:\/\/andra-pak.pl\/ru\/produkt\/%d0%ba%d0%be%d1%80%d0%be%d0%b1%d0%ba%d0%b8-%d0%b8%d0%b7%d0%b3%d0%be%d1%82%d0%be%d0%b2%d0%bb%d0%b5%d0%bd%d0%bd%d1%8b%d0%b5-%d0%b8%d0%b7-%d1%82%d0%b2%d0%b5%d1%80%d0%b4%d0%be%d0%b9-%d0%bf%d0%bb%d1%91\/\",\"name\":\"\u041a\u041e\u0420\u041e\u0411\u041a\u0418 \u0418\u0417\u0413\u041e\u0422\u041e\u0412\u041b\u0415\u041d\u041d\u042b\u0415 \u0418\u0417 \u0422\u0412\u0415\u0420\u0414\u041e\u0419 \u041f\u041b\u0401\u041d\u041a\u0418 \u041f\u0412\u0425 \u0418\u041b\u0418 \u041f\u042d\u0422 - Andra Pak\",\"isPartOf\":{\"@id\":\"https:\/\/andra-pak.pl\/en\/#website\"},\"primaryImageOfPage\":{\"@id\":\"https:\/\/andra-pak.pl\/ru\/produkt\/%d0%ba%d0%be%d1%80%d0%be%d0%b1%d0%ba%d0%b8-%d0%b8%d0%b7%d0%b3%d0%be%d1%82%d0%be%d0%b2%d0%bb%d0%b5%d0%bd%d0%bd%d1%8b%d0%b5-%d0%b8%d0%b7-%d1%82%d0%b2%d0%b5%d1%80%d0%b4%d0%be%d0%b9-%d0%bf%d0%bb%d1%91\/#primaryimage\"},\"image\":{\"@id\":\"https:\/\/andra-pak.pl\/ru\/produkt\/%d0%ba%d0%be%d1%80%d0%be%d0%b1%d0%ba%d0%b8-%d0%b8%d0%b7%d0%b3%d0%be%d1%82%d0%be%d0%b2%d0%bb%d0%b5%d0%bd%d0%bd%d1%8b%d0%b5-%d0%b8%d0%b7-%d1%82%d0%b2%d0%b5%d1%80%d0%b4%d0%be%d0%b9-%d0%bf%d0%bb%d1%91\/#primaryimage\"},\"thumbnailUrl\":\"https:\/\/andra-pak.pl\/wp-content\/uploads\/2017\/11\/opakowania-z-tworzyw-sztucznych.jpg\",\"datePublished\":\"2017-12-08T12:09:19+00:00\",\"dateModified\":\"2018-05-02T14:46:02+00:00\",\"description\":\"Pude\u0142ka wykonane z twardych folii PCV lub PET \u2013 oferujemy pude\u0142ka dowolnego kszta\u0142tu, r\u00f3\u017cnorodne zamkni\u0119cia opakowania i mo\u017cliwo\u015b\u0107 wielokolorowego nadruku\",\"breadcrumb\":{\"@id\":\"https:\/\/andra-pak.pl\/ru\/produkt\/%d0%ba%d0%be%d1%80%d0%be%d0%b1%d0%ba%d0%b8-%d0%b8%d0%b7%d0%b3%d0%be%d1%82%d0%be%d0%b2%d0%bb%d0%b5%d0%bd%d0%bd%d1%8b%d0%b5-%d0%b8%d0%b7-%d1%82%d0%b2%d0%b5%d1%80%d0%b4%d0%be%d0%b9-%d0%bf%d0%bb%d1%91\/#breadcrumb\"},\"inLanguage\":\"ru-RU\",\"potentialAction\":[{\"@type\":\"ReadAction\",\"target\":[\"https:\/\/andra-pak.pl\/ru\/produkt\/%d0%ba%d0%be%d1%80%d0%be%d0%b1%d0%ba%d0%b8-%d0%b8%d0%b7%d0%b3%d0%be%d1%82%d0%be%d0%b2%d0%bb%d0%b5%d0%bd%d0%bd%d1%8b%d0%b5-%d0%b8%d0%b7-%d1%82%d0%b2%d0%b5%d1%80%d0%b4%d0%be%d0%b9-%d0%bf%d0%bb%d1%91\/\"]}]},{\"@type\":\"ImageObject\",\"inLanguage\":\"ru-RU\",\"@id\":\"https:\/\/andra-pak.pl\/ru\/produkt\/%d0%ba%d0%be%d1%80%d0%be%d0%b1%d0%ba%d0%b8-%d0%b8%d0%b7%d0%b3%d0%be%d1%82%d0%be%d0%b2%d0%bb%d0%b5%d0%bd%d0%bd%d1%8b%d0%b5-%d0%b8%d0%b7-%d1%82%d0%b2%d0%b5%d1%80%d0%b4%d0%be%d0%b9-%d0%bf%d0%bb%d1%91\/#primaryimage\",\"url\":\"https:\/\/andra-pak.pl\/wp-content\/uploads\/2017\/11\/opakowania-z-tworzyw-sztucznych.jpg\",\"contentUrl\":\"https:\/\/andra-pak.pl\/wp-content\/uploads\/2017\/11\/opakowania-z-tworzyw-sztucznych.jpg\",\"width\":1440,\"height\":770},{\"@type\":\"BreadcrumbList\",\"@id\":\"https:\/\/andra-pak.pl\/ru\/produkt\/%d0%ba%d0%be%d1%80%d0%be%d0%b1%d0%ba%d0%b8-%d0%b8%d0%b7%d0%b3%d0%be%d1%82%d0%be%d0%b2%d0%bb%d0%b5%d0%bd%d0%bd%d1%8b%d0%b5-%d0%b8%d0%b7-%d1%82%d0%b2%d0%b5%d1%80%d0%b4%d0%be%d0%b9-%d0%bf%d0%bb%d1%91\/#breadcrumb\",\"itemListElement\":[{\"@type\":\"ListItem\",\"position\":1,\"name\":\"Strona g\u0142\u00f3wna\",\"item\":\"https:\/\/andra-pak.pl\/ru\/\"},{\"@type\":\"ListItem\",\"position\":2,\"name\":\"Katalog: Skin Pack, Co-packing, Poligrafii, Folii i Urz\u0105dze\u0144\",\"item\":\"https:\/\/andra-pak.pl\/katalog-produktow-skin-pack-packing-poligrafii-folii-urzadzen\/\"},{\"@type\":\"ListItem\",\"position\":3,\"name\":\"\u041a\u041e\u0420\u041e\u0411\u041a\u0418 \u0418\u0417\u0413\u041e\u0422\u041e\u0412\u041b\u0415\u041d\u041d\u042b\u0415 \u0418\u0417 \u0422\u0412\u0415\u0420\u0414\u041e\u0419 \u041f\u041b\u0401\u041d\u041a\u0418 \u041f\u0412\u0425 \u0418\u041b\u0418 \u041f\u042d\u0422\"}]},{\"@type\":\"WebSite\",\"@id\":\"https:\/\/andra-pak.pl\/en\/#website\",\"url\":\"https:\/\/andra-pak.pl\/en\/\",\"name\":\"Andra Pak\",\"description\":\"Produkcja opakowa\u0144 i Co-packing\",\"potentialAction\":[{\"@type\":\"SearchAction\",\"target\":{\"@type\":\"EntryPoint\",\"urlTemplate\":\"https:\/\/andra-pak.pl\/en\/?s={search_term_string}\"},\"query-input\":\"required name=search_term_string\"}],\"inLanguage\":\"ru-RU\"}]}<\/script>\n<!-- \/ Yoast SEO plugin. -->","yoast_head_json":{"title":"\u041a\u041e\u0420\u041e\u0411\u041a\u0418 \u0418\u0417\u0413\u041e\u0422\u041e\u0412\u041b\u0415\u041d\u041d\u042b\u0415 \u0418\u0417 \u0422\u0412\u0415\u0420\u0414\u041e\u0419 \u041f\u041b\u0401\u041d\u041a\u0418 \u041f\u0412\u0425 \u0418\u041b\u0418 \u041f\u042d\u0422 - Andra Pak","description":"Pude\u0142ka wykonane z twardych folii PCV lub PET \u2013 oferujemy pude\u0142ka dowolnego kszta\u0142tu, r\u00f3\u017cnorodne zamkni\u0119cia opakowania i mo\u017cliwo\u015b\u0107 wielokolorowego nadruku","robots":{"index":"index","follow":"follow","max-snippet":"max-snippet:-1","max-image-preview":"max-image-preview:large","max-video-preview":"max-video-preview:-1"},"canonical":"https:\/\/andra-pak.pl\/ru\/produkt\/\u043a\u043e\u0440\u043e\u0431\u043a\u0438-\u0438\u0437\u0433\u043e\u0442\u043e\u0432\u043b\u0435\u043d\u043d\u044b\u0435-\u0438\u0437-\u0442\u0432\u0435\u0440\u0434\u043e\u0439-\u043f\u043b\u0451\/","og_locale":"ru_RU","og_type":"article","og_title":"\u041a\u041e\u0420\u041e\u0411\u041a\u0418 \u0418\u0417\u0413\u041e\u0422\u041e\u0412\u041b\u0415\u041d\u041d\u042b\u0415 \u0418\u0417 \u0422\u0412\u0415\u0420\u0414\u041e\u0419 \u041f\u041b\u0401\u041d\u041a\u0418 \u041f\u0412\u0425 \u0418\u041b\u0418 \u041f\u042d\u0422 - Andra Pak","og_description":"Pude\u0142ka wykonane z twardych folii PCV lub PET \u2013 oferujemy pude\u0142ka dowolnego kszta\u0142tu, r\u00f3\u017cnorodne zamkni\u0119cia opakowania i mo\u017cliwo\u015b\u0107 wielokolorowego nadruku","og_url":"https:\/\/andra-pak.pl\/ru\/produkt\/\u043a\u043e\u0440\u043e\u0431\u043a\u0438-\u0438\u0437\u0433\u043e\u0442\u043e\u0432\u043b\u0435\u043d\u043d\u044b\u0435-\u0438\u0437-\u0442\u0432\u0435\u0440\u0434\u043e\u0439-\u043f\u043b\u0451\/","og_site_name":"Andra Pak","article_modified_time":"2018-05-02T14:46:02+00:00","og_image":[{"width":1440,"height":770,"url":"https:\/\/andra-pak.pl\/wp-content\/uploads\/2017\/11\/opakowania-z-tworzyw-sztucznych.jpg","type":"image\/jpeg"}],"twitter_card":"summary_large_image","schema":{"@context":"https:\/\/schema.org","@graph":[{"@type":"WebPage","@id":"https:\/\/andra-pak.pl\/ru\/produkt\/%d0%ba%d0%be%d1%80%d0%be%d0%b1%d0%ba%d0%b8-%d0%b8%d0%b7%d0%b3%d0%be%d1%82%d0%be%d0%b2%d0%bb%d0%b5%d0%bd%d0%bd%d1%8b%d0%b5-%d0%b8%d0%b7-%d1%82%d0%b2%d0%b5%d1%80%d0%b4%d0%be%d0%b9-%d0%bf%d0%bb%d1%91\/","url":"https:\/\/andra-pak.pl\/ru\/produkt\/%d0%ba%d0%be%d1%80%d0%be%d0%b1%d0%ba%d0%b8-%d0%b8%d0%b7%d0%b3%d0%be%d1%82%d0%be%d0%b2%d0%bb%d0%b5%d0%bd%d0%bd%d1%8b%d0%b5-%d0%b8%d0%b7-%d1%82%d0%b2%d0%b5%d1%80%d0%b4%d0%be%d0%b9-%d0%bf%d0%bb%d1%91\/","name":"\u041a\u041e\u0420\u041e\u0411\u041a\u0418 \u0418\u0417\u0413\u041e\u0422\u041e\u0412\u041b\u0415\u041d\u041d\u042b\u0415 \u0418\u0417 \u0422\u0412\u0415\u0420\u0414\u041e\u0419 \u041f\u041b\u0401\u041d\u041a\u0418 \u041f\u0412\u0425 \u0418\u041b\u0418 \u041f\u042d\u0422 - Andra Pak","isPartOf":{"@id":"https:\/\/andra-pak.pl\/en\/#website"},"primaryImageOfPage":{"@id":"https:\/\/andra-pak.pl\/ru\/produkt\/%d0%ba%d0%be%d1%80%d0%be%d0%b1%d0%ba%d0%b8-%d0%b8%d0%b7%d0%b3%d0%be%d1%82%d0%be%d0%b2%d0%bb%d0%b5%d0%bd%d0%bd%d1%8b%d0%b5-%d0%b8%d0%b7-%d1%82%d0%b2%d0%b5%d1%80%d0%b4%d0%be%d0%b9-%d0%bf%d0%bb%d1%91\/#primaryimage"},"image":{"@id":"https:\/\/andra-pak.pl\/ru\/produkt\/%d0%ba%d0%be%d1%80%d0%be%d0%b1%d0%ba%d0%b8-%d0%b8%d0%b7%d0%b3%d0%be%d1%82%d0%be%d0%b2%d0%bb%d0%b5%d0%bd%d0%bd%d1%8b%d0%b5-%d0%b8%d0%b7-%d1%82%d0%b2%d0%b5%d1%80%d0%b4%d0%be%d0%b9-%d0%bf%d0%bb%d1%91\/#primaryimage"},"thumbnailUrl":"https:\/\/andra-pak.pl\/wp-content\/uploads\/2017\/11\/opakowania-z-tworzyw-sztucznych.jpg","datePublished":"2017-12-08T12:09:19+00:00","dateModified":"2018-05-02T14:46:02+00:00","description":"Pude\u0142ka wykonane z twardych folii PCV lub PET \u2013 oferujemy pude\u0142ka dowolnego kszta\u0142tu, r\u00f3\u017cnorodne zamkni\u0119cia opakowania i mo\u017cliwo\u015b\u0107 wielokolorowego nadruku","breadcrumb":{"@id":"https:\/\/andra-pak.pl\/ru\/produkt\/%d0%ba%d0%be%d1%80%d0%be%d0%b1%d0%ba%d0%b8-%d0%b8%d0%b7%d0%b3%d0%be%d1%82%d0%be%d0%b2%d0%bb%d0%b5%d0%bd%d0%bd%d1%8b%d0%b5-%d0%b8%d0%b7-%d1%82%d0%b2%d0%b5%d1%80%d0%b4%d0%be%d0%b9-%d0%bf%d0%bb%d1%91\/#breadcrumb"},"inLanguage":"ru-RU","potentialAction":[{"@type":"ReadAction","target":["https:\/\/andra-pak.pl\/ru\/produkt\/%d0%ba%d0%be%d1%80%d0%be%d0%b1%d0%ba%d0%b8-%d0%b8%d0%b7%d0%b3%d0%be%d1%82%d0%be%d0%b2%d0%bb%d0%b5%d0%bd%d0%bd%d1%8b%d0%b5-%d0%b8%d0%b7-%d1%82%d0%b2%d0%b5%d1%80%d0%b4%d0%be%d0%b9-%d0%bf%d0%bb%d1%91\/"]}]},{"@type":"ImageObject","inLanguage":"ru-RU","@id":"https:\/\/andra-pak.pl\/ru\/produkt\/%d0%ba%d0%be%d1%80%d0%be%d0%b1%d0%ba%d0%b8-%d0%b8%d0%b7%d0%b3%d0%be%d1%82%d0%be%d0%b2%d0%bb%d0%b5%d0%bd%d0%bd%d1%8b%d0%b5-%d0%b8%d0%b7-%d1%82%d0%b2%d0%b5%d1%80%d0%b4%d0%be%d0%b9-%d0%bf%d0%bb%d1%91\/#primaryimage","url":"https:\/\/andra-pak.pl\/wp-content\/uploads\/2017\/11\/opakowania-z-tworzyw-sztucznych.jpg","contentUrl":"https:\/\/andra-pak.pl\/wp-content\/uploads\/2017\/11\/opakowania-z-tworzyw-sztucznych.jpg","width":1440,"height":770},{"@type":"BreadcrumbList","@id":"https:\/\/andra-pak.pl\/ru\/produkt\/%d0%ba%d0%be%d1%80%d0%be%d0%b1%d0%ba%d0%b8-%d0%b8%d0%b7%d0%b3%d0%be%d1%82%d0%be%d0%b2%d0%bb%d0%b5%d0%bd%d0%bd%d1%8b%d0%b5-%d0%b8%d0%b7-%d1%82%d0%b2%d0%b5%d1%80%d0%b4%d0%be%d0%b9-%d0%bf%d0%bb%d1%91\/#breadcrumb","itemListElement":[{"@type":"ListItem","position":1,"name":"Strona g\u0142\u00f3wna","item":"https:\/\/andra-pak.pl\/ru\/"},{"@type":"ListItem","position":2,"name":"Katalog: Skin Pack, Co-packing, Poligrafii, Folii i Urz\u0105dze\u0144","item":"https:\/\/andra-pak.pl\/katalog-produktow-skin-pack-packing-poligrafii-folii-urzadzen\/"},{"@type":"ListItem","position":3,"name":"\u041a\u041e\u0420\u041e\u0411\u041a\u0418 \u0418\u0417\u0413\u041e\u0422\u041e\u0412\u041b\u0415\u041d\u041d\u042b\u0415 \u0418\u0417 \u0422\u0412\u0415\u0420\u0414\u041e\u0419 \u041f\u041b\u0401\u041d\u041a\u0418 \u041f\u0412\u0425 \u0418\u041b\u0418 \u041f\u042d\u0422"}]},{"@type":"WebSite","@id":"https:\/\/andra-pak.pl\/en\/#website","url":"https:\/\/andra-pak.pl\/en\/","name":"Andra Pak","description":"Produkcja opakowa\u0144 i Co-packing","potentialAction":[{"@type":"SearchAction","target":{"@type":"EntryPoint","urlTemplate":"https:\/\/andra-pak.pl\/en\/?s={search_term_string}"},"query-input":"required name=search_term_string"}],"inLanguage":"ru-RU"}]}},"_links":{"self":[{"href":"https:\/\/andra-pak.pl\/ru\/wp-json\/wp\/v2\/product\/7988","targetHints":{"allow":["GET"]}}],"collection":[{"href":"https:\/\/andra-pak.pl\/ru\/wp-json\/wp\/v2\/product"}],"about":[{"href":"https:\/\/andra-pak.pl\/ru\/wp-json\/wp\/v2\/types\/product"}],"wp:featuredmedia":[{"embeddable":true,"href":"https:\/\/andra-pak.pl\/ru\/wp-json\/wp\/v2\/media\/7697"}],"wp:attachment":[{"href":"https:\/\/andra-pak.pl\/ru\/wp-json\/wp\/v2\/media?parent=7988"}],"wp:term":[{"taxonomy":"product_cat","embeddable":true,"href":"https:\/\/andra-pak.pl\/ru\/wp-json\/wp\/v2\/product_cat?post=7988"},{"taxonomy":"product_tag","embeddable":true,"href":"https:\/\/andra-pak.pl\/ru\/wp-json\/wp\/v2\/product_tag?post=7988"}],"curies":[{"name":"wp","href":"https:\/\/api.w.org\/{rel}","templated":true}]}}